{"id":10831,"date":"2024-03-13T11:17:06","date_gmt":"2024-03-13T10:17:06","guid":{"rendered":"https:\/\/www.nedgia.es\/calculadora-destalvi-calefaccio\/"},"modified":"2025-01-16T18:40:40","modified_gmt":"2025-01-16T17:40:40","slug":"calculadora-destalvi-calefaccio","status":"publish","type":"page","link":"https:\/\/www.nedgia.es\/ca\/calculadora-destalvi-calefaccio\/","title":{"rendered":"Calculadora d\u2019estalvi calefacci\u00f3"},"content":{"rendered":"<div class=\"wpb-content-wrapper\"><script>    var municipio_no_encontrado = \"Municipio no encontrado.\";    var direccion_no_encontrada = \"Direcci\u00f3n no encontrada. No utilices el tipo de v\u00eda como calle, avenida etc. y revisa que est\u00e1 bien escrito.\";        var piso_no_encontrado = \"Piso no encontrado.\";    var campo_obligatorio = \"Campo obligatorio.\";    var email_incorrecto = \"El campo deber\u00eda ser direccion@dominio.es\";    var formato_incorrecto = \"Formato incorrecto\";    var seleccionar_condiciones = \"Debe seleccionar las condiciones legales.\";    var formato_dni = \"El campo deber\u00eda tener el siguiente formato: 12345678Z o Y8237411K\";    var emails_no_coinciden = \"Los emails no coinciden.\";    var telefono_caracteres = \"El tel\u00e9fono debe tener 9 caracteres.\";    var campo_incorrecto = \"Campo incorrecto\";    var escalera = \"Escalera\";    var bloque = \"Bloque\";    var piso = \"Piso\";    var puerta = \"Puerta\";    var NoZonaNedgia = \"Lo sentimos pero tu domicilio no est\u00e1 en la zona donde Nedgia\u00a0 distribuye gas natural. Encuentra la Empresa Distribuidora que te corresponde en el siguiente \";        var link =  \"link\";    var aqui =  \"aqu\u00ed\";    var FincaNoInmuebleCertificadoNo_1 = \"Nos consta que ya tienes gas natural en tu finca. Ahora el siguiente paso ser\u00e1 realizar la instalaci\u00f3n en tu vivienda, contactando con un instalador autorizado. Te explicamos como hacerlo \";    var FincaNoInmuebleCertificadoNo_2 = \"Si la informaci\u00f3n de nuestro sistema no la consideras correcta, ll\u00e1manos al 900 100 252.\";    var FincaEInmueble_1 = \"Nos consta que ya dispones de suministro de gas natural en tu domicilio.\";    var FincaEInmueble_2 = \"Si la informaci\u00f3n de nuestro sistema no la consideras correcta, ll\u00e1manos al 900 100 252.\";        var FincaNoInmuebleCertificadoSi_1 = \"Nos consta que ya tienes la instalaci\u00f3n de gas natural en tu domicilio realizada. Ahora solo te falta gestionar el contrato de gas natural con una empresa comercializadora. Te explicamos como hacerlo. \";    var FincaNoInmuebleCertificadoSi_2 = \"Si la informaci\u00f3n de nuestro sistema no la consideras correcta, ll\u00e1manos al 900 100 252.\";    var SelecNum = \"Selec. Num.\";    var SelecBloqueEscalera = \"Selec. Bloque Escalera Piso Puerta\";    var NumeroPiso = \"N\u00famero\";    var BloqueEscaleraPisoPuerta = \"Bloque Escalera Piso Puerta\";<\/script><script>    var municipio_no_encontrado = \"Municipio no encontrado.\";    var direccion_no_encontrada = \"Direcci\u00f3n no encontrada. No utilices el tipo de v\u00eda como calle, avenida etc. y revisa que est\u00e1 bien escrito.\";    var piso_no_encontrado = \"Piso no encontrado.\";    var campo_obligatorio = \"Campo obligatorio.\";    var email_incorrecto = \"El campo deber\u00eda ser direccion@dominio.es\";    var formato_incorrecto = \"Formato incorrecto\";    var seleccionar_politica_privacidad = \"Debe seleccionar los t\u00e9rminos y condiciones.\";    var seleccionar_condiciones = \"Debe seleccionar las condiciones legales.\";    var formato_dni = \"El campo deber\u00eda tener el siguiente formato: 12345678Z o Y8237411K\";    var emails_no_coinciden = \"Los emails no coinciden.\";    var telefono_caracteres = \"El tel\u00e9fono debe tener 9 caracteres.\";    var campo_incorrecto = \"Campo incorrecto\";    var escalera = \"Escalera\";    var bloque = \"Bloque\";    var piso = \"Piso\";    var puerta = \"Puerta\";    var NoZonaNedgia = \"Lo sentimos pero tu domicilio no est\u00e1 en la zona donde Nedgia\u00a0 distribuye gas natural. Encuentra la Empresa Distribuidora que te corresponde en el siguiente \";    var link = \"link\";    var aqui = \"aqu\u00ed\";    var FincaNoInmuebleCertificadoNo_1 = \"Nos consta que ya tienes gas natural en tu finca. Ahora el siguiente paso ser\u00e1 realizar la instalaci\u00f3n en tu vivienda, contactando con un instalador autorizado. Te explicamos como hacerlo \";    var FincaNoInmuebleCertificadoNo_2 = \"Si la informaci\u00f3n de nuestro sistema no la consideras correcta, ll\u00e1manos al 900 100 252.\";    var FincaEInmueble_1 = \"Nos consta que ya dispones de suministro de gas natural en tu domicilio.\";    var FincaEInmueble_2 = \"Si la informaci\u00f3n de nuestro sistema no la consideras correcta, ll\u00e1manos al 900 100 252.\";    var FincaNoInmuebleCertificadoSi_1 = \"Nos consta que ya tienes la instalaci\u00f3n de gas natural en tu domicilio realizada. Ahora solo te falta gestionar el contrato de gas natural con una empresa comercializadora. Te explicamos como hacerlo. \";    var FincaNoInmuebleCertificadoSi_2 = \"Si la informaci\u00f3n de nuestro sistema no la consideras correcta, ll\u00e1manos al 900 100 252.\";    var SelecNum = \"Selec. Num.\";    var SelecBloqueEscalera = \"Selec. Bloque Escalera Piso Puerta\";    var NumeroPiso = \"N\u00famero\";    var BloqueEscaleraPisoPuerta = \"Bloque Escalera Piso Puerta\";<\/script><p>[vc_row][vc_column]<div class = \"mainCalculadoras calefaccion calefaccionInit\" data-id = \"calcCale13032024\">\n            <div class = \"calculadoras_titles\">\n                <div class = \"mainTitle\">\u00bfCu\u00e1nto voy a ahorrar?\n                <\/div>\n                <div class = \"mainSubtitle calc-hide-mobile d-flex-center\">\n                    <span>\n                        <img class=\"calc-calefaccio-ico subtitle_img\" src = \"https:\/\/www.nedgia.es\/wp-content\/plugins\/WP_calculadoras\/vc_widgets\/assets\/img\/calefaccio_azul.svg\" width=\"18\" loading=\"lazy\">\n                    <\/span>Calefacci\u00f3n\n                <\/div>\n            <\/div>\n            <!--<div class = \"fondo\"><\/div>-->\n            <div class = \"headerDiv\">\n                <div class = \"leftHeaderPart\">\n                    <div class = \"headingTitle\" >\n                        Con gas natural, tu ahorro es de...<span><img class = \"info d-ruby\" src = \"https:\/\/www.nedgia.es\/wp-content\/plugins\/WP_calculadoras\/vc_widgets\/assets\/img\/group.svg\"  data-id = \"calcCale13032024\" data-title = \"C\u00e0lculs realitzats amb preus del mes en curs.\" data-text = \"Inclouen l\u2019IVA i l\u2019impost especial corresponent. Import de gas natural segons tarifa regulada (TUR) publicada al BOE. Import electricitat segons tarifa lliure amb la millor oferta del mes de comercialitzadora (font: comparador de la CNMC), considerant un \u00fas per radiadors el\u00e8ctrics i escalfador el\u00e8ctric. Import de but\u00e0 segons tarifa regulada publicada al BOE. Import de gasoil segons mitjana nacional de mostra de preus de mercat (font: Ministeri per a la Transici\u00f3 Ecol\u00f2gica i el Repte Demogr\u00e0fic)\" loading=\"lazy\"><\/span>\n                    <\/div>\n                    <div class = \"\" id =  \"calcCale13032024_acs_price\">\n                        <div class = \"price\">\n                            <div class = \"priceText calcCale13032024_price_cal\" ><img src = \"https:\/\/www.nedgia.es\/wp-content\/plugins\/WP_calculadoras\/vc_widgets\/\/assets\/img\/spiner_nedgia.svg\" loading=\"lazy\"><\/div>\n                        <\/div>\n                    <\/div>\n                <\/div>\n                <div class = \"rightHeaderPart\" id =  \"calcCale13032024_right_header\">\n                <\/div>\n                <div class = \"containerRight hide\"  id =  \"calcCale13032024_containerRight\">\n                    <div class = \"row\" style = \"margin-bottom: 10px\">\n                        <div class = \"costeRight costeRight1\">\n                            <img src =\"https:\/\/www.nedgia.es\/wp-content\/plugins\/WP_calculadoras\/vc_widgets\/assets\/img\/ico_gas.svg\" loading=\"lazy\">\n                        <\/div>\n                        <div class = \"costeRight costeRight2\">\n                            Coste del gas natural\n                        <\/div>\n                        <div class = \"costeRight costeRight3\"  id =  \"calcCale13032024_coste_gas\" >\n                            \n                        <\/div>\n                    <\/div>\n\n                    <div class = \"row\">\n                        <div class = \"costeRight costeRight1\">\n                            <img src =\"https:\/\/www.nedgia.es\/wp-content\/plugins\/WP_calculadoras\/vc_widgets\/assets\/img\/calefaccion\/electricidad-gris.svg\"  id =  \"calcCale13032024_coste_icono\" loading=\"lazy\">\n                        <\/div>\n                        <div class = \"costeRight costeRight2\"  id =  \"calcCale13032024_coste_label\">\n                            Coste de electricidad\n                        <\/div>\n                        <div class = \"costeRight costeRight3\" id =  \"calcCale13032024_coste_electricidad\">\n                        <\/div>\n                    <\/div>\n\n                <\/div>\n\n                <div class = \"containerRight\"  id =  \"calcCale13032024_containerRight_loading\">\n                    <img src = \"https:\/\/www.nedgia.es\/wp-content\/plugins\/WP_calculadoras\/vc_widgets\/\/assets\/img\/spiner_nedgia.svg\" loading=\"lazy\">\n                <\/div>\n\n                \n            <\/div>\n            <div class = \"containerPercentage onlyMobile hide\" id =  \"calcCale13032024_containerPercentageMobile\">\n                <div class = \"row\" style = \"margin-bottom: 10px\">\n                    <div class = \"costeRight costeRight1\">\n                        <img src =\"https:\/\/www.nedgia.es\/wp-content\/plugins\/WP_calculadoras\/vc_widgets\/assets\/img\/ico_gas.svg\" loading=\"lazy\">\n                    <\/div>\n                    <div class = \"costeRight costeRight2\">\n                        Coste del gas natural\n                    <\/div>\n                    <div class = \"costeRight costeRight3\"  id =  \"calcCale13032024_coste_gas_mobile\" >\n                        \n                    <\/div>\n                <\/div>\n\n                <div class = \"row\">\n                    <div class = \"costeRight costeRight1\">\n                        <img src =\"https:\/\/www.nedgia.es\/wp-content\/plugins\/WP_calculadoras\/vc_widgets\/assets\/img\/calefaccion\/electricidad-gris.svg\" id =  \"calcCale13032024_coste_icono_mobile\" loading=\"lazy\">\n                    <\/div>\n                    <div class = \"costeRight costeRight2\" id =  \"calcCale13032024_coste_label_mobile\">\n                        Coste de electricidad\n                    <\/div>\n                    <div class = \"costeRight costeRight3\" id =  \"calcCale13032024_coste_electricidad_mobile\">\n                    <\/div>\n                <\/div>\n\n            <\/div>\n            \n            <div class = \"containerPercentage onlyMobile\" id =  \"calcCale13032024_containerPercentageMobile_loading\">\n               <img src = \"https:\/\/www.nedgia.es\/wp-content\/plugins\/WP_calculadoras\/vc_widgets\/\/assets\/img\/spiner_nedgia.svg\" loading=\"lazy\">\n            <\/div>\n\n            <div class = \"contentDiv\">\n                <div class = \"mainForm\">\n                    <div class = \"calcCol1 marginContent\">\n                        <div class = \"contentLabel contentLabel_text\" id=\"calcCale13032024cal-type-title\" data-id = \"calcCale13032024\" style = \"width: 80%\">\n                            <span class=\"toggle-arrow hide-desktop\">\n                                <img decoding=\"async\" class=\"arrowUp-toggle hide-item\" src=\"https:\/\/www.nedgia.es\/wp-content\/plugins\/WP_calculadoras\/vc_widgets\/assets\/img\/calefaccion\/page-1_2.svg\" loading=\"lazy\">\n                                <img decoding=\"async\" class=\"arrowDown-toggle\" src=\"https:\/\/www.nedgia.es\/wp-content\/plugins\/WP_calculadoras\/vc_widgets\/assets\/img\/calefaccion\/page-1.svg\" loading=\"lazy\">\n                            <\/span>\n                            <span>\n                                        <img decoding=\"async\" src=\"https:\/\/www.nedgia.es\/wp-content\/plugins\/WP_calculadoras\/vc_widgets\/assets\/img\/calefaccio_azul.svg\" class=\"contentLabel_img\" loading=\"lazy\">\n                                    <\/span>\n                        \u00bfQu\u00e9 energ\u00eda tienes para la calefacci\u00f3n de tu hogar?\n                        <\/div>\n                        <div class = \"rectanglesDiv mediumMarginTop close-div\" id=\"calcCale13032024cal-type-content\">\n                            <div id =  \"calcCale13032024_rectangle_electricidad\" class = \"rectangleButtonCal rectangle2 rectangleSmall activeRectangle\" data-id = \"calcCale13032024\" data-value = \"electricidad\">\n                                <img id =  \"calcCale13032024_rectangle_electricidad_img\" src = \"https:\/\/www.nedgia.es\/wp-content\/plugins\/WP_calculadoras\/vc_widgets\/assets\/img\/calefaccion\/electricidad-azul.svg\" loading=\"lazy\">\n                                <div class = \"rectangle-text textElectricidad\" style = \"left: 14px\" > Electricidad<\/div>\n\n                            <\/div>\n                            <div id =  \"calcCale13032024_rectangle_butano\" class = \"rectangleButtonCal rectangle1 rectangleSmall\" data-id = \"calcCale13032024\" data-value = \"butano\">\n                                <img id =  \"calcCale13032024_rectangle_butano_img\" src = \"https:\/\/www.nedgia.es\/wp-content\/plugins\/WP_calculadoras\/vc_widgets\/assets\/img\/calefaccion\/butano-gris.svg\" loading=\"lazy\">\n                                <div class = \"rectangle-text\"> Butano<\/div>\n\n                            <\/div>                            \n                            <div id =  \"calcCale13032024_rectangle_gasoil\" class = \"rectangleButtonCal rectangle3 rectangleSmall\" data-id = \"calcCale13032024\" data-value = \"gasoil\">\n                                <img id =  \"calcCale13032024_rectangle_gasoil_img\" src = \"https:\/\/www.nedgia.es\/wp-content\/plugins\/WP_calculadoras\/vc_widgets\/assets\/img\/calefaccion\/gasoleo.svg\" loading=\"lazy\">\n                                <div class = \"rectangle-text\" style = \"left: 22px\" > Gas\u00f3leo<\/div>\n\n                            <\/div>\n                        <\/div>\n                        <div id=\"calcCale13032024cal-type-selected\" class=\"cal-selected hide-desktop\">\n                            <img src =\"https:\/\/www.nedgia.es\/wp-content\/plugins\/WP_calculadoras\/vc_widgets\/assets\/img\/calefaccion\/electricidad-green.svg\" loading=\"lazy\">\n                            <span> Electricidad<\/span>\n                        <\/div>\n\n                    <\/div>\n                    <div class = \"calcCol2 col-md-6 marginContent\">\n                        <div class = \"contentLabel contentLabel_text_mbl\" id=\"calcCale13032024cal-dir-title\">\n                        <span class=\"toggle-arrow hide-desktop\">\n                                <img decoding=\"async\" class=\"arrowUp-toggle hide-item\" src=\"https:\/\/www.nedgia.es\/wp-content\/plugins\/WP_calculadoras\/vc_widgets\/assets\/img\/calefaccion\/page-1_2.svg\" loading=\"lazy\">\n                                <img decoding=\"async\" class=\"arrowDown-toggle\" src=\"https:\/\/www.nedgia.es\/wp-content\/plugins\/WP_calculadoras\/vc_widgets\/assets\/img\/calefaccion\/page-1.svg\" loading=\"lazy\">\n                            <\/span>\n                            <span class=\"hide-desktop\">\n                                        <img decoding=\"async\" src=\"https:\/\/www.nedgia.es\/wp-content\/plugins\/WP_calculadoras\/vc_widgets\/assets\/img\/position_blue.svg\" class=\"contentLabel_img\" loading=\"lazy\">\n                                    <\/span>\n                            \u00bfD\u00f3nde vives?\n                        <\/div>\n                        <div id=\"calcCale13032024cal-dir-content\" class=\"cal-content close-div mediumMarginTop\">\n                        <div class = \"mediumMarginTop  provinciaCalefac selectorsCalc hide inputStylesDiv\" id = \"calcCale13032024_provinciaSelectDiv\">\n                            <div class = \"inputLabel\">\n                                Provincia\n                            <\/div>\n                            \n                            <div class = \"\">\n                                <input class = \"provinciaSelectCalefaccion\" value = \"MADRID\" id = \"calcCale13032024_provinciaSelectCal\" data-id = \"calcCale13032024\">\n                                <!-- <input class = \"provinciaSelectCalefaccion\" value = \"LA CORU\u00d1A\" id = \"calcCale13032024_provinciaSelectCal\" data-id = \"calcCale13032024\"> -->\n                                <img class = \"inputSearchIcon\" src = \"https:\/\/www.nedgia.es\/wp-content\/plugins\/WP_calculadoras\/vc_widgets\/assets\/img\/search.svg\" loading=\"lazy\">\n                                <div id = \"calcCale13032024_instalacionProvinceClearSelect\" class = \"closeDivSearch\" data-target = \"calcCale13032024_provinciaSelectCal\">\n                                    x\n                                <\/div>\n                                <div id=\"calcCale13032024_errorProvCal\" class=\"errorProvIns hide\">Seleccione una provincia<\/div>\n                            <\/div>\n                        <\/div>\n                        <div class = \"mediumMarginTop inputStylesDiv selectorsCalc calMunicipioSelect hide\" id = \"calcCale13032024_provinciaSelectDiv\">\n                            <div class = \"inputLabel\">\n                                Municipio\n                            <\/div>\n                            \n                            <div class = \"\">\n                                <input class = \"municipioSelectCalefaccion\" value = \"MADRID\" id = \"calcCale13032024_municipioSelectCal\" data-id = \"calcCale13032024\">\n                                <img class = \"inputSearchIcon\" src = \"https:\/\/www.nedgia.es\/wp-content\/plugins\/WP_calculadoras\/vc_widgets\/assets\/img\/search.svg\" loading=\"lazy\">\n                                <div id = \"calcCale13032024_municipioClearSelect\" class = \"closeDivSearch\" data-target = \"calcCale13032024_municipioSelectCal\">\n                                    x\n                                <\/div>\n                                <div id=\"calcCale13032024_errorMuniCal\" class=\"errorProvIns hide\">Seleccione un municipio<\/div>\n                            <\/div>\n                        <\/div>\n                        <\/div>\n                        <img  id =  \"calcCale13032024_spinner_municipios\" class = \"spinnerMunicipios smallMarginTop\" src = \"https:\/\/www.nedgia.es\/wp-content\/plugins\/WP_calculadoras\/vc_widgets\/\/assets\/img\/spiner_nedgia.svg\" loading=\"lazy\">\n                        <div id=\"calcCale13032024cal-dir-selected\" class=\"cal-selected hide-desktop\">\n                            <!--<img class=\"locationIconSmall\" src =\"https:\/\/www.nedgia.es\/wp-content\/plugins\/WP_calculadoras\/vc_widgets\/assets\/img\/position.svg\" loading=\"lazy\">-->\n                            <span style=\"margin-left:28px\">Provincia: <\/span><span id=\"calcCale13032024_cal-dir-prov\"> Provincia<\/span><br>\n                            <span style=\"margin-left:28px\">Poblaci\u00f3n: <\/span><span id=\"calcCale13032024_cal-dir-pob\"> Poblaci\u00f3n<\/span>\n                        <\/div>\n                    <\/div>\n                    <div class = \"calcCol3 marginContent\">\n                        <div class = \"contentLabel contentLabel_text_mbl\" id=\"calcCale13032024cal-viv-title\">\n                        <span class=\"toggle-arrow hide-desktop\">\n                                <img decoding=\"async\" class=\"arrowUp-toggle hide-item\" src=\"https:\/\/www.nedgia.es\/wp-content\/plugins\/WP_calculadoras\/vc_widgets\/assets\/img\/calefaccion\/page-1_2.svg\" loading=\"lazy\">\n                                <img decoding=\"async\" class=\"arrowDown-toggle\" src=\"https:\/\/www.nedgia.es\/wp-content\/plugins\/WP_calculadoras\/vc_widgets\/assets\/img\/calefaccion\/page-1.svg\" loading=\"lazy\">\n                            <\/span>\n                            <span class=\"hide-desktop\">\n                                        <img decoding=\"async\" src=\"https:\/\/www.nedgia.es\/wp-content\/plugins\/WP_calculadoras\/vc_widgets\/assets\/img\/calefaccion\/casa_azul.svg\" class=\"contentLabel_img_casa\" loading=\"lazy\">\n                                    <\/span>\n                            m&sup2; de la vivienda\n                        <\/div>\n                        <div class = \"bigMarginTop inputStylesDiv\" id = \"calcCale13032024_provinciaSelectDiv\" style = \"position: relative\">\n                            <div class=\"mvivienda  close-div\" id=\"calcCale13032024cal-viv-content\">\n                                <!--<input type = \"number\" value = \"100\"  id = \"calcCale13032024_metros\">-->\n                                <input data-id = \"calcCale13032024\" class = \"fieldMetCal\" type=\"text\" value = \"100\" maxlength=\"3\" id = \"calcCale13032024_metros\" onkeypress=\"return (event.charCode == 8 || event.charCode == 0 || event.charCode == 13) ? null : event.charCode >= 48 && event.charCode <= 57\" \/>\n                                <img class = \"casaIcon\" src = \"https:\/\/www.nedgia.es\/wp-content\/plugins\/WP_calculadoras\/vc_widgets\/assets\/img\/calefaccion\/casa.svg\" loading=\"lazy\">\n                                <img data-id = \"calcCale13032024\" class = \"arrowUp\" src = \"https:\/\/www.nedgia.es\/wp-content\/plugins\/WP_calculadoras\/vc_widgets\/assets\/img\/calefaccion\/page-1_2.svg\" loading=\"lazy\">\n                                <img data-id = \"calcCale13032024\" class = \"arrowDown\" src = \"https:\/\/www.nedgia.es\/wp-content\/plugins\/WP_calculadoras\/vc_widgets\/assets\/img\/calefaccion\/page-1.svg\" loading=\"lazy\">\n                            <\/div>\n                        <\/div>\n                        <div id=\"calcCale13032024cal-viv-selected\" class=\"cal-selected hide-desktop\">\n                            <!--<img class = \"casaIconSmall\" src = \"https:\/\/www.nedgia.es\/wp-content\/plugins\/WP_calculadoras\/vc_widgets\/assets\/img\/calefaccion\/casa.svg\" loading=\"lazy\">-->\n                            <span style=\"margin-left:28px\" id=\"calcCale13032024_cal-viv-num\"> <\/span><span>m<sup>2<\/sup><\/span>\n                        <\/div>\n\n                    <\/div>\n                <\/div>\n                <div class = \"textAlignCenter smallMarginTop pressuButtonDiv\">\n                    <a href = \"https:\/\/solicitargasnatural.nedgia.es\/\" target=\"_blank\"><button class = \"pressuButton\"  data-id = \"calcCale13032024\"> Solicita presupuesto gratuito <\/button><\/a>\n                <\/div>\n                <!-- Hack for triggering initial -->\n                <button class = \"pressuButtonHiddenCalc hide\"  data-id = \"calcCale13032024\"><\/button>\n            <\/div>\n\n        <\/div>\n        <div class = \"modal hide\"  id = \"calcCale13032024_modal\">\n            \n            <div class = \"body\">\n            <a href=\"javascript:void(0)\"><img decoding=\"async\" class=\"ca_close_img\" src=\"https:\/\/www.nedgia.es\/wp-content\/plugins\/WP_calculadoras\/vc_widgets\/assets\/img\/modal_close.svg\" loading=\"lazy\"><\/a>\n                <div class = \"title\" id = \"calcCale13032024_modal_title\"><\/div>\n                <div class = \"text\" id = \"calcCale13032024_modal_text\"><\/div>\n                \n            <\/div>\n        <\/div><script>\n                    \/\/initialize the array of calcs if not present the pro way\n                    var calc_array_calefaccio = calc_array_calefaccio || {};\n\n                    var ajaxurl = 'https:\/\/www.nedgia.es\/wp-admin\/admin-ajax.php';\n                    var initCalcInstalacionCal = true;\n\n                    calc_array_calefaccio['calcCale13032024'] = {\n                        'combustible' :  'electricidad',\n                        'provincia': 15,\n                        'metros': 100\n                    }\n\n                    \/\/ Truco que inicialitza la variable si no esta definida, i la deixa igual si ho esta\n                    var globalAhorroValue = globalAhorroValue || 0;\n                    var url_plugin_dir = 'https:\/\/www.nedgia.es\/wp-content\/plugins\/WP_calculadoras\/vc_widgets\/';\n\n                    \/\/Labels necesaries al javascript\n                    var labelButano  = 'Coste de butano';\n                    var labelElectricidad  = 'Coste de electricidad';\n                    var labelGasoil  = 'Coste de gasoil';\n                <\/script>[\/vc_column][\/vc_row]<\/p><\/div>","protected":false},"excerpt":{"rendered":"<p><script>    var municipio_no_encontrado = \"Municipio no encontrado.\";    var direccion_no_encontrada = \"Direcci\u00f3n no encontrada. No utilices el tipo de v\u00eda como calle,<\/script><\/p>\n","protected":false},"author":9,"featured_media":0,"parent":0,"menu_order":0,"comment_status":"closed","ping_status":"closed","template":"","meta":{"_acf_changed":false,"inline_featured_image":false,"footnotes":""},"class_list":["post-10831","page","type-page","status-publish","hentry"],"acf":[],"_links":{"self":[{"href":"https:\/\/www.nedgia.es\/ca\/wp-json\/wp\/v2\/pages\/10831","targetHints":{"allow":["GET"]}}],"collection":[{"href":"https:\/\/www.nedgia.es\/ca\/wp-json\/wp\/v2\/pages"}],"about":[{"href":"https:\/\/www.nedgia.es\/ca\/wp-json\/wp\/v2\/types\/page"}],"author":[{"embeddable":true,"href":"https:\/\/www.nedgia.es\/ca\/wp-json\/wp\/v2\/users\/9"}],"replies":[{"embeddable":true,"href":"https:\/\/www.nedgia.es\/ca\/wp-json\/wp\/v2\/comments?post=10831"}],"version-history":[{"count":1,"href":"https:\/\/www.nedgia.es\/ca\/wp-json\/wp\/v2\/pages\/10831\/revisions"}],"predecessor-version":[{"id":10832,"href":"https:\/\/www.nedgia.es\/ca\/wp-json\/wp\/v2\/pages\/10831\/revisions\/10832"}],"wp:attachment":[{"href":"https:\/\/www.nedgia.es\/ca\/wp-json\/wp\/v2\/media?parent=10831"}],"curies":[{"name":"wp","href":"https:\/\/api.w.org\/{rel}","templated":true}]}}