{"id":11747,"date":"2024-04-04T11:43:29","date_gmt":"2024-04-04T09:43:29","guid":{"rendered":"https:\/\/www.nedgia.es\/?page_id=11747"},"modified":"2025-01-16T18:40:24","modified_gmt":"2025-01-16T17:40:24","slug":"altres-distribuidores","status":"publish","type":"page","link":"https:\/\/www.nedgia.es\/ca\/altres-distribuidores\/","title":{"rendered":"Altres distribu\u00efdores"},"content":{"rendered":"<script>    var municipio_no_encontrado = \"Municipio no encontrado.\";    var direccion_no_encontrada = \"Direcci\u00f3n no encontrada. No utilices el tipo de v\u00eda como calle, avenida etc. y revisa que est\u00e1 bien escrito.\";        var piso_no_encontrado = \"Piso no encontrado.\";    var campo_obligatorio = \"Campo obligatorio.\";    var email_incorrecto = \"El campo deber\u00eda ser direccion@dominio.es\";    var formato_incorrecto = \"Formato incorrecto\";    var seleccionar_condiciones = \"Debe seleccionar las condiciones legales.\";    var formato_dni = \"El campo deber\u00eda tener el siguiente formato: 12345678Z o Y8237411K\";    var emails_no_coinciden = \"Los emails no coinciden.\";    var telefono_caracteres = \"El tel\u00e9fono debe tener 9 caracteres.\";    var campo_incorrecto = \"Campo incorrecto\";    var escalera = \"Escalera\";    var bloque = \"Bloque\";    var piso = \"Piso\";    var puerta = \"Puerta\";    var NoZonaNedgia = \"Lo sentimos pero tu domicilio no est\u00e1 en la zona donde Nedgia\u00a0 distribuye gas natural. Encuentra la Empresa Distribuidora que te corresponde en el siguiente \";        var link =  \"link\";    var aqui =  \"aqu\u00ed\";    var FincaNoInmuebleCertificadoNo_1 = \"Nos consta que ya tienes gas natural en tu finca. Ahora el siguiente paso ser\u00e1 realizar la instalaci\u00f3n en tu vivienda, contactando con un instalador autorizado. Te explicamos como hacerlo \";    var FincaNoInmuebleCertificadoNo_2 = \"Si la informaci\u00f3n de nuestro sistema no la consideras correcta, ll\u00e1manos al 900 100 252.\";    var FincaEInmueble_1 = \"Nos consta que ya dispones de suministro de gas natural en tu domicilio.\";    var FincaEInmueble_2 = \"Si la informaci\u00f3n de nuestro sistema no la consideras correcta, ll\u00e1manos al 900 100 252.\";        var FincaNoInmuebleCertificadoSi_1 = \"Nos consta que ya tienes la instalaci\u00f3n de gas natural en tu domicilio realizada. Ahora solo te falta gestionar el contrato de gas natural con una empresa comercializadora. Te explicamos como hacerlo. \";    var FincaNoInmuebleCertificadoSi_2 = \"Si la informaci\u00f3n de nuestro sistema no la consideras correcta, ll\u00e1manos al 900 100 252.\";    var SelecNum = \"Selec. Num.\";    var SelecBloqueEscalera = \"Selec. Bloque Escalera Piso Puerta\";    var NumeroPiso = \"N\u00famero\";    var BloqueEscaleraPisoPuerta = \"Bloque Escalera Piso Puerta\";<\/script><script>    var municipio_no_encontrado = \"Municipio no encontrado.\";    var direccion_no_encontrada = \"Direcci\u00f3n no encontrada. No utilices el tipo de v\u00eda como calle, avenida etc. y revisa que est\u00e1 bien escrito.\";    var piso_no_encontrado = \"Piso no encontrado.\";    var campo_obligatorio = \"Campo obligatorio.\";    var email_incorrecto = \"El campo deber\u00eda ser direccion@dominio.es\";    var formato_incorrecto = \"Formato incorrecto\";    var seleccionar_politica_privacidad = \"Debe seleccionar los t\u00e9rminos y condiciones.\";    var seleccionar_condiciones = \"Debe seleccionar las condiciones legales.\";    var formato_dni = \"El campo deber\u00eda tener el siguiente formato: 12345678Z o Y8237411K\";    var emails_no_coinciden = \"Los emails no coinciden.\";    var telefono_caracteres = \"El tel\u00e9fono debe tener 9 caracteres.\";    var campo_incorrecto = \"Campo incorrecto\";    var escalera = \"Escalera\";    var bloque = \"Bloque\";    var piso = \"Piso\";    var puerta = \"Puerta\";    var NoZonaNedgia = \"Lo sentimos pero tu domicilio no est\u00e1 en la zona donde Nedgia\u00a0 distribuye gas natural. Encuentra la Empresa Distribuidora que te corresponde en el siguiente \";    var link = \"link\";    var aqui = \"aqu\u00ed\";    var FincaNoInmuebleCertificadoNo_1 = \"Nos consta que ya tienes gas natural en tu finca. Ahora el siguiente paso ser\u00e1 realizar la instalaci\u00f3n en tu vivienda, contactando con un instalador autorizado. Te explicamos como hacerlo \";    var FincaNoInmuebleCertificadoNo_2 = \"Si la informaci\u00f3n de nuestro sistema no la consideras correcta, ll\u00e1manos al 900 100 252.\";    var FincaEInmueble_1 = \"Nos consta que ya dispones de suministro de gas natural en tu domicilio.\";    var FincaEInmueble_2 = \"Si la informaci\u00f3n de nuestro sistema no la consideras correcta, ll\u00e1manos al 900 100 252.\";    var FincaNoInmuebleCertificadoSi_1 = \"Nos consta que ya tienes la instalaci\u00f3n de gas natural en tu domicilio realizada. Ahora solo te falta gestionar el contrato de gas natural con una empresa comercializadora. Te explicamos como hacerlo. \";    var FincaNoInmuebleCertificadoSi_2 = \"Si la informaci\u00f3n de nuestro sistema no la consideras correcta, ll\u00e1manos al 900 100 252.\";    var SelecNum = \"Selec. Num.\";    var SelecBloqueEscalera = \"Selec. Bloque Escalera Piso Puerta\";    var NumeroPiso = \"N\u00famero\";    var BloqueEscaleraPisoPuerta = \"Bloque Escalera Piso Puerta\";<\/script><section class=\"block-style-2 nedgia-block  wp-block-hero\">    <div class=\"container mx-auto\">        <div class=\"hero-slider swiper\">      <input class=\"sliderAutoplay\" type=\"hidden\" name=\"sliderAutoplay\" value=\"\">      <input class=\"sliderTime\" type=\"hidden\" name=\"sliderTime\" value=\"\">      <input class=\"sliderLoop\" type=\"hidden\" name=\"sliderLoop\" value=\"\">      <div class=\"swiper-wrapper\">          <!-- Slides -->                                    <div class=\"swiper-slide\">                <div class=\"hero-slide-wrapper\">                  <div class=\"hero-content\">                    <div>                                                                  <div class=\"hero-description\">Les empreses distribu\u00efdores de gas s\u00f3n les companyies\u00a0dedicades al transport de l\u2019energia fins als punts de subministrament de cada usuari. A Espanya,\u00a0la distribuci\u00f3 de gas\u00a0natural \u00e9s un mercat regulat\u00a0i, a m\u00e9s de Nedgia,\u00a0hi ha diferents distribu\u00efdores\u00a0de gas\u00a0segons la zona\u00a0geogr\u00e0fica\u00a0en la qual et trobis.<\/div>                                                                                                                  <div class=\"button-wrapper hero-button-wrapper\">                                                                      <\/div>                    <\/div>                  <\/div>                  <div class=\"hero-image\">                    <div class=\"link-wrapper\">                                          <\/div>                    <figure class=\"hero-cover-image\">                        <img decoding=\"async\" src=\"https:\/\/www.nedgia.es\/wp-content\/uploads\/2024\/04\/otras_distribuidoras.jpg\"                            alt=\"\" loading=\"lazy\" \/>                    <\/figure>                                                          <\/div>                                  <\/div>              <\/div>                            <\/div>      <div class=\"hero-swiper-navigation-wrapper\">        <div class=\"hero-swiper-button-wrapper\">          <div class=\"swiper-button-prev\"><span>&nbsp;<\/span><\/div>          <div class=\"swiper-button-next\"><span>&nbsp;<\/span><\/div>        <\/div>        <div class=\"hero-swiper-pagination-wrapper\">          <div class=\"swiper-pagination swiper-pagination-hero\"><\/div>        <\/div>      <\/div>  <\/div>    <\/div>                <\/section>                                <section class=\"block-style-5 nedgia-block  wp-block-content\">    <div class=\"container mx-auto\">        <div class=\"main-content-wrapper\">              <div class=\"content-wrapper block-layout-center  \">        <div class=\"content-title-col\">                                <h2 class=\"content-title\">Altres distribu\u00efdores<\/h2>                    <\/div>        <div class=\"content-info-col \">                                <div class=\"button-wrapper content-button-wrapper\">                                                                                                    <\/div>                  <\/div>      <\/div>              <\/div>    <\/div>                <\/section>                                <section class=\"block-style-2 nedgia-block  wp-block-image-text\" id=\"sedigas\">    <div class=\"container mx-auto\">        <div class=\"image-text-wrapper \">                                  <div class=\"image-text-col-text image-text-col-2\">                                          <div class=\"content-info-wrapper\">                <h3 class=\"title\">Redexis<\/h3>                      <div class=\"description  wpautop-format \">        <p>Redexis\u00a0gas\u00a0opera\u00a0a deu comunitats aut\u00f2nomes i \u00e9s la segona companyia amb\u00a0m\u00e9s quil\u00f2metres de xarxes de distribuci\u00f3 de gas\u00a0natural a Espanya. Tenen\u00a0pres\u00e8ncia a 32 prov\u00edncies i <strong>607 municipis amb\u00a0autoritzaci\u00f3<\/strong>. Andalusia, Arag\u00f3, Balears, Can\u00e0ries, Castella-la Manxa, Castella i Lle\u00f3, Catalunya, Comunitat\u00a0Valenciana, Madrid i M\u00farcia.<\/p>      <\/div>              <div class=\"button-wrapper\">        <a class=\"button             button-style-1\" target=\"_blank\" href=\"https:\/\/www.redexisgas.es\/\">    <span>Redexis<\/span>    <svg class=\"h-4 w-2\" width=\"8\" height=\"16\" viewBox=\"0 0 8 12\" fill=\"none\" xmlns=\"http:\/\/www.w3.org\/2000\/svg\">  <path d=\"M4.97656 5.99962L0.851562 1.87462L2.0299 0.696289L7.33323 5.99962L2.0299 11.303L0.851562 10.1246L4.97656 5.99962Z\" fill=\"currentColor\"\/><\/svg><\/a>              <\/div>      <\/div>                                    <\/div>                                      <div class=\"image-text-col-image image-text-col-2 image-lg image-padding-off image-h-center image-v-center\">              <figure>                <img decoding=\"async\" src=\"https:\/\/www.nedgia.es\/wp-content\/uploads\/2024\/04\/redexis.jpg\"                    alt=\"\" loading=\"lazy\" \/>            <\/figure>                        <\/div>                      <\/div>    <\/div>                <\/section>                                <section class=\"block-style-2 nedgia-block  wp-block-image-text\" id=\"gasnam\">    <div class=\"container mx-auto\">        <div class=\"image-text-wrapper \">                                    <div class=\"image-text-col-image image-text-col-2 image-lg image-padding-off image-h-center image-v-center\">              <figure>                <img decoding=\"async\" src=\"https:\/\/www.nedgia.es\/wp-content\/uploads\/2024\/04\/nortegas.jpg\"                    alt=\"\" loading=\"lazy\" \/>            <\/figure>                        <\/div>                                    <div class=\"image-text-col-text image-text-col-2\">                                          <div class=\"content-info-wrapper\">                <h3 class=\"title\">Nortegas<\/h3>                      <div class=\"description  wpautop-format \">        <p>Nortegas \u00e9s la tercera companyia\u00a0d\u2019\u00e0mbit\u00a0nacional en el negoci de la distribuci\u00f3\u00a0del gas\u00a0natural\u00a0a les comunitats\u00a0del\u00a0Pa\u00eds\u00a0Basc, Ast\u00faries i Cant\u00e0bria.<\/p><p>&nbsp;<\/p><p>Disposen de\u00a0m\u00e9s\u00a0de 8.100 quil\u00f2metres de xarxa\u00a0de distribuci\u00f3 i <strong>383 municipis\u00a0autoritzats<\/strong>.<\/p>      <\/div>              <div class=\"button-wrapper\">        <a class=\"button             button-style-1\" target=\"_blank\" href=\"https:\/\/www.nortegas.es\/\">    <span>Nortegas<\/span>    <svg class=\"h-4 w-2\" width=\"8\" height=\"16\" viewBox=\"0 0 8 12\" fill=\"none\" xmlns=\"http:\/\/www.w3.org\/2000\/svg\">  <path d=\"M4.97656 5.99962L0.851562 1.87462L2.0299 0.696289L7.33323 5.99962L2.0299 11.303L0.851562 10.1246L4.97656 5.99962Z\" fill=\"currentColor\"\/><\/svg><\/a>              <\/div>      <\/div>                                    <\/div>                      <\/div>    <\/div>                <\/section>                                <section class=\"block-style-2 nedgia-block  wp-block-image-text\" id=\"aebig\">    <div class=\"container mx-auto\">        <div class=\"image-text-wrapper \">                                  <div class=\"image-text-col-text image-text-col-2\">                                          <div class=\"content-info-wrapper\">                <h3 class=\"title\">Madrile\u00f1a Red de Gas<\/h3>                      <div class=\"description  wpautop-format \">        <p>Madrile\u00f1a\u00a0Red de Gas \u00e9s la tercera companyia m\u00e9s gran\u00a0de distribuci\u00f3\u00a0de gas\u00a0a Espanya\u00a0per nombre de punts de subministrament; en t\u00e9 un total de 898.000.<\/p><p>&nbsp;<\/p><p>En l\u2019actualitat distribueix gas\u00a0en <strong>59 municipis\u00a0de la Comunitat\u00a0de Madrid<\/strong>, incl\u00f2s el municipi de Madrid\u00a0capital, amb\u00a05.533 quil\u00f2metres de xarxes\u00a0de distribuci\u00f3.<\/p>      <\/div>              <div class=\"button-wrapper\">        <a class=\"button             button-style-1\" target=\"_blank\" href=\"https:\/\/madrilena.es\/\">    <span>Madrile\u00f1a Red de Gas<\/span>    <svg class=\"h-4 w-2\" width=\"8\" height=\"16\" viewBox=\"0 0 8 12\" fill=\"none\" xmlns=\"http:\/\/www.w3.org\/2000\/svg\">  <path d=\"M4.97656 5.99962L0.851562 1.87462L2.0299 0.696289L7.33323 5.99962L2.0299 11.303L0.851562 10.1246L4.97656 5.99962Z\" fill=\"currentColor\"\/><\/svg><\/a>              <\/div>      <\/div>                                    <\/div>                                      <div class=\"image-text-col-image image-text-col-2 image-lg image-padding-off image-h-center image-v-center\">              <figure>                <img decoding=\"async\" src=\"https:\/\/www.nedgia.es\/wp-content\/uploads\/2024\/04\/madrilena_red_gas.jpg\"                    alt=\"\" loading=\"lazy\" \/>            <\/figure>                        <\/div>                      <\/div>    <\/div>                <\/section>                                <section class=\"block-style-2 nedgia-block  wp-block-image-text\" id=\"gd4s\">    <div class=\"container mx-auto\">        <div class=\"image-text-wrapper \">                                    <div class=\"image-text-col-image image-text-col-2 image-lg image-padding-off image-h-center image-v-center\">              <figure>                <img decoding=\"async\" src=\"https:\/\/www.nedgia.es\/wp-content\/uploads\/2024\/04\/gas_extremadura.jpg\"                    alt=\"\" loading=\"lazy\" \/>            <\/figure>                        <\/div>                                    <div class=\"image-text-col-text image-text-col-2\">                                          <div class=\"content-info-wrapper\">                <h3 class=\"title\">Gas Extremadura<\/h3>                      <div class=\"description  wpautop-format \">        <p>Gas\u00a0Extremadura \u00e9s una empresa extremenya que pertany al Grupo CL Industrial, l\u2019objecte social del qual \u00e9s la distribuci\u00f3 de gas\u00a0natural\u00a0per canalitzaci\u00f3.<\/p><p>&nbsp;<\/p><p>Amb\u00a0<strong>17 municipis\u00a0autoritzats<\/strong>\u00a0i 90.000 punts de subministrament, la seva xarxa\u00a0de distribuci\u00f3\u00a0\u00e9s de 778 quil\u00f2metres.<\/p>      <\/div>              <div class=\"button-wrapper\">        <a class=\"button             button-style-1\" target=\"_blank\" href=\"https:\/\/www.dcgasextremadura.es\/\">    <span>Gas Extremadura<\/span>    <svg class=\"h-4 w-2\" width=\"8\" height=\"16\" viewBox=\"0 0 8 12\" fill=\"none\" xmlns=\"http:\/\/www.w3.org\/2000\/svg\">  <path d=\"M4.97656 5.99962L0.851562 1.87462L2.0299 0.696289L7.33323 5.99962L2.0299 11.303L0.851562 10.1246L4.97656 5.99962Z\" fill=\"currentColor\"\/><\/svg><\/a>              <\/div>      <\/div>                                    <\/div>                      <\/div>    <\/div>                <\/section>                                ","protected":false},"excerpt":{"rendered":"<p><script>    var municipio_no_encontrado = \"Municipio no encontrado.\";    var direccion_no_encontrada = \"Direcci\u00f3n no encontrada. No utilices el tipo de v\u00eda como calle,<\/script><\/p>\n","protected":false},"author":13,"featured_media":0,"parent":0,"menu_order":0,"comment_status":"closed","ping_status":"closed","template":"","meta":{"_acf_changed":false,"inline_featured_image":false,"footnotes":""},"class_list":["post-11747","page","type-page","status-publish","hentry"],"acf":[],"_links":{"self":[{"href":"https:\/\/www.nedgia.es\/ca\/wp-json\/wp\/v2\/pages\/11747","targetHints":{"allow":["GET"]}}],"collection":[{"href":"https:\/\/www.nedgia.es\/ca\/wp-json\/wp\/v2\/pages"}],"about":[{"href":"https:\/\/www.nedgia.es\/ca\/wp-json\/wp\/v2\/types\/page"}],"author":[{"embeddable":true,"href":"https:\/\/www.nedgia.es\/ca\/wp-json\/wp\/v2\/users\/13"}],"replies":[{"embeddable":true,"href":"https:\/\/www.nedgia.es\/ca\/wp-json\/wp\/v2\/comments?post=11747"}],"version-history":[{"count":3,"href":"https:\/\/www.nedgia.es\/ca\/wp-json\/wp\/v2\/pages\/11747\/revisions"}],"predecessor-version":[{"id":15656,"href":"https:\/\/www.nedgia.es\/ca\/wp-json\/wp\/v2\/pages\/11747\/revisions\/15656"}],"wp:attachment":[{"href":"https:\/\/www.nedgia.es\/ca\/wp-json\/wp\/v2\/media?parent=11747"}],"curies":[{"name":"wp","href":"https:\/\/api.w.org\/{rel}","templated":true}]}}