{"id":27923,"date":"2025-02-10T17:33:23","date_gmt":"2025-02-10T16:33:23","guid":{"rendered":"https:\/\/www.nedgia.es\/connexions-i-actuacions-a-la-xarxa\/actuacions-en-connexions-de-servei-existents\/"},"modified":"2025-03-31T10:41:10","modified_gmt":"2025-03-31T08:41:10","slug":"actuacions-en-connexions-de-servei-existents","status":"publish","type":"page","link":"https:\/\/www.nedgia.es\/ca\/connexions-i-actuacions-a-la-xarxa\/actuacions-en-connexions-de-servei-existents\/","title":{"rendered":"Actuacions en connexions de servei existents"},"content":{"rendered":"<script>    var municipio_no_encontrado = \"Municipio no encontrado.\";    var direccion_no_encontrada = \"Direcci\u00f3n no encontrada. No utilices el tipo de v\u00eda como calle, avenida etc. y revisa que est\u00e1 bien escrito.\";        var piso_no_encontrado = \"Piso no encontrado.\";    var campo_obligatorio = \"Campo obligatorio.\";    var email_incorrecto = \"El campo deber\u00eda ser direccion@dominio.es\";    var formato_incorrecto = \"Formato incorrecto\";    var seleccionar_condiciones = \"Debe seleccionar las condiciones legales.\";    var formato_dni = \"El campo deber\u00eda tener el siguiente formato: 12345678Z o Y8237411K\";    var emails_no_coinciden = \"Los emails no coinciden.\";    var telefono_caracteres = \"El tel\u00e9fono debe tener 9 caracteres.\";    var campo_incorrecto = \"Campo incorrecto\";    var escalera = \"Escalera\";    var bloque = \"Bloque\";    var piso = \"Piso\";    var puerta = \"Puerta\";    var NoZonaNedgia = \"Lo sentimos pero tu domicilio no est\u00e1 en la zona donde Nedgia\u00a0 distribuye gas natural. Encuentra la Empresa Distribuidora que te corresponde en el siguiente \";        var link =  \"link\";    var aqui =  \"aqu\u00ed\";    var FincaNoInmuebleCertificadoNo_1 = \"Nos consta que ya tienes gas natural en tu finca. Ahora el siguiente paso ser\u00e1 realizar la instalaci\u00f3n en tu vivienda, contactando con un instalador autorizado. Te explicamos como hacerlo \";    var FincaNoInmuebleCertificadoNo_2 = \"Si la informaci\u00f3n de nuestro sistema no la consideras correcta, ll\u00e1manos al 900 100 252.\";    var FincaEInmueble_1 = \"Nos consta que ya dispones de suministro de gas natural en tu domicilio.\";    var FincaEInmueble_2 = \"Si la informaci\u00f3n de nuestro sistema no la consideras correcta, ll\u00e1manos al 900 100 252.\";        var FincaNoInmuebleCertificadoSi_1 = \"Nos consta que ya tienes la instalaci\u00f3n de gas natural en tu domicilio realizada. Ahora solo te falta gestionar el contrato de gas natural con una empresa comercializadora. Te explicamos como hacerlo. \";    var FincaNoInmuebleCertificadoSi_2 = \"Si la informaci\u00f3n de nuestro sistema no la consideras correcta, ll\u00e1manos al 900 100 252.\";    var SelecNum = \"Selec. Num.\";    var SelecBloqueEscalera = \"Selec. Bloque Escalera Piso Puerta\";    var NumeroPiso = \"N\u00famero\";    var BloqueEscaleraPisoPuerta = \"Bloque Escalera Piso Puerta\";<\/script><script>    var municipio_no_encontrado = \"Municipio no encontrado.\";    var direccion_no_encontrada = \"Direcci\u00f3n no encontrada. No utilices el tipo de v\u00eda como calle, avenida etc. y revisa que est\u00e1 bien escrito.\";    var piso_no_encontrado = \"Piso no encontrado.\";    var campo_obligatorio = \"Campo obligatorio.\";    var email_incorrecto = \"El campo deber\u00eda ser direccion@dominio.es\";    var formato_incorrecto = \"Formato incorrecto\";    var seleccionar_politica_privacidad = \"Debe seleccionar los t\u00e9rminos y condiciones.\";    var seleccionar_condiciones = \"Debe seleccionar las condiciones legales.\";    var formato_dni = \"El campo deber\u00eda tener el siguiente formato: 12345678Z o Y8237411K\";    var emails_no_coinciden = \"Los emails no coinciden.\";    var telefono_caracteres = \"El tel\u00e9fono debe tener 9 caracteres.\";    var campo_incorrecto = \"Campo incorrecto\";    var escalera = \"Escalera\";    var bloque = \"Bloque\";    var piso = \"Piso\";    var puerta = \"Puerta\";    var NoZonaNedgia = \"Lo sentimos pero tu domicilio no est\u00e1 en la zona donde Nedgia\u00a0 distribuye gas natural. Encuentra la Empresa Distribuidora que te corresponde en el siguiente \";    var link = \"link\";    var aqui = \"aqu\u00ed\";    var FincaNoInmuebleCertificadoNo_1 = \"Nos consta que ya tienes gas natural en tu finca. Ahora el siguiente paso ser\u00e1 realizar la instalaci\u00f3n en tu vivienda, contactando con un instalador autorizado. Te explicamos como hacerlo \";    var FincaNoInmuebleCertificadoNo_2 = \"Si la informaci\u00f3n de nuestro sistema no la consideras correcta, ll\u00e1manos al 900 100 252.\";    var FincaEInmueble_1 = \"Nos consta que ya dispones de suministro de gas natural en tu domicilio.\";    var FincaEInmueble_2 = \"Si la informaci\u00f3n de nuestro sistema no la consideras correcta, ll\u00e1manos al 900 100 252.\";    var FincaNoInmuebleCertificadoSi_1 = \"Nos consta que ya tienes la instalaci\u00f3n de gas natural en tu domicilio realizada. Ahora solo te falta gestionar el contrato de gas natural con una empresa comercializadora. Te explicamos como hacerlo. \";    var FincaNoInmuebleCertificadoSi_2 = \"Si la informaci\u00f3n de nuestro sistema no la consideras correcta, ll\u00e1manos al 900 100 252.\";    var SelecNum = \"Selec. Num.\";    var SelecBloqueEscalera = \"Selec. Bloque Escalera Piso Puerta\";    var NumeroPiso = \"N\u00famero\";    var BloqueEscaleraPisoPuerta = \"Bloque Escalera Piso Puerta\";<\/script><section class=\"block-style-3 nedgia-block  wp-block-hero\">    <div class=\"container mx-auto\">        <div class=\"hero-slider swiper\">      <input class=\"sliderAutoplay\" type=\"hidden\" name=\"sliderAutoplay\" value=\"\">      <input class=\"sliderTime\" type=\"hidden\" name=\"sliderTime\" value=\"\">      <input class=\"sliderLoop\" type=\"hidden\" name=\"sliderLoop\" value=\"\">      <div class=\"swiper-wrapper\">          <!-- Slides -->                                    <div class=\"swiper-slide\">                <div class=\"hero-slide-wrapper\">                  <div class=\"hero-content\">                    <div>                                                                    <h1 class=\"hero-title title-lg\">Actuacions en connexions de servei existents<\/h1>                                              <div class=\"hero-description\">Actuacions en connexions de servei existents o en instal\u00b7lacions receptores comunit&agrave;ries (IRC).<\/div>                                                                                                                  <div class=\"button-wrapper hero-button-wrapper\">                                                                              <a class=\"button                                     button-style-1\" target=\"_blank\" href=\"https:\/\/sci.nedgia.es\/login?lang=ca\">    <span>Estat de la meva sol\u00b7licitud<\/span>    <svg class=\"h-4 w-2\" width=\"8\" height=\"16\" viewBox=\"0 0 8 12\" fill=\"none\" xmlns=\"http:\/\/www.w3.org\/2000\/svg\">  <path d=\"M4.97656 5.99962L0.851562 1.87462L2.0299 0.696289L7.33323 5.99962L2.0299 11.303L0.851562 10.1246L4.97656 5.99962Z\" fill=\"currentColor\"\/><\/svg><\/a>                                                                                                <\/div>                    <\/div>                  <\/div>                  <div class=\"hero-image\">                    <div class=\"link-wrapper\">                                          <\/div>                    <figure class=\"hero-cover-image\">                        <img decoding=\"async\" src=\"https:\/\/www.nedgia.es\/wp-content\/uploads\/2024\/03\/gas_natural_generacion_electricidad_2.jpg\"                            alt=\"\" loading=\"lazy\" \/>                    <\/figure>                                                          <\/div>                                  <\/div>              <\/div>                            <\/div>      <div class=\"hero-swiper-navigation-wrapper\">        <div class=\"hero-swiper-button-wrapper\">          <div class=\"swiper-button-prev\"><span>&nbsp;<\/span><\/div>          <div class=\"swiper-button-next\"><span>&nbsp;<\/span><\/div>        <\/div>        <div class=\"hero-swiper-pagination-wrapper\">          <div class=\"swiper-pagination swiper-pagination-hero\"><\/div>        <\/div>      <\/div>  <\/div>    <\/div>                <\/section>                                <section class=\"block-style-4 nedgia-block block-type-accordion  wp-block-content\" id=\"actuaciones-acometidas-existentes\">    <div class=\"container mx-auto\">        <div class=\"main-content-wrapper\">              <div class=\"content-wrapper block-layout-center content-wrapper-pb-0 \">        <div class=\"content-title-col\">          <div class=\"content-pretitle\">Sol\u00b7licituds d&rsquo;actuaci&oacute; sobre connexions de servei existents<\/div>                      <p class=\"content-title\">Aqu&iacute; trobar&agrave;s&#8230;<\/p>                    <\/div>        <div class=\"content-info-col offset-info\">                      <div class=\"content-description  wpautop-format \">                            <p style=\"text-align: left;\">Informaci&oacute; important sobre el proc&eacute;s de sol\u00b7licitud per a una actuaci&oacute; sobre una connexi&oacute; de servei existent de gas natural.<\/p><p><span style=\"text-align: left;display:block\">Podr&agrave;s sol\u00b7licitar:<\/span><\/p><ul style=\"text-align:left;margin-bottom:0px;\"><li><strong>Connexi&oacute; de nou r&agrave;cord.<\/strong><br \/>Consisteix a connectar un nou r&agrave;cord usant la mateixa connexi&oacute; de servei o construint una connexi&oacute; de servei nova per modificaci&oacute;, despla&ccedil;ament o reparaci&oacute; de la instal\u00b7laci&oacute; receptora.<\/p><ul style=\"margin-top:0px;\"><li>Si el nou r&agrave;cord est&agrave; col\u00b7locat a <b>menys de 60 cm<\/b> de l&rsquo;existent, s&rsquo;usar&agrave; la mateixa connexi&oacute; de servei<\/li><li>Si el nou r&agrave;cord est&agrave; col\u00b7locat a <b>m&eacute;s de 60 cm<\/b> de l&rsquo;existent, s&rsquo;haur&agrave; de construir una connexi&oacute; de servei nova.<\/li><\/ul><\/li><li><strong>Anul\u00b7laci&oacute; de connexi&oacute; de servei.<\/strong><br \/>Consisteix a anul\u00b7lar la connexi&oacute; de servei de gas que alimenta una finca en cas d&rsquo;enderroc, demolici&oacute;, etc.<br \/>&Eacute;s imprescindible que tots els clients connectats a la finca hagin donat de baixa el subministrament i s&rsquo;hagi retirat el comptador.<\/p><\/li><li><strong>Tancament\/Reobertura de connexi&oacute; de servei.<\/strong><br \/> Consisteix a programar un tancament i la posterior reobertura de la connexi&oacute; de servei de gas per una actuaci&oacute; sobre la instal\u00b7laci&oacute; receptora d&rsquo;una finca.<\/li><\/ul>            <\/div>                                <div class=\"button-wrapper content-button-wrapper\">                                                                      <\/div>                  <\/div>      <\/div>                              <div  class=\"accordion-content-wrapper  accordion-pills  accordion-bottom  \"  data-accordion-auto-close=\"1\"  data-accordion-start=\"0\">  <div class=\"accordion-main-wrapper\">                    <div class=\"accordion-wrapper accordion-default\">                <div class=\"accordion-header-wrapper\">          <div class=\"accordion-header-wrapper-inner\">                                                                                <figure>                      <img decoding=\"async\" src=\"https:\/\/www.nedgia.es\/wp-content\/uploads\/2024\/10\/pasos_del_proceso.svg\" alt=\"\" loading=\"lazy\" \/>                    <\/figure>                                                                        <div class=\"accordion-header-text\">              <div class=\"accordion-header-title\">Passos del proc&eacute;s<\/div>                                                                      <div class=\"accordion-header-subtitle\">                        <div>Descripci&oacute; del proc&eacute;s de sol\u00b7licitud<\/div>                      <\/div>                                                                              <div class=\"accordion-header-description\"><\/div>                          <\/div>          <\/div>        <\/div>                <div class=\"accordion-body-wrapper\">                                                                  <div class=\"accordion-wysiwyg-wrapper\">                                                                                                            <div class=\"accordion-wysiwyg-item\">                                                                        <div class=\"description\">                                        <p><strong>1 &#8211; ALTA DE SOL\u00b7LICITUD<\/strong><br \/>Registra la teva sol\u00b7licitud amb la informaci&oacute; necess&agrave;ria:<\/p><ul><li>Ubicaci&oacute; de la connexi&oacute; de servei afectada.<\/li><\/ul><p>&nbsp;<\/p><p><strong>2 &#8211; ADMISSI&Oacute; I PRESSUPOST<\/strong><br \/>Despr&eacute;s de l&#39;admissi&oacute; de la sol\u00b7licitud t&#39;enviarem el pressupost detallat que podr&agrave;s acceptar.<\/p><p>&nbsp;<\/p><p><strong>3 &#8211; PAGAMENT<\/strong><br \/>Fes el pagament que correspongui.<\/p><p>&nbsp;<\/p><p><strong>4 &#8211; PROGRAMACI&Oacute; DE L&rsquo;ACTUACI&Oacute; I EXECUCI&Oacute; DELS TREBALLS<\/strong><br \/>Iniciarem les gestions que requereixi l&rsquo;actuaci&oacute;, incl&ograve;s el projecte i la tramitaci&oacute; de permisos si s&oacute;n necessaris.<\/p><p>Ens coordinarem amb l&rsquo;interlocutor que designis.<\/p><p>&nbsp;<\/p><p><strong>5 &#8211; REANUDACI&Oacute; DEL SUBMINISTRAMENT<\/strong><br \/>Un cop finalitzada l&rsquo;actuaci&oacute;, has de trucar al <a href=\"tel:900750750\"><strong>900 750 750<\/strong><\/a> i sol\u00b7licitar la represa del subministrament.<\/p>                                      <\/div>                                                                <\/div>                                                                                                    <\/div>                                        <\/div>      <\/div>            <div class=\"accordion-wrapper accordion-default\">                <div class=\"accordion-header-wrapper\">          <div class=\"accordion-header-wrapper-inner\">                                                                                <figure>                      <img decoding=\"async\" src=\"https:\/\/www.nedgia.es\/wp-content\/uploads\/2024\/10\/nuestras_redes.svg\" alt=\"\" loading=\"lazy\" \/>                    <\/figure>                                                                        <div class=\"accordion-header-text\">              <div class=\"accordion-header-title\">Tarifes domicili&agrave;ries d&rsquo;aplicaci&oacute;<\/div>                                                                      <div class=\"accordion-header-subtitle\">                        <div>Tarifes domicili&agrave;ries d&rsquo;aplicaci&oacute; desglossades<\/div>                      <\/div>                                                                              <div class=\"accordion-header-description\"><\/div>                          <\/div>          <\/div>        <\/div>                <div class=\"accordion-body-wrapper\">                                                                <div class=\"accordion-tables-wrapper\">                                                                                                    <div class=\"accordion-tables-item\">                                                                                                                        <div class=\"table-content-wrapper\">                                                                  <div class=\"rich-table-wrapper\">                                                                          <table id=\"tablepress-35\" class=\"tablepress tablepress-id-35\"><thead><tr class=\"row-1\">\t<th class=\"column-1\">Traballo<\/th><th class=\"column-2\">Importe<\/th><\/tr><\/thead><tbody><tr class=\"row-2\">\t<td class=\"column-1\"><strong>Connexi\u00f3 nou r\u00e0cord<\/strong>\u00a0i\/o substituci\u00f3 de v\u00e0lvula de la connexi\u00f3 de servei<\/td><td class=\"column-2\">705,74 \u20ac  + IVA<\/td><\/tr><tr class=\"row-3\">\t<td class=\"column-1\">Connexi\u00f3 nou r\u00e0cord amb\u00a0<strong>construcci\u00f3 de nova connexi\u00f3 de servei<\/strong><\/td><td class=\"column-2\">2.068,28 \u20ac + IVA<\/td><\/tr><tr class=\"row-4\">\t<td class=\"column-1\"><strong>Anul\u00b7laci\u00f3 de la connexi\u00f3 de servei<\/strong><\/td><td class=\"column-2\">742,60 \u20ac + IVA<\/td><\/tr><tr class=\"row-5\">\t<td class=\"column-1\"><strong>Reobertura de la connexi\u00f3 de servei<\/strong>\u00a0per tancament programat<\/td><td class=\"column-2\">125,34 \u20ac + IVA<\/td><\/tr><\/tbody><\/table><!-- #tablepress-35 from cache -->                                                                      <\/div>                                                              <\/div>                                                          <\/div>                                                                                            <\/div>                                          <\/div>      <\/div>            <div class=\"accordion-wrapper accordion-default\">                <div class=\"accordion-header-wrapper\">          <div class=\"accordion-header-wrapper-inner\">                                                                                <figure>                      <img decoding=\"async\" src=\"https:\/\/www.nedgia.es\/wp-content\/uploads\/2024\/10\/modelo_de_contrato.svg\" alt=\"\" loading=\"lazy\" \/>                    <\/figure>                                                                        <div class=\"accordion-header-text\">              <div class=\"accordion-header-title\">Instal\u00b7ladors autoritzats<\/div>                                                                      <div class=\"accordion-header-subtitle\">                        <div>Listado de instaladores acreditados<\/div>                      <\/div>                                                                          <\/div>          <\/div>        <\/div>                <div class=\"accordion-body-wrapper\">                                                                                                                  <div class=\"accordion-filter-item\" data-identifier-item=\"\">                          <div class=\"accordion-content-wrapper\">                            <div class=\"accordion-content no-image\">                                                            <div class=\"accordion-col-info\">                                <div class=\"content-info-wrapper\">                          <div class=\"description \">        Si ho necessites, aqu&iacute; pots consultar la llista d&rsquo;instal\u00b7ladors autoritzats.      <\/div>              <div class=\"button-wrapper\">        <a class=\"button             button-style-2\" target=\"_blank\" href=\"https:\/\/datos.gob.es\/es\/catalogo\/e05024301-consulta-registro-integrado-industrial-instaladores-gas\">    <span>Consulta la llista d&rsquo;instal\u00b7ladors<\/span>    <svg class=\"h-4 w-2\" width=\"8\" height=\"16\" viewBox=\"0 0 8 12\" fill=\"none\" xmlns=\"http:\/\/www.w3.org\/2000\/svg\">  <path d=\"M4.97656 5.99962L0.851562 1.87462L2.0299 0.696289L7.33323 5.99962L2.0299 11.303L0.851562 10.1246L4.97656 5.99962Z\" fill=\"currentColor\"\/><\/svg><\/a>              <\/div>      <\/div>                              <\/div>                            <\/div>                          <\/div>                        <\/div>                                                                                    <\/div>      <\/div>            <div class=\"accordion-wrapper accordion-default\">                <div class=\"accordion-header-wrapper\">          <div class=\"accordion-header-wrapper-inner\">                                                                                <figure>                      <img decoding=\"async\" src=\"https:\/\/www.nedgia.es\/wp-content\/uploads\/2024\/10\/recuerda_que.svg\" alt=\"\" loading=\"lazy\" \/>                    <\/figure>                                                                        <div class=\"accordion-header-text\">              <div class=\"accordion-header-title\">Informaci&oacute; addicional<\/div>                                                                      <div class=\"accordion-header-subtitle\">                        <div>&Eacute;s important que&#8230;<\/div>                      <\/div>                                                                              <div class=\"accordion-header-description\"><\/div>                          <\/div>          <\/div>        <\/div>                <div class=\"accordion-body-wrapper\">                                                                  <div class=\"accordion-wysiwyg-wrapper\">                                                                                                            <div class=\"accordion-wysiwyg-item\">                                                                        <div class=\"description\">                                        <p>Per coordinar el tancament i la reobertura del subministrament, un cop finalitzada la connexi&oacute;, has de trucar al <a href=\"tel:900750750\"><strong>900 750 750<\/strong><\/a>.<\/p><p>Si s&rsquo;ha modificat la instal\u00b7laci&oacute; de gas, has de lliurar els certificats corresponents.<\/p>                                      <\/div>                                                                <\/div>                                                                                                    <\/div>                                        <\/div>      <\/div>            <\/div><\/div>                <\/div>    <\/div>                                <\/section>                                <section class=\"block-style-5 nedgia-block block-type-wysiwyg  wp-block-content\">    <div class=\"container mx-auto\">        <div class=\"main-content-wrapper\">              <div class=\"content-wrapper block-layout-center content-wrapper-pb-0 \">        <div class=\"content-title-col\">                                <p class=\"content-title\">Sol\u00b7licita pressupost per:<\/p>                    <\/div>        <div class=\"content-info-col \">                                <div class=\"button-wrapper content-button-wrapper\">                                                                                                    <\/div>                  <\/div>      <\/div>                              <div class=\"wysiwyg-content-wrapper\">  <div class=\"wysiwyg-wrapper\">            <div class=\"wysiwyg-inner-blocks\">      <div class=\"wp-block-buttons acciones-acometidas is-content-justification-center is-layout-flex wp-container-core-buttons-is-layout-16018d1d wp-block-buttons-is-layout-flex\" id=\"https:\/\/sci.apinedgia-dev.gniinnova.com\/new-request\/new-connection\"><div class=\"wp-block-button is-style-button-style-1\"><a class=\"wp-block-button__link has-text-align-center wp-element-button\" href=\"https:\/\/sci.nedgia.es\/new-request\/new-connection?lang=ca\" target=\"_blank\" rel=\"noreferrer noopener\">Connexi\u00f3 de nou r\u00e0cord<\/a><\/div><div class=\"wp-block-button is-style-button-style-1\"><a class=\"wp-block-button__link has-text-align-center wp-element-button\" href=\"https:\/\/sci.nedgia.es\/new-request\/service-disconnection?lang=ca\" target=\"_blank\" rel=\"noreferrer noopener\">Anul\u00b7laci\u00f3 de connexi\u00f3 de servei<\/a><\/div><div class=\"wp-block-button is-style-button-style-1\"><a class=\"wp-block-button__link has-text-align-center wp-element-button\" href=\"https:\/\/sci.nedgia.es\/new-request\/connection-closure-reopening?lang=ca\" target=\"_blank\" rel=\"noreferrer noopener\">Tancament i reobertura de connexi\u00f3 de servei<\/a><\/div><\/div>    <\/div>  <\/div><\/div>                <\/div>    <\/div>                        <\/section>                                <section class=\"block-style-6 nedgia-block  wp-block-image-text\">    <div class=\"container mx-auto\">        <div class=\"image-text-wrapper \">                                  <div class=\"image-text-col-text image-text-col-2\">                                          <div class=\"content-info-wrapper\">      <div class=\"pretitle\">Assessorament personalitzat<\/div>          <h2 class=\"title\">Vols que et contactem?<\/h2>                      <div class=\"description \">        Un gestor contactar&agrave; amb tu i et facilitar&agrave; informaci&oacute; sobre el proc&eacute;s i les condicions de connexi&oacute;.      <\/div>              <div class=\"button-wrapper\">        <a class=\"button             button-style-3\" href=\"https:\/\/www.nedgia.es\/ca\/connexions-i-actuacions-a-la-xarxa\/assessorament-personalitzat\/\">    <span>Contactem amb tu<\/span>    <svg class=\"h-4 w-2\" width=\"8\" height=\"16\" viewBox=\"0 0 8 12\" fill=\"none\" xmlns=\"http:\/\/www.w3.org\/2000\/svg\">  <path d=\"M4.97656 5.99962L0.851562 1.87462L2.0299 0.696289L7.33323 5.99962L2.0299 11.303L0.851562 10.1246L4.97656 5.99962Z\" fill=\"currentColor\"\/><\/svg><\/a>                    <\/div>      <\/div>                                    <\/div>                                      <div class=\"image-text-col-image image-text-col-2 image-lg image-padding-off image-h-center image-v-center\">              <figure>                <img decoding=\"async\" src=\"https:\/\/www.nedgia.es\/wp-content\/uploads\/2024\/02\/pregunta.jpg\"                    alt=\"\u00cdcono de pregunta representando dudas frecuentes\" loading=\"lazy\" \/>            <\/figure>                        <\/div>                      <\/div>    <\/div>                <\/section>                                ","protected":false},"excerpt":{"rendered":"<p><script>    var municipio_no_encontrado = \"Municipio no encontrado.\";    var direccion_no_encontrada = \"Direcci\u00f3n no encontrada. No utilices el tipo de v\u00eda como calle,<\/script><\/p>\n","protected":false},"author":13,"featured_media":0,"parent":21620,"menu_order":0,"comment_status":"closed","ping_status":"closed","template":"","meta":{"_acf_changed":false,"inline_featured_image":false,"footnotes":""},"class_list":["post-27923","page","type-page","status-publish","hentry"],"acf":[],"_links":{"self":[{"href":"https:\/\/www.nedgia.es\/ca\/wp-json\/wp\/v2\/pages\/27923","targetHints":{"allow":["GET"]}}],"collection":[{"href":"https:\/\/www.nedgia.es\/ca\/wp-json\/wp\/v2\/pages"}],"about":[{"href":"https:\/\/www.nedgia.es\/ca\/wp-json\/wp\/v2\/types\/page"}],"author":[{"embeddable":true,"href":"https:\/\/www.nedgia.es\/ca\/wp-json\/wp\/v2\/users\/13"}],"replies":[{"embeddable":true,"href":"https:\/\/www.nedgia.es\/ca\/wp-json\/wp\/v2\/comments?post=27923"}],"version-history":[{"count":3,"href":"https:\/\/www.nedgia.es\/ca\/wp-json\/wp\/v2\/pages\/27923\/revisions"}],"predecessor-version":[{"id":27984,"href":"https:\/\/www.nedgia.es\/ca\/wp-json\/wp\/v2\/pages\/27923\/revisions\/27984"}],"up":[{"embeddable":true,"href":"https:\/\/www.nedgia.es\/ca\/wp-json\/wp\/v2\/pages\/21620"}],"wp:attachment":[{"href":"https:\/\/www.nedgia.es\/ca\/wp-json\/wp\/v2\/media?parent=27923"}],"curies":[{"name":"wp","href":"https:\/\/api.w.org\/{rel}","templated":true}]}}