{"id":31073,"date":"2025-09-14T17:02:26","date_gmt":"2025-09-14T15:02:26","guid":{"rendered":"https:\/\/www.nedgia.es\/?page_id=31073"},"modified":"2025-11-27T11:46:20","modified_gmt":"2025-11-27T10:46:20","slug":"sollicituds-de-connexio-per-a-blending-dh2","status":"publish","type":"page","link":"https:\/\/www.nedgia.es\/ca\/connexions-i-actuacions-a-la-xarxa\/sollicituds-de-connexio-per-a-blending-dh2\/","title":{"rendered":"Sol\u00b7licituds de connexi\u00f3 per a blending d\u2019H2"},"content":{"rendered":"<script>    var municipio_no_encontrado = \"Municipio no encontrado.\";    var direccion_no_encontrada = \"Direcci\u00f3n no encontrada. No utilices el tipo de v\u00eda como calle, avenida etc. y revisa que est\u00e1 bien escrito.\";        var piso_no_encontrado = \"Piso no encontrado.\";    var campo_obligatorio = \"Campo obligatorio.\";    var email_incorrecto = \"El campo deber\u00eda ser direccion@dominio.es\";    var formato_incorrecto = \"Formato incorrecto\";    var seleccionar_condiciones = \"Debe seleccionar las condiciones legales.\";    var formato_dni = \"El campo deber\u00eda tener el siguiente formato: 12345678Z o Y8237411K\";    var emails_no_coinciden = \"Los emails no coinciden.\";    var telefono_caracteres = \"El tel\u00e9fono debe tener 9 caracteres.\";    var campo_incorrecto = \"Campo incorrecto\";    var escalera = \"Escalera\";    var bloque = \"Bloque\";    var piso = \"Piso\";    var puerta = \"Puerta\";    var NoZonaNedgia = \"Lo sentimos pero tu domicilio no est\u00e1 en la zona donde Nedgia\u00a0 distribuye gas natural. Encuentra la Empresa Distribuidora que te corresponde en el siguiente \";        var link =  \"link\";    var aqui =  \"aqu\u00ed\";    var FincaNoInmuebleCertificadoNo_1 = \"Nos consta que ya tienes gas natural en tu finca. Ahora el siguiente paso ser\u00e1 realizar la instalaci\u00f3n en tu vivienda, contactando con un instalador autorizado. Te explicamos como hacerlo \";    var FincaNoInmuebleCertificadoNo_2 = \"Si la informaci\u00f3n de nuestro sistema no la consideras correcta, ll\u00e1manos al 900 100 252.\";    var FincaEInmueble_1 = \"Nos consta que ya dispones de suministro de gas natural en tu domicilio.\";    var FincaEInmueble_2 = \"Si la informaci\u00f3n de nuestro sistema no la consideras correcta, ll\u00e1manos al 900 100 252.\";        var FincaNoInmuebleCertificadoSi_1 = \"Nos consta que ya tienes la instalaci\u00f3n de gas natural en tu domicilio realizada. Ahora solo te falta gestionar el contrato de gas natural con una empresa comercializadora. Te explicamos como hacerlo. \";    var FincaNoInmuebleCertificadoSi_2 = \"Si la informaci\u00f3n de nuestro sistema no la consideras correcta, ll\u00e1manos al 900 100 252.\";    var SelecNum = \"Selec. Num.\";    var SelecBloqueEscalera = \"Selec. Bloque Escalera Piso Puerta\";    var NumeroPiso = \"N\u00famero\";    var BloqueEscaleraPisoPuerta = \"Bloque Escalera Piso Puerta\";<\/script><script>    var municipio_no_encontrado = \"Municipio no encontrado.\";    var direccion_no_encontrada = \"Direcci\u00f3n no encontrada. No utilices el tipo de v\u00eda como calle, avenida etc. y revisa que est\u00e1 bien escrito.\";    var piso_no_encontrado = \"Piso no encontrado.\";    var campo_obligatorio = \"Campo obligatorio.\";    var email_incorrecto = \"El campo deber\u00eda ser direccion@dominio.es\";    var formato_incorrecto = \"Formato incorrecto\";    var seleccionar_politica_privacidad = \"Debe seleccionar los t\u00e9rminos y condiciones.\";    var seleccionar_condiciones = \"Debe seleccionar las condiciones legales.\";    var formato_dni = \"El campo deber\u00eda tener el siguiente formato: 12345678Z o Y8237411K\";    var emails_no_coinciden = \"Los emails no coinciden.\";    var telefono_caracteres = \"El tel\u00e9fono debe tener 9 caracteres.\";    var campo_incorrecto = \"Campo incorrecto\";    var escalera = \"Escalera\";    var bloque = \"Bloque\";    var piso = \"Piso\";    var puerta = \"Puerta\";    var NoZonaNedgia = \"Lo sentimos pero tu domicilio no est\u00e1 en la zona donde Nedgia\u00a0 distribuye gas natural. Encuentra la Empresa Distribuidora que te corresponde en el siguiente \";    var link = \"link\";    var aqui = \"aqu\u00ed\";    var FincaNoInmuebleCertificadoNo_1 = \"Nos consta que ya tienes gas natural en tu finca. Ahora el siguiente paso ser\u00e1 realizar la instalaci\u00f3n en tu vivienda, contactando con un instalador autorizado. Te explicamos como hacerlo \";    var FincaNoInmuebleCertificadoNo_2 = \"Si la informaci\u00f3n de nuestro sistema no la consideras correcta, ll\u00e1manos al 900 100 252.\";    var FincaEInmueble_1 = \"Nos consta que ya dispones de suministro de gas natural en tu domicilio.\";    var FincaEInmueble_2 = \"Si la informaci\u00f3n de nuestro sistema no la consideras correcta, ll\u00e1manos al 900 100 252.\";    var FincaNoInmuebleCertificadoSi_1 = \"Nos consta que ya tienes la instalaci\u00f3n de gas natural en tu domicilio realizada. Ahora solo te falta gestionar el contrato de gas natural con una empresa comercializadora. Te explicamos como hacerlo. \";    var FincaNoInmuebleCertificadoSi_2 = \"Si la informaci\u00f3n de nuestro sistema no la consideras correcta, ll\u00e1manos al 900 100 252.\";    var SelecNum = \"Selec. Num.\";    var SelecBloqueEscalera = \"Selec. Bloque Escalera Piso Puerta\";    var NumeroPiso = \"N\u00famero\";    var BloqueEscaleraPisoPuerta = \"Bloque Escalera Piso Puerta\";<\/script><section class=\"block-style-3 nedgia-block  wp-block-hero\">    <div class=\"container mx-auto\">        <div class=\"hero-slider swiper\">      <input class=\"sliderAutoplay\" type=\"hidden\" name=\"sliderAutoplay\" value=\"\">      <input class=\"sliderTime\" type=\"hidden\" name=\"sliderTime\" value=\"\">      <input class=\"sliderLoop\" type=\"hidden\" name=\"sliderLoop\" value=\"\">      <div class=\"swiper-wrapper\">          <!-- Slides -->                                    <div class=\"swiper-slide\">                <div class=\"hero-slide-wrapper\">                  <div class=\"hero-content\">                    <div>                                                                    <h1 class=\"hero-title title-lg\">Connexi\u00f3 per a blending d\u2019H\u2082<\/h1>                                              <div class=\"hero-description\"><!--Fes la teva sol\u00b7licitud de connexi\u00f3 i injecci\u00f3 per al proper proc\u00e9s de subhasta.-->Si ja has fet una sol\u00b7licitud, pots consultar-ne l\u2019estat aqu\u00ed.<\/div>                                                                                                                  <div class=\"button-wrapper hero-button-wrapper\">                                                                              <a class=\"button                                     button-style-1\" target=\"_blank\" href=\"https:\/\/sci.nedgia.es\/login?lang=ca\">    <span>Estat de la meva sol\u00b7licitud<\/span>    <svg class=\"h-4 w-2\" width=\"8\" height=\"16\" viewBox=\"0 0 8 12\" fill=\"none\" xmlns=\"http:\/\/www.w3.org\/2000\/svg\">  <path d=\"M4.97656 5.99962L0.851562 1.87462L2.0299 0.696289L7.33323 5.99962L2.0299 11.303L0.851562 10.1246L4.97656 5.99962Z\" fill=\"currentColor\"\/><\/svg><\/a>                                                                                                <\/div>                    <\/div>                  <\/div>                  <div class=\"hero-image\">                    <div class=\"link-wrapper\">                                          <\/div>                    <figure class=\"hero-cover-image\">                        <img decoding=\"async\" src=\"https:\/\/www.nedgia.es\/wp-content\/uploads\/2025\/09\/cabecera-informacion-previa-solicitudes-blending-h2.png\"                            alt=\"\" loading=\"lazy\" \/>                    <\/figure>                                                          <\/div>                                  <\/div>              <\/div>                            <\/div>      <div class=\"hero-swiper-navigation-wrapper\">        <div class=\"hero-swiper-button-wrapper\">          <div class=\"swiper-button-prev\"><span>&nbsp;<\/span><\/div>          <div class=\"swiper-button-next\"><span>&nbsp;<\/span><\/div>        <\/div>        <div class=\"hero-swiper-pagination-wrapper\">          <div class=\"swiper-pagination swiper-pagination-hero\"><\/div>        <\/div>      <\/div>  <\/div>    <\/div>                <\/section>                                <section class=\"block-style-4 nedgia-block block-type-accordion  wp-block-content\">    <div class=\"container mx-auto\">        <div class=\"main-content-wrapper\">              <div class=\"content-wrapper block-layout-center content-wrapper-pb-0 \">        <div class=\"content-title-col\">          <div class=\"content-pretitle\">Sol\u00b7licituds de connexi\u00f3 per a blending d\u2019H\u2082 a la xarxa de gas natural<\/div>                      <p class=\"content-title\">Aqu&iacute; trobar&agrave;s&#8230;<\/p>                    <\/div>        <div class=\"content-info-col offset-info\">                      <div class=\"content-description  wpautop-format \">                            <p>Informaci\u00f3 important sobre el proc\u00e9s de sol\u00b7licitud i contractaci\u00f3 de la connexi\u00f3 per a blending d\u2019H\u2082 a la xarxa de gas natural de Nedgia segons la resoluci\u00f3 de la <a href=\"https:\/\/www.boe.es\/buscar\/doc.php?id=BOE-A-2025-12803#:~:text=A%2D2025%2D12803-,Resoluci%C3%B3n%20de%2013%20de%20junio%20de%202025%2C%20de%20la%20Comisi%C3%B3n,o%20distribuci%C3%B3n%20de%20gas%20natural.\" target=\"_blank\" rel=\"noopener\">CNMC<\/a>.<\/p><p>Per a m\u00e9s informaci\u00f3, pots consultar aquest enlla\u00e7 informatiu al <a href=\"https:\/\/www.enagas.es\/es\/gestion-tecnica-sistema\/procesos-sistema-gasista\/conexion-hidrogeno\/\" rel=\"noopener\" target=\"_blank\">gestor t\u00e8cnic del sistema<\/a>.<\/p>            <\/div>                                <div class=\"button-wrapper content-button-wrapper\">                                                                      <\/div>                  <\/div>      <\/div>                              <div  class=\"accordion-content-wrapper  accordion-pills  accordion-bottom  \"  data-accordion-auto-close=\"1\"  data-accordion-start=\"0\">  <div class=\"accordion-main-wrapper\">                    <div class=\"accordion-wrapper accordion-default\">                <div class=\"accordion-header-wrapper\">          <div class=\"accordion-header-wrapper-inner\">                                                                                <figure>                      <img decoding=\"async\" src=\"https:\/\/www.nedgia.es\/wp-content\/uploads\/2024\/10\/pasos_del_proceso.svg\" alt=\"\" loading=\"lazy\" \/>                    <\/figure>                                                                        <div class=\"accordion-header-text\">              <div class=\"accordion-header-title\">Passos del proc&eacute;s<\/div>                                                                      <div class=\"accordion-header-subtitle\">                        <div>Descripci&oacute; del proc&eacute;s de sol\u00b7licitud<\/div>                      <\/div>                                                                              <div class=\"accordion-header-description\"><\/div>                          <\/div>          <\/div>        <\/div>                <div class=\"accordion-body-wrapper\">                                                                  <div class=\"accordion-wysiwyg-wrapper\">                                                                                                            <div class=\"accordion-wysiwyg-item\">                                                                        <div class=\"description\">                                        <p><strong>1. ALTA DE SOL\u00b7LICITUD<\/strong><br \/>Registra la teva sol\u00b7licitud amb la informaci&oacute; necess&agrave;ria:<\/p><ul><li>Punt de connexi\u00f3 confirmat.<\/li><li>Capacitat sol\u00b7licitada.<\/li><li>Declaraci\u00f3 responsable definitiva.<\/li><\/ul><p style=\"margin-top:20px;\">Per completar el registre de la sol\u00b7licitud has de fer un pagament de 3.000 \u20ac (IVA no incl\u00f2s) en concepte d\u2019elaboraci\u00f3 del pressupost de connexi\u00f3.<br \/>Revisarem la teva sol\u00b7licitud i, si calen esmenes, t\u2019ho comunicarem. Disposar\u00e0s de <strong>5 dies h\u00e0bils<\/strong> per corregir la informaci\u00f3.<\/p><p>&nbsp;<\/p><p><strong>2 &#8211; ASSIGNACI\u00d3 DE CAPACITAT<\/strong><br \/>Juntament amb el gestor t\u00e8cnic del sistema estudiarem la teva sol\u00b7licitud i t\u2019informarem de la capacitat que es pot concedir i de l\u2019estat de la seva assignaci\u00f3.<\/p><ul><li><strong>Assignaci\u00f3 completa<\/strong>, quan es concedeix tota la capacitat sol\u00b7licitada.<\/li><li><strong>Assignaci\u00f3 parcial<\/strong>, quan es concedeix una capacitat inferior a la sol\u00b7licitada (caldr\u00e0 la teva acceptaci\u00f3 expressa en un m\u00e0xim de <strong>3 dies h\u00e0bils<\/strong>).<\/li><li><strong>Assignaci\u00f3 en espera<\/strong>, quan no hi ha capacitat disponible en aquell moment i la sol\u00b7licitud queda pendent d\u2019una possible assignaci\u00f3.<\/li><li><strong>No assignada<\/strong>, quan definitivament no hi ha capacitat disponible o la injecci\u00f3 \u00e9s inviable.<\/li><\/ul><p>&nbsp;<\/p><p><strong>3. ACREDITACI\u00d3 DE COMPLIMENT DE LA DECLARACI\u00d3 RESPONSABLE I PRESSUPOST<\/strong><br \/>Has d\u2019acreditar el compliment del que s\u2019ha informat a la declaraci\u00f3 responsable en un termini m\u00e0xim de 15 dies des que se\u2019t requereixi.<br \/>Un cop validat el compliment per part nostra, t\u2019enviarem les condicions t\u00e8cnic-econ\u00f2miques finals de la connexi\u00f3 perqu\u00e8 les puguis acceptar.<\/p><p>&nbsp;<\/p><p><strong>4. CONTRACTACI&Oacute; NEDGIA I PRIMER PAGAMENT<\/strong><br \/>Formalitzarem el contracte i haur\u00e0s d\u2019efectuar el pagament inicial per a la connexi\u00f3 en un termini m\u00e0xim de 60 dies des de l\u2019entrega de les condicions t\u00e8cnic-econ\u00f2miques.<\/p><p>&nbsp;<\/p><p><strong>5. PROJECTE, PERMISOS I OBRA<\/strong><br \/>Iniciarem la tramitaci&oacute; del projecte, les gestions i les obres necess&agrave;ries per executar la connexi&oacute;.<\/p>                                      <\/div>                                                                <\/div>                                                                                                    <\/div>                                        <\/div>      <\/div>            <div class=\"accordion-wrapper accordion-default\">                <div class=\"accordion-header-wrapper\">          <div class=\"accordion-header-wrapper-inner\">                                                                                <figure>                      <img decoding=\"async\" src=\"https:\/\/www.nedgia.es\/wp-content\/uploads\/2024\/10\/nuestras_redes.svg\" alt=\"\" loading=\"lazy\" \/>                    <\/figure>                                                                        <div class=\"accordion-header-text\">              <div class=\"accordion-header-title\">Les nostres xarxes<\/div>                                                                      <div class=\"accordion-header-subtitle\">                        <div>Xarxes de gas P>16&nbsp;bar<\/div>                      <\/div>                                                                              <div class=\"accordion-header-description\"><\/div>                          <\/div>          <\/div>        <\/div>                <div class=\"accordion-body-wrapper\">                                                                  <div class=\"accordion-wysiwyg-wrapper\">                                                                                                            <div class=\"accordion-wysiwyg-item\">                                                                        <div class=\"description\">                                        Pots consultar aqu&iacute; els esquemes generals amb la ubicaci&oacute; de <strong>les nostres xarxes de gas P&gt;16&nbsp;bar.<\/strong> <br><br> Selecciona una comunitat aut&ograve;noma:<br><div class=\"comunidad-autonoma-wrapper\">  <select id=\"comunidad-autonoma-select\" name=\"comunidades_autonomas\">    <option value=\"disabled selected\">Selecciona<\/option>    <option value=\"andalucia\">Andalusia<\/option>    <option value=\"aragon\">Arag&oacute;<\/option>    <option value=\"castilla_la_mancha\">Castella-la Manxa<\/option>    <option value=\"castilla_leon\">Castella i Lle&oacute;<\/option>    <option value=\"catalunya\">Catalunya<\/option>    <option value=\"extremadura\">Extremadura<\/option>    <option value=\"galicia\">Gal&iacute;cia<\/option>    <option value=\"la_rioja\">La Rioja<\/option>    <option value=\"madrid\">Madrid<\/option>    <option value=\"navarra\">Navarra<\/option>    <option value=\"valencia\">Val&egrave;ncia<\/option>  <\/select>  <div id=\"comunidad-autonoma-button\" class=\"flex pt-5 card-button-wrapper\"><a id=\"comunidad-autonoma-link\" href=\"#\" target=\"_blank\" class=\" button button-style-2 button-conexion\">Mostra el document<\/a><\/div><\/div>                                      <\/div>                                                                <\/div>                                                                                                    <\/div>                                        <\/div>      <\/div>            <div class=\"accordion-wrapper accordion-default\">                <div class=\"accordion-header-wrapper\">          <div class=\"accordion-header-wrapper-inner\">                                                                                <figure>                      <img decoding=\"async\" src=\"https:\/\/www.nedgia.es\/wp-content\/uploads\/2024\/10\/modelo_de_contrato.svg\" alt=\"\" loading=\"lazy\" \/>                    <\/figure>                                                                        <div class=\"accordion-header-text\">              <div class=\"accordion-header-title\">Model de contracte<\/div>                                                                      <div class=\"accordion-header-subtitle\">                        <div>Model de contracte d\u2019injecci\u00f3<\/div>                      <\/div>                                                                          <\/div>          <\/div>        <\/div>                <div class=\"accordion-body-wrapper\">                                                                                                                  <div class=\"accordion-filter-item\" data-identifier-item=\"\">                          <div class=\"accordion-content-wrapper\">                            <div class=\"accordion-content no-image\">                                                            <div class=\"accordion-col-info\">                                <div class=\"content-info-wrapper\">                          <div class=\"description \">        Consulta el model de contracte aqu\u00ed.      <\/div>              <div class=\"button-wrapper\">        <a class=\"button             button-style-2\" target=\"_blank\" href=\"https:\/\/www.nedgia.es\/wp-content\/uploads\/2025\/11\/modelo-contrato-inyeccion-solicitud-conexion-blending-h2.pdf\">    <span>Consultar contracte d&#8217;injecci&oacute;<\/span>    <svg class=\"h-4 w-2\" width=\"8\" height=\"16\" viewBox=\"0 0 8 12\" fill=\"none\" xmlns=\"http:\/\/www.w3.org\/2000\/svg\">  <path d=\"M4.97656 5.99962L0.851562 1.87462L2.0299 0.696289L7.33323 5.99962L2.0299 11.303L0.851562 10.1246L4.97656 5.99962Z\" fill=\"currentColor\"\/><\/svg><\/a>              <\/div>      <\/div>                              <\/div>                            <\/div>                          <\/div>                        <\/div>                                                                                    <\/div>      <\/div>            <div class=\"accordion-wrapper accordion-default\">                <div class=\"accordion-header-wrapper\">          <div class=\"accordion-header-wrapper-inner\">                                                                                <figure>                      <img decoding=\"async\" src=\"https:\/\/www.nedgia.es\/wp-content\/uploads\/2024\/10\/recuerda_que.svg\" alt=\"\" loading=\"lazy\" \/>                    <\/figure>                                                                        <div class=\"accordion-header-text\">              <div class=\"accordion-header-title\">Informaci\u00f3 addicional<\/div>                                                                      <div class=\"accordion-header-subtitle\">                        <div>\u00c9s important que\u2026<\/div>                      <\/div>                                                                              <div class=\"accordion-header-description\"><\/div>                          <\/div>          <\/div>        <\/div>                <div class=\"accordion-body-wrapper\">                                                                  <div class=\"accordion-wysiwyg-wrapper\">                                                                                                            <div class=\"accordion-wysiwyg-item\">                                                                        <div class=\"description\">                                        Previ a la posada en servei haur&agrave;s de disposar de la seg&uuml;ent documentaci&oacute;:<ul> \t<li>Acreditaci&oacute; d&#39;inscripci&oacute; de la planta de gasos combustibles al Registre d&#39;Instal\u00b7lacions T&egrave;cniques de Seguretat Industrial de la C.A. corresponent.<\/li> \t<li>Acreditaci&oacute; d&#39;inscripci&oacute; de la instal\u00b7laci&oacute; de baixa tensi&oacute; al Registre d&#39;Instal\u00b7lacions T&egrave;cniques de Seguretat Industrial de la C.A. corresponent.<\/li><\/ul>                                      <\/div>                                                                <\/div>                                                                                                    <\/div>                                        <\/div>      <\/div>            <\/div><\/div>                <\/div>    <\/div>                                <\/section>                                <section class=\"block-style-6 nedgia-block  wp-block-image-text\">    <div class=\"container mx-auto\">        <div class=\"image-text-wrapper \">                                  <div class=\"image-text-col-text image-text-col-2\">                                          <div class=\"content-info-wrapper\">      <div class=\"pretitle\">Assessorament personalitzat<\/div>          <h2 class=\"title\">Vols que et contactem?<\/h2>                      <div class=\"description \">        Un gestor contactar\u00e0 amb tu i et facilitar\u00e0 informaci\u00f3 sobre el proc\u00e9s i les condicions de connexi\u00f3.      <\/div>              <div class=\"button-wrapper\">        <a class=\"button             button-style-3\" href=\"https:\/\/www.nedgia.es\/ca\/connexions-i-actuacions-a-la-xarxa\/sollicituds-de-connexio-per-a-blending-dh2\/assessorament-personalitzat\/\">    <span>Contactem amb tu<\/span>    <svg class=\"h-4 w-2\" width=\"8\" height=\"16\" viewBox=\"0 0 8 12\" fill=\"none\" xmlns=\"http:\/\/www.w3.org\/2000\/svg\">  <path d=\"M4.97656 5.99962L0.851562 1.87462L2.0299 0.696289L7.33323 5.99962L2.0299 11.303L0.851562 10.1246L4.97656 5.99962Z\" fill=\"currentColor\"\/><\/svg><\/a>                    <\/div>      <\/div>                                    <\/div>                                      <div class=\"image-text-col-image image-text-col-2 image-lg image-padding-off image-h-center image-v-center\">              <figure>                <img decoding=\"async\" src=\"https:\/\/www.nedgia.es\/wp-content\/uploads\/2024\/02\/pregunta.jpg\"                    alt=\"\u00cdcono de pregunta representando dudas frecuentes\" loading=\"lazy\" \/>            <\/figure>                        <\/div>                      <\/div>    <\/div>                <\/section>                                <section class=\"block-style-3 nedgia-block  wp-block-content\">    <div class=\"container mx-auto\">        <div class=\"main-content-wrapper\">              <div class=\"content-wrapper block-layout-center  \">        <div class=\"content-title-col\">                                <h2 class=\"content-title\">Necessites m&eacute;s informaci&oacute;?<\/h2>                    <\/div>        <div class=\"content-info-col \">                      <div class=\"content-description \">                            T&#8217;informem de les diferents opcions de connexi&oacute; abans de realitzar una sol\u00b7licitud vinculant.            <\/div>                                <div class=\"button-wrapper content-button-wrapper\">                                                <a class=\"button                           button-style-1\" href=\"https:\/\/www.nedgia.es\/ca\/connexions-i-actuacions-a-la-xarxa\/sollicituds-de-connexio-per-a-blending-dh2\/informacio-previa\/\">    <span>Sol\u00b7licita-la aqu\u00ed<\/span>    <svg class=\"h-4 w-2\" width=\"8\" height=\"16\" viewBox=\"0 0 8 12\" fill=\"none\" xmlns=\"http:\/\/www.w3.org\/2000\/svg\">  <path d=\"M4.97656 5.99962L0.851562 1.87462L2.0299 0.696289L7.33323 5.99962L2.0299 11.303L0.851562 10.1246L4.97656 5.99962Z\" fill=\"currentColor\"\/><\/svg><\/a>                                                                                      <\/div>                  <\/div>      <\/div>              <\/div>    <\/div>                <\/section>                                ","protected":false},"excerpt":{"rendered":"<p><script>    var municipio_no_encontrado = \"Municipio no encontrado.\";    var direccion_no_encontrada = \"Direcci\u00f3n no encontrada. No utilices el tipo de v\u00eda como calle,<\/script><\/p>\n","protected":false},"author":3,"featured_media":0,"parent":21620,"menu_order":0,"comment_status":"closed","ping_status":"closed","template":"","meta":{"_acf_changed":false,"inline_featured_image":false,"footnotes":""},"class_list":["post-31073","page","type-page","status-publish","hentry"],"acf":[],"_links":{"self":[{"href":"https:\/\/www.nedgia.es\/ca\/wp-json\/wp\/v2\/pages\/31073","targetHints":{"allow":["GET"]}}],"collection":[{"href":"https:\/\/www.nedgia.es\/ca\/wp-json\/wp\/v2\/pages"}],"about":[{"href":"https:\/\/www.nedgia.es\/ca\/wp-json\/wp\/v2\/types\/page"}],"author":[{"embeddable":true,"href":"https:\/\/www.nedgia.es\/ca\/wp-json\/wp\/v2\/users\/3"}],"replies":[{"embeddable":true,"href":"https:\/\/www.nedgia.es\/ca\/wp-json\/wp\/v2\/comments?post=31073"}],"version-history":[{"count":9,"href":"https:\/\/www.nedgia.es\/ca\/wp-json\/wp\/v2\/pages\/31073\/revisions"}],"predecessor-version":[{"id":32478,"href":"https:\/\/www.nedgia.es\/ca\/wp-json\/wp\/v2\/pages\/31073\/revisions\/32478"}],"up":[{"embeddable":true,"href":"https:\/\/www.nedgia.es\/ca\/wp-json\/wp\/v2\/pages\/21620"}],"wp:attachment":[{"href":"https:\/\/www.nedgia.es\/ca\/wp-json\/wp\/v2\/media?parent=31073"}],"curies":[{"name":"wp","href":"https:\/\/api.w.org\/{rel}","templated":true}]}}