{"id":7022,"date":"2024-02-26T12:22:35","date_gmt":"2024-02-26T11:22:35","guid":{"rendered":"https:\/\/www.nedgia.es\/collaboradors-ofertes-ofertes-calderes-centralitzades-oferta-renovacio-sales-de-calderes-client\/"},"modified":"2025-01-16T18:42:28","modified_gmt":"2025-01-16T17:42:28","slug":"renovacio-sales-de-calderes-client","status":"publish","type":"page","link":"https:\/\/www.nedgia.es\/ca\/col%c2%b7laboradors\/ofertes-calderes-centralitzades\/renovacio-sales-de-calderes-client\/","title":{"rendered":"Col\u00b7laboradors &#8211; Ofertes &#8211; Ofertes calderes centralitzades &#8211; Oferta renovaci\u00f3 sales de calderes client"},"content":{"rendered":"<script>    var municipio_no_encontrado = \"Municipio no encontrado.\";    var direccion_no_encontrada = \"Direcci\u00f3n no encontrada. No utilices el tipo de v\u00eda como calle, avenida etc. y revisa que est\u00e1 bien escrito.\";        var piso_no_encontrado = \"Piso no encontrado.\";    var campo_obligatorio = \"Campo obligatorio.\";    var email_incorrecto = \"El campo deber\u00eda ser direccion@dominio.es\";    var formato_incorrecto = \"Formato incorrecto\";    var seleccionar_condiciones = \"Debe seleccionar las condiciones legales.\";    var formato_dni = \"El campo deber\u00eda tener el siguiente formato: 12345678Z o Y8237411K\";    var emails_no_coinciden = \"Los emails no coinciden.\";    var telefono_caracteres = \"El tel\u00e9fono debe tener 9 caracteres.\";    var campo_incorrecto = \"Campo incorrecto\";    var escalera = \"Escalera\";    var bloque = \"Bloque\";    var piso = \"Piso\";    var puerta = \"Puerta\";    var NoZonaNedgia = \"Lo sentimos pero tu domicilio no est\u00e1 en la zona donde Nedgia\u00a0 distribuye gas natural. Encuentra la Empresa Distribuidora que te corresponde en el siguiente \";        var link =  \"link\";    var aqui =  \"aqu\u00ed\";    var FincaNoInmuebleCertificadoNo_1 = \"Nos consta que ya tienes gas natural en tu finca. Ahora el siguiente paso ser\u00e1 realizar la instalaci\u00f3n en tu vivienda, contactando con un instalador autorizado. Te explicamos como hacerlo \";    var FincaNoInmuebleCertificadoNo_2 = \"Si la informaci\u00f3n de nuestro sistema no la consideras correcta, ll\u00e1manos al 900 100 252.\";    var FincaEInmueble_1 = \"Nos consta que ya dispones de suministro de gas natural en tu domicilio.\";    var FincaEInmueble_2 = \"Si la informaci\u00f3n de nuestro sistema no la consideras correcta, ll\u00e1manos al 900 100 252.\";        var FincaNoInmuebleCertificadoSi_1 = \"Nos consta que ya tienes la instalaci\u00f3n de gas natural en tu domicilio realizada. Ahora solo te falta gestionar el contrato de gas natural con una empresa comercializadora. Te explicamos como hacerlo. \";    var FincaNoInmuebleCertificadoSi_2 = \"Si la informaci\u00f3n de nuestro sistema no la consideras correcta, ll\u00e1manos al 900 100 252.\";    var SelecNum = \"Selec. Num.\";    var SelecBloqueEscalera = \"Selec. Bloque Escalera Piso Puerta\";    var NumeroPiso = \"N\u00famero\";    var BloqueEscaleraPisoPuerta = \"Bloque Escalera Piso Puerta\";<\/script><script>    var municipio_no_encontrado = \"Municipio no encontrado.\";    var direccion_no_encontrada = \"Direcci\u00f3n no encontrada. No utilices el tipo de v\u00eda como calle, avenida etc. y revisa que est\u00e1 bien escrito.\";    var piso_no_encontrado = \"Piso no encontrado.\";    var campo_obligatorio = \"Campo obligatorio.\";    var email_incorrecto = \"El campo deber\u00eda ser direccion@dominio.es\";    var formato_incorrecto = \"Formato incorrecto\";    var seleccionar_politica_privacidad = \"Debe seleccionar los t\u00e9rminos y condiciones.\";    var seleccionar_condiciones = \"Debe seleccionar las condiciones legales.\";    var formato_dni = \"El campo deber\u00eda tener el siguiente formato: 12345678Z o Y8237411K\";    var emails_no_coinciden = \"Los emails no coinciden.\";    var telefono_caracteres = \"El tel\u00e9fono debe tener 9 caracteres.\";    var campo_incorrecto = \"Campo incorrecto\";    var escalera = \"Escalera\";    var bloque = \"Bloque\";    var piso = \"Piso\";    var puerta = \"Puerta\";    var NoZonaNedgia = \"Lo sentimos pero tu domicilio no est\u00e1 en la zona donde Nedgia\u00a0 distribuye gas natural. Encuentra la Empresa Distribuidora que te corresponde en el siguiente \";    var link = \"link\";    var aqui = \"aqu\u00ed\";    var FincaNoInmuebleCertificadoNo_1 = \"Nos consta que ya tienes gas natural en tu finca. Ahora el siguiente paso ser\u00e1 realizar la instalaci\u00f3n en tu vivienda, contactando con un instalador autorizado. Te explicamos como hacerlo \";    var FincaNoInmuebleCertificadoNo_2 = \"Si la informaci\u00f3n de nuestro sistema no la consideras correcta, ll\u00e1manos al 900 100 252.\";    var FincaEInmueble_1 = \"Nos consta que ya dispones de suministro de gas natural en tu domicilio.\";    var FincaEInmueble_2 = \"Si la informaci\u00f3n de nuestro sistema no la consideras correcta, ll\u00e1manos al 900 100 252.\";    var FincaNoInmuebleCertificadoSi_1 = \"Nos consta que ya tienes la instalaci\u00f3n de gas natural en tu domicilio realizada. Ahora solo te falta gestionar el contrato de gas natural con una empresa comercializadora. Te explicamos como hacerlo. \";    var FincaNoInmuebleCertificadoSi_2 = \"Si la informaci\u00f3n de nuestro sistema no la consideras correcta, ll\u00e1manos al 900 100 252.\";    var SelecNum = \"Selec. Num.\";    var SelecBloqueEscalera = \"Selec. Bloque Escalera Piso Puerta\";    var NumeroPiso = \"N\u00famero\";    var BloqueEscaleraPisoPuerta = \"Bloque Escalera Piso Puerta\";<\/script><section class=\"block-style-3 nedgia-block  wp-block-hero\">    <div class=\"container mx-auto\">        <div class=\"hero-slider swiper\">      <input class=\"sliderAutoplay\" type=\"hidden\" name=\"sliderAutoplay\" value=\"\">      <input class=\"sliderTime\" type=\"hidden\" name=\"sliderTime\" value=\"\">      <input class=\"sliderLoop\" type=\"hidden\" name=\"sliderLoop\" value=\"\">      <div class=\"swiper-wrapper\">          <!-- Slides -->                                    <div class=\"swiper-slide\">                <div class=\"hero-slide-wrapper\">                  <div class=\"hero-content\">                    <div>                      <div class=\"hero-pretitle\">General<\/div>                                            <div class=\"hero-description\">Oferta al client<\/div>                                                                                                                  <div class=\"button-wrapper hero-button-wrapper\">                                                                      <\/div>                    <\/div>                  <\/div>                  <div class=\"hero-image\">                    <div class=\"link-wrapper\">                                          <\/div>                    <figure class=\"hero-cover-image\">                        <img decoding=\"async\" src=\"https:\/\/www.nedgia.es\/wp-content\/uploads\/2024\/02\/ofertas-gas-natural2.jpg\"                            alt=\"Ofertas y promociones en gas natural\" loading=\"lazy\" \/>                    <\/figure>                                                          <\/div>                                  <\/div>              <\/div>                            <\/div>      <div class=\"hero-swiper-navigation-wrapper\">        <div class=\"hero-swiper-button-wrapper\">          <div class=\"swiper-button-prev\"><span>&nbsp;<\/span><\/div>          <div class=\"swiper-button-next\"><span>&nbsp;<\/span><\/div>        <\/div>        <div class=\"hero-swiper-pagination-wrapper\">          <div class=\"swiper-pagination swiper-pagination-hero\"><\/div>        <\/div>      <\/div>  <\/div>    <\/div>                <\/section>                                <section class=\"block-style-5 nedgia-block  wp-block-content\">    <div class=\"container mx-auto\">        <div class=\"main-content-wrapper\">              <div class=\"content-wrapper block-layout-center  \">        <div class=\"content-title-col\">          <div class=\"content-pretitle\">Posem a la teva disposici\u00f3 i a la dels teus clients l\u2019oferta seg\u00fcent per renovar les sales de calderes de les comunitats de propietaris<\/div>                      <h2 class=\"content-title\">Oferta v\u00e0lida fins al 30\/06\/2023<\/h2>                    <\/div>        <div class=\"content-info-col offset-info\">                            <\/div>      <\/div>              <\/div>    <\/div>                <\/section>                                <section class=\"block-style-6 nedgia-block  wp-block-image-text\">    <div class=\"container mx-auto\">        <div class=\"image-text-wrapper \">                                  <div class=\"image-text-col-text image-text-col-2\">                                          <div class=\"content-info-wrapper\">      <div class=\"pretitle\">Passa a una energia m\u00e9s neta i econ\u00f2mica, #Avui\u00c9sPossibleAmbGas<\/div>          <p class=\"title\">Informa\u2019t de les ajudes trucant al:900 500 404<\/p>                <\/div>                                    <\/div>                                      <div class=\"image-text-col-image image-text-col-2 image-lg image-padding-off image-h-center image-v-center\">              <figure>                <img decoding=\"async\" src=\"https:\/\/www.nedgia.es\/wp-content\/uploads\/2024\/02\/informate.jpg\"                    alt=\"Informaci\u00f3n clave sobre el gas natural y su uso\" loading=\"lazy\" \/>            <\/figure>                        <\/div>                      <\/div>    <\/div>                <\/section>                                <section class=\"block-style-3 nedgia-block block-type-numbers  wp-block-content\">    <div class=\"container mx-auto\">        <div class=\"main-content-wrapper\">              <div class=\"content-wrapper block-layout-column content-wrapper-pb-0 \">        <div class=\"content-title-col\">                                <h2 class=\"content-title\">Condicions de l\u2019oferta<\/h2>                    <\/div>        <div class=\"content-info-col \">                            <\/div>      <\/div>                              <div class=\"numbers-content-wrapper\">                                                                              <div class=\"numbers-horizontal-wrapper\">                  <div class=\"numbers-horizontal-number-col numbers-size-large\"><div>01<\/div><\/div>                  <div class=\"numbers-horizontal-text-col\"><div class=\"content-info-wrapper\">                <p class=\"title\">L\u2019oferta s\u2019adre\u00e7a a comunitats de propietaris<\/p>                      <div class=\"description \">        La posada en servei de les instal\u00b7lacions individuals de gas, propietat dels consumidors, connectats a les xarxes de distribuci\u00f3, a petici\u00f3 de la seva comercialitzadora.      <\/div>              <div class=\"button-wrapper\">        <a class=\"button             button-style-1\" href=\"https:\/\/www.nedgia.es\/ca\/col%c2%b7laboradors\/ofertes-calderes-centralitzades\/renovacio-sales-de-calderes-client\/documentacio\/\">    <span>Condicions econ\u00f2miques<\/span>    <svg class=\"h-4 w-2\" width=\"8\" height=\"16\" viewBox=\"0 0 8 12\" fill=\"none\" xmlns=\"http:\/\/www.w3.org\/2000\/svg\">  <path d=\"M4.97656 5.99962L0.851562 1.87462L2.0299 0.696289L7.33323 5.99962L2.0299 11.303L0.851562 10.1246L4.97656 5.99962Z\" fill=\"currentColor\"\/><\/svg><\/a>              <\/div>      <\/div><\/div>                <\/div>                                              <div class=\"numbers-horizontal-wrapper content-left\">                  <div class=\"numbers-horizontal-number-col numbers-size-large\"><div>02<\/div><\/div>                  <div class=\"numbers-horizontal-text-col\"><div class=\"content-info-wrapper\">                <p class=\"title\">Com pot accedir a l\u2019oferta, la comunitat?<\/p>                      <div class=\"description \">        La posada en servei de les instal\u00b7lacions individuals de gas, propietat dels consumidors, connectats a les xarxes de distribuci\u00f3, a petici\u00f3 de la seva comercialitzadora.      <\/div>          <\/div><\/div>                <\/div>                                              <div class=\"numbers-horizontal-wrapper\">                  <div class=\"numbers-horizontal-number-col numbers-size-large\"><div>03<\/div><\/div>                  <div class=\"numbers-horizontal-text-col\"><div class=\"content-info-wrapper\">                <p class=\"title\">Com se sol\u00b7licita l\u2019oferta?<\/p>                      <div class=\"description \">        La posada en servei de les instal\u00b7lacions individuals de gas, propietat dels consumidors, connectats a les xarxes de distribuci\u00f3, a petici\u00f3 de la seva comercialitzadora.      <\/div>              <div class=\"button-wrapper\">        <a class=\"button             button-style-1\" target=\"_blank\" href=\"https:\/\/oficinavirtual.nedgia.es\/\">    <span>\u00c0rea privada de col\u00b7laboradors<\/span>    <svg class=\"h-4 w-2\" width=\"8\" height=\"16\" viewBox=\"0 0 8 12\" fill=\"none\" xmlns=\"http:\/\/www.w3.org\/2000\/svg\">  <path d=\"M4.97656 5.99962L0.851562 1.87462L2.0299 0.696289L7.33323 5.99962L2.0299 11.303L0.851562 10.1246L4.97656 5.99962Z\" fill=\"currentColor\"\/><\/svg><\/a>              <\/div>      <\/div><\/div>                <\/div>                                        <\/div>                <\/div>    <\/div>                <\/section>                                <section class=\"block-style-5 nedgia-block block-type-cards  wp-block-content\">    <div class=\"container mx-auto\">        <div class=\"main-content-wrapper\">              <div class=\"content-wrapper block-layout-column content-wrapper-pb-0 \">        <div class=\"content-title-col\">                                <p class=\"content-title\">Documentaci\u00f3 oferta de renovaci\u00f3 de sales de calderes<\/p>                    <\/div>        <div class=\"content-info-col \">                      <div class=\"content-description \">                            Descarrega el document de condicions econ\u00f2miques de l\u2019oferta per a comunitats de ve\u00efns.            <\/div>                            <\/div>      <\/div>                              <div class=\"cards-content-wrapper cards-style-1\">  <div class=\"cards-slider cards-slider-3 swiper\">    <input class=\"itemCols\" type=\"hidden\" name=\"itemCols\" value=\"4\">    <input class=\"itemRows\" type=\"hidden\" name=\"itemRows\" value=\"1\">    <input class=\"itemGap\" type=\"hidden\" name=\"itemGap\" value=\"25\">    <div class=\"swiper-wrapper manual-wrapper\">      <!-- Slides -->                                              <\/div>    <div class=\"swiper-navigation-wrapper\">  <div class=\"swiper-button-wrapper\">    <div class=\"swiper-button-prev\"><span>&nbsp;<\/span><\/div>    <div class=\"swiper-button-next\"><span>&nbsp;<\/span><\/div>  <\/div>  <div class=\"swiper-pagination-wrapper\">    <div class=\"swiper-pagination\"><\/div>  <\/div><\/div>  <\/div>      <div class=\"button-wrapper footer-button-wrapper\">        <a class=\"button             button-style-2\" href=\"https:\/\/www.nedgia.es\/ca\/col%c2%b7laboradors\/ofertes-calderes-centralitzades\/renovacio-sales-de-calderes-client\/documentacio\/\">    <span>Documentaci\u00f3<\/span>    <svg class=\"h-4 w-2\" width=\"8\" height=\"16\" viewBox=\"0 0 8 12\" fill=\"none\" xmlns=\"http:\/\/www.w3.org\/2000\/svg\">  <path d=\"M4.97656 5.99962L0.851562 1.87462L2.0299 0.696289L7.33323 5.99962L2.0299 11.303L0.851562 10.1246L4.97656 5.99962Z\" fill=\"currentColor\"\/><\/svg><\/a>      <\/div>  <\/div>                <\/div>    <\/div>                <\/section>                                <section class=\"block-style-3 nedgia-block block-type-cards  wp-block-content\">    <div class=\"container mx-auto\">        <div class=\"main-content-wrapper\">              <div class=\"content-wrapper block-layout-center content-wrapper-pb-0 \">        <div class=\"content-title-col\">                                <p class=\"content-title\">Avantatges de la renovaci\u00f3 de la sala de calderes<\/p>                    <\/div>        <div class=\"content-info-col \">                      <div class=\"content-description \">                            Permet disposar d\u2019unes instal\u00b7lacions de calefacci\u00f3 i\/o aigua calenta m\u00e9s econ\u00f2miques, eficients, modernes i segures, a m\u00e9s d\u2019emprar una energia neta que cuida l\u2019aire que respirem.            <\/div>                            <\/div>      <\/div>                              <div class=\"cards-content-wrapper cards-style-1\">  <div class=\"cards-slider cards-slider-3 swiper\">    <input class=\"itemCols\" type=\"hidden\" name=\"itemCols\" value=\"4\">    <input class=\"itemRows\" type=\"hidden\" name=\"itemRows\" value=\"1\">    <input class=\"itemGap\" type=\"hidden\" name=\"itemGap\" value=\"25\">    <div class=\"swiper-wrapper manual-wrapper\">      <!-- Slides -->                                                              <div class=\"swiper-slide cards-type-icon-slide\">\t    <div class=\"card-slide-wrapper cards-type-icon-wrapper\" data-ccaa=\"\">      <div class=\"card-content\">        <div>          <div class=\"card-top-info\">                                                                        <figure class=\"card-icon\">                          <img decoding=\"async\" src=\"https:\/\/www.nedgia.es\/wp-content\/uploads\/2024\/02\/Documentacion-carpera-Ovalo.svg\" alt=\"\u00cdcono de documentaci\u00f3n en formato carpeta de Nedgia\" loading=\"lazy\" \/>                        <\/figure>                                                                  <\/div>          <div class=\"card-bottom-info \">                          <p class=\"card-title\">M\u00e0xim rendiment de l\u2019energia<\/p>                                        <div class=\"card-description \">                                Les calderes de gas natural poden aprofitar al m\u00e0xim l\u2019escalfor dels productes de combusti\u00f3.              <\/div>                                  <\/div>        <\/div>      <\/div>    <\/div>  <\/div>                                  <div class=\"swiper-slide cards-type-icon-slide\">\t    <div class=\"card-slide-wrapper cards-type-icon-wrapper\" data-ccaa=\"\">      <div class=\"card-content\">        <div>          <div class=\"card-top-info\">                                                                        <figure class=\"card-icon\">                          <img decoding=\"async\" src=\"https:\/\/www.nedgia.es\/wp-content\/uploads\/2024\/02\/Dinero-Ovalo-1.svg\" alt=\"\" loading=\"lazy\" \/>                        <\/figure>                                                                  <\/div>          <div class=\"card-bottom-info \">                          <p class=\"card-title\">Aven\u00e7 tecnol\u00f2gic<\/p>                                        <div class=\"card-description \">                                Els darrers anys, els aven\u00e7os tecnol\u00f2gics en regulaci\u00f3 i confort han ajudat a millorar l\u2019efici\u00e8ncia energ\u00e8tica a les sales de calderes.              <\/div>                                  <\/div>        <\/div>      <\/div>    <\/div>  <\/div>                                  <div class=\"swiper-slide cards-type-icon-slide\">\t    <div class=\"card-slide-wrapper cards-type-icon-wrapper\" data-ccaa=\"\">      <div class=\"card-content\">        <div>          <div class=\"card-top-info\">                                                                        <figure class=\"card-icon\">                          <img decoding=\"async\" src=\"https:\/\/www.nedgia.es\/wp-content\/uploads\/2024\/02\/Tiempo-Ovalo.svg\" alt=\"\" loading=\"lazy\" \/>                        <\/figure>                                                                  <\/div>          <div class=\"card-bottom-info \">                          <p class=\"card-title\">Accedeix\u00a0al millor preu del gas natural<\/p>                                        <div class=\"card-description \">                                Tria lliurement la comercialitzadora que s\u2019adapti millor a les teves necessitats, ja que el sector del gas natural est\u00e0 totalment liberalitzat.              <\/div>                                  <\/div>        <\/div>      <\/div>    <\/div>  <\/div>                                  <div class=\"swiper-slide cards-type-icon-slide\">\t    <div class=\"card-slide-wrapper cards-type-icon-wrapper\" data-ccaa=\"\">      <div class=\"card-content\">        <div>          <div class=\"card-top-info\">                                                                        <figure class=\"card-icon\">                          <img decoding=\"async\" src=\"https:\/\/www.nedgia.es\/wp-content\/uploads\/2024\/02\/Luz-Ovalo.svg\" alt=\"\" loading=\"lazy\" \/>                        <\/figure>                                                                  <\/div>          <div class=\"card-bottom-info \">                          <p class=\"card-title\">Costos de manteniment inferiors<\/p>                                        <div class=\"card-description \">                                Com que no hi calen dip\u00f2sits d\u2019emmagatzematge ni complexos mecanismes de c\u00e0rrega del combustible, les sales de calderes de gas natural s\u00f3n m\u00e9s econ\u00f2miques i senzilles de mantenir.              <\/div>                                  <\/div>        <\/div>      <\/div>    <\/div>  <\/div>                                                <\/div>    <div class=\"swiper-navigation-wrapper\">  <div class=\"swiper-button-wrapper\">    <div class=\"swiper-button-prev\"><span>&nbsp;<\/span><\/div>    <div class=\"swiper-button-next\"><span>&nbsp;<\/span><\/div>  <\/div>  <div class=\"swiper-pagination-wrapper\">    <div class=\"swiper-pagination\"><\/div>  <\/div><\/div>  <\/div>  <\/div>                <\/div>    <\/div>                <\/section>                                <section class=\"block-style-1 nedgia-block  wp-block-image-text\">    <div class=\"container mx-auto\">        <div class=\"image-text-wrapper \">                                    <div class=\"image-text-col-image image-text-col-2 image-lg image-padding-off image-h-center image-v-center\">              <figure>                <img decoding=\"async\" src=\"https:\/\/www.nedgia.es\/wp-content\/uploads\/2024\/02\/nuestros-compromisos.png\"                    alt=\"\" loading=\"lazy\" \/>            <\/figure>                        <\/div>                                    <div class=\"image-text-col-text image-text-col-2\">                                          <div class=\"content-info-wrapper\">                <p class=\"title\">Renovaci\u00f3 sala de calderes<\/p>                      <div class=\"description \">        El gas\u00a0natural\u00a0\u00e9s una\u00a0opci\u00f3 energ\u00e8tica que cuida el nostre\u00a0entorn\u00a0i la nostra\u00a0salut. La renovaci\u00f3 de sales de calderes d\u2019altres energies a gas natural contribueix a cuidar l\u2019entorn i t\u00e9 cura de la qualitat de l\u2019aire.      <\/div>          <\/div>                                    <\/div>                      <\/div>    <\/div>                <\/section>                                ","protected":false},"excerpt":{"rendered":"<p><script>    var municipio_no_encontrado = \"Municipio no encontrado.\";    var direccion_no_encontrada = \"Direcci\u00f3n no encontrada. No utilices el tipo de v\u00eda como calle,<\/script><\/p>\n","protected":false},"author":6,"featured_media":0,"parent":9729,"menu_order":0,"comment_status":"closed","ping_status":"closed","template":"","meta":{"_acf_changed":false,"inline_featured_image":false,"footnotes":""},"class_list":["post-7022","page","type-page","status-publish","hentry"],"acf":[],"_links":{"self":[{"href":"https:\/\/www.nedgia.es\/ca\/wp-json\/wp\/v2\/pages\/7022","targetHints":{"allow":["GET"]}}],"collection":[{"href":"https:\/\/www.nedgia.es\/ca\/wp-json\/wp\/v2\/pages"}],"about":[{"href":"https:\/\/www.nedgia.es\/ca\/wp-json\/wp\/v2\/types\/page"}],"author":[{"embeddable":true,"href":"https:\/\/www.nedgia.es\/ca\/wp-json\/wp\/v2\/users\/6"}],"replies":[{"embeddable":true,"href":"https:\/\/www.nedgia.es\/ca\/wp-json\/wp\/v2\/comments?post=7022"}],"version-history":[{"count":2,"href":"https:\/\/www.nedgia.es\/ca\/wp-json\/wp\/v2\/pages\/7022\/revisions"}],"predecessor-version":[{"id":11287,"href":"https:\/\/www.nedgia.es\/ca\/wp-json\/wp\/v2\/pages\/7022\/revisions\/11287"}],"up":[{"embeddable":true,"href":"https:\/\/www.nedgia.es\/ca\/wp-json\/wp\/v2\/pages\/9729"}],"wp:attachment":[{"href":"https:\/\/www.nedgia.es\/ca\/wp-json\/wp\/v2\/media?parent=7022"}],"curies":[{"name":"wp","href":"https:\/\/api.w.org\/{rel}","templated":true}]}}