{"id":9449,"date":"2024-02-23T08:14:07","date_gmt":"2024-02-23T07:14:07","guid":{"rendered":"https:\/\/www.nedgia.es\/clients\/clients-identifica-el-nostre-personal\/"},"modified":"2026-03-14T15:44:40","modified_gmt":"2026-03-14T14:44:40","slug":"identifica-el-nostre-personal","status":"publish","type":"page","link":"https:\/\/www.nedgia.es\/ca\/clients\/identifica-el-nostre-personal\/","title":{"rendered":"Clients &#8211; Identifica el nostre personal"},"content":{"rendered":"<script>    var municipio_no_encontrado = \"Municipio no encontrado.\";    var direccion_no_encontrada = \"Direcci\u00f3n no encontrada. No utilices el tipo de v\u00eda como calle, avenida etc. y revisa que est\u00e1 bien escrito.\";        var piso_no_encontrado = \"Piso no encontrado.\";    var campo_obligatorio = \"Campo obligatorio.\";    var email_incorrecto = \"El campo deber\u00eda ser direccion@dominio.es\";    var formato_incorrecto = \"Formato incorrecto\";    var seleccionar_condiciones = \"Debe seleccionar las condiciones legales.\";    var formato_dni = \"El campo deber\u00eda tener el siguiente formato: 12345678Z o Y8237411K\";    var emails_no_coinciden = \"Los emails no coinciden.\";    var telefono_caracteres = \"El tel\u00e9fono debe tener 9 caracteres.\";    var campo_incorrecto = \"Campo incorrecto\";    var escalera = \"Escalera\";    var bloque = \"Bloque\";    var piso = \"Piso\";    var puerta = \"Puerta\";    var NoZonaNedgia = \"Lo sentimos pero tu domicilio no est\u00e1 en la zona donde Nedgia\u00a0 distribuye gas natural. Encuentra la Empresa Distribuidora que te corresponde en el siguiente \";        var link =  \"link\";    var aqui =  \"aqu\u00ed\";    var FincaNoInmuebleCertificadoNo_1 = \"Nos consta que ya tienes gas natural en tu finca. Ahora el siguiente paso ser\u00e1 realizar la instalaci\u00f3n en tu vivienda, contactando con un instalador autorizado. Te explicamos como hacerlo \";    var FincaNoInmuebleCertificadoNo_2 = \"Si la informaci\u00f3n de nuestro sistema no la consideras correcta, ll\u00e1manos al 900 100 252.\";    var FincaEInmueble_1 = \"Nos consta que ya dispones de suministro de gas natural en tu domicilio.\";    var FincaEInmueble_2 = \"Si la informaci\u00f3n de nuestro sistema no la consideras correcta, ll\u00e1manos al 900 100 252.\";        var FincaNoInmuebleCertificadoSi_1 = \"Nos consta que ya tienes la instalaci\u00f3n de gas natural en tu domicilio realizada. Ahora solo te falta gestionar el contrato de gas natural con una empresa comercializadora. Te explicamos como hacerlo. \";    var FincaNoInmuebleCertificadoSi_2 = \"Si la informaci\u00f3n de nuestro sistema no la consideras correcta, ll\u00e1manos al 900 100 252.\";    var SelecNum = \"Selec. Num.\";    var SelecBloqueEscalera = \"Selec. Bloque Escalera Piso Puerta\";    var NumeroPiso = \"N\u00famero\";    var BloqueEscaleraPisoPuerta = \"Bloque Escalera Piso Puerta\";<\/script><script>    var municipio_no_encontrado = \"Municipio no encontrado.\";    var direccion_no_encontrada = \"Direcci\u00f3n no encontrada. No utilices el tipo de v\u00eda como calle, avenida etc. y revisa que est\u00e1 bien escrito.\";    var piso_no_encontrado = \"Piso no encontrado.\";    var campo_obligatorio = \"Campo obligatorio.\";    var email_incorrecto = \"El campo deber\u00eda ser direccion@dominio.es\";    var formato_incorrecto = \"Formato incorrecto\";    var seleccionar_politica_privacidad = \"Debe seleccionar los t\u00e9rminos y condiciones.\";    var seleccionar_condiciones = \"Debe seleccionar las condiciones legales.\";    var formato_dni = \"El campo deber\u00eda tener el siguiente formato: 12345678Z o Y8237411K\";    var emails_no_coinciden = \"Los emails no coinciden.\";    var telefono_caracteres = \"El tel\u00e9fono debe tener 9 caracteres.\";    var campo_incorrecto = \"Campo incorrecto\";    var escalera = \"Escalera\";    var bloque = \"Bloque\";    var piso = \"Piso\";    var puerta = \"Puerta\";    var NoZonaNedgia = \"Lo sentimos pero tu domicilio no est\u00e1 en la zona donde Nedgia\u00a0 distribuye gas natural. Encuentra la Empresa Distribuidora que te corresponde en el siguiente \";    var link = \"link\";    var aqui = \"aqu\u00ed\";    var FincaNoInmuebleCertificadoNo_1 = \"Nos consta que ya tienes gas natural en tu finca. Ahora el siguiente paso ser\u00e1 realizar la instalaci\u00f3n en tu vivienda, contactando con un instalador autorizado. Te explicamos como hacerlo \";    var FincaNoInmuebleCertificadoNo_2 = \"Si la informaci\u00f3n de nuestro sistema no la consideras correcta, ll\u00e1manos al 900 100 252.\";    var FincaEInmueble_1 = \"Nos consta que ya dispones de suministro de gas natural en tu domicilio.\";    var FincaEInmueble_2 = \"Si la informaci\u00f3n de nuestro sistema no la consideras correcta, ll\u00e1manos al 900 100 252.\";    var FincaNoInmuebleCertificadoSi_1 = \"Nos consta que ya tienes la instalaci\u00f3n de gas natural en tu domicilio realizada. Ahora solo te falta gestionar el contrato de gas natural con una empresa comercializadora. Te explicamos como hacerlo. \";    var FincaNoInmuebleCertificadoSi_2 = \"Si la informaci\u00f3n de nuestro sistema no la consideras correcta, ll\u00e1manos al 900 100 252.\";    var SelecNum = \"Selec. Num.\";    var SelecBloqueEscalera = \"Selec. Bloque Escalera Piso Puerta\";    var NumeroPiso = \"N\u00famero\";    var BloqueEscaleraPisoPuerta = \"Bloque Escalera Piso Puerta\";<\/script><section class=\"block-style-1 nedgia-block  wp-block-hero\">    <div class=\"container mx-auto\">        <div class=\"hero-slider swiper\">      <input class=\"sliderAutoplay\" type=\"hidden\" name=\"sliderAutoplay\" value=\"\">      <input class=\"sliderTime\" type=\"hidden\" name=\"sliderTime\" value=\"\">      <input class=\"sliderLoop\" type=\"hidden\" name=\"sliderLoop\" value=\"\">      <div class=\"swiper-wrapper\">          <!-- Slides -->                                    <div class=\"swiper-slide\">                <div class=\"hero-slide-wrapper\">                  <div class=\"hero-content\">                    <div>                                                                    <h1 class=\"hero-title title-lg\">Identifica el nostre personal<\/h1>                                              <div class=\"hero-description\">T\u2019ajudem a identificar el personal de Nedgia o de l\u2019empresa acreditada.<\/div>                                                                                                                  <div class=\"button-wrapper hero-button-wrapper\">                                                                      <\/div>                    <\/div>                  <\/div>                  <div class=\"hero-image\">                    <div class=\"link-wrapper\">                                          <\/div>                    <figure class=\"hero-cover-image\">                        <img decoding=\"async\" src=\"https:\/\/www.nedgia.es\/wp-content\/uploads\/2024\/02\/hero-identifica-a-nustro-personal.jpg\"                            alt=\"Gu\u00eda para identificar al personal de Nedgia\" loading=\"lazy\" \/>                    <\/figure>                                                          <\/div>                                  <\/div>              <\/div>                            <\/div>      <div class=\"hero-swiper-navigation-wrapper\">        <div class=\"hero-swiper-button-wrapper\">          <div class=\"swiper-button-prev\"><span>&nbsp;<\/span><\/div>          <div class=\"swiper-button-next\"><span>&nbsp;<\/span><\/div>        <\/div>        <div class=\"hero-swiper-pagination-wrapper\">          <div class=\"swiper-pagination swiper-pagination-hero\"><\/div>        <\/div>      <\/div>  <\/div>    <\/div>                <\/section>                                <section class=\"block-style-2 nedgia-block block-type-cards  wp-block-content\">    <div class=\"container mx-auto\">        <div class=\"main-content-wrapper\">              <div class=\"content-wrapper block-layout-center content-wrapper-pb-0 \">        <div class=\"content-title-col\">                                <h2 class=\"content-title\">Recorda que: El nostre personal no et cobrar\u00e0 mai. El cost del servei es carregar\u00e0 a la factura que peri\u00f2dicament t&#8217;envia la teva comercialitzadora.<\/h2>                    <\/div>        <div class=\"content-info-col \">                            <\/div>      <\/div>                              <div class=\"cards-content-wrapper cards-style-1\">  <div class=\"cards-slider cards-slider-3 swiper\">    <input class=\"itemCols\" type=\"hidden\" name=\"itemCols\" value=\"2\">    <input class=\"itemRows\" type=\"hidden\" name=\"itemRows\" value=\"2\">    <input class=\"itemGap\" type=\"hidden\" name=\"itemGap\" value=\"25\">    <div class=\"swiper-wrapper manual-wrapper\">      <!-- Slides -->                                                              <div class=\"swiper-slide cards-type-image-slide\">\t    <div class=\"card-slide-wrapper cards-type-image-wrapper\" data-ccaa=\"\">      <div class=\"card-content\">        <div>          <div class=\"card-top-info\">                                                                        <figure class=\"card-image\">                          <img decoding=\"async\" src=\"https:\/\/www.nedgia.es\/wp-content\/uploads\/2024\/02\/solicitar-acrediacion.jpg\" alt=\"Proceso para solicitar acreditaci\u00f3n en Nedgia\" loading=\"lazy\" \/>                        <\/figure>                                                                  <\/div>          <div class=\"card-bottom-info \">                          <h3 class=\"card-title\">Sol\u00b7licitar l&#8217;acreditaci\u00f3<\/h3>                                        <div class=\"card-description \">                                El personal de Nedgia o de l\u2019empresa acreditada que dugui a terme la inspecci\u00f3 peri\u00f2dica, la lectura de comptador o l\u2019atenci\u00f3 d\u2019una urg\u00e8ncia relacionada amb la infraestructura de gas natural, ha d\u2019anar sempre degudament identificat amb la targeta d\u2019acreditaci\u00f3 de Nedgia.              <\/div>                                  <\/div>        <\/div>      <\/div>    <\/div>  <\/div>                                  <div class=\"swiper-slide cards-type-image-slide\">\t    <div class=\"card-slide-wrapper cards-type-image-wrapper\" data-ccaa=\"\">      <div class=\"card-content\">        <div>          <div class=\"card-top-info\">                                                                        <figure class=\"card-image\">                          <img decoding=\"async\" src=\"https:\/\/www.nedgia.es\/wp-content\/uploads\/2024\/02\/comprobar-que-su-uniforme.jpg\" alt=\"Verificaci\u00f3n de uniformes del personal t\u00e9cnico\" loading=\"lazy\" \/>                        <\/figure>                                                                  <\/div>          <div class=\"card-bottom-info \">                          <h3 class=\"card-title\">Comprovar que el seu uniforme t\u00e9 el logotip de Nedgia o de l&#8217;empresa acreditada<\/h3>                                        <div class=\"card-description \">                                El personal que t&#8217;at\u00e9n ha d&#8217;anar sempre amb la indument\u00e0ria adequada que l&#8217;identifiqui a Nedgia o a l&#8217;empresa acreditada a aquest efecte en el cas de les inspeccions peri\u00f2diques, atenci\u00f3 d&#8217;urg\u00e8ncies, lectura del comptador, etc.              <\/div>                                  <\/div>        <\/div>      <\/div>    <\/div>  <\/div>                                  <div class=\"swiper-slide cards-type-image-slide\">\t    <div class=\"card-slide-wrapper cards-type-image-wrapper\" data-ccaa=\"\">      <div class=\"card-content\">        <div>          <div class=\"card-top-info\">                                                                        <figure class=\"card-image\">                          <img decoding=\"async\" src=\"https:\/\/www.nedgia.es\/wp-content\/uploads\/2024\/02\/proceso-de-inspeccion.jpg\" alt=\"Etapas del proceso de inspecci\u00f3n de gas natural\" loading=\"lazy\" \/>                        <\/figure>                                                                  <\/div>          <div class=\"card-bottom-info \">                          <h3 class=\"card-title\">Proc\u00e9s d&#8217;inspecci\u00f3 peri\u00f2dica, lectura del comptador o atenci\u00f3 de la urg\u00e8ncia<\/h3>                                        <div class=\"card-description \">                                Despr\u00e9s de comprovar els dos punts anteriors, el personal de Nedgia o de l&#8217;empresa acreditada a aquest efecte en el cas de les inspeccions peri\u00f2diques o lectures de comptador dur\u00e0 a terme la missi\u00f3 que tingui encomanada amb la m\u00e0xima celeritat i garantia.              <\/div>                                  <\/div>        <\/div>      <\/div>    <\/div>  <\/div>                                  <div class=\"swiper-slide cards-type-image-slide\">\t    <div class=\"card-slide-wrapper cards-type-image-wrapper\" data-ccaa=\"\">      <div class=\"card-content\">        <div>          <div class=\"card-top-info\">                                                                        <figure class=\"card-image\">                          <img decoding=\"async\" src=\"https:\/\/www.nedgia.es\/wp-content\/uploads\/2024\/03\/pago-de-la-gestion.jpg\" alt=\"\" loading=\"lazy\" \/>                        <\/figure>                                                                  <\/div>          <div class=\"card-bottom-info \">                          <h3 class=\"card-title\">Pagament de la gesti\u00f3<\/h3>                                        <div class=\"card-description \">                                Recorda que no haur\u00e0s de pagar res en el moment de la visita al teu domicili, ni en efectiu, ni amb targeta. Si la intervenci\u00f3 t\u00e9 cost, t\u2019avisaran amb antelaci\u00f3 i es carregar\u00e0 a la factura que peri\u00f2dicament t&#39;envia la teva comercialitzadora.<br><br>* No estan inclosos els temes relacionats amb la caldera o escalfador, instal\u00b7laci\u00f3, reparaci\u00f3, etc.              <\/div>                                  <\/div>        <\/div>      <\/div>    <\/div>  <\/div>                                                <\/div>    <div class=\"swiper-navigation-wrapper\">  <div class=\"swiper-button-wrapper\">    <div class=\"swiper-button-prev\"><span>&nbsp;<\/span><\/div>    <div class=\"swiper-button-next\"><span>&nbsp;<\/span><\/div>  <\/div>  <div class=\"swiper-pagination-wrapper\">    <div class=\"swiper-pagination\"><\/div>  <\/div><\/div>  <\/div>  <\/div>                <\/div>    <\/div>                <\/section>                                <section class=\"block-style-6 nedgia-block  wp-block-image-text\">    <div class=\"container mx-auto\">        <div class=\"image-text-wrapper \">                                  <div class=\"image-text-col-text image-text-col-2\">                                          <div class=\"content-info-wrapper\">      <div class=\"pretitle\">En cas de dubte, truca al<\/div>          <h2 class=\"title\">tel\u00e8fon gratu\u00eft d\u2019atenci\u00f3 al client<br> 900 100 252<\/h2>                <\/div>                                    <\/div>                                      <div class=\"image-text-col-image image-text-col-2 image-lg image-padding-off image-h-center image-v-center\">              <figure>                <img decoding=\"async\" src=\"https:\/\/www.nedgia.es\/wp-content\/uploads\/2024\/02\/informate.jpg\"                    alt=\"Informaci\u00f3n clave sobre el gas natural y su uso\" loading=\"lazy\" \/>            <\/figure>                        <\/div>                      <\/div>    <\/div>                <\/section>                                <section class=\"block-style-3 nedgia-block block-type-cards  wp-block-content\">    <div class=\"container mx-auto\">        <div class=\"main-content-wrapper\">              <div class=\"content-wrapper block-layout-center content-wrapper-pb-0 \">        <div class=\"content-title-col\">          <div class=\"content-pretitle\">Ets client?<\/div>                      <h2 class=\"content-title\">Tota la informaci\u00f3, a un sol clic<\/h2>                    <\/div>        <div class=\"content-info-col offset-info\">                            <\/div>      <\/div>                              <div class=\"cards-content-wrapper cards-style-1\">  <div class=\"cards-slider cards-slider-3 swiper\">    <input class=\"itemCols\" type=\"hidden\" name=\"itemCols\" value=\"4\">    <input class=\"itemRows\" type=\"hidden\" name=\"itemRows\" value=\"2\">    <input class=\"itemGap\" type=\"hidden\" name=\"itemGap\" value=\"25\">    <div class=\"swiper-wrapper dynamic-wrapper\">      <!-- Slides -->                                                                                                                                                                              <div class=\"swiper-slide cards-type-basic-slide\">\t\t\t<a class=\"card-link \" href=\"https:\/\/www.nedgia.es\/ca\/clients\/inspeccio-periodica\/\"  target=\"_self\">      <div class=\"card-slide-wrapper cards-type-basic-wrapper\" data-ccaa=\"\">      <div class=\"card-content\">        <div>          <div class=\"card-top-info\">                                                              <\/div>          <div class=\"card-bottom-info \">                          <p class=\"card-title\">Informaci\u00f3 inspecci\u00f3 peri\u00f2dica<\/p>                                                <\/div>        <\/div>      <\/div>    <\/div>      <\/a>  <\/div>                                                      <div class=\"swiper-slide cards-type-basic-slide\">\t\t\t<a class=\"card-link \" href=\"https:\/\/www.nedgia.es\/ca\/clients\/estat-sol%c2%b7licitud-dalta\/\"  target=\"_self\">      <div class=\"card-slide-wrapper cards-type-basic-wrapper\" data-ccaa=\"\">      <div class=\"card-content\">        <div>          <div class=\"card-top-info\">                                                              <\/div>          <div class=\"card-bottom-info \">                          <p class=\"card-title\">Estat de la meva sol\u00b7licitud d\u2019alta<\/p>                                                <\/div>        <\/div>      <\/div>    <\/div>      <\/a>  <\/div>                                                      <div class=\"swiper-slide cards-type-basic-slide\">\t\t\t<a class=\"card-link \" href=\"https:\/\/www.nedgia.es\/ca\/clients\/noves-tarifes-dacces\/\"  target=\"_self\">      <div class=\"card-slide-wrapper cards-type-basic-wrapper\" data-ccaa=\"\">      <div class=\"card-content\">        <div>          <div class=\"card-top-info\">                                                              <\/div>          <div class=\"card-bottom-info \">                          <p class=\"card-title\">Informaci\u00f3 tarifes d\u2019acc\u00e9s<\/p>                                                <\/div>        <\/div>      <\/div>    <\/div>      <\/a>  <\/div>                                                      <div class=\"swiper-slide cards-type-basic-slide\">\t\t\t<a class=\"card-link \" href=\"https:\/\/www.nedgia.es\/ca\/clients\/operacions-tecniques\/\"  target=\"_self\">      <div class=\"card-slide-wrapper cards-type-basic-wrapper\" data-ccaa=\"\">      <div class=\"card-content\">        <div>          <div class=\"card-top-info\">                                                              <\/div>          <div class=\"card-bottom-info \">                          <p class=\"card-title\">Operacions t\u00e8cniques<\/p>                                                <\/div>        <\/div>      <\/div>    <\/div>      <\/a>  <\/div>                                                      <div class=\"swiper-slide cards-type-basic-slide\">\t\t\t<a class=\"card-link \" href=\"https:\/\/www.nedgia.es\/ca\/clients\/actuacions-en-connexions-de-servei-existents\/\"  target=\"_self\">      <div class=\"card-slide-wrapper cards-type-basic-wrapper\" data-ccaa=\"\">      <div class=\"card-content\">        <div>          <div class=\"card-top-info\">                                                              <\/div>          <div class=\"card-bottom-info \">                          <p class=\"card-title\">Actuacions en connexions de servei existents<\/p>                                                <\/div>        <\/div>      <\/div>    <\/div>      <\/a>  <\/div>                                                      <div class=\"swiper-slide cards-type-basic-slide\">\t\t\t<a class=\"card-link \" href=\"https:\/\/www.nedgia.es\/ca\/clients\/identifica-el-nostre-personal\/\"  target=\"_self\">      <div class=\"card-slide-wrapper cards-type-basic-wrapper\" data-ccaa=\"\">      <div class=\"card-content\">        <div>          <div class=\"card-top-info\">                                                              <\/div>          <div class=\"card-bottom-info \">                          <p class=\"card-title\">Identifica el nostre personal<\/p>                                                <\/div>        <\/div>      <\/div>    <\/div>      <\/a>  <\/div>                                                      <div class=\"swiper-slide cards-type-basic-slide\">\t\t\t<a class=\"card-link \" href=\"https:\/\/www.nedgia.es\/ca\/clients\/tipus-davisos\/\"  target=\"_self\">      <div class=\"card-slide-wrapper cards-type-basic-wrapper\" data-ccaa=\"\">      <div class=\"card-content\">        <div>          <div class=\"card-top-info\">                                                              <\/div>          <div class=\"card-bottom-info \">                          <p class=\"card-title\">Tipus d\u2019avisos<\/p>                                                <\/div>        <\/div>      <\/div>    <\/div>      <\/a>  <\/div>                                                      <div class=\"swiper-slide cards-type-basic-slide\">\t\t\t<a class=\"card-link \" href=\"https:\/\/www.nedgia.es\/ca\/clients\/comptadors-i-mesuradors-de-gas\/\"  target=\"_self\">      <div class=\"card-slide-wrapper cards-type-basic-wrapper\" data-ccaa=\"\">      <div class=\"card-content\">        <div>          <div class=\"card-top-info\">                                                              <\/div>          <div class=\"card-bottom-info \">                          <p class=\"card-title\">Comptadors i mesuradors<\/p>                                                <\/div>        <\/div>      <\/div>    <\/div>      <\/a>  <\/div>                                                                                                                                          <\/div>    <div class=\"swiper-navigation-wrapper\">  <div class=\"swiper-button-wrapper\">    <div class=\"swiper-button-prev\"><span>&nbsp;<\/span><\/div>    <div class=\"swiper-button-next\"><span>&nbsp;<\/span><\/div>  <\/div>  <div class=\"swiper-pagination-wrapper\">    <div class=\"swiper-pagination\"><\/div>  <\/div><\/div>  <\/div>  <\/div>                <\/div>    <\/div>                <\/section>                                ","protected":false},"excerpt":{"rendered":"<p><script>    var municipio_no_encontrado = \"Municipio no encontrado.\";    var direccion_no_encontrada = \"Direcci\u00f3n no encontrada. No utilices el tipo de v\u00eda como calle,<\/script><\/p>\n","protected":false},"author":6,"featured_media":0,"parent":9047,"menu_order":0,"comment_status":"closed","ping_status":"closed","template":"","meta":{"_acf_changed":false,"inline_featured_image":false,"footnotes":""},"class_list":["post-9449","page","type-page","status-publish","hentry"],"acf":[],"_links":{"self":[{"href":"https:\/\/www.nedgia.es\/ca\/wp-json\/wp\/v2\/pages\/9449","targetHints":{"allow":["GET"]}}],"collection":[{"href":"https:\/\/www.nedgia.es\/ca\/wp-json\/wp\/v2\/pages"}],"about":[{"href":"https:\/\/www.nedgia.es\/ca\/wp-json\/wp\/v2\/types\/page"}],"author":[{"embeddable":true,"href":"https:\/\/www.nedgia.es\/ca\/wp-json\/wp\/v2\/users\/6"}],"replies":[{"embeddable":true,"href":"https:\/\/www.nedgia.es\/ca\/wp-json\/wp\/v2\/comments?post=9449"}],"version-history":[{"count":5,"href":"https:\/\/www.nedgia.es\/ca\/wp-json\/wp\/v2\/pages\/9449\/revisions"}],"predecessor-version":[{"id":34408,"href":"https:\/\/www.nedgia.es\/ca\/wp-json\/wp\/v2\/pages\/9449\/revisions\/34408"}],"up":[{"embeddable":true,"href":"https:\/\/www.nedgia.es\/ca\/wp-json\/wp\/v2\/pages\/9047"}],"wp:attachment":[{"href":"https:\/\/www.nedgia.es\/ca\/wp-json\/wp\/v2\/media?parent=9449"}],"curies":[{"name":"wp","href":"https:\/\/api.w.org\/{rel}","templated":true}]}}