{"id":9489,"date":"2024-02-22T09:15:35","date_gmt":"2024-02-22T08:15:35","guid":{"rendered":"https:\/\/www.nedgia.es\/clients-inspeccio-periodica-absent-el-dia-de-la-inspeccio\/"},"modified":"2026-03-09T13:53:02","modified_gmt":"2026-03-09T12:53:02","slug":"absent-el-dia-de-la-inspeccio","status":"publish","type":"page","link":"https:\/\/www.nedgia.es\/ca\/clients\/inspeccio-periodica\/absent-el-dia-de-la-inspeccio\/","title":{"rendered":"Clients &#8211; Inspecci\u00f3 peri\u00f2dica &#8211; Absent el dia de la inspecci\u00f3"},"content":{"rendered":"<script>    var municipio_no_encontrado = \"Municipio no encontrado.\";    var direccion_no_encontrada = \"Direcci\u00f3n no encontrada. No utilices el tipo de v\u00eda como calle, avenida etc. y revisa que est\u00e1 bien escrito.\";        var piso_no_encontrado = \"Piso no encontrado.\";    var campo_obligatorio = \"Campo obligatorio.\";    var email_incorrecto = \"El campo deber\u00eda ser direccion@dominio.es\";    var formato_incorrecto = \"Formato incorrecto\";    var seleccionar_condiciones = \"Debe seleccionar las condiciones legales.\";    var formato_dni = \"El campo deber\u00eda tener el siguiente formato: 12345678Z o Y8237411K\";    var emails_no_coinciden = \"Los emails no coinciden.\";    var telefono_caracteres = \"El tel\u00e9fono debe tener 9 caracteres.\";    var campo_incorrecto = \"Campo incorrecto\";    var escalera = \"Escalera\";    var bloque = \"Bloque\";    var piso = \"Piso\";    var puerta = \"Puerta\";    var NoZonaNedgia = \"Lo sentimos pero tu domicilio no est\u00e1 en la zona donde Nedgia\u00a0 distribuye gas natural. Encuentra la Empresa Distribuidora que te corresponde en el siguiente \";        var link =  \"link\";    var aqui =  \"aqu\u00ed\";    var FincaNoInmuebleCertificadoNo_1 = \"Nos consta que ya tienes gas natural en tu finca. Ahora el siguiente paso ser\u00e1 realizar la instalaci\u00f3n en tu vivienda, contactando con un instalador autorizado. Te explicamos como hacerlo \";    var FincaNoInmuebleCertificadoNo_2 = \"Si la informaci\u00f3n de nuestro sistema no la consideras correcta, ll\u00e1manos al 900 100 252.\";    var FincaEInmueble_1 = \"Nos consta que ya dispones de suministro de gas natural en tu domicilio.\";    var FincaEInmueble_2 = \"Si la informaci\u00f3n de nuestro sistema no la consideras correcta, ll\u00e1manos al 900 100 252.\";        var FincaNoInmuebleCertificadoSi_1 = \"Nos consta que ya tienes la instalaci\u00f3n de gas natural en tu domicilio realizada. Ahora solo te falta gestionar el contrato de gas natural con una empresa comercializadora. Te explicamos como hacerlo. \";    var FincaNoInmuebleCertificadoSi_2 = \"Si la informaci\u00f3n de nuestro sistema no la consideras correcta, ll\u00e1manos al 900 100 252.\";    var SelecNum = \"Selec. Num.\";    var SelecBloqueEscalera = \"Selec. Bloque Escalera Piso Puerta\";    var NumeroPiso = \"N\u00famero\";    var BloqueEscaleraPisoPuerta = \"Bloque Escalera Piso Puerta\";<\/script><script>    var municipio_no_encontrado = \"Municipio no encontrado.\";    var direccion_no_encontrada = \"Direcci\u00f3n no encontrada. No utilices el tipo de v\u00eda como calle, avenida etc. y revisa que est\u00e1 bien escrito.\";    var piso_no_encontrado = \"Piso no encontrado.\";    var campo_obligatorio = \"Campo obligatorio.\";    var email_incorrecto = \"El campo deber\u00eda ser direccion@dominio.es\";    var formato_incorrecto = \"Formato incorrecto\";    var seleccionar_politica_privacidad = \"Debe seleccionar los t\u00e9rminos y condiciones.\";    var seleccionar_condiciones = \"Debe seleccionar las condiciones legales.\";    var formato_dni = \"El campo deber\u00eda tener el siguiente formato: 12345678Z o Y8237411K\";    var emails_no_coinciden = \"Los emails no coinciden.\";    var telefono_caracteres = \"El tel\u00e9fono debe tener 9 caracteres.\";    var campo_incorrecto = \"Campo incorrecto\";    var escalera = \"Escalera\";    var bloque = \"Bloque\";    var piso = \"Piso\";    var puerta = \"Puerta\";    var NoZonaNedgia = \"Lo sentimos pero tu domicilio no est\u00e1 en la zona donde Nedgia\u00a0 distribuye gas natural. Encuentra la Empresa Distribuidora que te corresponde en el siguiente \";    var link = \"link\";    var aqui = \"aqu\u00ed\";    var FincaNoInmuebleCertificadoNo_1 = \"Nos consta que ya tienes gas natural en tu finca. Ahora el siguiente paso ser\u00e1 realizar la instalaci\u00f3n en tu vivienda, contactando con un instalador autorizado. Te explicamos como hacerlo \";    var FincaNoInmuebleCertificadoNo_2 = \"Si la informaci\u00f3n de nuestro sistema no la consideras correcta, ll\u00e1manos al 900 100 252.\";    var FincaEInmueble_1 = \"Nos consta que ya dispones de suministro de gas natural en tu domicilio.\";    var FincaEInmueble_2 = \"Si la informaci\u00f3n de nuestro sistema no la consideras correcta, ll\u00e1manos al 900 100 252.\";    var FincaNoInmuebleCertificadoSi_1 = \"Nos consta que ya tienes la instalaci\u00f3n de gas natural en tu domicilio realizada. Ahora solo te falta gestionar el contrato de gas natural con una empresa comercializadora. Te explicamos como hacerlo. \";    var FincaNoInmuebleCertificadoSi_2 = \"Si la informaci\u00f3n de nuestro sistema no la consideras correcta, ll\u00e1manos al 900 100 252.\";    var SelecNum = \"Selec. Num.\";    var SelecBloqueEscalera = \"Selec. Bloque Escalera Piso Puerta\";    var NumeroPiso = \"N\u00famero\";    var BloqueEscaleraPisoPuerta = \"Bloque Escalera Piso Puerta\";<\/script><section class=\"block-style-1 nedgia-block  wp-block-hero\">    <div class=\"container mx-auto\">        <div class=\"hero-slider swiper\">      <input class=\"sliderAutoplay\" type=\"hidden\" name=\"sliderAutoplay\" value=\"\">      <input class=\"sliderTime\" type=\"hidden\" name=\"sliderTime\" value=\"\">      <input class=\"sliderLoop\" type=\"hidden\" name=\"sliderLoop\" value=\"\">      <div class=\"swiper-wrapper\">          <!-- Slides -->                                    <div class=\"swiper-slide\">                <div class=\"hero-slide-wrapper\">                  <div class=\"hero-content\">                    <div>                                                                    <h1 class=\"hero-title title-lg\">Absent el dia de la inspecci\u00f3<\/h1>                                                                                                                                                                <div class=\"button-wrapper hero-button-wrapper\">                                                                      <\/div>                    <\/div>                  <\/div>                  <div class=\"hero-image\">                    <div class=\"link-wrapper\">                                          <\/div>                    <figure class=\"hero-cover-image\">                        <img decoding=\"async\" src=\"https:\/\/www.nedgia.es\/wp-content\/uploads\/2024\/02\/hero-ausente-el-dia-2.jpg\"                            alt=\"\" loading=\"lazy\" \/>                    <\/figure>                                                          <\/div>                                  <\/div>              <\/div>                            <\/div>      <div class=\"hero-swiper-navigation-wrapper\">        <div class=\"hero-swiper-button-wrapper\">          <div class=\"swiper-button-prev\"><span>&nbsp;<\/span><\/div>          <div class=\"swiper-button-next\"><span>&nbsp;<\/span><\/div>        <\/div>        <div class=\"hero-swiper-pagination-wrapper\">          <div class=\"swiper-pagination swiper-pagination-hero\"><\/div>        <\/div>      <\/div>  <\/div>    <\/div>                <\/section>                                <section class=\"block-style-5 nedgia-block        wp-block-horizontal-nav                  is-horizontal\" data-scrollspy=\"\">    <div class=\"container mx-auto\">        <div class=\"horizontal-nav-wrapper nav-style-links   nav-align-center\">                    <nav>          <ul class=\"navigation-horizontal nav-align-center\">                                          <li class=\"horizontal-nav-item inactive \">                                      <a href=\"https:\/\/www.nedgia.es\/ca\/clients\/inspeccio-periodica\/tarifes-inspeccio-periodica\/\"                      target=\"\"                      class=\"nav-item  \"                    >                      Tarifes                    <\/a>                                  <\/li>                              <li class=\"horizontal-nav-item inactive \">                                      <a href=\"https:\/\/www.nedgia.es\/ca\/clients\/inspeccio-periodica\/documentacio-relacionada-amb-la-inspeccio-periodica\/\"                      target=\"\"                      class=\"nav-item  \"                    >                      Avisos i comunicacions                    <\/a>                                  <\/li>                              <li class=\"horizontal-nav-item inactive \">                                      <a href=\"https:\/\/www.nedgia.es\/ca\/clients\/inspeccio-periodica\/no-he-superat-la-inspeccio\/\"                      target=\"\"                      class=\"nav-item  \"                    >                      Solucionar anomalies detectades                    <\/a>                                  <\/li>                              <li class=\"horizontal-nav-item active \">                                      <a href=\"https:\/\/www.nedgia.es\/ca\/clients\/inspeccio-periodica\/absent-el-dia-de-la-inspeccio\/\"                      target=\"\"                      class=\"nav-item  \"                    >                      Absent el dia de la inspecci\u00f3                    <\/a>                                  <\/li>                                    <\/ul>        <\/nav>          <\/div>    <\/div>                <\/section>                                <section class=\"block-style-2 nedgia-block  wp-block-image-text\">    <div class=\"container mx-auto\">        <div class=\"image-text-wrapper \">                                  <div class=\"image-text-col-text image-text-col-2\">                                          <div class=\"content-info-wrapper\">      <div class=\"pretitle\">Absent el dia de la inspecci\u00f3<\/div>          <h2 class=\"title\">No era al domicili el dia de la inspecci\u00f3 peri\u00f2dica. Qu\u00e8 he de fer?<\/h2>                      <div class=\"description  wpautop-format \">        <p>Si no eres a casa en el moment de la inspecci\u00f3, trobar\u00e0s al teu habitatge una targeta que notificar\u00e0 l\u2019abs\u00e8ncia.<br \/>Contacta amb atenci\u00f3 al client per concertar una nova visita trucant al tel\u00e8fon:<\/p><p><span style=\"font-size:1.5rem;\"><strong>900 100 252<\/strong><\/span><\/p><p>Disponible de dilluns a dissabte de 8.00 a 22.00 hores<br \/>(excepte festius nacionals)<\/p>      <\/div>          <\/div>                                    <\/div>                                      <div class=\"image-text-col-image image-text-col-2 image-lg image-padding-off image-h-center image-v-center\">              <figure>                <img decoding=\"async\" src=\"https:\/\/www.nedgia.es\/wp-content\/uploads\/2025\/03\/ausente-dia-inspeccion.png\"                    alt=\"\" loading=\"lazy\" \/>            <\/figure>                        <\/div>                      <\/div>    <\/div>                <\/section>                                <section class=\"block-style-1 nedgia-block block-type-cards  wp-block-content\">    <div class=\"container mx-auto\">        <div class=\"main-content-wrapper\">              <div class=\"content-wrapper block-layout-center content-wrapper-pb-0 \">        <div class=\"content-title-col\">                                <h2 class=\"content-title\">Tens dubtes?<\/h2>                    <\/div>        <div class=\"content-info-col \">                                <div class=\"button-wrapper content-button-wrapper\">                                                <a class=\"button                           button-style-2\" href=\"https:\/\/www.nedgia.es\/ca\/ajuda\/\">    <span>Anar a la secci\u00f3 d\u2019ajuda<\/span>    <svg class=\"h-4 w-2\" width=\"8\" height=\"16\" viewBox=\"0 0 8 12\" fill=\"none\" xmlns=\"http:\/\/www.w3.org\/2000\/svg\">  <path d=\"M4.97656 5.99962L0.851562 1.87462L2.0299 0.696289L7.33323 5.99962L2.0299 11.303L0.851562 10.1246L4.97656 5.99962Z\" fill=\"currentColor\"\/><\/svg><\/a>                                                        <\/div>                  <\/div>      <\/div>                              <div class=\"cards-content-wrapper cards-style-1\">  <div class=\"cards-slider cards-slider-3 swiper\">    <input class=\"itemCols\" type=\"hidden\" name=\"itemCols\" value=\"3\">    <input class=\"itemRows\" type=\"hidden\" name=\"itemRows\" value=\"\">    <input class=\"itemGap\" type=\"hidden\" name=\"itemGap\" value=\"25\">    <div class=\"swiper-wrapper post-wrapper\">      <!-- Slides -->                            <div class=\"swiper-slide\">      <div class=\"card-slide-wrapper cards-type-post-wrapper\">        <div class=\"card-content\">          <div class=\"card-top-info\">                      <\/div>          <div class=\"card-bottom-info\">                                      <h2 class=\"card-title\">I si no contacto per concertar una nova visita?<\/h2>                          <div class=\"card-excerpt full-description\"><p>La teva instal\u00b7laci&oacute; de gas natural requereix certes cures per garantir-ne la utilitat. No oblidis passar la inspecci&oacute;. &Eacute;s per la teva seguretat. Si no es passa la inspecci&oacute;, es notificar&agrave; a l&#8217;organisme competent de la teva comunitat aut&ograve;noma i es pot interrompre el subministrament de gas natural.<br \/>Posa&rsquo;t&nbsp;en contacte&nbsp;amb&nbsp;el nostre&nbsp;servei&nbsp;d&rsquo;atenci&oacute;&nbsp;al client&nbsp;trucant&nbsp;al tel&egrave;fon&nbsp;900 100 252,&nbsp;disponible&nbsp;de dilluns&nbsp;a dissabte&nbsp;de 8:00 a 22:00h, per concertar una cita nova.<\/p><\/div>            <div class=\"flex\">                          <\/div>          <\/div>        <\/div>      <\/div>    <\/div>      <div class=\"swiper-slide\">      <div class=\"card-slide-wrapper cards-type-post-wrapper\">        <div class=\"card-content\">          <div class=\"card-top-info\">                      <\/div>          <div class=\"card-bottom-info\">                                      <h2 class=\"card-title\">No era a casa en la segona visita i no van poder fer la inspecci&oacute;. Qu&egrave; puc fer?<\/h2>                          <div class=\"card-excerpt full-description\"><p>Disposes de deu dies h&agrave;bils per contactar amb nosaltres, en el 900 100 252, i que t&rsquo;indiquem la nova data per dur a terme la inspecci&oacute; peri&ograve;dica. En aquest cas, per normativa i un cop hagi transcorregut el termini esmentat de 10 dies h&agrave;bils, en fer la inspecci&oacute; l&rsquo;import que haur&agrave;s d&rsquo;abonar ser&agrave; el doble de la tarifa establerta per a la inspecci&oacute;.<\/p><\/div>            <div class=\"flex\">                          <\/div>          <\/div>        <\/div>      <\/div>    <\/div>      <div class=\"swiper-slide\">      <div class=\"card-slide-wrapper cards-type-post-wrapper\">        <div class=\"card-content\">          <div class=\"card-top-info\">                      <\/div>          <div class=\"card-bottom-info\">                                      <h2 class=\"card-title\">Finalment, no vaig poder passar la inspecci&oacute; perqu&egrave; no hi era i m&rsquo;han tallat el subministrament. Com puc recuperar-lo?<\/h2>                          <div class=\"card-excerpt full-description\"><p>Truca al tel&egrave;fon 900 100 252 i restablirem el subministrament al m&eacute;s aviat possible, en les 48 hores seg&uuml;ents al teu av&iacute;s que no tens subministrament. Enviarem un t&egrave;cnic perqu&egrave; et faci la inspecci&oacute; corresponent, i si no hi ha anomalies principals, et restableixi el servei. Per&ograve; si detecta anomalies, haur&agrave;s de posar-te en contacte amb un instal\u00b7lador autoritzat o el servei t&egrave;cnic del teu aparell perqu&egrave; t&rsquo;arregli les anomalies, ens envi&iuml; el justificant de correcci&oacute; i et restableixi el subministrament a l&rsquo;instant.<\/p><\/div>            <div class=\"flex\">                          <\/div>          <\/div>        <\/div>      <\/div>    <\/div>                            <\/div>    <div class=\"swiper-navigation-wrapper\">  <div class=\"swiper-button-wrapper\">    <div class=\"swiper-button-prev\"><span>&nbsp;<\/span><\/div>    <div class=\"swiper-button-next\"><span>&nbsp;<\/span><\/div>  <\/div>  <div class=\"swiper-pagination-wrapper\">    <div class=\"swiper-pagination\"><\/div>  <\/div><\/div>  <\/div>  <\/div>                <\/div>    <\/div>                <\/section>                                <section class=\"block-style-3 nedgia-block block-type-cards  wp-block-content\">    <div class=\"container mx-auto\">        <div class=\"main-content-wrapper\">              <div class=\"content-wrapper block-layout-center content-wrapper-pb-0 \">        <div class=\"content-title-col\">          <div class=\"content-pretitle\">La teva seguretat \u00e9s la nostra prioritat<\/div>                      <h1 class=\"content-title\">Obt\u00e9n m\u00e9s informaci\u00f3 sobre la inspecci\u00f3 peri\u00f2dica<\/h1>                    <\/div>        <div class=\"content-info-col offset-info\">                            <\/div>      <\/div>                              <div class=\"cards-content-wrapper cards-style-1\">  <div class=\"cards-slider cards-slider-3 swiper\">    <input class=\"itemCols\" type=\"hidden\" name=\"itemCols\" value=\"4\">    <input class=\"itemRows\" type=\"hidden\" name=\"itemRows\" value=\"1\">    <input class=\"itemGap\" type=\"hidden\" name=\"itemGap\" value=\"25\">    <div class=\"swiper-wrapper dynamic-wrapper\">      <!-- Slides -->                                                                                                                                                                              <div class=\"swiper-slide cards-type-basic-slide\">\t\t\t<a class=\"card-link \" href=\"https:\/\/www.nedgia.es\/ca\/clients\/inspeccio-periodica\/tarifes-inspeccio-periodica\/\"  target=\"_self\">      <div class=\"card-slide-wrapper cards-type-basic-wrapper\" data-ccaa=\"\">      <div class=\"card-content\">        <div>          <div class=\"card-top-info\">                                                              <\/div>          <div class=\"card-bottom-info \">                          <p class=\"card-title\">Tarifes<\/p>                                                <\/div>        <\/div>      <\/div>    <\/div>      <\/a>  <\/div>                                                      <div class=\"swiper-slide cards-type-basic-slide\">\t\t\t<a class=\"card-link \" href=\"https:\/\/www.nedgia.es\/ca\/clients\/inspeccio-periodica\/documentacio-relacionada-amb-la-inspeccio-periodica\/\"  target=\"_self\">      <div class=\"card-slide-wrapper cards-type-basic-wrapper\" data-ccaa=\"\">      <div class=\"card-content\">        <div>          <div class=\"card-top-info\">                                                              <\/div>          <div class=\"card-bottom-info \">                          <p class=\"card-title\">Avisos i comunicacions<\/p>                                                <\/div>        <\/div>      <\/div>    <\/div>      <\/a>  <\/div>                                                      <div class=\"swiper-slide cards-type-basic-slide\">\t\t\t<a class=\"card-link \" href=\"https:\/\/www.nedgia.es\/ca\/clients\/inspeccio-periodica\/absent-el-dia-de-la-inspeccio\/\"  target=\"_self\">      <div class=\"card-slide-wrapper cards-type-basic-wrapper\" data-ccaa=\"\">      <div class=\"card-content\">        <div>          <div class=\"card-top-info\">                                                              <\/div>          <div class=\"card-bottom-info \">                          <p class=\"card-title\">Absent el dia de la inspecci\u00f3<\/p>                                                <\/div>        <\/div>      <\/div>    <\/div>      <\/a>  <\/div>                                                      <div class=\"swiper-slide cards-type-basic-slide\">\t\t\t<a class=\"card-link \" href=\"https:\/\/www.nedgia.es\/ca\/clients\/inspeccio-periodica\/no-he-superat-la-inspeccio\/\"  target=\"_self\">      <div class=\"card-slide-wrapper cards-type-basic-wrapper\" data-ccaa=\"\">      <div class=\"card-content\">        <div>          <div class=\"card-top-info\">                                                              <\/div>          <div class=\"card-bottom-info \">                          <p class=\"card-title\">Com solucionar les anomalies detectades<\/p>                                                <\/div>        <\/div>      <\/div>    <\/div>      <\/a>  <\/div>                                                                                                                                          <\/div>    <div class=\"swiper-navigation-wrapper\">  <div class=\"swiper-button-wrapper\">    <div class=\"swiper-button-prev\"><span>&nbsp;<\/span><\/div>    <div class=\"swiper-button-next\"><span>&nbsp;<\/span><\/div>  <\/div>  <div class=\"swiper-pagination-wrapper\">    <div class=\"swiper-pagination\"><\/div>  <\/div><\/div>  <\/div>  <\/div>                <\/div>    <\/div>                <\/section>                                ","protected":false},"excerpt":{"rendered":"<p><script>    var municipio_no_encontrado = \"Municipio no encontrado.\";    var direccion_no_encontrada = \"Direcci\u00f3n no encontrada. No utilices el tipo de v\u00eda como calle,<\/script><\/p>\n","protected":false},"author":6,"featured_media":0,"parent":9711,"menu_order":0,"comment_status":"closed","ping_status":"closed","template":"","meta":{"_acf_changed":false,"inline_featured_image":false,"footnotes":""},"class_list":["post-9489","page","type-page","status-publish","hentry"],"acf":[],"_links":{"self":[{"href":"https:\/\/www.nedgia.es\/ca\/wp-json\/wp\/v2\/pages\/9489","targetHints":{"allow":["GET"]}}],"collection":[{"href":"https:\/\/www.nedgia.es\/ca\/wp-json\/wp\/v2\/pages"}],"about":[{"href":"https:\/\/www.nedgia.es\/ca\/wp-json\/wp\/v2\/types\/page"}],"author":[{"embeddable":true,"href":"https:\/\/www.nedgia.es\/ca\/wp-json\/wp\/v2\/users\/6"}],"replies":[{"embeddable":true,"href":"https:\/\/www.nedgia.es\/ca\/wp-json\/wp\/v2\/comments?post=9489"}],"version-history":[{"count":14,"href":"https:\/\/www.nedgia.es\/ca\/wp-json\/wp\/v2\/pages\/9489\/revisions"}],"predecessor-version":[{"id":33952,"href":"https:\/\/www.nedgia.es\/ca\/wp-json\/wp\/v2\/pages\/9489\/revisions\/33952"}],"up":[{"embeddable":true,"href":"https:\/\/www.nedgia.es\/ca\/wp-json\/wp\/v2\/pages\/9711"}],"wp:attachment":[{"href":"https:\/\/www.nedgia.es\/ca\/wp-json\/wp\/v2\/media?parent=9489"}],"curies":[{"name":"wp","href":"https:\/\/api.w.org\/{rel}","templated":true}]}}