{"id":9544,"date":"2024-02-20T13:50:17","date_gmt":"2024-02-20T12:50:17","guid":{"rendered":"https:\/\/www.nedgia.es\/coneix-nos-qui-som-els-nostres-accionistes\/"},"modified":"2025-01-16T18:47:18","modified_gmt":"2025-01-16T17:47:18","slug":"els-nostres-accionistes","status":"publish","type":"page","link":"https:\/\/www.nedgia.es\/ca\/qui-som\/els-nostres-accionistes\/","title":{"rendered":"Coneix-nos &#8211; Qui som &#8211; Els nostres accionistes"},"content":{"rendered":"<script>    var municipio_no_encontrado = \"Municipio no encontrado.\";    var direccion_no_encontrada = \"Direcci\u00f3n no encontrada. No utilices el tipo de v\u00eda como calle, avenida etc. y revisa que est\u00e1 bien escrito.\";        var piso_no_encontrado = \"Piso no encontrado.\";    var campo_obligatorio = \"Campo obligatorio.\";    var email_incorrecto = \"El campo deber\u00eda ser direccion@dominio.es\";    var formato_incorrecto = \"Formato incorrecto\";    var seleccionar_condiciones = \"Debe seleccionar las condiciones legales.\";    var formato_dni = \"El campo deber\u00eda tener el siguiente formato: 12345678Z o Y8237411K\";    var emails_no_coinciden = \"Los emails no coinciden.\";    var telefono_caracteres = \"El tel\u00e9fono debe tener 9 caracteres.\";    var campo_incorrecto = \"Campo incorrecto\";    var escalera = \"Escalera\";    var bloque = \"Bloque\";    var piso = \"Piso\";    var puerta = \"Puerta\";    var NoZonaNedgia = \"Lo sentimos pero tu domicilio no est\u00e1 en la zona donde Nedgia\u00a0 distribuye gas natural. Encuentra la Empresa Distribuidora que te corresponde en el siguiente \";        var link =  \"link\";    var aqui =  \"aqu\u00ed\";    var FincaNoInmuebleCertificadoNo_1 = \"Nos consta que ya tienes gas natural en tu finca. Ahora el siguiente paso ser\u00e1 realizar la instalaci\u00f3n en tu vivienda, contactando con un instalador autorizado. Te explicamos como hacerlo \";    var FincaNoInmuebleCertificadoNo_2 = \"Si la informaci\u00f3n de nuestro sistema no la consideras correcta, ll\u00e1manos al 900 100 252.\";    var FincaEInmueble_1 = \"Nos consta que ya dispones de suministro de gas natural en tu domicilio.\";    var FincaEInmueble_2 = \"Si la informaci\u00f3n de nuestro sistema no la consideras correcta, ll\u00e1manos al 900 100 252.\";        var FincaNoInmuebleCertificadoSi_1 = \"Nos consta que ya tienes la instalaci\u00f3n de gas natural en tu domicilio realizada. Ahora solo te falta gestionar el contrato de gas natural con una empresa comercializadora. Te explicamos como hacerlo. \";    var FincaNoInmuebleCertificadoSi_2 = \"Si la informaci\u00f3n de nuestro sistema no la consideras correcta, ll\u00e1manos al 900 100 252.\";    var SelecNum = \"Selec. Num.\";    var SelecBloqueEscalera = \"Selec. Bloque Escalera Piso Puerta\";    var NumeroPiso = \"N\u00famero\";    var BloqueEscaleraPisoPuerta = \"Bloque Escalera Piso Puerta\";<\/script><script>    var municipio_no_encontrado = \"Municipio no encontrado.\";    var direccion_no_encontrada = \"Direcci\u00f3n no encontrada. No utilices el tipo de v\u00eda como calle, avenida etc. y revisa que est\u00e1 bien escrito.\";    var piso_no_encontrado = \"Piso no encontrado.\";    var campo_obligatorio = \"Campo obligatorio.\";    var email_incorrecto = \"El campo deber\u00eda ser direccion@dominio.es\";    var formato_incorrecto = \"Formato incorrecto\";    var seleccionar_politica_privacidad = \"Debe seleccionar los t\u00e9rminos y condiciones.\";    var seleccionar_condiciones = \"Debe seleccionar las condiciones legales.\";    var formato_dni = \"El campo deber\u00eda tener el siguiente formato: 12345678Z o Y8237411K\";    var emails_no_coinciden = \"Los emails no coinciden.\";    var telefono_caracteres = \"El tel\u00e9fono debe tener 9 caracteres.\";    var campo_incorrecto = \"Campo incorrecto\";    var escalera = \"Escalera\";    var bloque = \"Bloque\";    var piso = \"Piso\";    var puerta = \"Puerta\";    var NoZonaNedgia = \"Lo sentimos pero tu domicilio no est\u00e1 en la zona donde Nedgia\u00a0 distribuye gas natural. Encuentra la Empresa Distribuidora que te corresponde en el siguiente \";    var link = \"link\";    var aqui = \"aqu\u00ed\";    var FincaNoInmuebleCertificadoNo_1 = \"Nos consta que ya tienes gas natural en tu finca. Ahora el siguiente paso ser\u00e1 realizar la instalaci\u00f3n en tu vivienda, contactando con un instalador autorizado. Te explicamos como hacerlo \";    var FincaNoInmuebleCertificadoNo_2 = \"Si la informaci\u00f3n de nuestro sistema no la consideras correcta, ll\u00e1manos al 900 100 252.\";    var FincaEInmueble_1 = \"Nos consta que ya dispones de suministro de gas natural en tu domicilio.\";    var FincaEInmueble_2 = \"Si la informaci\u00f3n de nuestro sistema no la consideras correcta, ll\u00e1manos al 900 100 252.\";    var FincaNoInmuebleCertificadoSi_1 = \"Nos consta que ya tienes la instalaci\u00f3n de gas natural en tu domicilio realizada. Ahora solo te falta gestionar el contrato de gas natural con una empresa comercializadora. Te explicamos como hacerlo. \";    var FincaNoInmuebleCertificadoSi_2 = \"Si la informaci\u00f3n de nuestro sistema no la consideras correcta, ll\u00e1manos al 900 100 252.\";    var SelecNum = \"Selec. Num.\";    var SelecBloqueEscalera = \"Selec. Bloque Escalera Piso Puerta\";    var NumeroPiso = \"N\u00famero\";    var BloqueEscaleraPisoPuerta = \"Bloque Escalera Piso Puerta\";<\/script><section class=\"block-style-2 nedgia-block  wp-block-hero\">    <div class=\"container mx-auto\">        <div class=\"hero-slider swiper\">      <input class=\"sliderAutoplay\" type=\"hidden\" name=\"sliderAutoplay\" value=\"\">      <input class=\"sliderTime\" type=\"hidden\" name=\"sliderTime\" value=\"\">      <input class=\"sliderLoop\" type=\"hidden\" name=\"sliderLoop\" value=\"\">      <div class=\"swiper-wrapper\">          <!-- Slides -->                                    <div class=\"swiper-slide\">                <div class=\"hero-slide-wrapper\">                  <div class=\"hero-content\">                    <div>                                                                                                                                                                                    <div class=\"button-wrapper hero-button-wrapper\">                                                                      <\/div>                    <\/div>                  <\/div>                  <div class=\"hero-image\">                    <div class=\"link-wrapper\">                                          <\/div>                    <figure class=\"hero-cover-image\">                        <img decoding=\"async\" src=\"https:\/\/www.nedgia.es\/wp-content\/uploads\/2024\/02\/nuestros-accionistas.jpg\"                            alt=\"Informaci\u00f3n sobre los accionistas de Nedgia\" loading=\"lazy\" \/>                    <\/figure>                                                          <\/div>                                  <\/div>              <\/div>                            <\/div>      <div class=\"hero-swiper-navigation-wrapper\">        <div class=\"hero-swiper-button-wrapper\">          <div class=\"swiper-button-prev\"><span>&nbsp;<\/span><\/div>          <div class=\"swiper-button-next\"><span>&nbsp;<\/span><\/div>        <\/div>        <div class=\"hero-swiper-pagination-wrapper\">          <div class=\"swiper-pagination swiper-pagination-hero\"><\/div>        <\/div>      <\/div>  <\/div>    <\/div>                <\/section>                                <section class=\"block-style-5 nedgia-block        wp-block-horizontal-nav                  is-horizontal\" data-scrollspy=\"\">    <div class=\"container mx-auto\">        <div class=\"horizontal-nav-wrapper nav-style-links   nav-align-center\">                    <nav>          <ul class=\"navigation-horizontal nav-align-center\">                                          <li class=\"horizontal-nav-item inactive \">                                      <a href=\"https:\/\/www.nedgia.es\/ca\/qui-som\/\"                      target=\"\"                      class=\"nav-item  \"                    >                      El papel del distribuidor                    <\/a>                                  <\/li>                              <li class=\"horizontal-nav-item inactive \">                                      <a href=\"https:\/\/www.nedgia.es\/ca\/qui-som\/la-nostra-historia\/\"                      target=\"\"                      class=\"nav-item  \"                    >                      Nuestra historia                    <\/a>                                  <\/li>                              <li class=\"horizontal-nav-item inactive \">                                      <a href=\"https:\/\/www.nedgia.es\/ca\/qui-som\/amb-qui-col%c2%b7laborem\/\"                      target=\"\"                      class=\"nav-item  \"                    >                      Colaboradores                    <\/a>                                  <\/li>                              <li class=\"horizontal-nav-item active \">                                      <a href=\"https:\/\/www.nedgia.es\/ca\/qui-som\/els-nostres-accionistes\/\"                      target=\"\"                      class=\"nav-item  \"                    >                      Accionistas                    <\/a>                                  <\/li>                              <li class=\"horizontal-nav-item inactive \">                                      <a href=\"https:\/\/www.nedgia.es\/ca\/les-nostres-distribuidores\/\"                      target=\"\"                      class=\"nav-item  \"                    >                      Distribuidoras                    <\/a>                                  <\/li>                                    <\/ul>        <\/nav>          <\/div>    <\/div>                <\/section>                                <section class=\"block-style-5 nedgia-block block-type-cards  wp-block-content\">    <div class=\"container mx-auto\">        <div class=\"main-content-wrapper\">              <div class=\"content-wrapper block-layout-column content-wrapper-pb-0 \">        <div class=\"content-title-col\">                                <h2 class=\"content-title\">Naturgy \u00e9s el principal accionista de Nedgia, amb un 80% del capital social.<\/h2>                    <\/div>        <div class=\"content-info-col \">                      <div class=\"content-description \">                             A m\u00e9s, Nedgia est\u00e0 participada al 8% per Allianz Capital Partners i al 12% per CPP Investment Board.            <\/div>                            <\/div>      <\/div>                              <div class=\"cards-content-wrapper cards-style-1\">  <div class=\"cards-slider cards-slider-3 swiper\">    <input class=\"itemCols\" type=\"hidden\" name=\"itemCols\" value=\"3\">    <input class=\"itemRows\" type=\"hidden\" name=\"itemRows\" value=\"1\">    <input class=\"itemGap\" type=\"hidden\" name=\"itemGap\" value=\"25\">    <div class=\"swiper-wrapper manual-wrapper\">      <!-- Slides -->                                                              <div class=\"swiper-slide cards-type-image-slide\">\t    <div class=\"card-slide-wrapper cards-type-image-wrapper\" data-ccaa=\"\">      <div class=\"card-content\">        <div>          <div class=\"card-top-info\">                                                                        <figure class=\"card-image\">                          <img decoding=\"async\" src=\"https:\/\/www.nedgia.es\/wp-content\/uploads\/2024\/02\/naturgy.jpg\" alt=\"Logo de Naturgy, empresa energ\u00e9tica\" loading=\"lazy\" \/>                        <\/figure>                                                                  <\/div>          <div class=\"card-bottom-info \">                                                  <div class=\"flex pt-5 card-button-wrapper\">                                      <a class=\"button                             button-style-2\" target=\"_blank\" href=\"https:\/\/www.naturgy.com\/?_ga=2.219531545.1666572877.1708434168-1512870129.1707829641&amp;_gac=1.153914954.1708437444.CjwKCAiAuNGuBhAkEiwAGId4atnzSKMmkqNPdTKS6BZ84MCbywbQioWDH_hmNs1SnqZWRNiv40qMuxoC1UoQAvD_BwE\">    <span>Visita el web<\/span>    <svg class=\"h-4 w-2\" width=\"8\" height=\"16\" viewBox=\"0 0 8 12\" fill=\"none\" xmlns=\"http:\/\/www.w3.org\/2000\/svg\">  <path d=\"M4.97656 5.99962L0.851562 1.87462L2.0299 0.696289L7.33323 5.99962L2.0299 11.303L0.851562 10.1246L4.97656 5.99962Z\" fill=\"currentColor\"\/><\/svg><\/a>                                <\/div>                      <\/div>        <\/div>      <\/div>    <\/div>  <\/div>                                  <div class=\"swiper-slide cards-type-image-slide\">\t    <div class=\"card-slide-wrapper cards-type-image-wrapper\" data-ccaa=\"\">      <div class=\"card-content\">        <div>          <div class=\"card-top-info\">                                                                        <figure class=\"card-image\">                          <img decoding=\"async\" src=\"https:\/\/www.nedgia.es\/wp-content\/uploads\/2024\/02\/allianz.jpg\" alt=\"Logo de Allianz, colaborador en el sector energ\u00e9tico\" loading=\"lazy\" \/>                        <\/figure>                                                                  <\/div>          <div class=\"card-bottom-info \">                                                  <div class=\"flex pt-5 card-button-wrapper\">                                      <a class=\"button                             button-style-2\" target=\"_blank\" href=\"https:\/\/www.allianzcapitalpartners.com\/\">    <span>Visita el web<\/span>    <svg class=\"h-4 w-2\" width=\"8\" height=\"16\" viewBox=\"0 0 8 12\" fill=\"none\" xmlns=\"http:\/\/www.w3.org\/2000\/svg\">  <path d=\"M4.97656 5.99962L0.851562 1.87462L2.0299 0.696289L7.33323 5.99962L2.0299 11.303L0.851562 10.1246L4.97656 5.99962Z\" fill=\"currentColor\"\/><\/svg><\/a>                                <\/div>                      <\/div>        <\/div>      <\/div>    <\/div>  <\/div>                                  <div class=\"swiper-slide cards-type-image-slide\">\t    <div class=\"card-slide-wrapper cards-type-image-wrapper\" data-ccaa=\"\">      <div class=\"card-content\">        <div>          <div class=\"card-top-info\">                                                                        <figure class=\"card-image\">                          <img decoding=\"async\" src=\"https:\/\/www.nedgia.es\/wp-content\/uploads\/2024\/02\/cpp-investment-board.jpg\" alt=\"CPP Investment Board y su relaci\u00f3n con Nedgia\" loading=\"lazy\" \/>                        <\/figure>                                                                  <\/div>          <div class=\"card-bottom-info \">                                                  <div class=\"flex pt-5 card-button-wrapper\">                                      <a class=\"button                             button-style-2\" target=\"_blank\" href=\"https:\/\/www.cppinvestments.com\/\">    <span>Visita el web<\/span>    <svg class=\"h-4 w-2\" width=\"8\" height=\"16\" viewBox=\"0 0 8 12\" fill=\"none\" xmlns=\"http:\/\/www.w3.org\/2000\/svg\">  <path d=\"M4.97656 5.99962L0.851562 1.87462L2.0299 0.696289L7.33323 5.99962L2.0299 11.303L0.851562 10.1246L4.97656 5.99962Z\" fill=\"currentColor\"\/><\/svg><\/a>                                <\/div>                      <\/div>        <\/div>      <\/div>    <\/div>  <\/div>                                                <\/div>    <div class=\"swiper-navigation-wrapper\">  <div class=\"swiper-button-wrapper\">    <div class=\"swiper-button-prev\"><span>&nbsp;<\/span><\/div>    <div class=\"swiper-button-next\"><span>&nbsp;<\/span><\/div>  <\/div>  <div class=\"swiper-pagination-wrapper\">    <div class=\"swiper-pagination\"><\/div>  <\/div><\/div>  <\/div>  <\/div>                <\/div>    <\/div>                <\/section>                                <section class=\"block-style-3 nedgia-block block-type-cards  wp-block-content\">    <div class=\"container mx-auto\">        <div class=\"main-content-wrapper\">              <div class=\"content-wrapper block-layout-center content-wrapper-pb-0 \">        <div class=\"content-title-col\">                                <h2 class=\"content-title\">M\u00e9s en aquesta secci\u00f3<\/h2>                    <\/div>        <div class=\"content-info-col \">                            <\/div>      <\/div>                              <div class=\"cards-content-wrapper cards-style-1\">  <div class=\"cards-slider cards-slider-3 swiper\">    <input class=\"itemCols\" type=\"hidden\" name=\"itemCols\" value=\"2\">    <input class=\"itemRows\" type=\"hidden\" name=\"itemRows\" value=\"2\">    <input class=\"itemGap\" type=\"hidden\" name=\"itemGap\" value=\"25\">    <div class=\"swiper-wrapper manual-wrapper\">      <!-- Slides -->                                                              <div class=\"swiper-slide cards-type-basic-slide\">\t\t\t<a class=\"card-link \" href=\"https:\/\/www.nedgia.es\/ca\/qui-som\/\"  target=\"_self\">      <div class=\"card-slide-wrapper cards-type-basic-wrapper\" data-ccaa=\"\">      <div class=\"card-content\">        <div>          <div class=\"card-top-info\">                                                              <\/div>          <div class=\"card-bottom-info \">                          <h3 class=\"card-title\">El paper del distribu\u00efdor<\/h3>                                        <div class=\"card-description \">                                Descobreix qu\u00e8 fan els nostres distribu\u00efdors              <\/div>                                  <\/div>        <\/div>      <\/div>    <\/div>      <\/a>  <\/div>                                  <div class=\"swiper-slide cards-type-basic-slide\">\t\t\t<a class=\"card-link \" href=\"https:\/\/www.nedgia.es\/ca\/qui-som\/amb-qui-col%c2%b7laborem\/\"  target=\"_self\">      <div class=\"card-slide-wrapper cards-type-basic-wrapper\" data-ccaa=\"\">      <div class=\"card-content\">        <div>          <div class=\"card-top-info\">                                                              <\/div>          <div class=\"card-bottom-info \">                          <h3 class=\"card-title\">Col\u00b7laboradors<\/h3>                                        <div class=\"card-description \">                                Descobreix amb qui col\u00b7laborem.              <\/div>                                  <\/div>        <\/div>      <\/div>    <\/div>      <\/a>  <\/div>                                  <div class=\"swiper-slide cards-type-basic-slide\">\t\t\t<a class=\"card-link \" href=\"https:\/\/www.nedgia.es\/ca\/les-nostres-distribuidores\/\"  target=\"_self\">      <div class=\"card-slide-wrapper cards-type-basic-wrapper\" data-ccaa=\"\">      <div class=\"card-content\">        <div>          <div class=\"card-top-info\">                                                              <\/div>          <div class=\"card-bottom-info \">                          <h3 class=\"card-title\">Distribu\u00efdores<\/h3>                                        <div class=\"card-description \">                                Les nostres distribu\u00efdores.              <\/div>                                  <\/div>        <\/div>      <\/div>    <\/div>      <\/a>  <\/div>                                  <div class=\"swiper-slide cards-type-basic-slide\">\t\t\t<a class=\"card-link \" href=\"https:\/\/www.nedgia.es\/ca\/qui-som\/la-nostra-historia\/\"  target=\"_self\">      <div class=\"card-slide-wrapper cards-type-basic-wrapper\" data-ccaa=\"\">      <div class=\"card-content\">        <div>          <div class=\"card-top-info\">                                                              <\/div>          <div class=\"card-bottom-info \">                          <h3 class=\"card-title\">La nostra hist\u00f2ria<\/h3>                                        <div class=\"card-description \">                                M\u00e1s de 180 a\u00f1os en el sector energ\u00e9tico.              <\/div>                                  <\/div>        <\/div>      <\/div>    <\/div>      <\/a>  <\/div>                                                <\/div>    <div class=\"swiper-navigation-wrapper\">  <div class=\"swiper-button-wrapper\">    <div class=\"swiper-button-prev\"><span>&nbsp;<\/span><\/div>    <div class=\"swiper-button-next\"><span>&nbsp;<\/span><\/div>  <\/div>  <div class=\"swiper-pagination-wrapper\">    <div class=\"swiper-pagination\"><\/div>  <\/div><\/div>  <\/div>  <\/div>                <\/div>    <\/div>                <\/section>                                <section class=\"block-style-3 nedgia-block block-type-cards  wp-block-content\">    <div class=\"container mx-auto\">        <div class=\"main-content-wrapper\">              <div class=\"content-wrapper block-layout-center content-wrapper-pb-0 \">        <div class=\"content-title-col\">                                <h2 class=\"content-title\">M\u00e9s sobre Nedgia<\/h2>                    <\/div>        <div class=\"content-info-col \">                            <\/div>      <\/div>                              <div class=\"cards-content-wrapper cards-style-1\">  <div class=\"cards-slider cards-slider-3 swiper\">    <input class=\"itemCols\" type=\"hidden\" name=\"itemCols\" value=\"2\">    <input class=\"itemRows\" type=\"hidden\" name=\"itemRows\" value=\"1\">    <input class=\"itemGap\" type=\"hidden\" name=\"itemGap\" value=\"25\">    <div class=\"swiper-wrapper dynamic-wrapper\">      <!-- Slides -->                                                                                                                                                                              <div class=\"swiper-slide cards-type-basic-slide\">\t\t\t<a class=\"card-link \" href=\"https:\/\/www.nedgia.es\/ca\/compromis\/\"  target=\"_self\">      <div class=\"card-slide-wrapper cards-type-basic-wrapper\" data-ccaa=\"\">      <div class=\"card-content\">        <div>          <div class=\"card-top-info\">                                                              <\/div>          <div class=\"card-bottom-info \">                          <p class=\"card-title\">Comprom\u00eds<\/p>                                        <div class=\"card-description \">                                Coneix els beneficis del gas natural.              <\/div>                                  <\/div>        <\/div>      <\/div>    <\/div>      <\/a>  <\/div>                                                      <div class=\"swiper-slide cards-type-basic-slide\">\t\t\t<a class=\"card-link \" href=\"https:\/\/www.nedgia.es\/ca\/sala-de-premsa\/\"  target=\"_self\">      <div class=\"card-slide-wrapper cards-type-basic-wrapper\" data-ccaa=\"\">      <div class=\"card-content\">        <div>          <div class=\"card-top-info\">                                                              <\/div>          <div class=\"card-bottom-info \">                          <p class=\"card-title\">Sala de premsa<\/p>                                        <div class=\"card-description \">                                Descobreix les \u00faltimes novetats de la nostra empresa.              <\/div>                                  <\/div>        <\/div>      <\/div>    <\/div>      <\/a>  <\/div>                                                                                                                                          <\/div>    <div class=\"swiper-navigation-wrapper\">  <div class=\"swiper-button-wrapper\">    <div class=\"swiper-button-prev\"><span>&nbsp;<\/span><\/div>    <div class=\"swiper-button-next\"><span>&nbsp;<\/span><\/div>  <\/div>  <div class=\"swiper-pagination-wrapper\">    <div class=\"swiper-pagination\"><\/div>  <\/div><\/div>  <\/div>  <\/div>                <\/div>    <\/div>                <\/section>                                ","protected":false},"excerpt":{"rendered":"<p><script>    var municipio_no_encontrado = \"Municipio no encontrado.\";    var direccion_no_encontrada = \"Direcci\u00f3n no encontrada. No utilices el tipo de v\u00eda como calle,<\/script><\/p>\n","protected":false},"author":6,"featured_media":0,"parent":9735,"menu_order":0,"comment_status":"closed","ping_status":"closed","template":"","meta":{"_acf_changed":false,"inline_featured_image":false,"footnotes":""},"class_list":["post-9544","page","type-page","status-publish","hentry"],"acf":[],"_links":{"self":[{"href":"https:\/\/www.nedgia.es\/ca\/wp-json\/wp\/v2\/pages\/9544","targetHints":{"allow":["GET"]}}],"collection":[{"href":"https:\/\/www.nedgia.es\/ca\/wp-json\/wp\/v2\/pages"}],"about":[{"href":"https:\/\/www.nedgia.es\/ca\/wp-json\/wp\/v2\/types\/page"}],"author":[{"embeddable":true,"href":"https:\/\/www.nedgia.es\/ca\/wp-json\/wp\/v2\/users\/6"}],"replies":[{"embeddable":true,"href":"https:\/\/www.nedgia.es\/ca\/wp-json\/wp\/v2\/comments?post=9544"}],"version-history":[{"count":3,"href":"https:\/\/www.nedgia.es\/ca\/wp-json\/wp\/v2\/pages\/9544\/revisions"}],"predecessor-version":[{"id":16617,"href":"https:\/\/www.nedgia.es\/ca\/wp-json\/wp\/v2\/pages\/9544\/revisions\/16617"}],"up":[{"embeddable":true,"href":"https:\/\/www.nedgia.es\/ca\/wp-json\/wp\/v2\/pages\/9735"}],"wp:attachment":[{"href":"https:\/\/www.nedgia.es\/ca\/wp-json\/wp\/v2\/media?parent=9544"}],"curies":[{"name":"wp","href":"https:\/\/api.w.org\/{rel}","templated":true}]}}