{"id":9553,"date":"2024-02-15T17:18:54","date_gmt":"2024-02-15T16:18:54","guid":{"rendered":"https:\/\/www.nedgia.es\/vull-gas-ofertes-gas-natural-sala-de-calderes-descentralitzacio-de-la-calefaccio\/"},"modified":"2025-01-16T18:50:53","modified_gmt":"2025-01-16T17:50:53","slug":"descentralitzacio-de-la-calefaccio","status":"publish","type":"page","link":"https:\/\/www.nedgia.es\/ca\/ofertes-gas-natural\/sala-de-calderes\/descentralitzacio-de-la-calefaccio\/","title":{"rendered":"Vull Gas &#8211; Ofertes Gas Natural &#8211; Sala de calderes &#8211; Descentralitzaci\u00f3 de la calefacci\u00f3"},"content":{"rendered":"<script>    var municipio_no_encontrado = \"Municipio no encontrado.\";    var direccion_no_encontrada = \"Direcci\u00f3n no encontrada. No utilices el tipo de v\u00eda como calle, avenida etc. y revisa que est\u00e1 bien escrito.\";        var piso_no_encontrado = \"Piso no encontrado.\";    var campo_obligatorio = \"Campo obligatorio.\";    var email_incorrecto = \"El campo deber\u00eda ser direccion@dominio.es\";    var formato_incorrecto = \"Formato incorrecto\";    var seleccionar_condiciones = \"Debe seleccionar las condiciones legales.\";    var formato_dni = \"El campo deber\u00eda tener el siguiente formato: 12345678Z o Y8237411K\";    var emails_no_coinciden = \"Los emails no coinciden.\";    var telefono_caracteres = \"El tel\u00e9fono debe tener 9 caracteres.\";    var campo_incorrecto = \"Campo incorrecto\";    var escalera = \"Escalera\";    var bloque = \"Bloque\";    var piso = \"Piso\";    var puerta = \"Puerta\";    var NoZonaNedgia = \"Lo sentimos pero tu domicilio no est\u00e1 en la zona donde Nedgia\u00a0 distribuye gas natural. Encuentra la Empresa Distribuidora que te corresponde en el siguiente \";        var link =  \"link\";    var aqui =  \"aqu\u00ed\";    var FincaNoInmuebleCertificadoNo_1 = \"Nos consta que ya tienes gas natural en tu finca. Ahora el siguiente paso ser\u00e1 realizar la instalaci\u00f3n en tu vivienda, contactando con un instalador autorizado. Te explicamos como hacerlo \";    var FincaNoInmuebleCertificadoNo_2 = \"Si la informaci\u00f3n de nuestro sistema no la consideras correcta, ll\u00e1manos al 900 100 252.\";    var FincaEInmueble_1 = \"Nos consta que ya dispones de suministro de gas natural en tu domicilio.\";    var FincaEInmueble_2 = \"Si la informaci\u00f3n de nuestro sistema no la consideras correcta, ll\u00e1manos al 900 100 252.\";        var FincaNoInmuebleCertificadoSi_1 = \"Nos consta que ya tienes la instalaci\u00f3n de gas natural en tu domicilio realizada. Ahora solo te falta gestionar el contrato de gas natural con una empresa comercializadora. Te explicamos como hacerlo. \";    var FincaNoInmuebleCertificadoSi_2 = \"Si la informaci\u00f3n de nuestro sistema no la consideras correcta, ll\u00e1manos al 900 100 252.\";    var SelecNum = \"Selec. Num.\";    var SelecBloqueEscalera = \"Selec. Bloque Escalera Piso Puerta\";    var NumeroPiso = \"N\u00famero\";    var BloqueEscaleraPisoPuerta = \"Bloque Escalera Piso Puerta\";<\/script><script>    var municipio_no_encontrado = \"Municipio no encontrado.\";    var direccion_no_encontrada = \"Direcci\u00f3n no encontrada. No utilices el tipo de v\u00eda como calle, avenida etc. y revisa que est\u00e1 bien escrito.\";    var piso_no_encontrado = \"Piso no encontrado.\";    var campo_obligatorio = \"Campo obligatorio.\";    var email_incorrecto = \"El campo deber\u00eda ser direccion@dominio.es\";    var formato_incorrecto = \"Formato incorrecto\";    var seleccionar_politica_privacidad = \"Debe seleccionar los t\u00e9rminos y condiciones.\";    var seleccionar_condiciones = \"Debe seleccionar las condiciones legales.\";    var formato_dni = \"El campo deber\u00eda tener el siguiente formato: 12345678Z o Y8237411K\";    var emails_no_coinciden = \"Los emails no coinciden.\";    var telefono_caracteres = \"El tel\u00e9fono debe tener 9 caracteres.\";    var campo_incorrecto = \"Campo incorrecto\";    var escalera = \"Escalera\";    var bloque = \"Bloque\";    var piso = \"Piso\";    var puerta = \"Puerta\";    var NoZonaNedgia = \"Lo sentimos pero tu domicilio no est\u00e1 en la zona donde Nedgia\u00a0 distribuye gas natural. Encuentra la Empresa Distribuidora que te corresponde en el siguiente \";    var link = \"link\";    var aqui = \"aqu\u00ed\";    var FincaNoInmuebleCertificadoNo_1 = \"Nos consta que ya tienes gas natural en tu finca. Ahora el siguiente paso ser\u00e1 realizar la instalaci\u00f3n en tu vivienda, contactando con un instalador autorizado. Te explicamos como hacerlo \";    var FincaNoInmuebleCertificadoNo_2 = \"Si la informaci\u00f3n de nuestro sistema no la consideras correcta, ll\u00e1manos al 900 100 252.\";    var FincaEInmueble_1 = \"Nos consta que ya dispones de suministro de gas natural en tu domicilio.\";    var FincaEInmueble_2 = \"Si la informaci\u00f3n de nuestro sistema no la consideras correcta, ll\u00e1manos al 900 100 252.\";    var FincaNoInmuebleCertificadoSi_1 = \"Nos consta que ya tienes la instalaci\u00f3n de gas natural en tu domicilio realizada. Ahora solo te falta gestionar el contrato de gas natural con una empresa comercializadora. Te explicamos como hacerlo. \";    var FincaNoInmuebleCertificadoSi_2 = \"Si la informaci\u00f3n de nuestro sistema no la consideras correcta, ll\u00e1manos al 900 100 252.\";    var SelecNum = \"Selec. Num.\";    var SelecBloqueEscalera = \"Selec. Bloque Escalera Piso Puerta\";    var NumeroPiso = \"N\u00famero\";    var BloqueEscaleraPisoPuerta = \"Bloque Escalera Piso Puerta\";<\/script><section class=\"block-style-1 nedgia-block  wp-block-hero\">    <div class=\"container mx-auto\">        <div class=\"hero-slider swiper\">      <input class=\"sliderAutoplay\" type=\"hidden\" name=\"sliderAutoplay\" value=\"\">      <input class=\"sliderTime\" type=\"hidden\" name=\"sliderTime\" value=\"\">      <input class=\"sliderLoop\" type=\"hidden\" name=\"sliderLoop\" value=\"\">      <div class=\"swiper-wrapper\">          <!-- Slides -->                                    <div class=\"swiper-slide\">                <div class=\"hero-slide-wrapper\">                  <div class=\"hero-content\">                    <div>                                                                                                                                                                                    <div class=\"button-wrapper hero-button-wrapper\">                                                                      <\/div>                    <\/div>                  <\/div>                  <div class=\"hero-image\">                    <div class=\"link-wrapper\">                                          <\/div>                    <figure class=\"hero-cover-image\">                        <img decoding=\"async\" src=\"https:\/\/www.nedgia.es\/wp-content\/uploads\/2024\/02\/oferta-de-descentralizacion-1.jpg\"                            alt=\"Ofertas de descentralizaci\u00f3n energ\u00e9tica\" loading=\"lazy\" \/>                    <\/figure>                                                          <\/div>                                  <\/div>              <\/div>                            <\/div>      <div class=\"hero-swiper-navigation-wrapper\">        <div class=\"hero-swiper-button-wrapper\">          <div class=\"swiper-button-prev\"><span>&nbsp;<\/span><\/div>          <div class=\"swiper-button-next\"><span>&nbsp;<\/span><\/div>        <\/div>        <div class=\"hero-swiper-pagination-wrapper\">          <div class=\"swiper-pagination swiper-pagination-hero\"><\/div>        <\/div>      <\/div>  <\/div>    <\/div>                <\/section>                                <section class=\"nedgia-block  wp-block-content\">    <div class=\"\">        <div class=\"main-content-wrapper\">                  <\/div>    <\/div>                <\/section>                                <section class=\"block-style-5 nedgia-block  wp-block-content\">    <div class=\"container mx-auto\">        <div class=\"main-content-wrapper\">              <div class=\"content-wrapper block-layout-center  \">        <div class=\"content-title-col\">          <div class=\"content-pretitle\">Passa a una energia m\u00e9s neta i econ\u00f2mica.<\/div>                      <h3 class=\"content-title\">#Avui\u00c9sPossibleAmbGas<\/h3>                    <\/div>        <div class=\"content-info-col offset-info\">                      <div class=\"content-description \">                            Informa\u2019t de les ajudes trucant al:<br>900 500 404            <\/div>                            <\/div>      <\/div>              <\/div>    <\/div>                <\/section>                                <section class=\"block-style-2 nedgia-block block-type-numbers  wp-block-content\">    <div class=\"container mx-auto\">        <div class=\"main-content-wrapper\">              <div class=\"content-wrapper block-layout-center content-wrapper-pb-0 \">        <div class=\"content-title-col\">                                <h2 class=\"content-title\">Condicions de l\u2019oferta<\/h2>                    <\/div>        <div class=\"content-info-col \">                            <\/div>      <\/div>                              <div class=\"numbers-content-wrapper\">                                                                              <div class=\"numbers-horizontal-wrapper\">                  <div class=\"numbers-horizontal-number-col numbers-size-large\"><div>01<\/div><\/div>                  <div class=\"numbers-horizontal-text-col\"><div class=\"content-info-wrapper\">                <h3 class=\"title\">L\u2019oferta s\u2019adre\u00e7a a comunitats de propietaris<\/h3>                      <div class=\"description \">        <ul> \t<li>Edificis amb un m\u00ednim de 5 habitatges amb \u00fas centralitzat de la calefacci\u00f3 que vulguin individualitzar-lo i sense gas natural a la finca.<\/li> \t<li>Aplicable a totes les distribu\u00efdores excepte l\u2019Arag\u00f3.<\/li><\/ul>      <\/div>          <\/div><\/div>                <\/div>                                              <div class=\"numbers-horizontal-wrapper content-left\">                  <div class=\"numbers-horizontal-number-col numbers-size-large\"><div>02<\/div><\/div>                  <div class=\"numbers-horizontal-text-col\"><div class=\"content-info-wrapper\">                <h3 class=\"title\">Com pot accedir la meva comunitat a l\u2019oferta?<\/h3>                      <div class=\"description \">        <ul> \t<li>Com a m\u00ednim el 80% dels habitatges de la comunitat s\u2019han d\u2019instal\u00b7lar el gas natural amb peatge d\u2019acc\u00e9s RL2 o RL3.<\/li> \t<li>Cal l\u2019acord de la comunitat de propietaris (CP) en qu\u00e8 s\u2019aprova la construcci\u00f3 de la instal\u00b7laci\u00f3 receptora comuna (IRC) i que sigui propietat de la distribu\u00efdora.<\/li><\/ul>      <\/div>          <\/div><\/div>                <\/div>                                              <div class=\"numbers-horizontal-wrapper\">                  <div class=\"numbers-horizontal-number-col numbers-size-large\"><div>03<\/div><\/div>                  <div class=\"numbers-horizontal-text-col\"><div class=\"content-info-wrapper\">                <h3 class=\"title\">Quina \u00e9s l\u2019aportaci\u00f3 econ\u00f2mica per al client?<\/h3>                      <div class=\"description \">        <ul> \t<li>El client pot rebre des de 350\u00a0\u20ac fins a 750\u00a0\u20ac depenent del consum que facis, el tipus de tarifa que tinguis i la comunitat aut\u00f2noma en qu\u00e8 et trobis.<\/li> \t<li>Si en el teu cas l\u2019\u00fas del gas natural \u00e9s centralitzat, o a la teva comunitat ja hi ha la Instal\u00b7laci\u00f3 Receptora Comunit\u00e0ria de gas (IRC), tamb\u00e9 tenim una oferta per a tu.<\/li><\/ul>      <\/div>          <\/div><\/div>                <\/div>                                        <\/div>                <\/div>    <\/div>                <\/section>                                <section class=\"block-style-2 nedgia-block  wp-block-content\">    <div class=\"container mx-auto\">        <div class=\"main-content-wrapper\">              <div class=\"content-wrapper block-layout-column  \">        <div class=\"content-title-col\">                                <h3 class=\"content-title\">Molt interessant&#8230;<\/h3>                    <\/div>        <div class=\"content-info-col \">                      <div class=\"content-description \">                            Per complir la normativa del Reial Decret 736\/2020 sobre l\u2019\u201cobligatorietat d\u2019incorporar un sistema de comptadors per al control individualitzat de la calefacci\u00f3\u201d, cal instal\u00b7lar repartidors de costos a cada radiador, la qual cosa suposa una inversi\u00f3 elevada. Aprofitant la inversi\u00f3 esmentada, aquest seria un moment ideal per descentralitzar la teva llar i tenir gesti\u00f3 pr\u00f2pia del teu habitatge individual. A m\u00e9s, la tarifa que s\u2019aplica a l\u2019\u00fas dom\u00e8stic, a causa de la situaci\u00f3 actual, t\u00e9 un preu molt m\u00e9s econ\u00f2mic que la tarifa de gran consum, aplicada en comunitats amb calderes centralitzades de gas natural.            <\/div>                            <\/div>      <\/div>              <\/div>    <\/div>                <\/section>                                <section class=\"block-style-6 nedgia-block  wp-block-image-text\">    <div class=\"container mx-auto\">        <div class=\"image-text-wrapper auto-col\">                                    <div class=\"image-text-col-image image-text-col-2 image-md image-padding-off image-h-left image-v-center\">              <figure>                <img decoding=\"async\" src=\"https:\/\/www.nedgia.es\/wp-content\/uploads\/2024\/02\/solicita-tu-instalacion-1.jpg\"                    alt=\"C\u00f3mo solicitar la instalaci\u00f3n de gas en tu hogar\" loading=\"lazy\" \/>            <\/figure>                        <\/div>                                    <div class=\"image-text-col-text image-text-col-2\">                                          <div class=\"content-info-wrapper\">                <h3 class=\"title\">Sol\u00b7licita una oferta personalitzada<\/h3>                    <div class=\"button-wrapper\">        <a class=\"button             button-style-4\" href=\"https:\/\/www.nedgia.es\/ca\/col%c2%b7laboradors\/ofertes-empreses-i-pimes\/formulari-oferta-personalitzada\/\">    <span>Demana gratis el teu pressupost<\/span>    <svg class=\"h-4 w-2\" width=\"8\" height=\"16\" viewBox=\"0 0 8 12\" fill=\"none\" xmlns=\"http:\/\/www.w3.org\/2000\/svg\">  <path d=\"M4.97656 5.99962L0.851562 1.87462L2.0299 0.696289L7.33323 5.99962L2.0299 11.303L0.851562 10.1246L4.97656 5.99962Z\" fill=\"currentColor\"\/><\/svg><\/a>              <\/div>      <\/div>                                    <\/div>                      <\/div>    <\/div>                <\/section>                                ","protected":false},"excerpt":{"rendered":"<p><script>    var municipio_no_encontrado = \"Municipio no encontrado.\";    var direccion_no_encontrada = \"Direcci\u00f3n no encontrada. No utilices el tipo de v\u00eda como calle,<\/script><\/p>\n","protected":false},"author":6,"featured_media":0,"parent":9605,"menu_order":0,"comment_status":"closed","ping_status":"closed","template":"","meta":{"_acf_changed":false,"inline_featured_image":false,"footnotes":""},"class_list":["post-9553","page","type-page","status-publish","hentry"],"acf":[],"_links":{"self":[{"href":"https:\/\/www.nedgia.es\/ca\/wp-json\/wp\/v2\/pages\/9553","targetHints":{"allow":["GET"]}}],"collection":[{"href":"https:\/\/www.nedgia.es\/ca\/wp-json\/wp\/v2\/pages"}],"about":[{"href":"https:\/\/www.nedgia.es\/ca\/wp-json\/wp\/v2\/types\/page"}],"author":[{"embeddable":true,"href":"https:\/\/www.nedgia.es\/ca\/wp-json\/wp\/v2\/users\/6"}],"replies":[{"embeddable":true,"href":"https:\/\/www.nedgia.es\/ca\/wp-json\/wp\/v2\/comments?post=9553"}],"version-history":[{"count":5,"href":"https:\/\/www.nedgia.es\/ca\/wp-json\/wp\/v2\/pages\/9553\/revisions"}],"predecessor-version":[{"id":15948,"href":"https:\/\/www.nedgia.es\/ca\/wp-json\/wp\/v2\/pages\/9553\/revisions\/15948"}],"up":[{"embeddable":true,"href":"https:\/\/www.nedgia.es\/ca\/wp-json\/wp\/v2\/pages\/9605"}],"wp:attachment":[{"href":"https:\/\/www.nedgia.es\/ca\/wp-json\/wp\/v2\/media?parent=9553"}],"curies":[{"name":"wp","href":"https:\/\/api.w.org\/{rel}","templated":true}]}}