{"id":9559,"date":"2024-03-04T07:32:38","date_gmt":"2024-03-04T06:32:38","guid":{"rendered":""},"modified":"2025-01-16T18:42:23","modified_gmt":"2025-01-16T17:42:23","slug":"documentacio","status":"publish","type":"page","link":"https:\/\/www.nedgia.es\/ca\/col%c2%b7laboradors\/ofertes-calderes-centralitzades\/renovacio-sales-de-calderes-client\/documentacio\/","title":{"rendered":"Col\u00b7laboradors &#8211; Ofertas &#8211; Ofertes calderes centralitzades &#8211; Oferta renovaci\u00f3 sales de calderes client &#8211; Documentaci\u00f3"},"content":{"rendered":"<script>    var municipio_no_encontrado = \"Municipio no encontrado.\";    var direccion_no_encontrada = \"Direcci\u00f3n no encontrada. No utilices el tipo de v\u00eda como calle, avenida etc. y revisa que est\u00e1 bien escrito.\";        var piso_no_encontrado = \"Piso no encontrado.\";    var campo_obligatorio = \"Campo obligatorio.\";    var email_incorrecto = \"El campo deber\u00eda ser direccion@dominio.es\";    var formato_incorrecto = \"Formato incorrecto\";    var seleccionar_condiciones = \"Debe seleccionar las condiciones legales.\";    var formato_dni = \"El campo deber\u00eda tener el siguiente formato: 12345678Z o Y8237411K\";    var emails_no_coinciden = \"Los emails no coinciden.\";    var telefono_caracteres = \"El tel\u00e9fono debe tener 9 caracteres.\";    var campo_incorrecto = \"Campo incorrecto\";    var escalera = \"Escalera\";    var bloque = \"Bloque\";    var piso = \"Piso\";    var puerta = \"Puerta\";    var NoZonaNedgia = \"Lo sentimos pero tu domicilio no est\u00e1 en la zona donde Nedgia\u00a0 distribuye gas natural. Encuentra la Empresa Distribuidora que te corresponde en el siguiente \";        var link =  \"link\";    var aqui =  \"aqu\u00ed\";    var FincaNoInmuebleCertificadoNo_1 = \"Nos consta que ya tienes gas natural en tu finca. Ahora el siguiente paso ser\u00e1 realizar la instalaci\u00f3n en tu vivienda, contactando con un instalador autorizado. Te explicamos como hacerlo \";    var FincaNoInmuebleCertificadoNo_2 = \"Si la informaci\u00f3n de nuestro sistema no la consideras correcta, ll\u00e1manos al 900 100 252.\";    var FincaEInmueble_1 = \"Nos consta que ya dispones de suministro de gas natural en tu domicilio.\";    var FincaEInmueble_2 = \"Si la informaci\u00f3n de nuestro sistema no la consideras correcta, ll\u00e1manos al 900 100 252.\";        var FincaNoInmuebleCertificadoSi_1 = \"Nos consta que ya tienes la instalaci\u00f3n de gas natural en tu domicilio realizada. Ahora solo te falta gestionar el contrato de gas natural con una empresa comercializadora. Te explicamos como hacerlo. \";    var FincaNoInmuebleCertificadoSi_2 = \"Si la informaci\u00f3n de nuestro sistema no la consideras correcta, ll\u00e1manos al 900 100 252.\";    var SelecNum = \"Selec. Num.\";    var SelecBloqueEscalera = \"Selec. Bloque Escalera Piso Puerta\";    var NumeroPiso = \"N\u00famero\";    var BloqueEscaleraPisoPuerta = \"Bloque Escalera Piso Puerta\";<\/script><script>    var municipio_no_encontrado = \"Municipio no encontrado.\";    var direccion_no_encontrada = \"Direcci\u00f3n no encontrada. No utilices el tipo de v\u00eda como calle, avenida etc. y revisa que est\u00e1 bien escrito.\";    var piso_no_encontrado = \"Piso no encontrado.\";    var campo_obligatorio = \"Campo obligatorio.\";    var email_incorrecto = \"El campo deber\u00eda ser direccion@dominio.es\";    var formato_incorrecto = \"Formato incorrecto\";    var seleccionar_politica_privacidad = \"Debe seleccionar los t\u00e9rminos y condiciones.\";    var seleccionar_condiciones = \"Debe seleccionar las condiciones legales.\";    var formato_dni = \"El campo deber\u00eda tener el siguiente formato: 12345678Z o Y8237411K\";    var emails_no_coinciden = \"Los emails no coinciden.\";    var telefono_caracteres = \"El tel\u00e9fono debe tener 9 caracteres.\";    var campo_incorrecto = \"Campo incorrecto\";    var escalera = \"Escalera\";    var bloque = \"Bloque\";    var piso = \"Piso\";    var puerta = \"Puerta\";    var NoZonaNedgia = \"Lo sentimos pero tu domicilio no est\u00e1 en la zona donde Nedgia\u00a0 distribuye gas natural. Encuentra la Empresa Distribuidora que te corresponde en el siguiente \";    var link = \"link\";    var aqui = \"aqu\u00ed\";    var FincaNoInmuebleCertificadoNo_1 = \"Nos consta que ya tienes gas natural en tu finca. Ahora el siguiente paso ser\u00e1 realizar la instalaci\u00f3n en tu vivienda, contactando con un instalador autorizado. Te explicamos como hacerlo \";    var FincaNoInmuebleCertificadoNo_2 = \"Si la informaci\u00f3n de nuestro sistema no la consideras correcta, ll\u00e1manos al 900 100 252.\";    var FincaEInmueble_1 = \"Nos consta que ya dispones de suministro de gas natural en tu domicilio.\";    var FincaEInmueble_2 = \"Si la informaci\u00f3n de nuestro sistema no la consideras correcta, ll\u00e1manos al 900 100 252.\";    var FincaNoInmuebleCertificadoSi_1 = \"Nos consta que ya tienes la instalaci\u00f3n de gas natural en tu domicilio realizada. Ahora solo te falta gestionar el contrato de gas natural con una empresa comercializadora. Te explicamos como hacerlo. \";    var FincaNoInmuebleCertificadoSi_2 = \"Si la informaci\u00f3n de nuestro sistema no la consideras correcta, ll\u00e1manos al 900 100 252.\";    var SelecNum = \"Selec. Num.\";    var SelecBloqueEscalera = \"Selec. Bloque Escalera Piso Puerta\";    var NumeroPiso = \"N\u00famero\";    var BloqueEscaleraPisoPuerta = \"Bloque Escalera Piso Puerta\";<\/script><section class=\"block-style-3 nedgia-block  wp-block-hero-simple\">    <div class=\"container mx-auto\">        <div class=\"hero-simple-wrapper block-layout-column\">        <div class=\"hero-title-col\">          <div class=\"hero-pretitle\">Oferta de renovaci\u00f3 de la sala de calderes<\/div>                      <p class=\"hero-title md:text-4xl lg:text-5xl font-FSEmeric\">Documentaci\u00f3<\/p>                    <\/div>        <div class=\"hero-info-col\">                    <div class=\"button-wrapper hero-button-wrapper\">                                  <\/div>        <\/div>    <\/div>    <\/div>                <\/section>                                <section class=\"block-style-5 nedgia-block  wp-block-content\">    <div class=\"container mx-auto\">        <div class=\"main-content-wrapper\">              <div class=\"content-wrapper block-layout-center  \">        <div class=\"content-title-col\">          <div class=\"content-pretitle\">Posem a la teva disposici\u00f3 i a la dels teus clients l\u2019oferta seg\u00fcent per renovar les sales de calderes de les comunitats de propietaris<\/div>                      <h2 class=\"content-title\">Oferta v\u00e1lida hasta el 31 de Marzo de 2024<\/h2>                    <\/div>        <div class=\"content-info-col offset-info\">                            <\/div>      <\/div>              <\/div>    <\/div>                <\/section>                                <section class=\"block-style-1 nedgia-block block-type-accordion  wp-block-content\">    <div class=\"container mx-auto\">        <div class=\"main-content-wrapper\">                                  <div  class=\"accordion-content-wrapper  accordion-block  accordion-bottom  \"  data-accordion-auto-close=\"\"  data-accordion-start=\"0\">  <div class=\"accordion-main-wrapper\">                    <div class=\"accordion-wrapper accordion-default\">                <div class=\"accordion-header-wrapper\">          <div class=\"accordion-header-wrapper-inner\">                        <div class=\"accordion-header-text\">              <div class=\"accordion-header-title\">Andalusia<\/div>                                        <\/div>          <\/div>        <\/div>                <div class=\"accordion-body-wrapper\">                                                                                                                                                        <div class=\"accordion-rows-wrapper\">                                                                                                                                      <div class=\"row-link\">                                                                                <a href=\"https:\/\/www.nedgia.es\/wp-content\/uploads\/2024\/02\/SUBVENCION_CCEE_CC_AND_2023.pdf\" target=\"_blank\">Veure condicions econ\u00f2miques<\/a>                                                                          <\/div>                                                                                                                                    <\/div>                                                                                                                          <\/div>      <\/div>            <div class=\"accordion-wrapper accordion-default\">                <div class=\"accordion-header-wrapper\">          <div class=\"accordion-header-wrapper-inner\">                        <div class=\"accordion-header-text\">              <div class=\"accordion-header-title\">Castella-la Manxa<\/div>                                        <\/div>          <\/div>        <\/div>                <div class=\"accordion-body-wrapper\">                                                                                                                                                        <div class=\"accordion-rows-wrapper\">                                                                  <p class=\"row-title\">Excepte Toledo<\/p>                                                                                                                                        <div class=\"row-link\">                                                                                <a href=\"https:\/\/www.nedgia.es\/wp-content\/uploads\/2024\/02\/SUBVENCION_CCEE_CC_CLM_MENOS_TOLEDO_2023.pdf\" target=\"_blank\">Veure condicions econ\u00f2miques<\/a>                                                                          <\/div>                                                                                                                                    <\/div>                                                                                                                          <\/div>      <\/div>            <div class=\"accordion-wrapper accordion-default\">                <div class=\"accordion-header-wrapper\">          <div class=\"accordion-header-wrapper-inner\">                        <div class=\"accordion-header-text\">              <div class=\"accordion-header-title\">Castella i Lle\u00f3<\/div>                                        <\/div>          <\/div>        <\/div>                <div class=\"accordion-body-wrapper\">                                                                                                                                                        <div class=\"accordion-rows-wrapper\">                                                                  <p class=\"row-title\">Excepte Pal\u00e8ncia<\/p>                                                                                                                                        <div class=\"row-link\">                                                                                <a href=\"https:\/\/www.nedgia.es\/wp-content\/uploads\/2024\/02\/SUBVENCION_CCEE_CC_CYL_2023_CASTILLA_LEON.pdf\" target=\"_blank\">Veure condicions econ\u00f2miques<\/a>                                                                          <\/div>                                                                                                                                    <\/div>                                                                                                                          <\/div>      <\/div>            <div class=\"accordion-wrapper accordion-default\">                <div class=\"accordion-header-wrapper\">          <div class=\"accordion-header-wrapper-inner\">                        <div class=\"accordion-header-text\">              <div class=\"accordion-header-title\">Catalunya<\/div>                                        <\/div>          <\/div>        <\/div>                <div class=\"accordion-body-wrapper\">                                                                                                                                                        <div class=\"accordion-rows-wrapper\">                                                                                                                                      <div class=\"row-link\">                                                                                <a href=\"https:\/\/www.nedgia.es\/wp-content\/uploads\/2024\/02\/SUBVENCION_CCEE_CC_CAT_2023.pdf\" target=\"_blank\">Veure condicions econ\u00f2miques<\/a>                                                                          <\/div>                                                                                                                                    <\/div>                                                                                                                          <\/div>      <\/div>            <div class=\"accordion-wrapper accordion-default\">                <div class=\"accordion-header-wrapper\">          <div class=\"accordion-header-wrapper-inner\">                        <div class=\"accordion-header-text\">              <div class=\"accordion-header-title\">Gal\u00edcia<\/div>                                        <\/div>          <\/div>        <\/div>                <div class=\"accordion-body-wrapper\">                                                                                                                                                        <div class=\"accordion-rows-wrapper\">                                                                  <p class=\"row-title\">Ourense i Pontevedra<\/p>                                                                                                                                        <div class=\"row-link\">                                                                                <a href=\"https:\/\/www.nedgia.es\/wp-content\/uploads\/2024\/02\/SUBVENCION_CCEE_CC_GAL_2023.pdf\" target=\"_blank\">Veure condicions econ\u00f2miques<\/a>                                                                          <\/div>                                                                                                                                    <\/div>                                                                                                                          <\/div>      <\/div>            <div class=\"accordion-wrapper accordion-default\">                <div class=\"accordion-header-wrapper\">          <div class=\"accordion-header-wrapper-inner\">                        <div class=\"accordion-header-text\">              <div class=\"accordion-header-title\">La Rioja<\/div>                                        <\/div>          <\/div>        <\/div>                <div class=\"accordion-body-wrapper\">                                                                                                                                                        <div class=\"accordion-rows-wrapper\">                                                                                                                                      <div class=\"row-link\">                                                                                <a href=\"https:\/\/www.nedgia.es\/wp-content\/uploads\/2024\/02\/SUBVENCION_CCEE_CC_RIO_2023.pdf\" target=\"_blank\">Veure condicions econ\u00f2miques (Subvenci\u00f3)<\/a>                                                                          <\/div>                                                                                                          <div class=\"row-link\">                                                                                <a href=\"https:\/\/www.nedgia.es\/wp-content\/uploads\/2024\/02\/TRANSFERENCIA_CCEE_CC_RIO_2023.pdf\" target=\"_blank\">Veure condicions econ\u00f2miques (Transfer\u00e8ncia)<\/a>                                                                          <\/div>                                                                                                                                    <\/div>                                                                                                                          <\/div>      <\/div>            <div class=\"accordion-wrapper accordion-default\">                <div class=\"accordion-header-wrapper\">          <div class=\"accordion-header-wrapper-inner\">                        <div class=\"accordion-header-text\">              <div class=\"accordion-header-title\">Navarra<\/div>                                        <\/div>          <\/div>        <\/div>                <div class=\"accordion-body-wrapper\">                                                                                                                                                        <div class=\"accordion-rows-wrapper\">                                                                                                                                      <div class=\"row-link\">                                                                                <a href=\"https:\/\/www.nedgia.es\/wp-content\/uploads\/2024\/02\/SUBVENCION_CCEE_CC_NAV_2023.pdf\" target=\"_blank\">Veure condicions econ\u00f2miques (Subvenci\u00f3)<\/a>                                                                          <\/div>                                                                                                          <div class=\"row-link\">                                                                                <a href=\"https:\/\/www.nedgia.es\/wp-content\/uploads\/2024\/02\/TRANSFERENCIA_CCEE_CC_NAV_2023.pdf\" target=\"_blank\">Veure condicions econ\u00f2miques (Transfer\u00e8ncia)<\/a>                                                                          <\/div>                                                                                                                                    <\/div>                                                                                                                          <\/div>      <\/div>            <\/div><\/div>                <\/div>    <\/div>                <\/section>                                <section class=\"block-style-6 nedgia-block  wp-block-image-text\">    <div class=\"container mx-auto\">        <div class=\"image-text-wrapper \">                                  <div class=\"image-text-col-text image-text-col-2\">                                          <div class=\"content-info-wrapper\">      <div class=\"pretitle\">Passa a una energia m\u00e9s neta i econ\u00f2mica, #Avui\u00c9sPossibleAmbGas<\/div>          <p class=\"title\">Informa\u2019t de les ajudes trucant al:900 500 404<\/p>                <\/div>                                    <\/div>                                      <div class=\"image-text-col-image image-text-col-2 image-lg image-padding-off image-h-center image-v-center\">              <figure>                <img decoding=\"async\" src=\"https:\/\/www.nedgia.es\/wp-content\/uploads\/2024\/02\/informate.jpg\"                    alt=\"Informaci\u00f3n clave sobre el gas natural y su uso\" loading=\"lazy\" \/>            <\/figure>                        <\/div>                      <\/div>    <\/div>                <\/section>                                ","protected":false},"excerpt":{"rendered":"<p><script>    var municipio_no_encontrado = \"Municipio no encontrado.\";    var direccion_no_encontrada = \"Direcci\u00f3n no encontrada. No utilices el tipo de v\u00eda como calle,<\/script><\/p>\n","protected":false},"author":6,"featured_media":0,"parent":7022,"menu_order":0,"comment_status":"closed","ping_status":"closed","template":"","meta":{"_acf_changed":false,"inline_featured_image":false,"footnotes":""},"class_list":["post-9559","page","type-page","status-publish","hentry"],"acf":[],"_links":{"self":[{"href":"https:\/\/www.nedgia.es\/ca\/wp-json\/wp\/v2\/pages\/9559","targetHints":{"allow":["GET"]}}],"collection":[{"href":"https:\/\/www.nedgia.es\/ca\/wp-json\/wp\/v2\/pages"}],"about":[{"href":"https:\/\/www.nedgia.es\/ca\/wp-json\/wp\/v2\/types\/page"}],"author":[{"embeddable":true,"href":"https:\/\/www.nedgia.es\/ca\/wp-json\/wp\/v2\/users\/6"}],"replies":[{"embeddable":true,"href":"https:\/\/www.nedgia.es\/ca\/wp-json\/wp\/v2\/comments?post=9559"}],"version-history":[{"count":1,"href":"https:\/\/www.nedgia.es\/ca\/wp-json\/wp\/v2\/pages\/9559\/revisions"}],"predecessor-version":[{"id":9560,"href":"https:\/\/www.nedgia.es\/ca\/wp-json\/wp\/v2\/pages\/9559\/revisions\/9560"}],"up":[{"embeddable":true,"href":"https:\/\/www.nedgia.es\/ca\/wp-json\/wp\/v2\/pages\/7022"}],"wp:attachment":[{"href":"https:\/\/www.nedgia.es\/ca\/wp-json\/wp\/v2\/media?parent=9559"}],"curies":[{"name":"wp","href":"https:\/\/api.w.org\/{rel}","templated":true}]}}