{"id":9629,"date":"2024-02-25T08:03:57","date_gmt":"2024-02-25T07:03:57","guid":{"rendered":"https:\/\/www.nedgia.es\/col%c2%b7laboradors-gestions-procediment-per-a-una-nova-alta-de-gas\/"},"modified":"2025-01-16T18:42:11","modified_gmt":"2025-01-16T17:42:11","slug":"procediment-per-a-una-nova-alta-de-gas","status":"publish","type":"page","link":"https:\/\/www.nedgia.es\/ca\/col%c2%b7laboradors\/procediment-per-a-una-nova-alta-de-gas\/","title":{"rendered":"Col\u00b7laboradors &#8211; Gestions &#8211; Procediment per a una nova alta de gas"},"content":{"rendered":"<script>    var municipio_no_encontrado = \"Municipio no encontrado.\";    var direccion_no_encontrada = \"Direcci\u00f3n no encontrada. No utilices el tipo de v\u00eda como calle, avenida etc. y revisa que est\u00e1 bien escrito.\";        var piso_no_encontrado = \"Piso no encontrado.\";    var campo_obligatorio = \"Campo obligatorio.\";    var email_incorrecto = \"El campo deber\u00eda ser direccion@dominio.es\";    var formato_incorrecto = \"Formato incorrecto\";    var seleccionar_condiciones = \"Debe seleccionar las condiciones legales.\";    var formato_dni = \"El campo deber\u00eda tener el siguiente formato: 12345678Z o Y8237411K\";    var emails_no_coinciden = \"Los emails no coinciden.\";    var telefono_caracteres = \"El tel\u00e9fono debe tener 9 caracteres.\";    var campo_incorrecto = \"Campo incorrecto\";    var escalera = \"Escalera\";    var bloque = \"Bloque\";    var piso = \"Piso\";    var puerta = \"Puerta\";    var NoZonaNedgia = \"Lo sentimos pero tu domicilio no est\u00e1 en la zona donde Nedgia\u00a0 distribuye gas natural. Encuentra la Empresa Distribuidora que te corresponde en el siguiente \";        var link =  \"link\";    var aqui =  \"aqu\u00ed\";    var FincaNoInmuebleCertificadoNo_1 = \"Nos consta que ya tienes gas natural en tu finca. Ahora el siguiente paso ser\u00e1 realizar la instalaci\u00f3n en tu vivienda, contactando con un instalador autorizado. Te explicamos como hacerlo \";    var FincaNoInmuebleCertificadoNo_2 = \"Si la informaci\u00f3n de nuestro sistema no la consideras correcta, ll\u00e1manos al 900 100 252.\";    var FincaEInmueble_1 = \"Nos consta que ya dispones de suministro de gas natural en tu domicilio.\";    var FincaEInmueble_2 = \"Si la informaci\u00f3n de nuestro sistema no la consideras correcta, ll\u00e1manos al 900 100 252.\";        var FincaNoInmuebleCertificadoSi_1 = \"Nos consta que ya tienes la instalaci\u00f3n de gas natural en tu domicilio realizada. Ahora solo te falta gestionar el contrato de gas natural con una empresa comercializadora. Te explicamos como hacerlo. \";    var FincaNoInmuebleCertificadoSi_2 = \"Si la informaci\u00f3n de nuestro sistema no la consideras correcta, ll\u00e1manos al 900 100 252.\";    var SelecNum = \"Selec. Num.\";    var SelecBloqueEscalera = \"Selec. Bloque Escalera Piso Puerta\";    var NumeroPiso = \"N\u00famero\";    var BloqueEscaleraPisoPuerta = \"Bloque Escalera Piso Puerta\";<\/script><script>    var municipio_no_encontrado = \"Municipio no encontrado.\";    var direccion_no_encontrada = \"Direcci\u00f3n no encontrada. No utilices el tipo de v\u00eda como calle, avenida etc. y revisa que est\u00e1 bien escrito.\";    var piso_no_encontrado = \"Piso no encontrado.\";    var campo_obligatorio = \"Campo obligatorio.\";    var email_incorrecto = \"El campo deber\u00eda ser direccion@dominio.es\";    var formato_incorrecto = \"Formato incorrecto\";    var seleccionar_politica_privacidad = \"Debe seleccionar los t\u00e9rminos y condiciones.\";    var seleccionar_condiciones = \"Debe seleccionar las condiciones legales.\";    var formato_dni = \"El campo deber\u00eda tener el siguiente formato: 12345678Z o Y8237411K\";    var emails_no_coinciden = \"Los emails no coinciden.\";    var telefono_caracteres = \"El tel\u00e9fono debe tener 9 caracteres.\";    var campo_incorrecto = \"Campo incorrecto\";    var escalera = \"Escalera\";    var bloque = \"Bloque\";    var piso = \"Piso\";    var puerta = \"Puerta\";    var NoZonaNedgia = \"Lo sentimos pero tu domicilio no est\u00e1 en la zona donde Nedgia\u00a0 distribuye gas natural. Encuentra la Empresa Distribuidora que te corresponde en el siguiente \";    var link = \"link\";    var aqui = \"aqu\u00ed\";    var FincaNoInmuebleCertificadoNo_1 = \"Nos consta que ya tienes gas natural en tu finca. Ahora el siguiente paso ser\u00e1 realizar la instalaci\u00f3n en tu vivienda, contactando con un instalador autorizado. Te explicamos como hacerlo \";    var FincaNoInmuebleCertificadoNo_2 = \"Si la informaci\u00f3n de nuestro sistema no la consideras correcta, ll\u00e1manos al 900 100 252.\";    var FincaEInmueble_1 = \"Nos consta que ya dispones de suministro de gas natural en tu domicilio.\";    var FincaEInmueble_2 = \"Si la informaci\u00f3n de nuestro sistema no la consideras correcta, ll\u00e1manos al 900 100 252.\";    var FincaNoInmuebleCertificadoSi_1 = \"Nos consta que ya tienes la instalaci\u00f3n de gas natural en tu domicilio realizada. Ahora solo te falta gestionar el contrato de gas natural con una empresa comercializadora. Te explicamos como hacerlo. \";    var FincaNoInmuebleCertificadoSi_2 = \"Si la informaci\u00f3n de nuestro sistema no la consideras correcta, ll\u00e1manos al 900 100 252.\";    var SelecNum = \"Selec. Num.\";    var SelecBloqueEscalera = \"Selec. Bloque Escalera Piso Puerta\";    var NumeroPiso = \"N\u00famero\";    var BloqueEscaleraPisoPuerta = \"Bloque Escalera Piso Puerta\";<\/script><section class=\"block-style-3 nedgia-block  wp-block-hero-simple\">    <div class=\"container mx-auto\">        <div class=\"hero-simple-wrapper block-layout-column\">        <div class=\"hero-title-col\">                                <h1 class=\"hero-title md:text-4xl lg:text-5xl font-FSEmeric\">Procedimiento para un nuevo alta de gas<\/h1>                    <\/div>        <div class=\"hero-info-col\">          <div class=\"hero-description\">Procedimiento para un nuevo alta de gas<\/div>          <div class=\"button-wrapper hero-button-wrapper\">                                  <\/div>        <\/div>    <\/div>    <\/div>                <\/section>                                <section class=\"block-style-5 nedgia-block        wp-block-horizontal-nav                  is-horizontal\" data-scrollspy=\"\">    <div class=\"container mx-auto\">        <div class=\"horizontal-nav-wrapper nav-style-links   nav-align-center\">                    <nav>          <ul class=\"navigation-horizontal nav-align-center\">                                          <li class=\"horizontal-nav-item active \">                                      <a href=\"https:\/\/www.nedgia.es\/ca\/col%c2%b7laboradors\/procediment-per-a-una-nova-alta-de-gas\/\"                      target=\"\"                      class=\"nav-item  \"                    >                      Procedimiento para un nuevo alta de gas                    <\/a>                                  <\/li>                              <li class=\"horizontal-nav-item inactive \">                                      <a href=\"https:\/\/www.nedgia.es\/ca\/col%c2%b7laboradors\/documents-que-cal-presentar-per-tramitar-una-alta-de-gas\/\"                      target=\"\"                      class=\"nav-item  \"                    >                      Documentos a presentar                    <\/a>                                  <\/li>                              <li class=\"horizontal-nav-item inactive \">                                      <a href=\"https:\/\/www.nedgia.es\/ca\/col%c2%b7laboradors\/manuals-i-videotutorials-per-tramitar-una-alta-de-gas\/\"                      target=\"\"                      class=\"nav-item  \"                    >                      Manuales y videotutoriales                    <\/a>                                  <\/li>                                    <\/ul>        <\/nav>          <\/div>    <\/div>                <\/section>                                <section class=\"block-style-2 nedgia-block block-type-numbers  wp-block-content\">    <div class=\"container mx-auto\">        <div class=\"main-content-wrapper\">              <div class=\"content-wrapper block-layout-center content-wrapper-pb-0 \">        <div class=\"content-title-col\">                                <h2 class=\"content-title\">Procedimiento para un nuevo alta de gas, sin acometida\/red de gas<\/h2>                    <\/div>        <div class=\"content-info-col \">                            <\/div>      <\/div>                              <div class=\"numbers-content-wrapper\">                                                    <div class=\"numbers-vertical-grid-wrapper\">                                                                                                    <div class=\"numbers-vertical-wrapper\">                        <div class=\"numbers-vertical-number-col numbers-size-small\"><div>01<\/div><\/div>                        <div class=\"numbers-vertical-text-col\"><div class=\"content-info-wrapper\">                          <div class=\"description \">        Si el punto de suministro no cuenta con una conexi\u00f3n de gas, necesitar\u00e1s proporcionar la ubicaci\u00f3n donde se ubicar\u00e1 la conexi\u00f3n. Nedgia elaborar\u00e1 un presupuesto para la extensi\u00f3n de la red de gas correspondiente.      <\/div>          <\/div><\/div>                      <\/div>                                                                <div class=\"numbers-vertical-wrapper\">                        <div class=\"numbers-vertical-number-col numbers-size-small\"><div>02<\/div><\/div>                        <div class=\"numbers-vertical-text-col\"><div class=\"content-info-wrapper\">                          <div class=\"description \">        El cliente deber\u00e1 aceptar el presupuesto de extensi\u00f3n de red.      <\/div>          <\/div><\/div>                      <\/div>                                                                <div class=\"numbers-vertical-wrapper\">                        <div class=\"numbers-vertical-number-col numbers-size-small\"><div>03<\/div><\/div>                        <div class=\"numbers-vertical-text-col\"><div class=\"content-info-wrapper\">                          <div class=\"description \">        El instalador deber\u00e1 informar los certificados de instalaci\u00f3n interior e instalaci\u00f3n comun.      <\/div>          <\/div><\/div>                      <\/div>                                                                <div class=\"numbers-vertical-wrapper\">                        <div class=\"numbers-vertical-number-col numbers-size-small\"><div>04<\/div><\/div>                        <div class=\"numbers-vertical-text-col\"><div class=\"content-info-wrapper\">                          <div class=\"description \">        Nedgia proceder\u00e1 a pedir las licencias y ejecutar la obra necesaria.      <\/div>          <\/div><\/div>                      <\/div>                                                                <div class=\"numbers-vertical-wrapper\">                        <div class=\"numbers-vertical-number-col numbers-size-small\"><div>05<\/div><\/div>                        <div class=\"numbers-vertical-text-col\"><div class=\"content-info-wrapper\">                          <div class=\"description \">        Nedgia ejecutar\u00e1 la puesta en gas.      <\/div>              <div class=\"button-wrapper\">              <\/div>      <\/div><\/div>                      <\/div>                                                      <\/div>                            <\/div>                <\/div>    <\/div>                <\/section>                                <section class=\"block-style-2 nedgia-block block-type-numbers  wp-block-content\">    <div class=\"container mx-auto\">        <div class=\"main-content-wrapper\">              <div class=\"content-wrapper block-layout-center content-wrapper-pb-0 \">        <div class=\"content-title-col\">                                <h2 class=\"content-title\">Procedimiento para un nuevo alta de gas, con acometida\/red de gas<\/h2>                    <\/div>        <div class=\"content-info-col \">                            <\/div>      <\/div>                              <div class=\"numbers-content-wrapper\">                                                    <div class=\"numbers-vertical-grid-wrapper\">                                                                                                    <div class=\"numbers-vertical-wrapper\">                        <div class=\"numbers-vertical-number-col numbers-size-small\"><div>01<\/div><\/div>                        <div class=\"numbers-vertical-text-col\"><div class=\"content-info-wrapper\">                          <div class=\"description \">         Si tu punto de suministro ya cuenta con una conexi\u00f3n de red: 1.1 Si el cliente y\/o cuenta con oferta ser\u00e1 imprescindible que proporciones el certificado de instalaci\u00f3n interior correspondiente. 1.2 En caso de que no haya una oferta vinculada, tendr\u00e1s la opci\u00f3n de dejarlo con el cliente para que lo presente durante la puesta en marcha del suministro de gas.      <\/div>          <\/div><\/div>                      <\/div>                                                                <div class=\"numbers-vertical-wrapper\">                        <div class=\"numbers-vertical-number-col numbers-size-small\"><div>02<\/div><\/div>                        <div class=\"numbers-vertical-text-col\"><div class=\"content-info-wrapper\">                          <div class=\"description \">        El cliente deber\u00e1 contactar con su comercializadora para contratar el gas natural.      <\/div>          <\/div><\/div>                      <\/div>                                                                <div class=\"numbers-vertical-wrapper\">                        <div class=\"numbers-vertical-number-col numbers-size-small\"><div>03<\/div><\/div>                        <div class=\"numbers-vertical-text-col\"><div class=\"content-info-wrapper\">                          <div class=\"description \">        Cuando Nedgia reciba la informaci\u00f3n de la comercializadora, se pondr\u00e1 en marcha para poner en gas el punto de suministro.      <\/div>          <\/div><\/div>                      <\/div>                                                      <\/div>                            <\/div>                <\/div>    <\/div>                <\/section>                                <section class=\"block-style-3 nedgia-block block-type-cards  wp-block-content\">    <div class=\"container mx-auto\">        <div class=\"main-content-wrapper\">              <div class=\"content-wrapper block-layout-center content-wrapper-pb-0 \">        <div class=\"content-title-col\">          <div class=\"content-pretitle\">En cas de dubte sobre cap dada o documentaci\u00f3, tens a la teva disposici\u00f3 el Canal Acerca, la nostra plataforma multicanal de suport a empreses col\u00b7laboradores.<\/div>                  <\/div>        <div class=\"content-info-col offset-info\">                            <\/div>      <\/div>                              <div class=\"cards-content-wrapper cards-style-1\">  <div class=\"cards-slider cards-slider-3 swiper\">    <input class=\"itemCols\" type=\"hidden\" name=\"itemCols\" value=\"4\">    <input class=\"itemRows\" type=\"hidden\" name=\"itemRows\" value=\"1\">    <input class=\"itemGap\" type=\"hidden\" name=\"itemGap\" value=\"25\">    <div class=\"swiper-wrapper manual-wrapper\">      <!-- Slides -->                                                              <div class=\"swiper-slide cards-type-basic-slide\">\t    <div class=\"card-slide-wrapper cards-type-basic-wrapper\" data-ccaa=\"\">      <div class=\"card-content\">        <div>          <div class=\"card-top-info\">                                                              <\/div>          <div class=\"card-bottom-info \">                          <h3 class=\"card-title\">Normatives per a contractaci\u00f3<\/h3>                                                    <div class=\"flex pt-5 card-button-wrapper\">                                      <a class=\"button                             button-style-2\" target=\"_blank\" href=\"\/wp-content\/uploads\/2024\/03\/documentacion_nuevos_puntos_suministro_cast.pdf\">    <span>Per saber-ne m\u00e9s<\/span>    <svg class=\"h-4 w-2\" width=\"8\" height=\"16\" viewBox=\"0 0 8 12\" fill=\"none\" xmlns=\"http:\/\/www.w3.org\/2000\/svg\">  <path d=\"M4.97656 5.99962L0.851562 1.87462L2.0299 0.696289L7.33323 5.99962L2.0299 11.303L0.851562 10.1246L4.97656 5.99962Z\" fill=\"currentColor\"\/><\/svg><\/a>                                <\/div>                      <\/div>        <\/div>      <\/div>    <\/div>  <\/div>                                  <div class=\"swiper-slide cards-type-basic-slide\">\t    <div class=\"card-slide-wrapper cards-type-basic-wrapper\" data-ccaa=\"\">      <div class=\"card-content\">        <div>          <div class=\"card-top-info\">                                                              <\/div>          <div class=\"card-bottom-info \">                          <h3 class=\"card-title\">Documents per a sol\u00b7licituds de gas<\/h3>                                                    <div class=\"flex pt-5 card-button-wrapper\">                                      <a class=\"button                             button-style-2\" href=\"https:\/\/www.nedgia.es\/ca\/col%c2%b7laboradors\/documents-que-cal-presentar-per-tramitar-una-alta-de-gas\/\">    <span>Per saber-ne m\u00e9s<\/span>    <svg class=\"h-4 w-2\" width=\"8\" height=\"16\" viewBox=\"0 0 8 12\" fill=\"none\" xmlns=\"http:\/\/www.w3.org\/2000\/svg\">  <path d=\"M4.97656 5.99962L0.851562 1.87462L2.0299 0.696289L7.33323 5.99962L2.0299 11.303L0.851562 10.1246L4.97656 5.99962Z\" fill=\"currentColor\"\/><\/svg><\/a>                                <\/div>                      <\/div>        <\/div>      <\/div>    <\/div>  <\/div>                                  <div class=\"swiper-slide cards-type-basic-slide\">\t    <div class=\"card-slide-wrapper cards-type-basic-wrapper\" data-ccaa=\"\">      <div class=\"card-content\">        <div>          <div class=\"card-top-info\">                                                              <\/div>          <div class=\"card-bottom-info \">                          <h3 class=\"card-title\">Gestiona un subministrament<\/h3>                                                    <div class=\"flex pt-5 card-button-wrapper\">                                      <a class=\"button                             button-style-2\" target=\"_blank\" href=\"https:\/\/oficinavirtual.nedgia.es\/#!\/login\">    <span>Per saber-ne m\u00e9s<\/span>    <svg class=\"h-4 w-2\" width=\"8\" height=\"16\" viewBox=\"0 0 8 12\" fill=\"none\" xmlns=\"http:\/\/www.w3.org\/2000\/svg\">  <path d=\"M4.97656 5.99962L0.851562 1.87462L2.0299 0.696289L7.33323 5.99962L2.0299 11.303L0.851562 10.1246L4.97656 5.99962Z\" fill=\"currentColor\"\/><\/svg><\/a>                                <\/div>                      <\/div>        <\/div>      <\/div>    <\/div>  <\/div>                                  <div class=\"swiper-slide cards-type-basic-slide\">\t    <div class=\"card-slide-wrapper cards-type-basic-wrapper\" data-ccaa=\"\">      <div class=\"card-content\">        <div>          <div class=\"card-top-info\">                                                              <\/div>          <div class=\"card-bottom-info \">                          <h3 class=\"card-title\">Tarifes de contractaci\u00f3<\/h3>                                                    <div class=\"flex pt-5 card-button-wrapper\">                                      <a class=\"button                             button-style-2\" href=\"https:\/\/www.nedgia.es\/ca\/col%c2%b7laboradors\/tarifes-de-contractacio\/\">    <span>Per saber-ne m\u00e9s<\/span>    <svg class=\"h-4 w-2\" width=\"8\" height=\"16\" viewBox=\"0 0 8 12\" fill=\"none\" xmlns=\"http:\/\/www.w3.org\/2000\/svg\">  <path d=\"M4.97656 5.99962L0.851562 1.87462L2.0299 0.696289L7.33323 5.99962L2.0299 11.303L0.851562 10.1246L4.97656 5.99962Z\" fill=\"currentColor\"\/><\/svg><\/a>                                <\/div>                      <\/div>        <\/div>      <\/div>    <\/div>  <\/div>                                                <\/div>    <div class=\"swiper-navigation-wrapper\">  <div class=\"swiper-button-wrapper\">    <div class=\"swiper-button-prev\"><span>&nbsp;<\/span><\/div>    <div class=\"swiper-button-next\"><span>&nbsp;<\/span><\/div>  <\/div>  <div class=\"swiper-pagination-wrapper\">    <div class=\"swiper-pagination\"><\/div>  <\/div><\/div>  <\/div>  <\/div>                <\/div>    <\/div>                <\/section>                                <section class=\"block-style-7 nedgia-block  wp-block-image-text\">    <div class=\"container mx-auto\">        <div class=\"image-text-wrapper \">                                  <div class=\"image-text-col-text image-text-col-2\">                                          <div class=\"content-info-wrapper\">                <h2 class=\"title\">Accedeix a l&#8217;\u00e0rea privada de col\u00b7laboradors<\/h2>                    <div class=\"button-wrapper\">        <a class=\"button             button-style-1\" target=\"_blank\" href=\"https:\/\/oficinavirtual.nedgia.es\/#!\/login\">    <span>\u00c0rea privada col\u00b7laboradors<\/span>    <svg class=\"h-4 w-2\" width=\"8\" height=\"16\" viewBox=\"0 0 8 12\" fill=\"none\" xmlns=\"http:\/\/www.w3.org\/2000\/svg\">  <path d=\"M4.97656 5.99962L0.851562 1.87462L2.0299 0.696289L7.33323 5.99962L2.0299 11.303L0.851562 10.1246L4.97656 5.99962Z\" fill=\"currentColor\"\/><\/svg><\/a>              <\/div>      <\/div>                                    <\/div>                                      <div class=\"image-text-col-image image-text-col-2 image-lg image-padding-off image-h-center image-v-center\">              <figure>                <img decoding=\"async\" src=\"https:\/\/www.nedgia.es\/wp-content\/uploads\/2024\/02\/accede_colaboradores.jpg\"                    alt=\"\" loading=\"lazy\" \/>            <\/figure>                        <\/div>                      <\/div>    <\/div>                <\/section>                                <section class=\"block-style-3 nedgia-block block-type-cards  wp-block-content\">    <div class=\"container mx-auto\">        <div class=\"main-content-wrapper\">              <div class=\"content-wrapper block-layout-center content-wrapper-pb-0 \">        <div class=\"content-title-col\">          <div class=\"content-pretitle\">Tota la informaci\u00f3 per a col\u00b7laboradors<\/div>                      <h2 class=\"content-title\">Pot ser del teu inter\u00e8s&#8230;<\/h2>                    <\/div>        <div class=\"content-info-col offset-info\">                            <\/div>      <\/div>                              <div class=\"cards-content-wrapper cards-style-1\">  <div class=\"cards-slider cards-slider-3 swiper\">    <input class=\"itemCols\" type=\"hidden\" name=\"itemCols\" value=\"4\">    <input class=\"itemRows\" type=\"hidden\" name=\"itemRows\" value=\"1\">    <input class=\"itemGap\" type=\"hidden\" name=\"itemGap\" value=\"25\">    <div class=\"swiper-wrapper dynamic-wrapper\">      <!-- Slides -->                                                                                                                                                                              <div class=\"swiper-slide cards-type-basic-slide\">\t\t\t<a class=\"card-link \" href=\"\/ca\/col\u00b7laboradors\/ofertes-llar\/\"  target=\"_self\">      <div class=\"card-slide-wrapper cards-type-basic-wrapper\" data-ccaa=\"\">      <div class=\"card-content\">        <div>          <div class=\"card-top-info\">                                                              <\/div>          <div class=\"card-bottom-info \">                          <p class=\"card-title\">Campanyes als clients i ofertes p\u00fabliques a l&#8217;instal\u00b7lador<\/p>                                                <\/div>        <\/div>      <\/div>    <\/div>      <\/a>  <\/div>                                                      <div class=\"swiper-slide cards-type-basic-slide\">\t\t\t<a class=\"card-link \" href=\"https:\/\/www.nedgia.es\/ca\/col%c2%b7laboradors\/parlem\/formulari-et-truquem\/\"  target=\"_self\">      <div class=\"card-slide-wrapper cards-type-basic-wrapper\" data-ccaa=\"\">      <div class=\"card-content\">        <div>          <div class=\"card-top-info\">                                                              <\/div>          <div class=\"card-bottom-info \">                          <p class=\"card-title\">Per ser-ne col\u00b7laborador<\/p>                                                <\/div>        <\/div>      <\/div>    <\/div>      <\/a>  <\/div>                                                      <div class=\"swiper-slide cards-type-basic-slide\">\t\t\t<a class=\"card-link \" href=\"https:\/\/www.nedgia.es\/ca\/col%c2%b7laboradors\/com-tramitar-una-alta-de-gas\/\"  target=\"_self\">      <div class=\"card-slide-wrapper cards-type-basic-wrapper\" data-ccaa=\"\">      <div class=\"card-content\">        <div>          <div class=\"card-top-info\">                                                              <\/div>          <div class=\"card-bottom-info \">                          <p class=\"card-title\">Tramitar una alta de gas per al teu client<\/p>                                                <\/div>        <\/div>      <\/div>    <\/div>      <\/a>  <\/div>                                                                                                                                          <\/div>    <div class=\"swiper-navigation-wrapper\">  <div class=\"swiper-button-wrapper\">    <div class=\"swiper-button-prev\"><span>&nbsp;<\/span><\/div>    <div class=\"swiper-button-next\"><span>&nbsp;<\/span><\/div>  <\/div>  <div class=\"swiper-pagination-wrapper\">    <div class=\"swiper-pagination\"><\/div>  <\/div><\/div>  <\/div>  <\/div>                <\/div>    <\/div>                <\/section>                                ","protected":false},"excerpt":{"rendered":"<p><script>    var municipio_no_encontrado = \"Municipio no encontrado.\";    var direccion_no_encontrada = \"Direcci\u00f3n no encontrada. No utilices el tipo de v\u00eda como calle,<\/script><\/p>\n","protected":false},"author":6,"featured_media":0,"parent":9692,"menu_order":0,"comment_status":"closed","ping_status":"closed","template":"","meta":{"_acf_changed":false,"inline_featured_image":false,"footnotes":""},"class_list":["post-9629","page","type-page","status-publish","hentry"],"acf":[],"_links":{"self":[{"href":"https:\/\/www.nedgia.es\/ca\/wp-json\/wp\/v2\/pages\/9629","targetHints":{"allow":["GET"]}}],"collection":[{"href":"https:\/\/www.nedgia.es\/ca\/wp-json\/wp\/v2\/pages"}],"about":[{"href":"https:\/\/www.nedgia.es\/ca\/wp-json\/wp\/v2\/types\/page"}],"author":[{"embeddable":true,"href":"https:\/\/www.nedgia.es\/ca\/wp-json\/wp\/v2\/users\/6"}],"replies":[{"embeddable":true,"href":"https:\/\/www.nedgia.es\/ca\/wp-json\/wp\/v2\/comments?post=9629"}],"version-history":[{"count":2,"href":"https:\/\/www.nedgia.es\/ca\/wp-json\/wp\/v2\/pages\/9629\/revisions"}],"predecessor-version":[{"id":11281,"href":"https:\/\/www.nedgia.es\/ca\/wp-json\/wp\/v2\/pages\/9629\/revisions\/11281"}],"up":[{"embeddable":true,"href":"https:\/\/www.nedgia.es\/ca\/wp-json\/wp\/v2\/pages\/9692"}],"wp:attachment":[{"href":"https:\/\/www.nedgia.es\/ca\/wp-json\/wp\/v2\/media?parent=9629"}],"curies":[{"name":"wp","href":"https:\/\/api.w.org\/{rel}","templated":true}]}}