{"id":16964,"date":"2024-02-28T12:17:13","date_gmt":"2024-02-28T11:17:13","guid":{"rendered":"https:\/\/www.nedgia.es\/collaborators-home-offers-heating-installers-offer-castile-la-mancha\/"},"modified":"2025-01-16T19:01:01","modified_gmt":"2025-01-16T18:01:01","slug":"castile-la-mancha","status":"publish","type":"page","link":"https:\/\/www.nedgia.es\/en\/contributors\/home-offers\/heating\/public-offer\/castile-la-mancha\/","title":{"rendered":"Collaborators &#8211; Home Offers &#8211; Heating installers Offer- Castile-La Mancha"},"content":{"rendered":"<script>    var municipio_no_encontrado = \"Municipio no encontrado.\";    var direccion_no_encontrada = \"Direcci\u00f3n no encontrada. No utilices el tipo de v\u00eda como calle, avenida etc. y revisa que est\u00e1 bien escrito.\";        var piso_no_encontrado = \"Piso no encontrado.\";    var campo_obligatorio = \"Campo obligatorio.\";    var email_incorrecto = \"El campo deber\u00eda ser direccion@dominio.es\";    var formato_incorrecto = \"Formato incorrecto\";    var seleccionar_condiciones = \"Debe seleccionar las condiciones legales.\";    var formato_dni = \"El campo deber\u00eda tener el siguiente formato: 12345678Z o Y8237411K\";    var emails_no_coinciden = \"Los emails no coinciden.\";    var telefono_caracteres = \"El tel\u00e9fono debe tener 9 caracteres.\";    var campo_incorrecto = \"Campo incorrecto\";    var escalera = \"Escalera\";    var bloque = \"Bloque\";    var piso = \"Piso\";    var puerta = \"Puerta\";    var NoZonaNedgia = \"Lo sentimos pero tu domicilio no est\u00e1 en la zona donde Nedgia\u00a0 distribuye gas natural. Encuentra la Empresa Distribuidora que te corresponde en el siguiente \";        var link =  \"link\";    var aqui =  \"aqu\u00ed\";    var FincaNoInmuebleCertificadoNo_1 = \"Nos consta que ya tienes gas natural en tu finca. Ahora el siguiente paso ser\u00e1 realizar la instalaci\u00f3n en tu vivienda, contactando con un instalador autorizado. Te explicamos como hacerlo \";    var FincaNoInmuebleCertificadoNo_2 = \"Si la informaci\u00f3n de nuestro sistema no la consideras correcta, ll\u00e1manos al 900 100 252.\";    var FincaEInmueble_1 = \"Nos consta que ya dispones de suministro de gas natural en tu domicilio.\";    var FincaEInmueble_2 = \"Si la informaci\u00f3n de nuestro sistema no la consideras correcta, ll\u00e1manos al 900 100 252.\";        var FincaNoInmuebleCertificadoSi_1 = \"Nos consta que ya tienes la instalaci\u00f3n de gas natural en tu domicilio realizada. Ahora solo te falta gestionar el contrato de gas natural con una empresa comercializadora. Te explicamos como hacerlo. \";    var FincaNoInmuebleCertificadoSi_2 = \"Si la informaci\u00f3n de nuestro sistema no la consideras correcta, ll\u00e1manos al 900 100 252.\";    var SelecNum = \"Selec. Num.\";    var SelecBloqueEscalera = \"Selec. Bloque Escalera Piso Puerta\";    var NumeroPiso = \"N\u00famero\";    var BloqueEscaleraPisoPuerta = \"Bloque Escalera Piso Puerta\";<\/script><script>    var municipio_no_encontrado = \"Municipio no encontrado.\";    var direccion_no_encontrada = \"Direcci\u00f3n no encontrada. No utilices el tipo de v\u00eda como calle, avenida etc. y revisa que est\u00e1 bien escrito.\";    var piso_no_encontrado = \"Piso no encontrado.\";    var campo_obligatorio = \"Campo obligatorio.\";    var email_incorrecto = \"El campo deber\u00eda ser direccion@dominio.es\";    var formato_incorrecto = \"Formato incorrecto\";    var seleccionar_politica_privacidad = \"Debe seleccionar los t\u00e9rminos y condiciones.\";    var seleccionar_condiciones = \"Debe seleccionar las condiciones legales.\";    var formato_dni = \"El campo deber\u00eda tener el siguiente formato: 12345678Z o Y8237411K\";    var emails_no_coinciden = \"Los emails no coinciden.\";    var telefono_caracteres = \"El tel\u00e9fono debe tener 9 caracteres.\";    var campo_incorrecto = \"Campo incorrecto\";    var escalera = \"Escalera\";    var bloque = \"Bloque\";    var piso = \"Piso\";    var puerta = \"Puerta\";    var NoZonaNedgia = \"Lo sentimos pero tu domicilio no est\u00e1 en la zona donde Nedgia\u00a0 distribuye gas natural. Encuentra la Empresa Distribuidora que te corresponde en el siguiente \";    var link = \"link\";    var aqui = \"aqu\u00ed\";    var FincaNoInmuebleCertificadoNo_1 = \"Nos consta que ya tienes gas natural en tu finca. Ahora el siguiente paso ser\u00e1 realizar la instalaci\u00f3n en tu vivienda, contactando con un instalador autorizado. Te explicamos como hacerlo \";    var FincaNoInmuebleCertificadoNo_2 = \"Si la informaci\u00f3n de nuestro sistema no la consideras correcta, ll\u00e1manos al 900 100 252.\";    var FincaEInmueble_1 = \"Nos consta que ya dispones de suministro de gas natural en tu domicilio.\";    var FincaEInmueble_2 = \"Si la informaci\u00f3n de nuestro sistema no la consideras correcta, ll\u00e1manos al 900 100 252.\";    var FincaNoInmuebleCertificadoSi_1 = \"Nos consta que ya tienes la instalaci\u00f3n de gas natural en tu domicilio realizada. Ahora solo te falta gestionar el contrato de gas natural con una empresa comercializadora. Te explicamos como hacerlo. \";    var FincaNoInmuebleCertificadoSi_2 = \"Si la informaci\u00f3n de nuestro sistema no la consideras correcta, ll\u00e1manos al 900 100 252.\";    var SelecNum = \"Selec. Num.\";    var SelecBloqueEscalera = \"Selec. Bloque Escalera Piso Puerta\";    var NumeroPiso = \"N\u00famero\";    var BloqueEscaleraPisoPuerta = \"Bloque Escalera Piso Puerta\";<\/script><section class=\"block-style-3 nedgia-block  wp-block-hero\">    <div class=\"container mx-auto\">        <div class=\"hero-slider swiper\">      <input class=\"sliderAutoplay\" type=\"hidden\" name=\"sliderAutoplay\" value=\"\">      <input class=\"sliderTime\" type=\"hidden\" name=\"sliderTime\" value=\"\">      <input class=\"sliderLoop\" type=\"hidden\" name=\"sliderLoop\" value=\"\">      <div class=\"swiper-wrapper\">          <!-- Slides -->                                    <div class=\"swiper-slide\">                <div class=\"hero-slide-wrapper\">                  <div class=\"hero-content\">                    <div>                      <div class=\"hero-pretitle\">Castile-La Mancha<\/div>                                            <div class=\"hero-description\">Public offer installers.<\/div>                                                                                                                  <div class=\"button-wrapper hero-button-wrapper\">                                                                      <\/div>                    <\/div>                  <\/div>                  <div class=\"hero-image\">                    <div class=\"link-wrapper\">                                          <\/div>                    <figure class=\"hero-cover-image\">                        <img decoding=\"async\" src=\"https:\/\/www.nedgia.es\/wp-content\/uploads\/2024\/02\/ofertas_aguacaliente.jpg\"                            alt=\"\" loading=\"lazy\" \/>                    <\/figure>                                                          <\/div>                                  <\/div>              <\/div>                            <\/div>      <div class=\"hero-swiper-navigation-wrapper\">        <div class=\"hero-swiper-button-wrapper\">          <div class=\"swiper-button-prev\"><span>&nbsp;<\/span><\/div>          <div class=\"swiper-button-next\"><span>&nbsp;<\/span><\/div>        <\/div>        <div class=\"hero-swiper-pagination-wrapper\">          <div class=\"swiper-pagination swiper-pagination-hero\"><\/div>        <\/div>      <\/div>  <\/div>    <\/div>                <\/section>                                <section class=\"block-style-5 nedgia-block  wp-block-content\">    <div class=\"container mx-auto\">        <div class=\"main-content-wrapper\">              <div class=\"content-wrapper block-layout-center  \">        <div class=\"content-title-col\">                            <\/div>        <div class=\"content-info-col \">                      <div class=\"content-description \">                            We offer you a commercial collaboration agreement for all professional installers who want to diversify and increase their activity by promoting a new installation and processing an application for new natural gas supply points.            <\/div>                            <\/div>      <\/div>              <\/div>    <\/div>                <\/section>                                <section class=\"block-style-1 nedgia-block  wp-block-content\">    <div class=\"container mx-auto\">        <div class=\"main-content-wrapper\">              <div class=\"content-wrapper block-layout-center  \">        <div class=\"content-title-col\">                                <p class=\"content-title\">General terms and conditions of the agreement<\/p>                    <\/div>        <div class=\"content-info-col \">                      <div class=\"content-description \">                            Check the specific conditions of the Public Offer            <\/div>                                <div class=\"button-wrapper content-button-wrapper\">                                                <a class=\"button                           button-style-2\" target=\"_blank\" href=\"https:\/\/www.nedgia.es\/wp-content\/uploads\/2024\/03\/Oferta-Publica-Condiciones-Generales-Castilla-La-Mancha.pdf\">    <span>See conditions Castile-La Mancha<\/span>    <svg class=\"h-4 w-2\" width=\"8\" height=\"16\" viewBox=\"0 0 8 12\" fill=\"none\" xmlns=\"http:\/\/www.w3.org\/2000\/svg\">  <path d=\"M4.97656 5.99962L0.851562 1.87462L2.0299 0.696289L7.33323 5.99962L2.0299 11.303L0.851562 10.1246L4.97656 5.99962Z\" fill=\"currentColor\"\/><\/svg><\/a>                                                        <\/div>                  <\/div>      <\/div>              <\/div>    <\/div>                <\/section>                                <section class=\"block-style-3 nedgia-block block-type-numbers  wp-block-content\">    <div class=\"container mx-auto\">        <div class=\"main-content-wrapper\">              <div class=\"content-wrapper block-layout-column content-wrapper-pb-0 \">        <div class=\"content-title-col\">                                <p class=\"content-title\">How to apply<\/p>                    <\/div>        <div class=\"content-info-col \">                            <\/div>      <\/div>                              <div class=\"numbers-content-wrapper\">                                                    <div class=\"numbers-vertical-grid-wrapper\">                                                                                                    <div class=\"numbers-vertical-wrapper\">                        <div class=\"numbers-vertical-number-col numbers-size-medium\"><div>01<\/div><\/div>                        <div class=\"numbers-vertical-text-col\"><div class=\"content-info-wrapper\">                <p class=\"title\">Log in to the Contributors&#8217; Private Area (https:\/\/oficinavirtual.nedgia.es):<\/p>                      <div class=\"description \">        If you are not registered, just follow these simple steps.<br> How to register      <\/div>          <\/div><\/div>                      <\/div>                                                                <div class=\"numbers-vertical-wrapper\">                        <div class=\"numbers-vertical-number-col numbers-size-medium\"><div>02<\/div><\/div>                        <div class=\"numbers-vertical-text-col\"><div class=\"content-info-wrapper\">                <p class=\"title\">Complete your company&#8217;s profile:<\/p>                      <div class=\"description \">        Access the main company profile.<br> Fill in the required details.<br> Upload your company&rsquo;s documentation      <\/div>          <\/div><\/div>                      <\/div>                                                                <div class=\"numbers-vertical-wrapper\">                        <div class=\"numbers-vertical-number-col numbers-size-medium\"><div>03<\/div><\/div>                        <div class=\"numbers-vertical-text-col\"><div class=\"content-info-wrapper\">                <p class=\"title\">Join the Public Offer for each distributor you wish to work for:<\/p>                      <div class=\"description \">        In your company&#39;s profile, select the tab of the different companies for each area where you operate:<br> Verify the information is correct.<br> Choose the Public Offer that interests you.<br> Read the conditions.<br> Accept Joining      <\/div>          <\/div><\/div>                      <\/div>                                                      <\/div>                            <\/div>                <\/div>    <\/div>                <\/section>                                <section class=\"block-style-3 nedgia-block  wp-block-content\">    <div class=\"container mx-auto\">        <div class=\"main-content-wrapper\">              <div class=\"content-wrapper block-layout-center  \">        <div class=\"content-title-col\">                                <p class=\"content-title\">If you need more information, download the Guide on how to join<\/p>                    <\/div>        <div class=\"content-info-col \">                                <div class=\"button-wrapper content-button-wrapper\">                                                <a class=\"button                           button-style-2\" target=\"_blank\" href=\"https:\/\/www.nedgia.es\/wp-content\/uploads\/2024\/02\/MANUAL-REGISTRO-OP.pptx\">    <span>Download<\/span>    <svg class=\"h-4 w-2\" width=\"8\" height=\"16\" viewBox=\"0 0 8 12\" fill=\"none\" xmlns=\"http:\/\/www.w3.org\/2000\/svg\">  <path d=\"M4.97656 5.99962L0.851562 1.87462L2.0299 0.696289L7.33323 5.99962L2.0299 11.303L0.851562 10.1246L4.97656 5.99962Z\" fill=\"currentColor\"\/><\/svg><\/a>                                                                                      <\/div>                  <\/div>      <\/div>              <\/div>    <\/div>                <\/section>                                ","protected":false},"excerpt":{"rendered":"<p><script>    var municipio_no_encontrado = \"Municipio no encontrado.\";    var direccion_no_encontrada = \"Direcci\u00f3n no encontrada. No utilices el tipo de v\u00eda como calle,<\/script><\/p>\n","protected":false},"author":6,"featured_media":0,"parent":17659,"menu_order":0,"comment_status":"closed","ping_status":"closed","template":"","meta":{"_acf_changed":false,"inline_featured_image":false,"footnotes":""},"class_list":["post-16964","page","type-page","status-publish","hentry"],"acf":[],"_links":{"self":[{"href":"https:\/\/www.nedgia.es\/en\/wp-json\/wp\/v2\/pages\/16964","targetHints":{"allow":["GET"]}}],"collection":[{"href":"https:\/\/www.nedgia.es\/en\/wp-json\/wp\/v2\/pages"}],"about":[{"href":"https:\/\/www.nedgia.es\/en\/wp-json\/wp\/v2\/types\/page"}],"author":[{"embeddable":true,"href":"https:\/\/www.nedgia.es\/en\/wp-json\/wp\/v2\/users\/6"}],"replies":[{"embeddable":true,"href":"https:\/\/www.nedgia.es\/en\/wp-json\/wp\/v2\/comments?post=16964"}],"version-history":[{"count":2,"href":"https:\/\/www.nedgia.es\/en\/wp-json\/wp\/v2\/pages\/16964\/revisions"}],"predecessor-version":[{"id":22746,"href":"https:\/\/www.nedgia.es\/en\/wp-json\/wp\/v2\/pages\/16964\/revisions\/22746"}],"up":[{"embeddable":true,"href":"https:\/\/www.nedgia.es\/en\/wp-json\/wp\/v2\/pages\/17659"}],"wp:attachment":[{"href":"https:\/\/www.nedgia.es\/en\/wp-json\/wp\/v2\/media?parent=16964"}],"curies":[{"name":"wp","href":"https:\/\/api.w.org\/{rel}","templated":true}]}}