{"id":18071,"date":"2024-02-13T12:38:06","date_gmt":"2024-02-13T11:38:06","guid":{"rendered":"https:\/\/www.nedgia.es\/companies\/i-want-gas-company-energy-saving-for-companies\/"},"modified":"2025-05-04T21:54:47","modified_gmt":"2025-05-04T19:54:47","slug":"energy-saving-for-companies","status":"publish","type":"page","link":"https:\/\/www.nedgia.es\/en\/companies\/energy-saving-for-companies\/","title":{"rendered":"I want Gas &#8211; Company &#8211; Energy saving for companies"},"content":{"rendered":"<script>    var municipio_no_encontrado = \"Municipio no encontrado.\";    var direccion_no_encontrada = \"Direcci\u00f3n no encontrada. No utilices el tipo de v\u00eda como calle, avenida etc. y revisa que est\u00e1 bien escrito.\";        var piso_no_encontrado = \"Piso no encontrado.\";    var campo_obligatorio = \"Campo obligatorio.\";    var email_incorrecto = \"El campo deber\u00eda ser direccion@dominio.es\";    var formato_incorrecto = \"Formato incorrecto\";    var seleccionar_condiciones = \"Debe seleccionar las condiciones legales.\";    var formato_dni = \"El campo deber\u00eda tener el siguiente formato: 12345678Z o Y8237411K\";    var emails_no_coinciden = \"Los emails no coinciden.\";    var telefono_caracteres = \"El tel\u00e9fono debe tener 9 caracteres.\";    var campo_incorrecto = \"Campo incorrecto\";    var escalera = \"Escalera\";    var bloque = \"Bloque\";    var piso = \"Piso\";    var puerta = \"Puerta\";    var NoZonaNedgia = \"Lo sentimos pero tu domicilio no est\u00e1 en la zona donde Nedgia\u00a0 distribuye gas natural. Encuentra la Empresa Distribuidora que te corresponde en el siguiente \";        var link =  \"link\";    var aqui =  \"aqu\u00ed\";    var FincaNoInmuebleCertificadoNo_1 = \"Nos consta que ya tienes gas natural en tu finca. Ahora el siguiente paso ser\u00e1 realizar la instalaci\u00f3n en tu vivienda, contactando con un instalador autorizado. Te explicamos como hacerlo \";    var FincaNoInmuebleCertificadoNo_2 = \"Si la informaci\u00f3n de nuestro sistema no la consideras correcta, ll\u00e1manos al 900 100 252.\";    var FincaEInmueble_1 = \"Nos consta que ya dispones de suministro de gas natural en tu domicilio.\";    var FincaEInmueble_2 = \"Si la informaci\u00f3n de nuestro sistema no la consideras correcta, ll\u00e1manos al 900 100 252.\";        var FincaNoInmuebleCertificadoSi_1 = \"Nos consta que ya tienes la instalaci\u00f3n de gas natural en tu domicilio realizada. Ahora solo te falta gestionar el contrato de gas natural con una empresa comercializadora. Te explicamos como hacerlo. \";    var FincaNoInmuebleCertificadoSi_2 = \"Si la informaci\u00f3n de nuestro sistema no la consideras correcta, ll\u00e1manos al 900 100 252.\";    var SelecNum = \"Selec. Num.\";    var SelecBloqueEscalera = \"Selec. Bloque Escalera Piso Puerta\";    var NumeroPiso = \"N\u00famero\";    var BloqueEscaleraPisoPuerta = \"Bloque Escalera Piso Puerta\";<\/script><script>    var municipio_no_encontrado = \"Municipio no encontrado.\";    var direccion_no_encontrada = \"Direcci\u00f3n no encontrada. No utilices el tipo de v\u00eda como calle, avenida etc. y revisa que est\u00e1 bien escrito.\";    var piso_no_encontrado = \"Piso no encontrado.\";    var campo_obligatorio = \"Campo obligatorio.\";    var email_incorrecto = \"El campo deber\u00eda ser direccion@dominio.es\";    var formato_incorrecto = \"Formato incorrecto\";    var seleccionar_politica_privacidad = \"Debe seleccionar los t\u00e9rminos y condiciones.\";    var seleccionar_condiciones = \"Debe seleccionar las condiciones legales.\";    var formato_dni = \"El campo deber\u00eda tener el siguiente formato: 12345678Z o Y8237411K\";    var emails_no_coinciden = \"Los emails no coinciden.\";    var telefono_caracteres = \"El tel\u00e9fono debe tener 9 caracteres.\";    var campo_incorrecto = \"Campo incorrecto\";    var escalera = \"Escalera\";    var bloque = \"Bloque\";    var piso = \"Piso\";    var puerta = \"Puerta\";    var NoZonaNedgia = \"Lo sentimos pero tu domicilio no est\u00e1 en la zona donde Nedgia\u00a0 distribuye gas natural. Encuentra la Empresa Distribuidora que te corresponde en el siguiente \";    var link = \"link\";    var aqui = \"aqu\u00ed\";    var FincaNoInmuebleCertificadoNo_1 = \"Nos consta que ya tienes gas natural en tu finca. Ahora el siguiente paso ser\u00e1 realizar la instalaci\u00f3n en tu vivienda, contactando con un instalador autorizado. Te explicamos como hacerlo \";    var FincaNoInmuebleCertificadoNo_2 = \"Si la informaci\u00f3n de nuestro sistema no la consideras correcta, ll\u00e1manos al 900 100 252.\";    var FincaEInmueble_1 = \"Nos consta que ya dispones de suministro de gas natural en tu domicilio.\";    var FincaEInmueble_2 = \"Si la informaci\u00f3n de nuestro sistema no la consideras correcta, ll\u00e1manos al 900 100 252.\";    var FincaNoInmuebleCertificadoSi_1 = \"Nos consta que ya tienes la instalaci\u00f3n de gas natural en tu domicilio realizada. Ahora solo te falta gestionar el contrato de gas natural con una empresa comercializadora. Te explicamos como hacerlo. \";    var FincaNoInmuebleCertificadoSi_2 = \"Si la informaci\u00f3n de nuestro sistema no la consideras correcta, ll\u00e1manos al 900 100 252.\";    var SelecNum = \"Selec. Num.\";    var SelecBloqueEscalera = \"Selec. Bloque Escalera Piso Puerta\";    var NumeroPiso = \"N\u00famero\";    var BloqueEscaleraPisoPuerta = \"Bloque Escalera Piso Puerta\";<\/script><p><\/p><section class=\"block-style-3 nedgia-block  wp-block-hero\">    <div class=\"container mx-auto\">        <div class=\"hero-slider swiper\">      <input class=\"sliderAutoplay\" type=\"hidden\" name=\"sliderAutoplay\" value=\"\">      <input class=\"sliderTime\" type=\"hidden\" name=\"sliderTime\" value=\"\">      <input class=\"sliderLoop\" type=\"hidden\" name=\"sliderLoop\" value=\"\">      <div class=\"swiper-wrapper\">          <!-- Slides -->                                    <div class=\"swiper-slide\">                <div class=\"hero-slide-wrapper\">                  <div class=\"hero-content\">                    <div>                                                                  <div class=\"hero-description\">Efficient energy saving tips for companies.<\/div>                                                                                                                  <div class=\"button-wrapper hero-button-wrapper\">                                                                      <\/div>                    <\/div>                  <\/div>                  <div class=\"hero-image\">                    <div class=\"link-wrapper\">                                          <\/div>                    <figure class=\"hero-cover-image\">                        <img decoding=\"async\" src=\"https:\/\/www.nedgia.es\/wp-content\/uploads\/2024\/02\/ahorro-energetico-para-empresas-1.jpg\"                            alt=\"\" loading=\"lazy\" \/>                    <\/figure>                                                          <\/div>                                  <\/div>              <\/div>                            <\/div>      <div class=\"hero-swiper-navigation-wrapper\">        <div class=\"hero-swiper-button-wrapper\">          <div class=\"swiper-button-prev\"><span>&nbsp;<\/span><\/div>          <div class=\"swiper-button-next\"><span>&nbsp;<\/span><\/div>        <\/div>        <div class=\"hero-swiper-pagination-wrapper\">          <div class=\"swiper-pagination swiper-pagination-hero\"><\/div>        <\/div>      <\/div>  <\/div>    <\/div>                <\/section>                                <section class=\"block-style-2 nedgia-block  wp-block-image-text\">    <div class=\"container mx-auto\">        <div class=\"image-text-wrapper \">                                    <div class=\"image-text-col-image image-text-col-2 image-lg image-padding-off image-h-center image-v-center\">              <figure>                <img decoding=\"async\" src=\"https:\/\/www.nedgia.es\/wp-content\/uploads\/2024\/02\/ahorra-energia-para-tu-empresa.jpg\"                    alt=\"\" loading=\"lazy\" \/>            <\/figure>                        <\/div>                                    <div class=\"image-text-col-text image-text-col-2\">                                          <div class=\"content-info-wrapper\">                          <div class=\"description  wpautop-format \">        <p>In the current context of intense competition between companies, energy plays a fundamental role when it comes to supplying services and the quality a business offers its customers. &nbsp; Reducing energy consumption is essential in order to reduce running costs and increase the competitiveness of your business.<\/p>      <\/div>          <\/div>                                    <\/div>                      <\/div>    <\/div>                <\/section>                                <section class=\"block-style-4 nedgia-block block-type-cards  wp-block-content\">    <div class=\"container mx-auto\">        <div class=\"main-content-wrapper\">              <div class=\"content-wrapper block-layout-column content-wrapper-pb-0 \">        <div class=\"content-title-col\">          <div class=\"content-pretitle\">Learn how to save energy in your company<\/div>                      <h2 class=\"content-title\">Efficient energy saving tips for companies<\/h2>                    <\/div>        <div class=\"content-info-col offset-info\">                            <\/div>      <\/div>                              <div class=\"cards-content-wrapper cards-style-1\">  <div class=\"cards-slider cards-slider-3 swiper\">    <input class=\"itemCols\" type=\"hidden\" name=\"itemCols\" value=\"3\">    <input class=\"itemRows\" type=\"hidden\" name=\"itemRows\" value=\"2\">    <input class=\"itemGap\" type=\"hidden\" name=\"itemGap\" value=\"25\">    <div class=\"swiper-wrapper manual-wrapper\">      <!-- Slides -->                                                              <div class=\"swiper-slide cards-type-icon-slide\">\t    <div class=\"card-slide-wrapper cards-type-icon-wrapper\" data-ccaa=\"\">      <div class=\"card-content\">        <div>          <div class=\"card-top-info\">                                                                        <figure class=\"card-icon\">                          <img decoding=\"async\" src=\"https:\/\/www.nedgia.es\/wp-content\/uploads\/2024\/02\/Termoestato-Ovalo.svg\" alt=\"\" loading=\"lazy\" \/>                        <\/figure>                                                                  <\/div>          <div class=\"card-bottom-info \">                          <h3 class=\"card-title\">Control and regulate the temperature<\/h3>                                        <div class=\"card-description \">                                For each additional degree that is required of the installation, the energy consumption increases by 6-8%. Install a good temperature control and regulation system and you will obtain considerable energy savings.              <\/div>                                  <\/div>        <\/div>      <\/div>    <\/div>  <\/div>                                  <div class=\"swiper-slide cards-type-icon-slide\">\t    <div class=\"card-slide-wrapper cards-type-icon-wrapper\" data-ccaa=\"\">      <div class=\"card-content\">        <div>          <div class=\"card-top-info\">                                                                        <figure class=\"card-icon\">                          <img decoding=\"async\" src=\"https:\/\/www.nedgia.es\/wp-content\/uploads\/2024\/02\/check-punto.svg\" alt=\"\" loading=\"lazy\" \/>                        <\/figure>                                                                  <\/div>          <div class=\"card-bottom-info \">                          <h3 class=\"card-title\">Keep thermal systems in good condition<\/h3>                                        <div class=\"card-description \">                                Regularly check all the components of the installation, and ensure that the boilers are working well and functioning properly.              <\/div>                                  <\/div>        <\/div>      <\/div>    <\/div>  <\/div>                                  <div class=\"swiper-slide cards-type-icon-slide\">\t    <div class=\"card-slide-wrapper cards-type-icon-wrapper\" data-ccaa=\"\">      <div class=\"card-content\">        <div>          <div class=\"card-top-info\">                                                                        <figure class=\"card-icon\">                          <img decoding=\"async\" src=\"https:\/\/www.nedgia.es\/wp-content\/uploads\/2024\/02\/Hidraulica-Ovalo.svg\" alt=\"\" loading=\"lazy\" \/>                        <\/figure>                                                                  <\/div>          <div class=\"card-bottom-info \">                          <h3 class=\"card-title\">Insulate your installations well<\/h3>                                        <div class=\"card-description \">                                Take the necessary measures to reduce heat losses in winter and heat gains in summer to achieve better thermal performance.              <\/div>                                  <\/div>        <\/div>      <\/div>    <\/div>  <\/div>                                  <div class=\"swiper-slide cards-type-icon-slide\">\t    <div class=\"card-slide-wrapper cards-type-icon-wrapper\" data-ccaa=\"\">      <div class=\"card-content\">        <div>          <div class=\"card-top-info\">                                                                        <figure class=\"card-icon\">                          <img decoding=\"async\" src=\"https:\/\/www.nedgia.es\/wp-content\/uploads\/2024\/02\/Planificar-Ovalo.svg\" alt=\"\" loading=\"lazy\" \/>                        <\/figure>                                                                  <\/div>          <div class=\"card-bottom-info \">                          <h3 class=\"card-title\">Ensure your boiler&#8217;s power is suited to the demand.<\/h3>                                        <div class=\"card-description \">                                These systems will perform better and you will avoid unnecessarily over-sized equipment.              <\/div>                                  <\/div>        <\/div>      <\/div>    <\/div>  <\/div>                                  <div class=\"swiper-slide cards-type-icon-slide\">\t    <div class=\"card-slide-wrapper cards-type-icon-wrapper\" data-ccaa=\"\">      <div class=\"card-content\">        <div>          <div class=\"card-top-info\">                                                                        <figure class=\"card-icon\">                          <img decoding=\"async\" src=\"https:\/\/www.nedgia.es\/wp-content\/uploads\/2024\/02\/Contador-Ovalo.svg\" alt=\"\" loading=\"lazy\" \/>                        <\/figure>                                                                  <\/div>          <div class=\"card-bottom-info \">                          <h3 class=\"card-title\">Choose your combustion equipment wisely<\/h3>                                        <div class=\"card-description \">                                Before choosing between a low-temperature condensing boiler and a conventional boiler, you should take into account the use you are going to make of it and opt for the one that best suits your needs.              <\/div>                                  <\/div>        <\/div>      <\/div>    <\/div>  <\/div>                                                <\/div>    <div class=\"swiper-navigation-wrapper\">  <div class=\"swiper-button-wrapper\">    <div class=\"swiper-button-prev\"><span>&nbsp;<\/span><\/div>    <div class=\"swiper-button-next\"><span>&nbsp;<\/span><\/div>  <\/div>  <div class=\"swiper-pagination-wrapper\">    <div class=\"swiper-pagination\"><\/div>  <\/div><\/div>  <\/div>  <\/div>                <\/div>    <\/div>                <\/section>                                <section class=\"block-style-6 nedgia-block  wp-block-image-text\">    <div class=\"container mx-auto\">        <div class=\"image-text-wrapper \">                                  <div class=\"image-text-col-text image-text-col-2\">                                          <div class=\"content-info-wrapper\">      <div class=\"pretitle\">Do you have any questions about natural gas for your company?<\/div>          <h2 class=\"title\">Find out more\u2028 by calling:<br>900 500 404<\/h2>                      <div class=\"description \">        Schedule from Monday to Saturday, from 8:00 a.m. to 10:00 p.m. (except national holidays).<br><br>Or by using the following form      <\/div>              <div class=\"button-wrapper\">        <a class=\"button             button-style-4\" href=\"https:\/\/www.nedgia.es\/en\/contact-form\/\">    <span>Find out more<\/span>    <svg class=\"h-4 w-2\" width=\"8\" height=\"16\" viewBox=\"0 0 8 12\" fill=\"none\" xmlns=\"http:\/\/www.w3.org\/2000\/svg\">  <path d=\"M4.97656 5.99962L0.851562 1.87462L2.0299 0.696289L7.33323 5.99962L2.0299 11.303L0.851562 10.1246L4.97656 5.99962Z\" fill=\"currentColor\"\/><\/svg><\/a>              <\/div>      <\/div>                                    <\/div>                                      <div class=\"image-text-col-image image-text-col-2 image-lg image-padding-off image-h-center image-v-center\">              <figure>                <img decoding=\"async\" src=\"https:\/\/www.nedgia.es\/wp-content\/uploads\/2024\/02\/informate.jpg\"                    alt=\"\" loading=\"lazy\" \/>            <\/figure>                        <\/div>                      <\/div>    <\/div>                <\/section>                                <section class=\"block-style-3 nedgia-block block-type-cards  wp-block-content\">    <div class=\"container mx-auto\">        <div class=\"main-content-wrapper\">              <div class=\"content-wrapper block-layout-center content-wrapper-pb-0 \">        <div class=\"content-title-col\">                                <h2 class=\"content-title\">You may also be interested in<\/h2>                    <\/div>        <div class=\"content-info-col \">                            <\/div>      <\/div>                              <div class=\"cards-content-wrapper cards-style-1\">  <div class=\"cards-slider cards-slider-3 swiper\">    <input class=\"itemCols\" type=\"hidden\" name=\"itemCols\" value=\"3\">    <input class=\"itemRows\" type=\"hidden\" name=\"itemRows\" value=\"1\">    <input class=\"itemGap\" type=\"hidden\" name=\"itemGap\" value=\"25\">    <div class=\"swiper-wrapper dynamic-wrapper\">      <!-- Slides -->                                                                                                                                                                              <div class=\"swiper-slide cards-type-basic-slide\">\t\t\t<a class=\"card-link \" href=\"https:\/\/www.nedgia.es\/en\/natural-gas-offers\/for-your-company\/\"  target=\"_self\">      <div class=\"card-slide-wrapper cards-type-basic-wrapper\" data-ccaa=\"\">      <div class=\"card-content\">        <div>          <div class=\"card-top-info\">                                                              <\/div>          <div class=\"card-bottom-info \">                          <p class=\"card-title\">Grants and offers<\/p>                                        <div class=\"card-description \">                                Check out the offers we have for your business              <\/div>                                  <\/div>        <\/div>      <\/div>    <\/div>      <\/a>  <\/div>                                                      <div class=\"swiper-slide cards-type-basic-slide\">\t\t\t<a class=\"card-link \" href=\"https:\/\/www.nedgia.es\/en\/companies\/success-stories\/\"  target=\"_self\">      <div class=\"card-slide-wrapper cards-type-basic-wrapper\" data-ccaa=\"\">      <div class=\"card-content\">        <div>          <div class=\"card-top-info\">                                                              <\/div>          <div class=\"card-bottom-info \">                          <p class=\"card-title\">Success stories<\/p>                                        <div class=\"card-description \">                                Learn about natural gas success stories              <\/div>                                  <\/div>        <\/div>      <\/div>    <\/div>      <\/a>  <\/div>                                                      <div class=\"swiper-slide cards-type-basic-slide\">\t\t\t<a class=\"card-link \" href=\"https:\/\/www.nedgia.es\/en\/companies\/energy-saving-for-companies\/\"  target=\"_self\">      <div class=\"card-slide-wrapper cards-type-basic-wrapper\" data-ccaa=\"\">      <div class=\"card-content\">        <div>          <div class=\"card-top-info\">                                                              <\/div>          <div class=\"card-bottom-info \">                          <p class=\"card-title\">Energy saving<\/p>                                        <div class=\"card-description \">                                How you can save in your business with natural gas              <\/div>                                  <\/div>        <\/div>      <\/div>    <\/div>      <\/a>  <\/div>                                                      <div class=\"swiper-slide cards-type-basic-slide\">\t\t\t<a class=\"card-link \" href=\"https:\/\/www.nedgia.es\/en\/characteristics-of-natural-gas\/\"  target=\"_self\">      <div class=\"card-slide-wrapper cards-type-basic-wrapper\" data-ccaa=\"\">      <div class=\"card-content\">        <div>          <div class=\"card-top-info\">                                                              <\/div>          <div class=\"card-bottom-info \">                          <p class=\"card-title\">Characteristics of natural gas<\/p>                                        <div class=\"card-description \">                                Do you know the characteristics of natural gas?              <\/div>                                  <\/div>        <\/div>      <\/div>    <\/div>      <\/a>  <\/div>                                                                                                                                          <\/div>    <div class=\"swiper-navigation-wrapper\">  <div class=\"swiper-button-wrapper\">    <div class=\"swiper-button-prev\"><span>&nbsp;<\/span><\/div>    <div class=\"swiper-button-next\"><span>&nbsp;<\/span><\/div>  <\/div>  <div class=\"swiper-pagination-wrapper\">    <div class=\"swiper-pagination\"><\/div>  <\/div><\/div>  <\/div>  <\/div>                <\/div>    <\/div>                <\/section>                                ","protected":false},"excerpt":{"rendered":"<p><script>    var municipio_no_encontrado = \"Municipio no encontrado.\";    var direccion_no_encontrada = \"Direcci\u00f3n no encontrada. No utilices el tipo de v\u00eda como calle,<\/script><\/p>\n","protected":false},"author":6,"featured_media":0,"parent":18070,"menu_order":0,"comment_status":"closed","ping_status":"closed","template":"","meta":{"_acf_changed":false,"inline_featured_image":false,"footnotes":""},"class_list":["post-18071","page","type-page","status-publish","hentry"],"acf":[],"_links":{"self":[{"href":"https:\/\/www.nedgia.es\/en\/wp-json\/wp\/v2\/pages\/18071","targetHints":{"allow":["GET"]}}],"collection":[{"href":"https:\/\/www.nedgia.es\/en\/wp-json\/wp\/v2\/pages"}],"about":[{"href":"https:\/\/www.nedgia.es\/en\/wp-json\/wp\/v2\/types\/page"}],"author":[{"embeddable":true,"href":"https:\/\/www.nedgia.es\/en\/wp-json\/wp\/v2\/users\/6"}],"replies":[{"embeddable":true,"href":"https:\/\/www.nedgia.es\/en\/wp-json\/wp\/v2\/comments?post=18071"}],"version-history":[{"count":5,"href":"https:\/\/www.nedgia.es\/en\/wp-json\/wp\/v2\/pages\/18071\/revisions"}],"predecessor-version":[{"id":29069,"href":"https:\/\/www.nedgia.es\/en\/wp-json\/wp\/v2\/pages\/18071\/revisions\/29069"}],"up":[{"embeddable":true,"href":"https:\/\/www.nedgia.es\/en\/wp-json\/wp\/v2\/pages\/18070"}],"wp:attachment":[{"href":"https:\/\/www.nedgia.es\/en\/wp-json\/wp\/v2\/media?parent=18071"}],"curies":[{"name":"wp","href":"https:\/\/api.w.org\/{rel}","templated":true}]}}