{"id":27925,"date":"2025-02-10T17:33:23","date_gmt":"2025-02-10T16:33:23","guid":{"rendered":"https:\/\/www.nedgia.es\/network-connections-and-actions\/actions-on-existing-connections\/"},"modified":"2025-03-31T18:02:10","modified_gmt":"2025-03-31T16:02:10","slug":"actions-on-existing-connections","status":"publish","type":"page","link":"https:\/\/www.nedgia.es\/en\/network-connections-and-actions\/actions-on-existing-connections\/","title":{"rendered":"Actions on existing connections"},"content":{"rendered":"<script>    var municipio_no_encontrado = \"Municipio no encontrado.\";    var direccion_no_encontrada = \"Direcci\u00f3n no encontrada. No utilices el tipo de v\u00eda como calle, avenida etc. y revisa que est\u00e1 bien escrito.\";        var piso_no_encontrado = \"Piso no encontrado.\";    var campo_obligatorio = \"Campo obligatorio.\";    var email_incorrecto = \"El campo deber\u00eda ser direccion@dominio.es\";    var formato_incorrecto = \"Formato incorrecto\";    var seleccionar_condiciones = \"Debe seleccionar las condiciones legales.\";    var formato_dni = \"El campo deber\u00eda tener el siguiente formato: 12345678Z o Y8237411K\";    var emails_no_coinciden = \"Los emails no coinciden.\";    var telefono_caracteres = \"El tel\u00e9fono debe tener 9 caracteres.\";    var campo_incorrecto = \"Campo incorrecto\";    var escalera = \"Escalera\";    var bloque = \"Bloque\";    var piso = \"Piso\";    var puerta = \"Puerta\";    var NoZonaNedgia = \"Lo sentimos pero tu domicilio no est\u00e1 en la zona donde Nedgia\u00a0 distribuye gas natural. Encuentra la Empresa Distribuidora que te corresponde en el siguiente \";        var link =  \"link\";    var aqui =  \"aqu\u00ed\";    var FincaNoInmuebleCertificadoNo_1 = \"Nos consta que ya tienes gas natural en tu finca. Ahora el siguiente paso ser\u00e1 realizar la instalaci\u00f3n en tu vivienda, contactando con un instalador autorizado. Te explicamos como hacerlo \";    var FincaNoInmuebleCertificadoNo_2 = \"Si la informaci\u00f3n de nuestro sistema no la consideras correcta, ll\u00e1manos al 900 100 252.\";    var FincaEInmueble_1 = \"Nos consta que ya dispones de suministro de gas natural en tu domicilio.\";    var FincaEInmueble_2 = \"Si la informaci\u00f3n de nuestro sistema no la consideras correcta, ll\u00e1manos al 900 100 252.\";        var FincaNoInmuebleCertificadoSi_1 = \"Nos consta que ya tienes la instalaci\u00f3n de gas natural en tu domicilio realizada. Ahora solo te falta gestionar el contrato de gas natural con una empresa comercializadora. Te explicamos como hacerlo. \";    var FincaNoInmuebleCertificadoSi_2 = \"Si la informaci\u00f3n de nuestro sistema no la consideras correcta, ll\u00e1manos al 900 100 252.\";    var SelecNum = \"Selec. Num.\";    var SelecBloqueEscalera = \"Selec. Bloque Escalera Piso Puerta\";    var NumeroPiso = \"N\u00famero\";    var BloqueEscaleraPisoPuerta = \"Bloque Escalera Piso Puerta\";<\/script><script>    var municipio_no_encontrado = \"Municipio no encontrado.\";    var direccion_no_encontrada = \"Direcci\u00f3n no encontrada. No utilices el tipo de v\u00eda como calle, avenida etc. y revisa que est\u00e1 bien escrito.\";    var piso_no_encontrado = \"Piso no encontrado.\";    var campo_obligatorio = \"Campo obligatorio.\";    var email_incorrecto = \"El campo deber\u00eda ser direccion@dominio.es\";    var formato_incorrecto = \"Formato incorrecto\";    var seleccionar_politica_privacidad = \"Debe seleccionar los t\u00e9rminos y condiciones.\";    var seleccionar_condiciones = \"Debe seleccionar las condiciones legales.\";    var formato_dni = \"El campo deber\u00eda tener el siguiente formato: 12345678Z o Y8237411K\";    var emails_no_coinciden = \"Los emails no coinciden.\";    var telefono_caracteres = \"El tel\u00e9fono debe tener 9 caracteres.\";    var campo_incorrecto = \"Campo incorrecto\";    var escalera = \"Escalera\";    var bloque = \"Bloque\";    var piso = \"Piso\";    var puerta = \"Puerta\";    var NoZonaNedgia = \"Lo sentimos pero tu domicilio no est\u00e1 en la zona donde Nedgia\u00a0 distribuye gas natural. Encuentra la Empresa Distribuidora que te corresponde en el siguiente \";    var link = \"link\";    var aqui = \"aqu\u00ed\";    var FincaNoInmuebleCertificadoNo_1 = \"Nos consta que ya tienes gas natural en tu finca. Ahora el siguiente paso ser\u00e1 realizar la instalaci\u00f3n en tu vivienda, contactando con un instalador autorizado. Te explicamos como hacerlo \";    var FincaNoInmuebleCertificadoNo_2 = \"Si la informaci\u00f3n de nuestro sistema no la consideras correcta, ll\u00e1manos al 900 100 252.\";    var FincaEInmueble_1 = \"Nos consta que ya dispones de suministro de gas natural en tu domicilio.\";    var FincaEInmueble_2 = \"Si la informaci\u00f3n de nuestro sistema no la consideras correcta, ll\u00e1manos al 900 100 252.\";    var FincaNoInmuebleCertificadoSi_1 = \"Nos consta que ya tienes la instalaci\u00f3n de gas natural en tu domicilio realizada. Ahora solo te falta gestionar el contrato de gas natural con una empresa comercializadora. Te explicamos como hacerlo. \";    var FincaNoInmuebleCertificadoSi_2 = \"Si la informaci\u00f3n de nuestro sistema no la consideras correcta, ll\u00e1manos al 900 100 252.\";    var SelecNum = \"Selec. Num.\";    var SelecBloqueEscalera = \"Selec. Bloque Escalera Piso Puerta\";    var NumeroPiso = \"N\u00famero\";    var BloqueEscaleraPisoPuerta = \"Bloque Escalera Piso Puerta\";<\/script><section class=\"block-style-3 nedgia-block  wp-block-hero\">    <div class=\"container mx-auto\">        <div class=\"hero-slider swiper\">      <input class=\"sliderAutoplay\" type=\"hidden\" name=\"sliderAutoplay\" value=\"\">      <input class=\"sliderTime\" type=\"hidden\" name=\"sliderTime\" value=\"\">      <input class=\"sliderLoop\" type=\"hidden\" name=\"sliderLoop\" value=\"\">      <div class=\"swiper-wrapper\">          <!-- Slides -->                                    <div class=\"swiper-slide\">                <div class=\"hero-slide-wrapper\">                  <div class=\"hero-content\">                    <div>                                                                    <h1 class=\"hero-title title-lg\">Actions on existing connections<\/h1>                                              <div class=\"hero-description\">Actions on existing connections or on Community Receiver Installations (CRIs).<\/div>                                                                                                                  <div class=\"button-wrapper hero-button-wrapper\">                                                                              <a class=\"button                                     button-style-1\" target=\"_blank\" href=\"https:\/\/sci.nedgia.es\/login?lang=en\">    <span>Status of my application<\/span>    <svg class=\"h-4 w-2\" width=\"8\" height=\"16\" viewBox=\"0 0 8 12\" fill=\"none\" xmlns=\"http:\/\/www.w3.org\/2000\/svg\">  <path d=\"M4.97656 5.99962L0.851562 1.87462L2.0299 0.696289L7.33323 5.99962L2.0299 11.303L0.851562 10.1246L4.97656 5.99962Z\" fill=\"currentColor\"\/><\/svg><\/a>                                                                                                <\/div>                    <\/div>                  <\/div>                  <div class=\"hero-image\">                    <div class=\"link-wrapper\">                                          <\/div>                    <figure class=\"hero-cover-image\">                        <img decoding=\"async\" src=\"https:\/\/www.nedgia.es\/wp-content\/uploads\/2024\/03\/gas_natural_generacion_electricidad_2.jpg\"                            alt=\"\" loading=\"lazy\" \/>                    <\/figure>                                                          <\/div>                                  <\/div>              <\/div>                            <\/div>      <div class=\"hero-swiper-navigation-wrapper\">        <div class=\"hero-swiper-button-wrapper\">          <div class=\"swiper-button-prev\"><span>&nbsp;<\/span><\/div>          <div class=\"swiper-button-next\"><span>&nbsp;<\/span><\/div>        <\/div>        <div class=\"hero-swiper-pagination-wrapper\">          <div class=\"swiper-pagination swiper-pagination-hero\"><\/div>        <\/div>      <\/div>  <\/div>    <\/div>                <\/section>                                <section class=\"block-style-4 nedgia-block block-type-accordion  wp-block-content\" id=\"actuaciones-acometidas-existentes\">    <div class=\"container mx-auto\">        <div class=\"main-content-wrapper\">              <div class=\"content-wrapper block-layout-center content-wrapper-pb-0 \">        <div class=\"content-title-col\">          <div class=\"content-pretitle\">Applications for action on existing connections<\/div>                      <p class=\"content-title\">Here you will find&#8230;<\/p>                    <\/div>        <div class=\"content-info-col offset-info\">                      <div class=\"content-description  wpautop-format \">                            <p style=\"text-align: left;\">Important information on the application process for an action on an existing natural gas connection.<\/p><p><span style=\"text-align: left;display:block\">You will be able to apply:<\/span><\/p><ul style=\"text-align:left;margin-bottom:0px;\"><li><strong>New stem connection.<\/strong><br \/> This consists in connecting a new stem using the same connection or building a new connection due to modification, displacement or repair of the receiver installation.<\/p><ul style=\"margin-top:0px;\"><li>If the new stem is <b>less than 60 cm<\/b> from the existing stem, the same connection will be used.<\/li><li>If the new stem is <b>more than 60 cm<\/b> away from the existing stem, a new connection must be built.<\/li><\/ul><\/li><li><strong>Service disconnection.<\/strong><br \/> This consists of cancelling the gas connection that feeds a property in the event of demolition, etc.<br \/>It is essential that all customers connected to the property have cancelled their supply and the meter has been removed.<\/p><\/li><li><strong>Closing\/Re-opening of connection.<\/strong><br \/> This consists of scheduling a shut-off and subsequent reopening of the gas connection due to an action on a property&rsquo;s receiver installation.<\/li><\/ul>            <\/div>                                <div class=\"button-wrapper content-button-wrapper\">                                                                      <\/div>                  <\/div>      <\/div>                              <div  class=\"accordion-content-wrapper  accordion-pills  accordion-bottom  \"  data-accordion-auto-close=\"1\"  data-accordion-start=\"0\">  <div class=\"accordion-main-wrapper\">                    <div class=\"accordion-wrapper accordion-default\">                <div class=\"accordion-header-wrapper\">          <div class=\"accordion-header-wrapper-inner\">                                                                                <figure>                      <img decoding=\"async\" src=\"https:\/\/www.nedgia.es\/wp-content\/uploads\/2024\/10\/pasos_del_proceso.svg\" alt=\"\" loading=\"lazy\" \/>                    <\/figure>                                                                        <div class=\"accordion-header-text\">              <div class=\"accordion-header-title\">Process steps<\/div>                                                                      <div class=\"accordion-header-subtitle\">                        <div>Description of the application process<\/div>                      <\/div>                                                                              <div class=\"accordion-header-description\"><\/div>                          <\/div>          <\/div>        <\/div>                <div class=\"accordion-body-wrapper\">                                                                  <div class=\"accordion-wysiwyg-wrapper\">                                                                                                            <div class=\"accordion-wysiwyg-item\">                                                                        <div class=\"description\">                                        <p><strong>1 &#8211; APPLICATION REGISTRATION<\/strong><br \/>Register your application with the necessary information:<\/p><ul><li>Location of the affected connection.<\/li><\/ul><p>&nbsp;<\/p><p><strong>2 &#8211; ACCEPTANCE AND QUOTATION<\/strong><br \/>Once your application has been accepted, we will send you a detailed quotation which you can accept.<\/p><p>&nbsp;<\/p><p><strong>3 &#8211; PAYMENT<\/strong><br \/>Make the appropriate payment.<\/p><p>&nbsp;<\/p><p><strong>4 &#8211; PROGRAMMING OF THE ACTION AND COMPLETION OF WORK<\/strong><br \/>We will initiate the steps required for the action, including the project and processing of permits if necessary.<\/p><p>We will coordinate with your designated contact person.<\/p><p>&nbsp;<\/p><p><strong>5 &#8211; RESUMPTION OF SUPPLY<\/strong><br \/>Once the action has been completed you should call <a href=\"tel:900750750\"><strong>900 750 750<\/strong><\/a> and ask for the supply to be resumed.<\/p>                                      <\/div>                                                                <\/div>                                                                                                    <\/div>                                        <\/div>      <\/div>            <div class=\"accordion-wrapper accordion-default\">                <div class=\"accordion-header-wrapper\">          <div class=\"accordion-header-wrapper-inner\">                                                                                <figure>                      <img decoding=\"async\" src=\"https:\/\/www.nedgia.es\/wp-content\/uploads\/2024\/10\/nuestras_redes.svg\" alt=\"\" loading=\"lazy\" \/>                    <\/figure>                                                                        <div class=\"accordion-header-text\">              <div class=\"accordion-header-title\">Home tariffs to be applied<\/div>                                                                      <div class=\"accordion-header-subtitle\">                        <div>Home tariffs to be applied broken down<\/div>                      <\/div>                                                                              <div class=\"accordion-header-description\"><\/div>                          <\/div>          <\/div>        <\/div>                <div class=\"accordion-body-wrapper\">                                                                <div class=\"accordion-tables-wrapper\">                                                                                                    <div class=\"accordion-tables-item\">                                                                                                                        <div class=\"table-content-wrapper\">                                                                  <div class=\"rich-table-wrapper\">                                                                          <table id=\"tablepress-36\" class=\"tablepress tablepress-id-36\"><thead><tr class=\"row-1\">\t<th class=\"column-1\">Work<\/th><th class=\"column-2\">Amount<\/th><\/tr><\/thead><tbody><tr class=\"row-2\">\t<td class=\"column-1\"><strong>New stem connection<\/strong>\u00a0and\/or service valve replacement<\/td><td class=\"column-2\">\u20ac705.74  + IVA<\/td><\/tr><tr class=\"row-3\">\t<td class=\"column-1\">New stem connection with\u00a0<strong>new service connection construction<\/strong><\/td><td class=\"column-2\">\u20ac2,068.28 + IVA<\/td><\/tr><tr class=\"row-4\">\t<td class=\"column-1\"><strong>Service disconnection<\/strong><\/td><td class=\"column-2\">\u20ac742.60 + IVA<\/td><\/tr><tr class=\"row-5\">\t<td class=\"column-1\"><strong>Reopening of connection<\/strong>\u00a0due to scheduled closure<\/td><td class=\"column-2\">\u20ac125.34 + IVA<\/td><\/tr><\/tbody><\/table><!-- #tablepress-36 from cache -->                                                                      <\/div>                                                              <\/div>                                                          <\/div>                                                                                            <\/div>                                          <\/div>      <\/div>            <div class=\"accordion-wrapper accordion-default\">                <div class=\"accordion-header-wrapper\">          <div class=\"accordion-header-wrapper-inner\">                                                                                <figure>                      <img decoding=\"async\" src=\"https:\/\/www.nedgia.es\/wp-content\/uploads\/2024\/10\/modelo_de_contrato.svg\" alt=\"\" loading=\"lazy\" \/>                    <\/figure>                                                                        <div class=\"accordion-header-text\">              <div class=\"accordion-header-title\">Authorised installers<\/div>                                                                      <div class=\"accordion-header-subtitle\">                        <div>Listado de instaladores acreditados<\/div>                      <\/div>                                                                          <\/div>          <\/div>        <\/div>                <div class=\"accordion-body-wrapper\">                                                                                                                  <div class=\"accordion-filter-item\" data-identifier-item=\"\">                          <div class=\"accordion-content-wrapper\">                            <div class=\"accordion-content no-image\">                                                            <div class=\"accordion-col-info\">                                <div class=\"content-info-wrapper\">                          <div class=\"description \">        If you need to, you can consult the list of authorised installers here.      <\/div>              <div class=\"button-wrapper\">        <a class=\"button             button-style-2\" target=\"_blank\" href=\"https:\/\/datos.gob.es\/es\/catalogo\/e05024301-consulta-registro-integrado-industrial-instaladores-gas\">    <span>Consult list of installers<\/span>    <svg class=\"h-4 w-2\" width=\"8\" height=\"16\" viewBox=\"0 0 8 12\" fill=\"none\" xmlns=\"http:\/\/www.w3.org\/2000\/svg\">  <path d=\"M4.97656 5.99962L0.851562 1.87462L2.0299 0.696289L7.33323 5.99962L2.0299 11.303L0.851562 10.1246L4.97656 5.99962Z\" fill=\"currentColor\"\/><\/svg><\/a>              <\/div>      <\/div>                              <\/div>                            <\/div>                          <\/div>                        <\/div>                                                                                    <\/div>      <\/div>            <div class=\"accordion-wrapper accordion-default\">                <div class=\"accordion-header-wrapper\">          <div class=\"accordion-header-wrapper-inner\">                                                                                <figure>                      <img decoding=\"async\" src=\"https:\/\/www.nedgia.es\/wp-content\/uploads\/2024\/10\/recuerda_que.svg\" alt=\"\" loading=\"lazy\" \/>                    <\/figure>                                                                        <div class=\"accordion-header-text\">              <div class=\"accordion-header-title\">Additional information<\/div>                                                                      <div class=\"accordion-header-subtitle\">                        <div>It is important that&#8230;<\/div>                      <\/div>                                                                              <div class=\"accordion-header-description\"><\/div>                          <\/div>          <\/div>        <\/div>                <div class=\"accordion-body-wrapper\">                                                                  <div class=\"accordion-wysiwyg-wrapper\">                                                                                                            <div class=\"accordion-wysiwyg-item\">                                                                        <div class=\"description\">                                        <p>To coordinate the shut-off and reopening of the supply, once the connection has been completed, you should call <a href=\"tel:900750750\"><strong>900 750 750<\/strong><\/a>.<\/p><p>If the gas installation has been modified, you must provide the relevant certificates.<\/p>                                      <\/div>                                                                <\/div>                                                                                                    <\/div>                                        <\/div>      <\/div>            <\/div><\/div>                <\/div>    <\/div>                                <\/section>                                <section class=\"block-style-5 nedgia-block block-type-wysiwyg  wp-block-content\">    <div class=\"container mx-auto\">        <div class=\"main-content-wrapper\">              <div class=\"content-wrapper block-layout-center content-wrapper-pb-0 \">        <div class=\"content-title-col\">                                <p class=\"content-title\">Request a quote for:<\/p>                    <\/div>        <div class=\"content-info-col \">                                <div class=\"button-wrapper content-button-wrapper\">                                                                                                    <\/div>                  <\/div>      <\/div>                              <div class=\"wysiwyg-content-wrapper\">  <div class=\"wysiwyg-wrapper\">            <div class=\"wysiwyg-inner-blocks\">      <div class=\"wp-block-buttons acciones-acometidas is-content-justification-center is-layout-flex wp-container-core-buttons-is-layout-16018d1d wp-block-buttons-is-layout-flex\" id=\"https:\/\/sci.apinedgia-dev.gniinnova.com\/new-request\/new-connection\"><div class=\"wp-block-button is-style-button-style-1\"><a class=\"wp-block-button__link has-text-align-center wp-element-button\" href=\"https:\/\/sci.nedgia.es\/new-request\/new-connection?lang=en\" target=\"_blank\" rel=\"noreferrer noopener\">New stem connection<\/a><\/div><div class=\"wp-block-button is-style-button-style-1\"><a class=\"wp-block-button__link has-text-align-center wp-element-button\" href=\"https:\/\/sci.nedgia.es\/new-request\/service-disconnection?lang=en\" target=\"_blank\" rel=\"noreferrer noopener\">Service disconnection<\/a><\/div><div class=\"wp-block-button is-style-button-style-1\"><a class=\"wp-block-button__link has-text-align-center wp-element-button\" href=\"https:\/\/sci.nedgia.es\/new-request\/connection-closure-reopening?lang=en\" target=\"_blank\" rel=\"noreferrer noopener\">Closure and reopening of connection<\/a><\/div><\/div>    <\/div>  <\/div><\/div>                <\/div>    <\/div>                        <\/section>                                <section class=\"block-style-6 nedgia-block  wp-block-image-text\">    <div class=\"container mx-auto\">        <div class=\"image-text-wrapper \">                                  <div class=\"image-text-col-text image-text-col-2\">                                          <div class=\"content-info-wrapper\">      <div class=\"pretitle\">Personalised advice<\/div>          <h2 class=\"title\">Would you like us to contact you?<\/h2>                      <div class=\"description \">        A manager will contact you and provide you with information about the process and connection conditions.      <\/div>              <div class=\"button-wrapper\">        <a class=\"button             button-style-3\" href=\"https:\/\/www.nedgia.es\/en\/network-connections-and-actions\/personalised-advice\/\">    <span>We&rsquo;ll contact you<\/span>    <svg class=\"h-4 w-2\" width=\"8\" height=\"16\" viewBox=\"0 0 8 12\" fill=\"none\" xmlns=\"http:\/\/www.w3.org\/2000\/svg\">  <path d=\"M4.97656 5.99962L0.851562 1.87462L2.0299 0.696289L7.33323 5.99962L2.0299 11.303L0.851562 10.1246L4.97656 5.99962Z\" fill=\"currentColor\"\/><\/svg><\/a>                    <\/div>      <\/div>                                    <\/div>                                      <div class=\"image-text-col-image image-text-col-2 image-lg image-padding-off image-h-center image-v-center\">              <figure>                <img decoding=\"async\" src=\"https:\/\/www.nedgia.es\/wp-content\/uploads\/2024\/02\/pregunta.jpg\"                    alt=\"\" loading=\"lazy\" \/>            <\/figure>                        <\/div>                      <\/div>    <\/div>                <\/section>                                ","protected":false},"excerpt":{"rendered":"<p><script>    var municipio_no_encontrado = \"Municipio no encontrado.\";    var direccion_no_encontrada = \"Direcci\u00f3n no encontrada. No utilices el tipo de v\u00eda como calle,<\/script><\/p>\n","protected":false},"author":13,"featured_media":0,"parent":21621,"menu_order":0,"comment_status":"closed","ping_status":"closed","template":"","meta":{"_acf_changed":false,"inline_featured_image":false,"footnotes":""},"class_list":["post-27925","page","type-page","status-publish","hentry"],"acf":[],"_links":{"self":[{"href":"https:\/\/www.nedgia.es\/en\/wp-json\/wp\/v2\/pages\/27925","targetHints":{"allow":["GET"]}}],"collection":[{"href":"https:\/\/www.nedgia.es\/en\/wp-json\/wp\/v2\/pages"}],"about":[{"href":"https:\/\/www.nedgia.es\/en\/wp-json\/wp\/v2\/types\/page"}],"author":[{"embeddable":true,"href":"https:\/\/www.nedgia.es\/en\/wp-json\/wp\/v2\/users\/13"}],"replies":[{"embeddable":true,"href":"https:\/\/www.nedgia.es\/en\/wp-json\/wp\/v2\/comments?post=27925"}],"version-history":[{"count":3,"href":"https:\/\/www.nedgia.es\/en\/wp-json\/wp\/v2\/pages\/27925\/revisions"}],"predecessor-version":[{"id":28017,"href":"https:\/\/www.nedgia.es\/en\/wp-json\/wp\/v2\/pages\/27925\/revisions\/28017"}],"up":[{"embeddable":true,"href":"https:\/\/www.nedgia.es\/en\/wp-json\/wp\/v2\/pages\/21621"}],"wp:attachment":[{"href":"https:\/\/www.nedgia.es\/en\/wp-json\/wp\/v2\/media?parent=27925"}],"curies":[{"name":"wp","href":"https:\/\/api.w.org\/{rel}","templated":true}]}}