{"id":35465,"date":"2026-04-28T13:55:39","date_gmt":"2026-04-28T11:55:39","guid":{"rendered":"https:\/\/www.nedgia.es\/?page_id=35465"},"modified":"2026-04-29T20:31:37","modified_gmt":"2026-04-29T18:31:37","slug":"prescriber-origin","status":"publish","type":"page","link":"https:\/\/www.nedgia.es\/en\/contributors\/home-offers\/hot-water\/prescriber-origin\/","title":{"rendered":"Contributors &#8211; Home Offers &#8211; Customer hot water offer &#8211; Prescriber origin"},"content":{"rendered":"<script>    var municipio_no_encontrado = \"Municipio no encontrado.\";    var direccion_no_encontrada = \"Direcci\u00f3n no encontrada. No utilices el tipo de v\u00eda como calle, avenida etc. y revisa que est\u00e1 bien escrito.\";        var piso_no_encontrado = \"Piso no encontrado.\";    var campo_obligatorio = \"Campo obligatorio.\";    var email_incorrecto = \"El campo deber\u00eda ser direccion@dominio.es\";    var formato_incorrecto = \"Formato incorrecto\";    var seleccionar_condiciones = \"Debe seleccionar las condiciones legales.\";    var formato_dni = \"El campo deber\u00eda tener el siguiente formato: 12345678Z o Y8237411K\";    var emails_no_coinciden = \"Los emails no coinciden.\";    var telefono_caracteres = \"El tel\u00e9fono debe tener 9 caracteres.\";    var campo_incorrecto = \"Campo incorrecto\";    var escalera = \"Escalera\";    var bloque = \"Bloque\";    var piso = \"Piso\";    var puerta = \"Puerta\";    var NoZonaNedgia = \"Lo sentimos pero tu domicilio no est\u00e1 en la zona donde Nedgia\u00a0 distribuye gas natural. Encuentra la Empresa Distribuidora que te corresponde en el siguiente \";        var link =  \"link\";    var aqui =  \"aqu\u00ed\";    var FincaNoInmuebleCertificadoNo_1 = \"Nos consta que ya tienes gas natural en tu finca. Ahora el siguiente paso ser\u00e1 realizar la instalaci\u00f3n en tu vivienda, contactando con un instalador autorizado. Te explicamos como hacerlo \";    var FincaNoInmuebleCertificadoNo_2 = \"Si la informaci\u00f3n de nuestro sistema no la consideras correcta, ll\u00e1manos al 900 100 252.\";    var FincaEInmueble_1 = \"Nos consta que ya dispones de suministro de gas natural en tu domicilio.\";    var FincaEInmueble_2 = \"Si la informaci\u00f3n de nuestro sistema no la consideras correcta, ll\u00e1manos al 900 100 252.\";        var FincaNoInmuebleCertificadoSi_1 = \"Nos consta que ya tienes la instalaci\u00f3n de gas natural en tu domicilio realizada. Ahora solo te falta gestionar el contrato de gas natural con una empresa comercializadora. Te explicamos como hacerlo. \";    var FincaNoInmuebleCertificadoSi_2 = \"Si la informaci\u00f3n de nuestro sistema no la consideras correcta, ll\u00e1manos al 900 100 252.\";    var SelecNum = \"Selec. Num.\";    var SelecBloqueEscalera = \"Selec. Bloque Escalera Piso Puerta\";    var NumeroPiso = \"N\u00famero\";    var BloqueEscaleraPisoPuerta = \"Bloque Escalera Piso Puerta\";<\/script><script>    var municipio_no_encontrado = \"Municipio no encontrado.\";    var direccion_no_encontrada = \"Direcci\u00f3n no encontrada. No utilices el tipo de v\u00eda como calle, avenida etc. y revisa que est\u00e1 bien escrito.\";    var piso_no_encontrado = \"Piso no encontrado.\";    var campo_obligatorio = \"Campo obligatorio.\";    var email_incorrecto = \"El campo deber\u00eda ser direccion@dominio.es\";    var formato_incorrecto = \"Formato incorrecto\";    var seleccionar_politica_privacidad = \"Debe seleccionar los t\u00e9rminos y condiciones.\";    var seleccionar_condiciones = \"Debe seleccionar las condiciones legales.\";    var formato_dni = \"El campo deber\u00eda tener el siguiente formato: 12345678Z o Y8237411K\";    var emails_no_coinciden = \"Los emails no coinciden.\";    var telefono_caracteres = \"El tel\u00e9fono debe tener 9 caracteres.\";    var campo_incorrecto = \"Campo incorrecto\";    var escalera = \"Escalera\";    var bloque = \"Bloque\";    var piso = \"Piso\";    var puerta = \"Puerta\";    var NoZonaNedgia = \"Lo sentimos pero tu domicilio no est\u00e1 en la zona donde Nedgia\u00a0 distribuye gas natural. Encuentra la Empresa Distribuidora que te corresponde en el siguiente \";    var link = \"link\";    var aqui = \"aqu\u00ed\";    var FincaNoInmuebleCertificadoNo_1 = \"Nos consta que ya tienes gas natural en tu finca. Ahora el siguiente paso ser\u00e1 realizar la instalaci\u00f3n en tu vivienda, contactando con un instalador autorizado. Te explicamos como hacerlo \";    var FincaNoInmuebleCertificadoNo_2 = \"Si la informaci\u00f3n de nuestro sistema no la consideras correcta, ll\u00e1manos al 900 100 252.\";    var FincaEInmueble_1 = \"Nos consta que ya dispones de suministro de gas natural en tu domicilio.\";    var FincaEInmueble_2 = \"Si la informaci\u00f3n de nuestro sistema no la consideras correcta, ll\u00e1manos al 900 100 252.\";    var FincaNoInmuebleCertificadoSi_1 = \"Nos consta que ya tienes la instalaci\u00f3n de gas natural en tu domicilio realizada. Ahora solo te falta gestionar el contrato de gas natural con una empresa comercializadora. Te explicamos como hacerlo. \";    var FincaNoInmuebleCertificadoSi_2 = \"Si la informaci\u00f3n de nuestro sistema no la consideras correcta, ll\u00e1manos al 900 100 252.\";    var SelecNum = \"Selec. Num.\";    var SelecBloqueEscalera = \"Selec. Bloque Escalera Piso Puerta\";    var NumeroPiso = \"N\u00famero\";    var BloqueEscaleraPisoPuerta = \"Bloque Escalera Piso Puerta\";<\/script><section class=\"block-style-3 nedgia-block  wp-block-hero\">    <div class=\"container mx-auto\">        <div class=\"hero-slider swiper\">      <input class=\"sliderAutoplay\" type=\"hidden\" name=\"sliderAutoplay\" value=\"\">      <input class=\"sliderTime\" type=\"hidden\" name=\"sliderTime\" value=\"\">      <input class=\"sliderLoop\" type=\"hidden\" name=\"sliderLoop\" value=\"\">      <div class=\"swiper-wrapper\">          <!-- Slides -->                                    <div class=\"swiper-slide\">                <div class=\"hero-slide-wrapper\">                  <div class=\"hero-content\">                    <div>                      <div class=\"hero-pretitle\">General<\/div>                                              <h1 class=\"hero-title title-lg\">Hot water with natural gas offer<\/h1>                                              <div class=\"hero-description\">Customer offer.<\/div>                                                                                                                  <div class=\"button-wrapper hero-button-wrapper\">                                                                      <\/div>                    <\/div>                  <\/div>                  <div class=\"hero-image\">                    <div class=\"link-wrapper\">                                          <\/div>                    <figure class=\"hero-cover-image\">                        <img decoding=\"async\" src=\"https:\/\/www.nedgia.es\/wp-content\/uploads\/2026\/04\/cabecera-ofertas-agua-caliente-prescriptores.jpg\"                            alt=\"\" loading=\"lazy\" \/>                    <\/figure>                                                          <\/div>                                  <\/div>              <\/div>                            <\/div>      <div class=\"hero-swiper-navigation-wrapper\">        <div class=\"hero-swiper-button-wrapper\">          <div class=\"swiper-button-prev\"><span>&nbsp;<\/span><\/div>          <div class=\"swiper-button-next\"><span>&nbsp;<\/span><\/div>        <\/div>        <div class=\"hero-swiper-pagination-wrapper\">          <div class=\"swiper-pagination swiper-pagination-hero\"><\/div>        <\/div>      <\/div>  <\/div>    <\/div>                <\/section>                                <section class=\"block-style-2 nedgia-block block-type-cards  wp-block-content\">    <div class=\"container mx-auto\">        <div class=\"main-content-wrapper\">              <div class=\"content-wrapper block-layout-center content-wrapper-pb-0 \">        <div class=\"content-title-col\">          <div class=\"content-pretitle\">Tenemos una oferta para las solicitudes cuyo origen sea la acci\u00f3n comercial del instalador para instalaciones de agua caliente con gas natural<\/div>                      <p class=\"content-title\">#TodayItsPossibleWithGas<\/p>                    <\/div>        <div class=\"content-info-col offset-info\">                            <\/div>      <\/div>                              <div class=\"cards-content-wrapper cards-style-1\">  <div class=\"cards-slider cards-slider-3 swiper\">    <input class=\"itemCols\" type=\"hidden\" name=\"itemCols\" value=\"1\">    <input class=\"itemRows\" type=\"hidden\" name=\"itemRows\" value=\"1\">    <input class=\"itemGap\" type=\"hidden\" name=\"itemGap\" value=\"25\">    <div class=\"swiper-wrapper manual-wrapper\">      <!-- Slides -->                                                              <div class=\"swiper-slide cards-type-image-slide\">\t    <div class=\"card-slide-wrapper cards-type-image-wrapper\" data-ccaa=\"\">      <div class=\"card-content\">        <div>          <div class=\"card-top-info\">                                                                        <figure class=\"card-image\">                          <img decoding=\"async\" src=\"https:\/\/www.nedgia.es\/wp-content\/uploads\/2024\/02\/aportacion_economica.jpg\" alt=\"\" loading=\"lazy\" \/>                        <\/figure>                                                                  <\/div>          <div class=\"card-bottom-info \">                                      <div class=\"card-description \">                                Financial contribution for customers whose home is in a multi-family property that already has a natural gas supply connection and who want to have their home connected.              <\/div>                                  <\/div>        <\/div>      <\/div>    <\/div>  <\/div>                                                <\/div>    <div class=\"swiper-navigation-wrapper\">  <div class=\"swiper-button-wrapper\">    <div class=\"swiper-button-prev\"><span>&nbsp;<\/span><\/div>    <div class=\"swiper-button-next\"><span>&nbsp;<\/span><\/div>  <\/div>  <div class=\"swiper-pagination-wrapper\">    <div class=\"swiper-pagination\"><\/div>  <\/div><\/div>  <\/div>  <\/div>                <\/div>    <\/div>                <\/section>                                <section class=\"block-style-3 nedgia-block condiciones-oferta block-type-numbers  wp-block-content\">    <div class=\"container mx-auto\">        <div class=\"main-content-wrapper\">              <div class=\"content-wrapper block-layout-column content-wrapper-pb-0 \">        <div class=\"content-title-col\">                                <p class=\"content-title\">Condiciones de la oferta<\/p>                    <\/div>        <div class=\"content-info-col \">                            <\/div>      <\/div>                              <div class=\"numbers-content-wrapper\">                                                                              <div class=\"numbers-horizontal-wrapper\">                  <div class=\"numbers-horizontal-number-col numbers-size-large\"><div>01<\/div><\/div>                  <div class=\"numbers-horizontal-text-col\"><div class=\"content-info-wrapper\">                <p class=\"title\">\u00bfA qui\u00e9n va dirigida?<\/p>                      <div class=\"description \">        <ul><li>A clientes que realicen la solicitud directamente a trav\u00e9s de un instalador colaborador de Nedgia.<\/li><li>A futuros clientes que viven en pisos dentro de una comunidad de vecinos que dispone de gas natural, pero que no lo tienen instalado en su hogar.<\/li><li>La finca debe estar ubicada en zona de distribuci\u00f3n Nedgia.<\/li><\/ul>      <\/div>          <\/div><\/div>                <\/div>                                              <div class=\"numbers-horizontal-wrapper content-left\">                  <div class=\"numbers-horizontal-number-col numbers-size-large\"><div>02<\/div><\/div>                  <div class=\"numbers-horizontal-text-col\"><div class=\"content-info-wrapper\">                <p class=\"title\">\u00bfCu\u00e1les son los requisitos de la oferta?<\/p>                      <div class=\"description \">        <ul><li>Realizar una nueva instalaci\u00f3n de gas natural para el agua caliente sanitaria.<\/li><li>Que la vivienda no haya tenido suministro de gas natural en los \u00faltimos 3 a\u00f1os.<\/li><li>Que en el momento de concesi\u00f3n de la Licencia de Primera Ocupaci\u00f3n (LPO) no tuvieran instalaci\u00f3n receptora de gas natural.<\/li><li>Contrataci\u00f3n con peaje de acceso RL.1 \/ RLPS.1.<\/li><li>Permanencia m\u00ednima de 24 meses desde la puesta en servicio.<\/li><\/ul>      <\/div>          <\/div><\/div>                <\/div>                                        <\/div>                <\/div>    <\/div>                        <\/section>                                <section class=\"block-style-7 nedgia-block  wp-block-image-text\">    <div class=\"container mx-auto\">        <div class=\"image-text-wrapper \">                                  <div class=\"image-text-col-text image-text-col-2\">                                          <div class=\"content-info-wrapper\">      <div class=\"pretitle\">What is the contribution for installing natural gas for hot water?<\/div>          <p class=\"title\">150 \u20ac de regalo<\/p>                    <div class=\"button-wrapper\">              <\/div>      <\/div>                                    <\/div>                                      <div class=\"image-text-col-image image-text-col-2 image-lg image-padding-off image-h-center image-v-center\">              <figure>                <img decoding=\"async\" src=\"https:\/\/www.nedgia.es\/wp-content\/uploads\/2024\/02\/hucha-e1726762178970.jpg\"                    alt=\"Hucha representando el ahorro con el uso de gas natural\" loading=\"lazy\" \/>            <\/figure>                        <\/div>                      <\/div>    <\/div>                <\/section>                                <section class=\"block-style-3 nedgia-block  wp-block-content\">    <div class=\"container mx-auto\">        <div class=\"main-content-wrapper\">              <div class=\"content-wrapper block-layout-center  \">        <div class=\"content-title-col\">                                <p class=\"content-title\">Recuerda que antes debes adherirte a la oferta p\u00fablica<\/p>                    <\/div>        <div class=\"content-info-col \">                                <div class=\"button-wrapper content-button-wrapper\">                                                <a class=\"button                           button-style-2\" href=\"\">    <span>S\u00famate a la oferta p\u00fablica<\/span>    <svg class=\"h-4 w-2\" width=\"8\" height=\"16\" viewBox=\"0 0 8 12\" fill=\"none\" xmlns=\"http:\/\/www.w3.org\/2000\/svg\">  <path d=\"M4.97656 5.99962L0.851562 1.87462L2.0299 0.696289L7.33323 5.99962L2.0299 11.303L0.851562 10.1246L4.97656 5.99962Z\" fill=\"currentColor\"\/><\/svg><\/a>                                                                                      <\/div>                  <\/div>      <\/div>              <\/div>    <\/div>                <\/section>                                <section class=\"block-style-3 nedgia-block block-type-cards  wp-block-content\">    <div class=\"container mx-auto\">        <div class=\"main-content-wrapper\">                                  <div class=\"cards-content-wrapper cards-style-1\">  <div class=\"cards-slider cards-slider-3 swiper\">    <input class=\"itemCols\" type=\"hidden\" name=\"itemCols\" value=\"3\">    <input class=\"itemRows\" type=\"hidden\" name=\"itemRows\" value=\"1\">    <input class=\"itemGap\" type=\"hidden\" name=\"itemGap\" value=\"25\">    <div class=\"swiper-wrapper manual-wrapper\">      <!-- Slides -->                                                              <div class=\"swiper-slide cards-type-icon-slide\">\t    <div class=\"card-slide-wrapper cards-type-icon-wrapper\" data-ccaa=\"\">      <div class=\"card-content\">        <div>          <div class=\"card-top-info\">                                                                        <figure class=\"card-icon\">                          <img decoding=\"async\" src=\"https:\/\/www.nedgia.es\/wp-content\/uploads\/2024\/02\/Documentacion-carpera-Ovalo.svg\" alt=\"\" loading=\"lazy\" \/>                        <\/figure>                                                                  <\/div>          <div class=\"card-bottom-info \">                          <p class=\"card-title\">\u00bfC\u00f3mo aplicarla al cliente?<\/p>                                        <div class=\"card-description \">                                El cliente deber\u00e1 entregarte una copia de la siguiente documentaci\u00f3n cumplimentada y firmada:<ul><li>Condiciones econ\u00f3micas de la oferta.<\/li><li>Comprobante de titularidad bancaria.<\/li><\/ul>Deber\u00e1s subir al <a href=\"https:\/\/oficinavirtual.nedgia.es\/\" target=\"_blank\">\u00e1rea privada<\/a> esta documentaci\u00f3n:<ul><li><a href=\"\/wp-content\/uploads\/2024\/04\/Guia-para-tramitacion-oferta-SV-modalidad-transferencia-al-cliente.pdf\" target=\"_blank\">Gu\u00eda tramitaci\u00f3n transferencia<\/a><\/li><\/ul>              <\/div>                                  <\/div>        <\/div>      <\/div>    <\/div>  <\/div>                                  <div class=\"swiper-slide cards-type-icon-slide\">\t    <div class=\"card-slide-wrapper cards-type-icon-wrapper\" data-ccaa=\"\">      <div class=\"card-content\">        <div>          <div class=\"card-top-info\">                                                                        <figure class=\"card-icon\">                          <img decoding=\"async\" src=\"https:\/\/www.nedgia.es\/wp-content\/uploads\/2024\/02\/Dinero-Ovalo-1.svg\" alt=\"\" loading=\"lazy\" \/>                        <\/figure>                                                                  <\/div>          <div class=\"card-bottom-info \">                          <p class=\"card-title\">\u00bfC\u00f3mo recibir\u00e1 el cliente la aportaci\u00f3n?<\/p>                                        <div class=\"card-description \">                                El cliente recibir\u00e1 la aportaci\u00f3n econ\u00f3mica de Nedgia a trav\u00e9s de una <strong>transferencia bancaria<\/strong> en un periodo aproximado de un mes despu\u00e9s de la puesta en servicio.              <\/div>                                  <\/div>        <\/div>      <\/div>    <\/div>  <\/div>                                  <div class=\"swiper-slide cards-type-icon-slide\">\t    <div class=\"card-slide-wrapper cards-type-icon-wrapper\" data-ccaa=\"\">      <div class=\"card-content\">        <div>          <div class=\"card-top-info\">                                                                        <figure class=\"card-icon\">                          <img decoding=\"async\" src=\"https:\/\/www.nedgia.es\/wp-content\/uploads\/2024\/02\/Tiempo-Ovalo.svg\" alt=\"\" loading=\"lazy\" \/>                        <\/figure>                                                                  <\/div>          <div class=\"card-bottom-info \">                          <p class=\"card-title\">\u00bfCu\u00e1l es la vigencia?<\/p>                                        <div class=\"card-description \">                                V\u00e1lida para <strong>solicitudes recibidas between 01\/10\/2025 and 31\/12\/2025<\/strong> o el \u00faltimo d\u00eda de la pr\u00f3rroga en caso de que se prorrogue la oferta.<br><br>El punto de suministro ha de ser puesto en servicio dentro de los 2 meses siguientes a la formalizaci\u00f3n de la solicitud para poder aplicar la oferta.<!--<br><br>Las posibles pr\u00f3rrogas se comunicar\u00e1n en este espacio web www.nedgia.es-->              <\/div>                                  <\/div>        <\/div>      <\/div>    <\/div>  <\/div>                                                <\/div>    <div class=\"swiper-navigation-wrapper\">  <div class=\"swiper-button-wrapper\">    <div class=\"swiper-button-prev\"><span>&nbsp;<\/span><\/div>    <div class=\"swiper-button-next\"><span>&nbsp;<\/span><\/div>  <\/div>  <div class=\"swiper-pagination-wrapper\">    <div class=\"swiper-pagination\"><\/div>  <\/div><\/div>  <\/div>  <\/div>                <\/div>    <\/div>                <\/section>                                ","protected":false},"excerpt":{"rendered":"<p><script>    var municipio_no_encontrado = \"Municipio no encontrado.\";    var direccion_no_encontrada = \"Direcci\u00f3n no encontrada. No utilices el tipo de v\u00eda como calle,<\/script><\/p>\n","protected":false},"author":3,"featured_media":0,"parent":17965,"menu_order":0,"comment_status":"closed","ping_status":"closed","template":"","meta":{"_acf_changed":false,"inline_featured_image":false,"footnotes":""},"class_list":["post-35465","page","type-page","status-publish","hentry"],"acf":[],"_links":{"self":[{"href":"https:\/\/www.nedgia.es\/en\/wp-json\/wp\/v2\/pages\/35465","targetHints":{"allow":["GET"]}}],"collection":[{"href":"https:\/\/www.nedgia.es\/en\/wp-json\/wp\/v2\/pages"}],"about":[{"href":"https:\/\/www.nedgia.es\/en\/wp-json\/wp\/v2\/types\/page"}],"author":[{"embeddable":true,"href":"https:\/\/www.nedgia.es\/en\/wp-json\/wp\/v2\/users\/3"}],"replies":[{"embeddable":true,"href":"https:\/\/www.nedgia.es\/en\/wp-json\/wp\/v2\/comments?post=35465"}],"version-history":[{"count":2,"href":"https:\/\/www.nedgia.es\/en\/wp-json\/wp\/v2\/pages\/35465\/revisions"}],"predecessor-version":[{"id":35696,"href":"https:\/\/www.nedgia.es\/en\/wp-json\/wp\/v2\/pages\/35465\/revisions\/35696"}],"up":[{"embeddable":true,"href":"https:\/\/www.nedgia.es\/en\/wp-json\/wp\/v2\/pages\/17965"}],"wp:attachment":[{"href":"https:\/\/www.nedgia.es\/en\/wp-json\/wp\/v2\/media?parent=35465"}],"curies":[{"name":"wp","href":"https:\/\/api.w.org\/{rel}","templated":true}]}}