{"id":17789,"date":"2024-02-28T11:03:54","date_gmt":"2024-02-28T10:03:54","guid":{"rendered":"https:\/\/www.nedgia.es\/colaboradores-ofertas-fogar-oferta-calefaccin-cliente-cliente-a-rioxa\/"},"modified":"2026-04-01T00:37:10","modified_gmt":"2026-03-31T22:37:10","slug":"a-rioxa","status":"publish","type":"page","link":"https:\/\/www.nedgia.es\/gl\/colaboradores\/ofertas-fogar\/calefaccion\/cliente\/a-rioxa\/","title":{"rendered":"Colaboradores &#8211; Ofertas Fogar &#8211; Oferta calefacci&oacute;n cliente &#8211; Cliente &#8211; A Rioxa"},"content":{"rendered":"<script>    var municipio_no_encontrado = \"Municipio no encontrado.\";    var direccion_no_encontrada = \"Direcci\u00f3n no encontrada. No utilices el tipo de v\u00eda como calle, avenida etc. y revisa que est\u00e1 bien escrito.\";        var piso_no_encontrado = \"Piso no encontrado.\";    var campo_obligatorio = \"Campo obligatorio.\";    var email_incorrecto = \"El campo deber\u00eda ser direccion@dominio.es\";    var formato_incorrecto = \"Formato incorrecto\";    var seleccionar_condiciones = \"Debe seleccionar las condiciones legales.\";    var formato_dni = \"El campo deber\u00eda tener el siguiente formato: 12345678Z o Y8237411K\";    var emails_no_coinciden = \"Los emails no coinciden.\";    var telefono_caracteres = \"El tel\u00e9fono debe tener 9 caracteres.\";    var campo_incorrecto = \"Campo incorrecto\";    var escalera = \"Escalera\";    var bloque = \"Bloque\";    var piso = \"Piso\";    var puerta = \"Puerta\";    var NoZonaNedgia = \"Lo sentimos pero tu domicilio no est\u00e1 en la zona donde Nedgia\u00a0 distribuye gas natural. Encuentra la Empresa Distribuidora que te corresponde en el siguiente \";        var link =  \"link\";    var aqui =  \"aqu\u00ed\";    var FincaNoInmuebleCertificadoNo_1 = \"Nos consta que ya tienes gas natural en tu finca. Ahora el siguiente paso ser\u00e1 realizar la instalaci\u00f3n en tu vivienda, contactando con un instalador autorizado. Te explicamos como hacerlo \";    var FincaNoInmuebleCertificadoNo_2 = \"Si la informaci\u00f3n de nuestro sistema no la consideras correcta, ll\u00e1manos al 900 100 252.\";    var FincaEInmueble_1 = \"Nos consta que ya dispones de suministro de gas natural en tu domicilio.\";    var FincaEInmueble_2 = \"Si la informaci\u00f3n de nuestro sistema no la consideras correcta, ll\u00e1manos al 900 100 252.\";        var FincaNoInmuebleCertificadoSi_1 = \"Nos consta que ya tienes la instalaci\u00f3n de gas natural en tu domicilio realizada. Ahora solo te falta gestionar el contrato de gas natural con una empresa comercializadora. Te explicamos como hacerlo. \";    var FincaNoInmuebleCertificadoSi_2 = \"Si la informaci\u00f3n de nuestro sistema no la consideras correcta, ll\u00e1manos al 900 100 252.\";    var SelecNum = \"Selec. Num.\";    var SelecBloqueEscalera = \"Selec. Bloque Escalera Piso Puerta\";    var NumeroPiso = \"N\u00famero\";    var BloqueEscaleraPisoPuerta = \"Bloque Escalera Piso Puerta\";<\/script><script>    var municipio_no_encontrado = \"Municipio no encontrado.\";    var direccion_no_encontrada = \"Direcci\u00f3n no encontrada. No utilices el tipo de v\u00eda como calle, avenida etc. y revisa que est\u00e1 bien escrito.\";    var piso_no_encontrado = \"Piso no encontrado.\";    var campo_obligatorio = \"Campo obligatorio.\";    var email_incorrecto = \"El campo deber\u00eda ser direccion@dominio.es\";    var formato_incorrecto = \"Formato incorrecto\";    var seleccionar_politica_privacidad = \"Debe seleccionar los t\u00e9rminos y condiciones.\";    var seleccionar_condiciones = \"Debe seleccionar las condiciones legales.\";    var formato_dni = \"El campo deber\u00eda tener el siguiente formato: 12345678Z o Y8237411K\";    var emails_no_coinciden = \"Los emails no coinciden.\";    var telefono_caracteres = \"El tel\u00e9fono debe tener 9 caracteres.\";    var campo_incorrecto = \"Campo incorrecto\";    var escalera = \"Escalera\";    var bloque = \"Bloque\";    var piso = \"Piso\";    var puerta = \"Puerta\";    var NoZonaNedgia = \"Lo sentimos pero tu domicilio no est\u00e1 en la zona donde Nedgia\u00a0 distribuye gas natural. Encuentra la Empresa Distribuidora que te corresponde en el siguiente \";    var link = \"link\";    var aqui = \"aqu\u00ed\";    var FincaNoInmuebleCertificadoNo_1 = \"Nos consta que ya tienes gas natural en tu finca. Ahora el siguiente paso ser\u00e1 realizar la instalaci\u00f3n en tu vivienda, contactando con un instalador autorizado. Te explicamos como hacerlo \";    var FincaNoInmuebleCertificadoNo_2 = \"Si la informaci\u00f3n de nuestro sistema no la consideras correcta, ll\u00e1manos al 900 100 252.\";    var FincaEInmueble_1 = \"Nos consta que ya dispones de suministro de gas natural en tu domicilio.\";    var FincaEInmueble_2 = \"Si la informaci\u00f3n de nuestro sistema no la consideras correcta, ll\u00e1manos al 900 100 252.\";    var FincaNoInmuebleCertificadoSi_1 = \"Nos consta que ya tienes la instalaci\u00f3n de gas natural en tu domicilio realizada. Ahora solo te falta gestionar el contrato de gas natural con una empresa comercializadora. Te explicamos como hacerlo. \";    var FincaNoInmuebleCertificadoSi_2 = \"Si la informaci\u00f3n de nuestro sistema no la consideras correcta, ll\u00e1manos al 900 100 252.\";    var SelecNum = \"Selec. Num.\";    var SelecBloqueEscalera = \"Selec. Bloque Escalera Piso Puerta\";    var NumeroPiso = \"N\u00famero\";    var BloqueEscaleraPisoPuerta = \"Bloque Escalera Piso Puerta\";<\/script><section class=\"block-style-3 nedgia-block  wp-block-hero\">    <div class=\"container mx-auto\">        <div class=\"hero-slider swiper\">      <input class=\"sliderAutoplay\" type=\"hidden\" name=\"sliderAutoplay\" value=\"\">      <input class=\"sliderTime\" type=\"hidden\" name=\"sliderTime\" value=\"\">      <input class=\"sliderLoop\" type=\"hidden\" name=\"sliderLoop\" value=\"\">      <div class=\"swiper-wrapper\">          <!-- Slides -->                                    <div class=\"swiper-slide\">                <div class=\"hero-slide-wrapper\">                  <div class=\"hero-content\">                    <div>                      <div class=\"hero-pretitle\">A Rioxa<\/div>                                              <h1 class=\"hero-title title-lg\">Oferta calefacci&oacute;n con gas natural<\/h1>                                              <div class=\"hero-description\">Oferta ao cliente.<\/div>                                                                                                                  <div class=\"button-wrapper hero-button-wrapper\">                                                                      <\/div>                    <\/div>                  <\/div>                  <div class=\"hero-image\">                    <div class=\"link-wrapper\">                                          <\/div>                    <figure class=\"hero-cover-image\">                        <img decoding=\"async\" src=\"https:\/\/www.nedgia.es\/wp-content\/uploads\/2024\/02\/ofertas_aguacaliente.jpg\"                            alt=\"\" loading=\"lazy\" \/>                    <\/figure>                                                          <\/div>                                  <\/div>              <\/div>                            <\/div>      <div class=\"hero-swiper-navigation-wrapper\">        <div class=\"hero-swiper-button-wrapper\">          <div class=\"swiper-button-prev\"><span>&nbsp;<\/span><\/div>          <div class=\"swiper-button-next\"><span>&nbsp;<\/span><\/div>        <\/div>        <div class=\"hero-swiper-pagination-wrapper\">          <div class=\"swiper-pagination swiper-pagination-hero\"><\/div>        <\/div>      <\/div>  <\/div>    <\/div>                <\/section>                                <section class=\"block-style-2 nedgia-block block-type-cards  wp-block-content\">    <div class=\"container mx-auto\">        <div class=\"main-content-wrapper\">              <div class=\"content-wrapper block-layout-center content-wrapper-pb-0 \">        <div class=\"content-title-col\">          <div class=\"content-pretitle\">Temos unha oferta para as demandas cuxa orixe sexan as canles dixitais ou telef&oacute;nicas de Nedgia para instalar calefacci&oacute;n con gas natural<\/div>                      <p class=\"content-title\">#Hoxe&Eacute;PosibleConGas<\/p>                    <\/div>        <div class=\"content-info-col offset-info\">                            <\/div>      <\/div>                              <div class=\"cards-content-wrapper cards-style-1\">  <div class=\"cards-slider cards-slider-3 swiper\">    <input class=\"itemCols\" type=\"hidden\" name=\"itemCols\" value=\"1\">    <input class=\"itemRows\" type=\"hidden\" name=\"itemRows\" value=\"1\">    <input class=\"itemGap\" type=\"hidden\" name=\"itemGap\" value=\"25\">    <div class=\"swiper-wrapper manual-wrapper\">      <!-- Slides -->                                                              <div class=\"swiper-slide cards-type-image-slide\">\t    <div class=\"card-slide-wrapper cards-type-image-wrapper\" data-ccaa=\"\">      <div class=\"card-content\">        <div>          <div class=\"card-top-info\">                                                                        <figure class=\"card-image\">                          <img decoding=\"async\" src=\"https:\/\/www.nedgia.es\/wp-content\/uploads\/2024\/02\/aportacion_economica.jpg\" alt=\"\" loading=\"lazy\" \/>                        <\/figure>                                                                  <\/div>          <div class=\"card-bottom-info \">                                      <div class=\"card-description \">                                Se o gas natural chega ao edificio do teu cliente,&nbsp;pero non ata a s&uacute;a vivenda, non deixes pasar esta oportunidade&nbsp;para&nbsp;que poida empezar a gozar de todo o confort que lle proporcionar&aacute; a calefacci&oacute;n a gas natural.              <\/div>                                  <\/div>        <\/div>      <\/div>    <\/div>  <\/div>                                                <\/div>    <div class=\"swiper-navigation-wrapper\">  <div class=\"swiper-button-wrapper\">    <div class=\"swiper-button-prev\"><span>&nbsp;<\/span><\/div>    <div class=\"swiper-button-next\"><span>&nbsp;<\/span><\/div>  <\/div>  <div class=\"swiper-pagination-wrapper\">    <div class=\"swiper-pagination\"><\/div>  <\/div><\/div>  <\/div>  <\/div>                <\/div>    <\/div>                <\/section>                                <section class=\"block-style-3 nedgia-block block-type-numbers  wp-block-content\">    <div class=\"container mx-auto\">        <div class=\"main-content-wrapper\">              <div class=\"content-wrapper block-layout-column content-wrapper-pb-0 \">        <div class=\"content-title-col\">                                <p class=\"content-title\">Condici&oacute;ns da oferta<\/p>                    <\/div>        <div class=\"content-info-col \">                            <\/div>      <\/div>                              <div class=\"numbers-content-wrapper\">                                                                              <div class=\"numbers-horizontal-wrapper\">                  <div class=\"numbers-horizontal-number-col numbers-size-large\"><div>01<\/div><\/div>                  <div class=\"numbers-horizontal-text-col\"><div class=\"content-info-wrapper\">                <p class=\"title\">A quen vai dirixida?<\/p>                      <div class=\"description \">        <ul><li>A clientes que realicen a solicitude a trav&eacute;s das canles dixitais ou telef&oacute;nicas de Nedgia.<\/li><li>A futuros clientes que viven en pisos dentro dunha comunidade de veci&ntilde;os que disp&oacute;n de gas natural, pero que non o te&ntilde;en instalado no seu fogar.<\/li><li>O predio debe estar situado en zona de distribuci&oacute;n Nedgia.<\/li><\/ul>      <\/div>          <\/div><\/div>                <\/div>                                              <div class=\"numbers-horizontal-wrapper content-left\">                  <div class=\"numbers-horizontal-number-col numbers-size-large\"><div>02<\/div><\/div>                  <div class=\"numbers-horizontal-text-col\"><div class=\"content-info-wrapper\">                <p class=\"title\">Cales son os requisitos da oferta?<\/p>                      <div class=\"description \">        <ul><li>Realizar a solicitude a trav&eacute;s das canles dixitais ou telef&oacute;nicas de Nedgia.<\/li><li>Realizar unha nova instalaci&oacute;n&nbsp;de gas&nbsp;natural&nbsp;para&nbsp;calefacci&oacute;n.<\/li><li>Que a vivenda non tivese subministraci&oacute;n de gas natural nos &uacute;ltimos 3 anos.<\/li><li>Que no momento de concesi&oacute;n da Licenza de Primeira Ocupaci&oacute;n (LPO) non tivesen instalaci&oacute;n receptora de gas natural.<\/li><li>Contrataci&oacute;n con peaxe de acceso RL.2 \/ RLPS.2 \/ RL.3 \/ RLPS.3.<\/li><li>Permanencia m&iacute;nima de 24 meses dende a posta en servizo.<\/li><\/ul>      <\/div>          <\/div><\/div>                <\/div>                                        <\/div>                <\/div>    <\/div>                <\/section>                                <section class=\"block-style-7 nedgia-block  wp-block-image-text\">    <div class=\"container mx-auto\">        <div class=\"image-text-wrapper \">                                  <div class=\"image-text-col-text image-text-col-2\">                                          <div class=\"content-info-wrapper\">      <div class=\"pretitle\">Cal &eacute; a achega para as instalaci&oacute;ns de gas natural para calefacci&oacute;n?<\/div>          <p class=\"title\">180&nbsp;\u20ac de achega econ&oacute;mica para o cliente<\/p>                      <div class=\"description \">        Para a comunidade aut&oacute;noma da Rioxa      <\/div>              <div class=\"button-wrapper\">        <a class=\"button             button-style-1\" target=\"_blank\" href=\"https:\/\/www.nedgia.es\/wp-content\/uploads\/2024\/09\/CCEE-SV-RIO.pdf\">    <span>Condici&oacute;ns econ&oacute;micas da Rioxa<\/span>    <svg class=\"h-4 w-2\" width=\"8\" height=\"16\" viewBox=\"0 0 8 12\" fill=\"none\" xmlns=\"http:\/\/www.w3.org\/2000\/svg\">  <path d=\"M4.97656 5.99962L0.851562 1.87462L2.0299 0.696289L7.33323 5.99962L2.0299 11.303L0.851562 10.1246L4.97656 5.99962Z\" fill=\"currentColor\"\/><\/svg><\/a>                    <\/div>      <\/div>                                    <\/div>                                      <div class=\"image-text-col-image image-text-col-2 image-lg image-padding-off image-h-center image-v-center\">              <figure>                <img decoding=\"async\" src=\"https:\/\/www.nedgia.es\/wp-content\/uploads\/2024\/02\/hucha.jpg\"                    alt=\"Hucha representando ahorro en consumo de gas\" loading=\"lazy\" \/>            <\/figure>                        <\/div>                      <\/div>    <\/div>                <\/section>                                <section class=\"block-style-3 nedgia-block  wp-block-content\">    <div class=\"container mx-auto\">        <div class=\"main-content-wrapper\">              <div class=\"content-wrapper block-layout-center  \">        <div class=\"content-title-col\">                                <p class=\"content-title\">Recorda que antes debes adherirte &aacute; Oferta P&uacute;blica<\/p>                    <\/div>        <div class=\"content-info-col \">                                <div class=\"button-wrapper content-button-wrapper\">                                                <a class=\"button                           button-style-2\" href=\"https:\/\/www.nedgia.es\/gl\/colaboradores\/ofertas-fogar\/calefaccion\/oferta-publica\/\">    <span>S&uacute;mate &aacute; oferta p&uacute;blica<\/span>    <svg class=\"h-4 w-2\" width=\"8\" height=\"16\" viewBox=\"0 0 8 12\" fill=\"none\" xmlns=\"http:\/\/www.w3.org\/2000\/svg\">  <path d=\"M4.97656 5.99962L0.851562 1.87462L2.0299 0.696289L7.33323 5.99962L2.0299 11.303L0.851562 10.1246L4.97656 5.99962Z\" fill=\"currentColor\"\/><\/svg><\/a>                                                                                      <\/div>                  <\/div>      <\/div>              <\/div>    <\/div>                <\/section>                                <section class=\"block-style-3 nedgia-block block-type-cards  wp-block-content\">    <div class=\"container mx-auto\">        <div class=\"main-content-wrapper\">                                  <div class=\"cards-content-wrapper cards-style-1\">  <div class=\"cards-slider cards-slider-3 swiper\">    <input class=\"itemCols\" type=\"hidden\" name=\"itemCols\" value=\"3\">    <input class=\"itemRows\" type=\"hidden\" name=\"itemRows\" value=\"1\">    <input class=\"itemGap\" type=\"hidden\" name=\"itemGap\" value=\"25\">    <div class=\"swiper-wrapper manual-wrapper\">      <!-- Slides -->                                                              <div class=\"swiper-slide cards-type-icon-slide\">\t    <div class=\"card-slide-wrapper cards-type-icon-wrapper\" data-ccaa=\"\">      <div class=\"card-content\">        <div>          <div class=\"card-top-info\">                                                                        <figure class=\"card-icon\">                          <img decoding=\"async\" src=\"https:\/\/www.nedgia.es\/wp-content\/uploads\/2024\/02\/Documentacion-carpera-Ovalo.svg\" alt=\"\u00cdcono de documentaci\u00f3n en formato carpeta de Nedgia\" loading=\"lazy\" \/>                        <\/figure>                                                                  <\/div>          <div class=\"card-bottom-info \">                          <p class=\"card-title\">Como aplicala&nbsp;ao cliente?<\/p>                                        <div class=\"card-description \">                                O cliente deber&aacute; entregarche asinada unha copia de:<br><ul><li>Condici&oacute;ns econ&oacute;micas da oferta canles.<\/li><li>Comprobante de titularidade bancaria do titular da solicitude.<\/li><li>Copia do orzamento presentado ao cliente co desconto aplicado.<\/li><\/ul>Deber&aacute;s subir &aacute; <a href=\"https:\/\/oficinavirtual.nedgia.es\/\" target=\"_blank\">&aacute;rea privada<\/a>&nbsp;esta documentaci&oacute;n:<br><ul><li><a href=\"\/wp-content\/uploads\/2024\/04\/Guia-para-tramitacion-oferta-SV-modalidad-transferencia-al-cliente.pdf\" target=\"_blank\">Gu&iacute;a tramitaci&oacute;n transferencia<\/a><\/li><\/ul>              <\/div>                                  <\/div>        <\/div>      <\/div>    <\/div>  <\/div>                                  <div class=\"swiper-slide cards-type-icon-slide\">\t    <div class=\"card-slide-wrapper cards-type-icon-wrapper\" data-ccaa=\"\">      <div class=\"card-content\">        <div>          <div class=\"card-top-info\">                                                                        <figure class=\"card-icon\">                          <img decoding=\"async\" src=\"https:\/\/www.nedgia.es\/wp-content\/uploads\/2024\/02\/Dinero-Ovalo-1.svg\" alt=\"\" loading=\"lazy\" \/>                        <\/figure>                                                                  <\/div>          <div class=\"card-bottom-info \">                          <p class=\"card-title\">Como recibir&aacute; o cliente a achega?<\/p>                                        <div class=\"card-description \">                                O cliente recibir&aacute; a achega econ&oacute;mica de Nedgia a trav&eacute;s dunha <strong>transferencia bancaria<\/strong> nun per&iacute;odo&nbsp;aproximado&nbsp;dun mes&nbsp;despois da posta en servizo.              <\/div>                                  <\/div>        <\/div>      <\/div>    <\/div>  <\/div>                                  <div class=\"swiper-slide cards-type-icon-slide\">\t    <div class=\"card-slide-wrapper cards-type-icon-wrapper\" data-ccaa=\"\">      <div class=\"card-content\">        <div>          <div class=\"card-top-info\">                                                                        <figure class=\"card-icon\">                          <img decoding=\"async\" src=\"https:\/\/www.nedgia.es\/wp-content\/uploads\/2024\/02\/Tiempo-Ovalo.svg\" alt=\"\" loading=\"lazy\" \/>                        <\/figure>                                                                  <\/div>          <div class=\"card-bottom-info \">                          <p class=\"card-title\">Cal &eacute; a vixencia?<\/p>                                        <div class=\"card-description \">                                V&aacute;lida para <strong>solicitudes recibidas entre o 01\/04\/2026 e o 31\/05\/2026<\/strong> ou o &uacute;ltimo d&iacute;a da pr&oacute;rroga no caso de que se prorrogue a oferta.<br><br> O punto de subministraci&oacute;n deber&aacute; de ser posto en servizo dentro dos 2 meses seguintes &aacute; formalizaci&oacute;n da solicitude para poder aplicar a oferta.<!--<br><br>Las posibles pr\u00f3rrogas se comunicar\u00e1n en este espacio web www.nedgia.es-->              <\/div>                                  <\/div>        <\/div>      <\/div>    <\/div>  <\/div>                                                <\/div>    <div class=\"swiper-navigation-wrapper\">  <div class=\"swiper-button-wrapper\">    <div class=\"swiper-button-prev\"><span>&nbsp;<\/span><\/div>    <div class=\"swiper-button-next\"><span>&nbsp;<\/span><\/div>  <\/div>  <div class=\"swiper-pagination-wrapper\">    <div class=\"swiper-pagination\"><\/div>  <\/div><\/div>  <\/div>  <\/div>                <\/div>    <\/div>                <\/section>                                ","protected":false},"excerpt":{"rendered":"<p><script>    var municipio_no_encontrado = \"Municipio no encontrado.\";    var direccion_no_encontrada = \"Direcci\u00f3n no encontrada. No utilices el tipo de v\u00eda como calle,<\/script><\/p>\n","protected":false},"author":6,"featured_media":0,"parent":17822,"menu_order":0,"comment_status":"closed","ping_status":"closed","template":"","meta":{"_acf_changed":false,"inline_featured_image":false,"footnotes":""},"class_list":["post-17789","page","type-page","status-publish","hentry"],"acf":[],"_links":{"self":[{"href":"https:\/\/www.nedgia.es\/gl\/wp-json\/wp\/v2\/pages\/17789","targetHints":{"allow":["GET"]}}],"collection":[{"href":"https:\/\/www.nedgia.es\/gl\/wp-json\/wp\/v2\/pages"}],"about":[{"href":"https:\/\/www.nedgia.es\/gl\/wp-json\/wp\/v2\/types\/page"}],"author":[{"embeddable":true,"href":"https:\/\/www.nedgia.es\/gl\/wp-json\/wp\/v2\/users\/6"}],"replies":[{"embeddable":true,"href":"https:\/\/www.nedgia.es\/gl\/wp-json\/wp\/v2\/comments?post=17789"}],"version-history":[{"count":9,"href":"https:\/\/www.nedgia.es\/gl\/wp-json\/wp\/v2\/pages\/17789\/revisions"}],"predecessor-version":[{"id":35217,"href":"https:\/\/www.nedgia.es\/gl\/wp-json\/wp\/v2\/pages\/17789\/revisions\/35217"}],"up":[{"embeddable":true,"href":"https:\/\/www.nedgia.es\/gl\/wp-json\/wp\/v2\/pages\/17822"}],"wp:attachment":[{"href":"https:\/\/www.nedgia.es\/gl\/wp-json\/wp\/v2\/media?parent=17789"}],"curies":[{"name":"wp","href":"https:\/\/api.w.org\/{rel}","templated":true}]}}