{"id":18009,"date":"2024-02-22T09:15:35","date_gmt":"2024-02-22T08:15:35","guid":{"rendered":"https:\/\/www.nedgia.es\/clientes-inspeccin-peridica\/clientes-inspeccin-peridica-ausente-o-da-da-inspeccin\/"},"modified":"2025-08-01T17:38:56","modified_gmt":"2025-08-01T15:38:56","slug":"ausente-o-dia-da-inspeccion","status":"publish","type":"page","link":"https:\/\/www.nedgia.es\/gl\/clientes\/inspeccion-periodica\/ausente-o-dia-da-inspeccion\/","title":{"rendered":"Clientes &#8211; Inspecci&oacute;n peri&oacute;dica &#8211; Ausente o d&iacute;a da inspecci&oacute;n"},"content":{"rendered":"<script>    var municipio_no_encontrado = \"Municipio no encontrado.\";    var direccion_no_encontrada = \"Direcci\u00f3n no encontrada. No utilices el tipo de v\u00eda como calle, avenida etc. y revisa que est\u00e1 bien escrito.\";        var piso_no_encontrado = \"Piso no encontrado.\";    var campo_obligatorio = \"Campo obligatorio.\";    var email_incorrecto = \"El campo deber\u00eda ser direccion@dominio.es\";    var formato_incorrecto = \"Formato incorrecto\";    var seleccionar_condiciones = \"Debe seleccionar las condiciones legales.\";    var formato_dni = \"El campo deber\u00eda tener el siguiente formato: 12345678Z o Y8237411K\";    var emails_no_coinciden = \"Los emails no coinciden.\";    var telefono_caracteres = \"El tel\u00e9fono debe tener 9 caracteres.\";    var campo_incorrecto = \"Campo incorrecto\";    var escalera = \"Escalera\";    var bloque = \"Bloque\";    var piso = \"Piso\";    var puerta = \"Puerta\";    var NoZonaNedgia = \"Lo sentimos pero tu domicilio no est\u00e1 en la zona donde Nedgia\u00a0 distribuye gas natural. Encuentra la Empresa Distribuidora que te corresponde en el siguiente \";        var link =  \"link\";    var aqui =  \"aqu\u00ed\";    var FincaNoInmuebleCertificadoNo_1 = \"Nos consta que ya tienes gas natural en tu finca. Ahora el siguiente paso ser\u00e1 realizar la instalaci\u00f3n en tu vivienda, contactando con un instalador autorizado. Te explicamos como hacerlo \";    var FincaNoInmuebleCertificadoNo_2 = \"Si la informaci\u00f3n de nuestro sistema no la consideras correcta, ll\u00e1manos al 900 100 252.\";    var FincaEInmueble_1 = \"Nos consta que ya dispones de suministro de gas natural en tu domicilio.\";    var FincaEInmueble_2 = \"Si la informaci\u00f3n de nuestro sistema no la consideras correcta, ll\u00e1manos al 900 100 252.\";        var FincaNoInmuebleCertificadoSi_1 = \"Nos consta que ya tienes la instalaci\u00f3n de gas natural en tu domicilio realizada. Ahora solo te falta gestionar el contrato de gas natural con una empresa comercializadora. Te explicamos como hacerlo. \";    var FincaNoInmuebleCertificadoSi_2 = \"Si la informaci\u00f3n de nuestro sistema no la consideras correcta, ll\u00e1manos al 900 100 252.\";    var SelecNum = \"Selec. Num.\";    var SelecBloqueEscalera = \"Selec. Bloque Escalera Piso Puerta\";    var NumeroPiso = \"N\u00famero\";    var BloqueEscaleraPisoPuerta = \"Bloque Escalera Piso Puerta\";<\/script><script>    var municipio_no_encontrado = \"Municipio no encontrado.\";    var direccion_no_encontrada = \"Direcci\u00f3n no encontrada. No utilices el tipo de v\u00eda como calle, avenida etc. y revisa que est\u00e1 bien escrito.\";    var piso_no_encontrado = \"Piso no encontrado.\";    var campo_obligatorio = \"Campo obligatorio.\";    var email_incorrecto = \"El campo deber\u00eda ser direccion@dominio.es\";    var formato_incorrecto = \"Formato incorrecto\";    var seleccionar_politica_privacidad = \"Debe seleccionar los t\u00e9rminos y condiciones.\";    var seleccionar_condiciones = \"Debe seleccionar las condiciones legales.\";    var formato_dni = \"El campo deber\u00eda tener el siguiente formato: 12345678Z o Y8237411K\";    var emails_no_coinciden = \"Los emails no coinciden.\";    var telefono_caracteres = \"El tel\u00e9fono debe tener 9 caracteres.\";    var campo_incorrecto = \"Campo incorrecto\";    var escalera = \"Escalera\";    var bloque = \"Bloque\";    var piso = \"Piso\";    var puerta = \"Puerta\";    var NoZonaNedgia = \"Lo sentimos pero tu domicilio no est\u00e1 en la zona donde Nedgia\u00a0 distribuye gas natural. Encuentra la Empresa Distribuidora que te corresponde en el siguiente \";    var link = \"link\";    var aqui = \"aqu\u00ed\";    var FincaNoInmuebleCertificadoNo_1 = \"Nos consta que ya tienes gas natural en tu finca. Ahora el siguiente paso ser\u00e1 realizar la instalaci\u00f3n en tu vivienda, contactando con un instalador autorizado. Te explicamos como hacerlo \";    var FincaNoInmuebleCertificadoNo_2 = \"Si la informaci\u00f3n de nuestro sistema no la consideras correcta, ll\u00e1manos al 900 100 252.\";    var FincaEInmueble_1 = \"Nos consta que ya dispones de suministro de gas natural en tu domicilio.\";    var FincaEInmueble_2 = \"Si la informaci\u00f3n de nuestro sistema no la consideras correcta, ll\u00e1manos al 900 100 252.\";    var FincaNoInmuebleCertificadoSi_1 = \"Nos consta que ya tienes la instalaci\u00f3n de gas natural en tu domicilio realizada. Ahora solo te falta gestionar el contrato de gas natural con una empresa comercializadora. Te explicamos como hacerlo. \";    var FincaNoInmuebleCertificadoSi_2 = \"Si la informaci\u00f3n de nuestro sistema no la consideras correcta, ll\u00e1manos al 900 100 252.\";    var SelecNum = \"Selec. Num.\";    var SelecBloqueEscalera = \"Selec. Bloque Escalera Piso Puerta\";    var NumeroPiso = \"N\u00famero\";    var BloqueEscaleraPisoPuerta = \"Bloque Escalera Piso Puerta\";<\/script><section class=\"block-style-1 nedgia-block  wp-block-hero\">    <div class=\"container mx-auto\">        <div class=\"hero-slider swiper\">      <input class=\"sliderAutoplay\" type=\"hidden\" name=\"sliderAutoplay\" value=\"\">      <input class=\"sliderTime\" type=\"hidden\" name=\"sliderTime\" value=\"\">      <input class=\"sliderLoop\" type=\"hidden\" name=\"sliderLoop\" value=\"\">      <div class=\"swiper-wrapper\">          <!-- Slides -->                                    <div class=\"swiper-slide\">                <div class=\"hero-slide-wrapper\">                  <div class=\"hero-content\">                    <div>                                                                                                                                                                                    <div class=\"button-wrapper hero-button-wrapper\">                                                                      <\/div>                    <\/div>                  <\/div>                  <div class=\"hero-image\">                    <div class=\"link-wrapper\">                                          <\/div>                    <figure class=\"hero-cover-image\">                        <img decoding=\"async\" src=\"https:\/\/www.nedgia.es\/wp-content\/uploads\/2024\/02\/hero-ausente-el-dia-2.jpg\"                            alt=\"Gesti\u00f3n de ausencias en inspecciones de gas\" loading=\"lazy\" \/>                    <\/figure>                                                          <\/div>                                  <\/div>              <\/div>                            <\/div>      <div class=\"hero-swiper-navigation-wrapper\">        <div class=\"hero-swiper-button-wrapper\">          <div class=\"swiper-button-prev\"><span>&nbsp;<\/span><\/div>          <div class=\"swiper-button-next\"><span>&nbsp;<\/span><\/div>        <\/div>        <div class=\"hero-swiper-pagination-wrapper\">          <div class=\"swiper-pagination swiper-pagination-hero\"><\/div>        <\/div>      <\/div>  <\/div>    <\/div>                <\/section>                                <section class=\"block-style-5 nedgia-block        wp-block-horizontal-nav                  is-horizontal\" data-scrollspy=\"\">    <div class=\"container mx-auto\">        <div class=\"horizontal-nav-wrapper nav-style-links   nav-align-center\">                    <nav>          <ul class=\"navigation-horizontal nav-align-center\">                                          <li class=\"horizontal-nav-item inactive \">                                      <a href=\"https:\/\/www.nedgia.es\/gl\/clientes\/inspeccion-periodica\/tarifas-inspeccion-periodica\/\"                      target=\"\"                      class=\"nav-item  \"                    >                      Tarifas                    <\/a>                                  <\/li>                              <li class=\"horizontal-nav-item inactive \">                                      <a href=\"https:\/\/www.nedgia.es\/gl\/clientes\/inspeccion-periodica\/documentacion-relacionada-coa-inspeccion-periodica\/\"                      target=\"\"                      class=\"nav-item  \"                    >                      Avisos e comunicaci\u00f3ns                    <\/a>                                  <\/li>                              <li class=\"horizontal-nav-item inactive \">                                      <a href=\"https:\/\/www.nedgia.es\/gl\/clientes\/inspeccion-periodica\/non-superei-a-inspeccion\/\"                      target=\"\"                      class=\"nav-item  \"                    >                      Solucionar anomal\u00edas detectadas                    <\/a>                                  <\/li>                              <li class=\"horizontal-nav-item active \">                                      <a href=\"https:\/\/www.nedgia.es\/gl\/clientes\/inspeccion-periodica\/ausente-o-dia-da-inspeccion\/\"                      target=\"\"                      class=\"nav-item  \"                    >                      Ausente o d\u00eda da inspecci\u00f3n                    <\/a>                                  <\/li>                                    <\/ul>        <\/nav>          <\/div>    <\/div>                <\/section>                                <section class=\"block-style-2 nedgia-block  wp-block-image-text\">    <div class=\"container mx-auto\">        <div class=\"image-text-wrapper \">                                  <div class=\"image-text-col-text image-text-col-2\">                                          <div class=\"content-info-wrapper\">      <div class=\"pretitle\">Ausente o d&iacute;a da inspecci&oacute;n<\/div>          <h2 class=\"title\">Non estaba no domicilio o d&iacute;a da inspecci&oacute;n peri&oacute;dica. Que fago?<\/h2>                      <div class=\"description  wpautop-format \">        <p>Se non estabas presente no momento da inspecci&oacute;n, atopar&aacute;s na t&uacute;a vivenda un tarxet&oacute;n de ausente.<br \/>Contacta co servizo de atenci\u00f3n ao cliente para concertar unha nova visita chamando ao tel\u00e9fono:<\/p><p><span style=\"font-size:1.5rem;\"><strong>900 100 252<\/strong><\/span><\/p><p>Dispo\u00f1ible de luns a s\u00e1bado de 8:00 a 22:00 horas<br \/>(excepto festivos nacionais)<\/p>      <\/div>          <\/div>                                    <\/div>                                      <div class=\"image-text-col-image image-text-col-2 image-lg image-padding-off image-h-center image-v-center\">              <figure>                <img decoding=\"async\" src=\"https:\/\/www.nedgia.es\/wp-content\/uploads\/2025\/03\/ausente-dia-inspeccion.png\"                    alt=\"\" loading=\"lazy\" \/>            <\/figure>                        <\/div>                      <\/div>    <\/div>                <\/section>                                <section class=\"block-style-1 nedgia-block block-type-cards  wp-block-content\">    <div class=\"container mx-auto\">        <div class=\"main-content-wrapper\">              <div class=\"content-wrapper block-layout-center content-wrapper-pb-0 \">        <div class=\"content-title-col\">                                <h2 class=\"content-title\">Tes d&uacute;bidas?<\/h2>                    <\/div>        <div class=\"content-info-col \">                                <div class=\"button-wrapper content-button-wrapper\">                                                <a class=\"button                           button-style-2\" href=\"\/gl\/axuda\/\">    <span>Ir &aacute; secci&oacute;n de axuda<\/span>    <svg class=\"h-4 w-2\" width=\"8\" height=\"16\" viewBox=\"0 0 8 12\" fill=\"none\" xmlns=\"http:\/\/www.w3.org\/2000\/svg\">  <path d=\"M4.97656 5.99962L0.851562 1.87462L2.0299 0.696289L7.33323 5.99962L2.0299 11.303L0.851562 10.1246L4.97656 5.99962Z\" fill=\"currentColor\"\/><\/svg><\/a>                                                        <\/div>                  <\/div>      <\/div>                              <div class=\"cards-content-wrapper cards-style-1\">  <div class=\"cards-slider cards-slider-3 swiper\">    <input class=\"itemCols\" type=\"hidden\" name=\"itemCols\" value=\"3\">    <input class=\"itemRows\" type=\"hidden\" name=\"itemRows\" value=\"\">    <input class=\"itemGap\" type=\"hidden\" name=\"itemGap\" value=\"25\">    <div class=\"swiper-wrapper post-wrapper\">      <!-- Slides -->                            <div class=\"swiper-slide\">      <div class=\"card-slide-wrapper cards-type-post-wrapper\">        <div class=\"card-content\">          <div class=\"card-top-info\">                      <\/div>          <div class=\"card-bottom-info\">                                      <h2 class=\"card-title\">E se non contacto para concertar unha nova visita?<\/h2>                          <div class=\"card-excerpt full-description\"><p>A t&uacute;a instalaci&oacute;n de gas natural require certos coidados para garantir a s&uacute;a utilidade. Non esquezas pasar a inspecci&oacute;n; &eacute; pola t&uacute;a seguridade. Se non se pasa a inspecci&oacute;n, notificarase ao organismo competente da t&uacute;a comunidade aut&oacute;noma e pode interromperse a subministraci&oacute;n de gas natural.<br \/>Ponte en contacto co noso servizo de atenci&oacute;n ao cliente chamando ao tel&eacute;fono 900 100 252, dispo&ntilde;ible de luns a s&aacute;bado de 8:00 a 22:00 h, para concertar unha nova cita.<\/p><\/div>            <div class=\"flex\">                          <\/div>          <\/div>        <\/div>      <\/div>    <\/div>      <div class=\"swiper-slide\">      <div class=\"card-slide-wrapper cards-type-post-wrapper\">        <div class=\"card-content\">          <div class=\"card-top-info\">                      <\/div>          <div class=\"card-bottom-info\">                                      <h2 class=\"card-title\">Non estaba na casa na segunda visita e non puideron realizar a inspecci&oacute;n. Que podo facer?<\/h2>                          <div class=\"card-excerpt full-description\"><p>Disp&oacute;s de dez d&iacute;as h&aacute;biles para contactar connosco, no 900 100 252, e que che indiquemos a nova data para levar a cabo a inspecci&oacute;n peri&oacute;dica. Neste caso, por normativa, e transcorrido o devandito prazo de 10 d&iacute;as h&aacute;biles, ao realizar a inspecci&oacute;n ter&aacute;s que aboar o dobre de importe da tarifa establecida para a inspecci&oacute;n.<\/p><\/div>            <div class=\"flex\">                          <\/div>          <\/div>        <\/div>      <\/div>    <\/div>      <div class=\"swiper-slide\">      <div class=\"card-slide-wrapper cards-type-post-wrapper\">        <div class=\"card-content\">          <div class=\"card-top-info\">                      <\/div>          <div class=\"card-bottom-info\">                                      <h2 class=\"card-title\">Finalmente, non puiden pasar a inspecci&oacute;n por non estar presente e cort&aacute;ronme a subministraci&oacute;n. Como podo recuperala?<\/h2>                          <div class=\"card-excerpt full-description\"><p>Chama ao tel&eacute;fono 900 100 252 e restableceremos a subministraci&oacute;n o antes posible, nas 48&nbsp;h seguintes ao teu aviso de que non tes subministraci&oacute;n. Enviaremos un t&eacute;cnico para que che faga a correspondente inspecci&oacute;n e, se non hai anomal&iacute;as principais, che restableza o servizo. Por&eacute;n, se detecta anomal&iacute;as, ter&aacute;s que po&ntilde;erte en contacto cun instalador autorizado ou o servizo t&eacute;cnico do teu aparato para que che arranxe as anomal&iacute;as, nos env&iacute;e o xustificante de correcci&oacute;n e che restableza a subministraci&oacute;n ao momento.<\/p><\/div>            <div class=\"flex\">                          <\/div>          <\/div>        <\/div>      <\/div>    <\/div>                            <\/div>    <div class=\"swiper-navigation-wrapper\">  <div class=\"swiper-button-wrapper\">    <div class=\"swiper-button-prev\"><span>&nbsp;<\/span><\/div>    <div class=\"swiper-button-next\"><span>&nbsp;<\/span><\/div>  <\/div>  <div class=\"swiper-pagination-wrapper\">    <div class=\"swiper-pagination\"><\/div>  <\/div><\/div>  <\/div>  <\/div>                <\/div>    <\/div>                <\/section>                                <section class=\"block-style-3 nedgia-block block-type-cards  wp-block-content\">    <div class=\"container mx-auto\">        <div class=\"main-content-wrapper\">              <div class=\"content-wrapper block-layout-center content-wrapper-pb-0 \">        <div class=\"content-title-col\">          <div class=\"content-pretitle\">A t&uacute;a seguridade &eacute; a nosa prioridade<\/div>                      <h1 class=\"content-title\">Co&ntilde;ece&nbsp;m&aacute;is&nbsp;sobre a inspecci&oacute;n&nbsp;peri&oacute;dica<\/h1>                    <\/div>        <div class=\"content-info-col offset-info\">                            <\/div>      <\/div>                              <div class=\"cards-content-wrapper cards-style-1\">  <div class=\"cards-slider cards-slider-3 swiper\">    <input class=\"itemCols\" type=\"hidden\" name=\"itemCols\" value=\"4\">    <input class=\"itemRows\" type=\"hidden\" name=\"itemRows\" value=\"1\">    <input class=\"itemGap\" type=\"hidden\" name=\"itemGap\" value=\"25\">    <div class=\"swiper-wrapper dynamic-wrapper\">      <!-- Slides -->                                                                                                                                                                              <div class=\"swiper-slide cards-type-basic-slide\">\t\t\t<a class=\"card-link \" href=\"https:\/\/www.nedgia.es\/gl\/clientes\/inspeccion-periodica\/tarifas-inspeccion-periodica\/\"  target=\"_self\">      <div class=\"card-slide-wrapper cards-type-basic-wrapper\" data-ccaa=\"\">      <div class=\"card-content\">        <div>          <div class=\"card-top-info\">                                                              <\/div>          <div class=\"card-bottom-info \">                          <p class=\"card-title\">Tarifas<\/p>                                                <\/div>        <\/div>      <\/div>    <\/div>      <\/a>  <\/div>                                                      <div class=\"swiper-slide cards-type-basic-slide\">\t\t\t<a class=\"card-link \" href=\"https:\/\/www.nedgia.es\/gl\/clientes\/inspeccion-periodica\/documentacion-relacionada-coa-inspeccion-periodica\/\"  target=\"_self\">      <div class=\"card-slide-wrapper cards-type-basic-wrapper\" data-ccaa=\"\">      <div class=\"card-content\">        <div>          <div class=\"card-top-info\">                                                              <\/div>          <div class=\"card-bottom-info \">                          <p class=\"card-title\">Avisos e comunicaci\u00f3ns<\/p>                                                <\/div>        <\/div>      <\/div>    <\/div>      <\/a>  <\/div>                                                      <div class=\"swiper-slide cards-type-basic-slide\">\t\t\t<a class=\"card-link \" href=\"https:\/\/www.nedgia.es\/gl\/clientes\/inspeccion-periodica\/ausente-o-dia-da-inspeccion\/\"  target=\"_self\">      <div class=\"card-slide-wrapper cards-type-basic-wrapper\" data-ccaa=\"\">      <div class=\"card-content\">        <div>          <div class=\"card-top-info\">                                                              <\/div>          <div class=\"card-bottom-info \">                          <p class=\"card-title\">Ausente o d\u00eda da inspecci\u00f3n<\/p>                                                <\/div>        <\/div>      <\/div>    <\/div>      <\/a>  <\/div>                                                      <div class=\"swiper-slide cards-type-basic-slide\">\t\t\t<a class=\"card-link \" href=\"https:\/\/www.nedgia.es\/gl\/clientes\/inspeccion-periodica\/non-superei-a-inspeccion\/\"  target=\"_self\">      <div class=\"card-slide-wrapper cards-type-basic-wrapper\" data-ccaa=\"\">      <div class=\"card-content\">        <div>          <div class=\"card-top-info\">                                                              <\/div>          <div class=\"card-bottom-info \">                          <p class=\"card-title\">Como solucionar as anomal\u00edas detectadas<\/p>                                                <\/div>        <\/div>      <\/div>    <\/div>      <\/a>  <\/div>                                                                                                                                          <\/div>    <div class=\"swiper-navigation-wrapper\">  <div class=\"swiper-button-wrapper\">    <div class=\"swiper-button-prev\"><span>&nbsp;<\/span><\/div>    <div class=\"swiper-button-next\"><span>&nbsp;<\/span><\/div>  <\/div>  <div class=\"swiper-pagination-wrapper\">    <div class=\"swiper-pagination\"><\/div>  <\/div><\/div>  <\/div>  <\/div>                <\/div>    <\/div>                <\/section>                                ","protected":false},"excerpt":{"rendered":"<p><script>    var municipio_no_encontrado = \"Municipio no encontrado.\";    var direccion_no_encontrada = \"Direcci\u00f3n no encontrada. No utilices el tipo de v\u00eda como calle,<\/script><\/p>\n","protected":false},"author":6,"featured_media":0,"parent":18003,"menu_order":0,"comment_status":"closed","ping_status":"closed","template":"","meta":{"_acf_changed":false,"inline_featured_image":false,"footnotes":""},"class_list":["post-18009","page","type-page","status-publish","hentry"],"acf":[],"_links":{"self":[{"href":"https:\/\/www.nedgia.es\/gl\/wp-json\/wp\/v2\/pages\/18009","targetHints":{"allow":["GET"]}}],"collection":[{"href":"https:\/\/www.nedgia.es\/gl\/wp-json\/wp\/v2\/pages"}],"about":[{"href":"https:\/\/www.nedgia.es\/gl\/wp-json\/wp\/v2\/types\/page"}],"author":[{"embeddable":true,"href":"https:\/\/www.nedgia.es\/gl\/wp-json\/wp\/v2\/users\/6"}],"replies":[{"embeddable":true,"href":"https:\/\/www.nedgia.es\/gl\/wp-json\/wp\/v2\/comments?post=18009"}],"version-history":[{"count":10,"href":"https:\/\/www.nedgia.es\/gl\/wp-json\/wp\/v2\/pages\/18009\/revisions"}],"predecessor-version":[{"id":30882,"href":"https:\/\/www.nedgia.es\/gl\/wp-json\/wp\/v2\/pages\/18009\/revisions\/30882"}],"up":[{"embeddable":true,"href":"https:\/\/www.nedgia.es\/gl\/wp-json\/wp\/v2\/pages\/18003"}],"wp:attachment":[{"href":"https:\/\/www.nedgia.es\/gl\/wp-json\/wp\/v2\/media?parent=18009"}],"curies":[{"name":"wp","href":"https:\/\/api.w.org\/{rel}","templated":true}]}}