{"id":18676,"date":"2024-02-26T13:34:43","date_gmt":"2024-02-26T12:34:43","guid":{"rendered":"https:\/\/www.nedgia.es\/legal-accesibilidade\/"},"modified":"2025-01-16T19:35:31","modified_gmt":"2025-01-16T18:35:31","slug":"accesibilidade","status":"publish","type":"page","link":"https:\/\/www.nedgia.es\/gl\/accesibilidade\/","title":{"rendered":"Legal &#8211; Accesibilidade"},"content":{"rendered":"<script>    var municipio_no_encontrado = \"Municipio no encontrado.\";    var direccion_no_encontrada = \"Direcci\u00f3n no encontrada. No utilices el tipo de v\u00eda como calle, avenida etc. y revisa que est\u00e1 bien escrito.\";        var piso_no_encontrado = \"Piso no encontrado.\";    var campo_obligatorio = \"Campo obligatorio.\";    var email_incorrecto = \"El campo deber\u00eda ser direccion@dominio.es\";    var formato_incorrecto = \"Formato incorrecto\";    var seleccionar_condiciones = \"Debe seleccionar las condiciones legales.\";    var formato_dni = \"El campo deber\u00eda tener el siguiente formato: 12345678Z o Y8237411K\";    var emails_no_coinciden = \"Los emails no coinciden.\";    var telefono_caracteres = \"El tel\u00e9fono debe tener 9 caracteres.\";    var campo_incorrecto = \"Campo incorrecto\";    var escalera = \"Escalera\";    var bloque = \"Bloque\";    var piso = \"Piso\";    var puerta = \"Puerta\";    var NoZonaNedgia = \"Lo sentimos pero tu domicilio no est\u00e1 en la zona donde Nedgia\u00a0 distribuye gas natural. Encuentra la Empresa Distribuidora que te corresponde en el siguiente \";        var link =  \"link\";    var aqui =  \"aqu\u00ed\";    var FincaNoInmuebleCertificadoNo_1 = \"Nos consta que ya tienes gas natural en tu finca. Ahora el siguiente paso ser\u00e1 realizar la instalaci\u00f3n en tu vivienda, contactando con un instalador autorizado. Te explicamos como hacerlo \";    var FincaNoInmuebleCertificadoNo_2 = \"Si la informaci\u00f3n de nuestro sistema no la consideras correcta, ll\u00e1manos al 900 100 252.\";    var FincaEInmueble_1 = \"Nos consta que ya dispones de suministro de gas natural en tu domicilio.\";    var FincaEInmueble_2 = \"Si la informaci\u00f3n de nuestro sistema no la consideras correcta, ll\u00e1manos al 900 100 252.\";        var FincaNoInmuebleCertificadoSi_1 = \"Nos consta que ya tienes la instalaci\u00f3n de gas natural en tu domicilio realizada. Ahora solo te falta gestionar el contrato de gas natural con una empresa comercializadora. Te explicamos como hacerlo. \";    var FincaNoInmuebleCertificadoSi_2 = \"Si la informaci\u00f3n de nuestro sistema no la consideras correcta, ll\u00e1manos al 900 100 252.\";    var SelecNum = \"Selec. Num.\";    var SelecBloqueEscalera = \"Selec. Bloque Escalera Piso Puerta\";    var NumeroPiso = \"N\u00famero\";    var BloqueEscaleraPisoPuerta = \"Bloque Escalera Piso Puerta\";<\/script><script>    var municipio_no_encontrado = \"Municipio no encontrado.\";    var direccion_no_encontrada = \"Direcci\u00f3n no encontrada. No utilices el tipo de v\u00eda como calle, avenida etc. y revisa que est\u00e1 bien escrito.\";    var piso_no_encontrado = \"Piso no encontrado.\";    var campo_obligatorio = \"Campo obligatorio.\";    var email_incorrecto = \"El campo deber\u00eda ser direccion@dominio.es\";    var formato_incorrecto = \"Formato incorrecto\";    var seleccionar_politica_privacidad = \"Debe seleccionar los t\u00e9rminos y condiciones.\";    var seleccionar_condiciones = \"Debe seleccionar las condiciones legales.\";    var formato_dni = \"El campo deber\u00eda tener el siguiente formato: 12345678Z o Y8237411K\";    var emails_no_coinciden = \"Los emails no coinciden.\";    var telefono_caracteres = \"El tel\u00e9fono debe tener 9 caracteres.\";    var campo_incorrecto = \"Campo incorrecto\";    var escalera = \"Escalera\";    var bloque = \"Bloque\";    var piso = \"Piso\";    var puerta = \"Puerta\";    var NoZonaNedgia = \"Lo sentimos pero tu domicilio no est\u00e1 en la zona donde Nedgia\u00a0 distribuye gas natural. Encuentra la Empresa Distribuidora que te corresponde en el siguiente \";    var link = \"link\";    var aqui = \"aqu\u00ed\";    var FincaNoInmuebleCertificadoNo_1 = \"Nos consta que ya tienes gas natural en tu finca. Ahora el siguiente paso ser\u00e1 realizar la instalaci\u00f3n en tu vivienda, contactando con un instalador autorizado. Te explicamos como hacerlo \";    var FincaNoInmuebleCertificadoNo_2 = \"Si la informaci\u00f3n de nuestro sistema no la consideras correcta, ll\u00e1manos al 900 100 252.\";    var FincaEInmueble_1 = \"Nos consta que ya dispones de suministro de gas natural en tu domicilio.\";    var FincaEInmueble_2 = \"Si la informaci\u00f3n de nuestro sistema no la consideras correcta, ll\u00e1manos al 900 100 252.\";    var FincaNoInmuebleCertificadoSi_1 = \"Nos consta que ya tienes la instalaci\u00f3n de gas natural en tu domicilio realizada. Ahora solo te falta gestionar el contrato de gas natural con una empresa comercializadora. Te explicamos como hacerlo. \";    var FincaNoInmuebleCertificadoSi_2 = \"Si la informaci\u00f3n de nuestro sistema no la consideras correcta, ll\u00e1manos al 900 100 252.\";    var SelecNum = \"Selec. Num.\";    var SelecBloqueEscalera = \"Selec. Bloque Escalera Piso Puerta\";    var NumeroPiso = \"N\u00famero\";    var BloqueEscaleraPisoPuerta = \"Bloque Escalera Piso Puerta\";<\/script><section class=\"block-style-3 nedgia-block  wp-block-hero-simple\">    <div class=\"container mx-auto\">        <div class=\"hero-simple-wrapper block-layout-center\">        <div class=\"hero-title-col\">                                <h1 class=\"hero-title md:text-4xl lg:text-5xl font-FSEmeric\">Accesibilidade<\/h1>                    <\/div>        <div class=\"hero-info-col\">                    <div class=\"button-wrapper hero-button-wrapper\">                                  <\/div>        <\/div>    <\/div>    <\/div>                <\/section>                                <section class=\"block-style-1 nedgia-block  wp-block-wysiwyg\">    <div class=\"container mx-auto\">        <div class=\"wysiwyg-wrapper\">            <div class=\"wysiwyg-inner-blocks\">       <p>Dende hai dous anos, a nosa compa\u00f1\u00eda estivo a xestar un <strong>proxecto de transformaci\u00f3n integral<\/strong> da s\u00faa web e que agora ve a luz como o <strong>primeiro portal de Naturgy<\/strong>. A prioridade foi o <strong>achegamento ao usuario <\/strong>dende todas as perspectivas. Para conseguilo, traball\u00e1ronse as seguintes li\u00f1as:<\/p><ul class=\"wp-block-list\"><li>O proceso de conceptualizaci\u00f3n e dese\u00f1o tivo en conta a metodolox\u00eda denominada Dese\u00f1o Centrado no Usuario, e foi validado con usuarios finais a trav\u00e9s de probas de testaxe real.<\/li><li>Procurouse o acceso de todas as persoas, independentemente das s\u00faas condici\u00f3ns, xa sexa de contorna (ru\u00eddo, navegadores antigos, conexi\u00f3ns lentas,\u2026) como f\u00edsicas (deficiencias visuais, auditivas, motoras, de linguaxe ou relacionadas co envellecemento).<\/li><li>Tecnoloxicamente, desenvolveuse garantindo o cumprimento das normas UNE e do W3C (<em>World Wide Web Consortium<\/em>), no seu nivel intermedio (AA).<\/li><li>A capa de presentaci\u00f3n baseouse nas recomendaci\u00f3ns do W3C sobre as Follas de Estilo en Fervenza, Nivel 2 (CSS2) e empregouse o est\u00e1ndar recomendado en emprego de c\u00f3digo HTML verificando as recomendaci\u00f3ns usamos XHTML 1.0 Strict.<\/li><\/ul><p>Con todo iso, consegu\u00edronse as seguintes <strong>vantaxes<\/strong>:<\/p><ul class=\"wp-block-list\"><li>C\u00f3digo HTML e Follas de estilo axustadas para garantir a correcta visualizaci\u00f3n que posibilitan que a nosa web se adapte aos distintos dispositivos. Deste xeito, l\u00f3grase un acceso \u00e1 informaci\u00f3n case universal.<\/li><li>Ademais, os tama\u00f1os de fontes foron definidos con unidades relativas para que se poida ampliar ou diminu\u00edr dende o navegador.<\/li><li>Navegaci\u00f3n con ou sen follas de estilo activadas, ademais de navegaci\u00f3n con ou sen JS activado.<\/li><\/ul><p>Grazas a estas melloras, os usuarios poder\u00e1n <strong>acceder ao noso contido de forma universal<\/strong>.<\/p><p>Respecto \u00e1s <strong>funcionalidades ofrecidas<\/strong>, temos que diferenciar tres casu\u00edsticas:<\/p><ul class=\"wp-block-list\"><li>As funcionalidades sen integraci\u00f3n con outros sistemas, que foron desenvolvidas neste proxecto seguindo as pautas indicadas nas normas de accesibilidade.<\/li><li>As funcionalidades integradas con outros sistemas: a complexidade t\u00e9cnica de integraci\u00f3n con estes servizos imposibilitou o seu desenvolvemento. Neste sentido, Naturgy comprom\u00e9tese a seguir traballando para conseguir que todas as s\u00faas aplicaci\u00f3ns sexan totalmente accesibles.<\/li><li>As funcionalidades de terceiros: o noso compromiso coa accesibilidade faise extensible a todas as empresas colaboradoras coas que traballamos. Polo tanto, solicit\u00f3uselles a todas elas o seu compromiso e xesti\u00f3n para garantir a accesibilidade das s\u00faas aplicaci\u00f3ns.<\/li><\/ul>    <\/div>  <\/div>    <\/div>                <\/section>                                ","protected":false},"excerpt":{"rendered":"<p><script>    var municipio_no_encontrado = \"Municipio no encontrado.\";    var direccion_no_encontrada = \"Direcci\u00f3n no encontrada. No utilices el tipo de v\u00eda como calle,<\/script><\/p>\n","protected":false},"author":6,"featured_media":0,"parent":0,"menu_order":0,"comment_status":"closed","ping_status":"closed","template":"","meta":{"_acf_changed":false,"inline_featured_image":false,"footnotes":""},"class_list":["post-18676","page","type-page","status-publish","hentry"],"acf":[],"_links":{"self":[{"href":"https:\/\/www.nedgia.es\/gl\/wp-json\/wp\/v2\/pages\/18676","targetHints":{"allow":["GET"]}}],"collection":[{"href":"https:\/\/www.nedgia.es\/gl\/wp-json\/wp\/v2\/pages"}],"about":[{"href":"https:\/\/www.nedgia.es\/gl\/wp-json\/wp\/v2\/types\/page"}],"author":[{"embeddable":true,"href":"https:\/\/www.nedgia.es\/gl\/wp-json\/wp\/v2\/users\/6"}],"replies":[{"embeddable":true,"href":"https:\/\/www.nedgia.es\/gl\/wp-json\/wp\/v2\/comments?post=18676"}],"version-history":[{"count":1,"href":"https:\/\/www.nedgia.es\/gl\/wp-json\/wp\/v2\/pages\/18676\/revisions"}],"predecessor-version":[{"id":18677,"href":"https:\/\/www.nedgia.es\/gl\/wp-json\/wp\/v2\/pages\/18676\/revisions\/18677"}],"wp:attachment":[{"href":"https:\/\/www.nedgia.es\/gl\/wp-json\/wp\/v2\/media?parent=18676"}],"curies":[{"name":"wp","href":"https:\/\/api.w.org\/{rel}","templated":true}]}}