{"id":19246,"date":"2024-02-13T13:34:18","date_gmt":"2024-02-13T12:34:18","guid":{"rendered":"https:\/\/www.nedgia.es\/gnv\/quero-gas-gas-natural-vehicular-comparativa-de-vehculos-a-gas-natural\/"},"modified":"2025-05-06T12:49:15","modified_gmt":"2025-05-06T10:49:15","slug":"comparativa-de-vehiculos-a-gas-natural","status":"publish","type":"page","link":"https:\/\/www.nedgia.es\/gl\/gnv\/comparativa-de-vehiculos-a-gas-natural\/","title":{"rendered":"Quero Gas &#8211; Gas natural vehicular &#8211; Comparativa de veh&iacute;culos a gas natural"},"content":{"rendered":"<script>    var municipio_no_encontrado = \"Municipio no encontrado.\";    var direccion_no_encontrada = \"Direcci\u00f3n no encontrada. No utilices el tipo de v\u00eda como calle, avenida etc. y revisa que est\u00e1 bien escrito.\";        var piso_no_encontrado = \"Piso no encontrado.\";    var campo_obligatorio = \"Campo obligatorio.\";    var email_incorrecto = \"El campo deber\u00eda ser direccion@dominio.es\";    var formato_incorrecto = \"Formato incorrecto\";    var seleccionar_condiciones = \"Debe seleccionar las condiciones legales.\";    var formato_dni = \"El campo deber\u00eda tener el siguiente formato: 12345678Z o Y8237411K\";    var emails_no_coinciden = \"Los emails no coinciden.\";    var telefono_caracteres = \"El tel\u00e9fono debe tener 9 caracteres.\";    var campo_incorrecto = \"Campo incorrecto\";    var escalera = \"Escalera\";    var bloque = \"Bloque\";    var piso = \"Piso\";    var puerta = \"Puerta\";    var NoZonaNedgia = \"Lo sentimos pero tu domicilio no est\u00e1 en la zona donde Nedgia\u00a0 distribuye gas natural. Encuentra la Empresa Distribuidora que te corresponde en el siguiente \";        var link =  \"link\";    var aqui =  \"aqu\u00ed\";    var FincaNoInmuebleCertificadoNo_1 = \"Nos consta que ya tienes gas natural en tu finca. Ahora el siguiente paso ser\u00e1 realizar la instalaci\u00f3n en tu vivienda, contactando con un instalador autorizado. Te explicamos como hacerlo \";    var FincaNoInmuebleCertificadoNo_2 = \"Si la informaci\u00f3n de nuestro sistema no la consideras correcta, ll\u00e1manos al 900 100 252.\";    var FincaEInmueble_1 = \"Nos consta que ya dispones de suministro de gas natural en tu domicilio.\";    var FincaEInmueble_2 = \"Si la informaci\u00f3n de nuestro sistema no la consideras correcta, ll\u00e1manos al 900 100 252.\";        var FincaNoInmuebleCertificadoSi_1 = \"Nos consta que ya tienes la instalaci\u00f3n de gas natural en tu domicilio realizada. Ahora solo te falta gestionar el contrato de gas natural con una empresa comercializadora. Te explicamos como hacerlo. \";    var FincaNoInmuebleCertificadoSi_2 = \"Si la informaci\u00f3n de nuestro sistema no la consideras correcta, ll\u00e1manos al 900 100 252.\";    var SelecNum = \"Selec. Num.\";    var SelecBloqueEscalera = \"Selec. Bloque Escalera Piso Puerta\";    var NumeroPiso = \"N\u00famero\";    var BloqueEscaleraPisoPuerta = \"Bloque Escalera Piso Puerta\";<\/script><script>    var municipio_no_encontrado = \"Municipio no encontrado.\";    var direccion_no_encontrada = \"Direcci\u00f3n no encontrada. No utilices el tipo de v\u00eda como calle, avenida etc. y revisa que est\u00e1 bien escrito.\";    var piso_no_encontrado = \"Piso no encontrado.\";    var campo_obligatorio = \"Campo obligatorio.\";    var email_incorrecto = \"El campo deber\u00eda ser direccion@dominio.es\";    var formato_incorrecto = \"Formato incorrecto\";    var seleccionar_politica_privacidad = \"Debe seleccionar los t\u00e9rminos y condiciones.\";    var seleccionar_condiciones = \"Debe seleccionar las condiciones legales.\";    var formato_dni = \"El campo deber\u00eda tener el siguiente formato: 12345678Z o Y8237411K\";    var emails_no_coinciden = \"Los emails no coinciden.\";    var telefono_caracteres = \"El tel\u00e9fono debe tener 9 caracteres.\";    var campo_incorrecto = \"Campo incorrecto\";    var escalera = \"Escalera\";    var bloque = \"Bloque\";    var piso = \"Piso\";    var puerta = \"Puerta\";    var NoZonaNedgia = \"Lo sentimos pero tu domicilio no est\u00e1 en la zona donde Nedgia\u00a0 distribuye gas natural. Encuentra la Empresa Distribuidora que te corresponde en el siguiente \";    var link = \"link\";    var aqui = \"aqu\u00ed\";    var FincaNoInmuebleCertificadoNo_1 = \"Nos consta que ya tienes gas natural en tu finca. Ahora el siguiente paso ser\u00e1 realizar la instalaci\u00f3n en tu vivienda, contactando con un instalador autorizado. Te explicamos como hacerlo \";    var FincaNoInmuebleCertificadoNo_2 = \"Si la informaci\u00f3n de nuestro sistema no la consideras correcta, ll\u00e1manos al 900 100 252.\";    var FincaEInmueble_1 = \"Nos consta que ya dispones de suministro de gas natural en tu domicilio.\";    var FincaEInmueble_2 = \"Si la informaci\u00f3n de nuestro sistema no la consideras correcta, ll\u00e1manos al 900 100 252.\";    var FincaNoInmuebleCertificadoSi_1 = \"Nos consta que ya tienes la instalaci\u00f3n de gas natural en tu domicilio realizada. Ahora solo te falta gestionar el contrato de gas natural con una empresa comercializadora. Te explicamos como hacerlo. \";    var FincaNoInmuebleCertificadoSi_2 = \"Si la informaci\u00f3n de nuestro sistema no la consideras correcta, ll\u00e1manos al 900 100 252.\";    var SelecNum = \"Selec. Num.\";    var SelecBloqueEscalera = \"Selec. Bloque Escalera Piso Puerta\";    var NumeroPiso = \"N\u00famero\";    var BloqueEscaleraPisoPuerta = \"Bloque Escalera Piso Puerta\";<\/script><section class=\"block-style-1 nedgia-block  wp-block-hero-simple\">    <div class=\"container mx-auto\">        <div class=\"hero-simple-wrapper block-layout-column\">        <div class=\"hero-title-col\">                                <h1 class=\"hero-title md:text-4xl lg:text-5xl font-FSEmeric\">Comparativa de veh&iacute;culos a gas natural<\/h1>                    <\/div>        <div class=\"hero-info-col\">          <div class=\"hero-description\">Gas natural comprimido, o combustible m&aacute;is barato.<\/div>          <div class=\"button-wrapper hero-button-wrapper\">                                  <\/div>        <\/div>    <\/div>    <\/div>                <\/section>                                <section class=\"block-style-3 nedgia-block my-custom-block-css block-type-chart  wp-block-content\">    <div class=\"container mx-auto\">        <div class=\"main-content-wrapper\">              <div class=\"content-wrapper block-layout-column content-wrapper-pb-0 \">        <div class=\"content-title-col\">          <div class=\"content-pretitle\">O aforro que a t&uacute;a mobilidade merece<\/div>                      <h2 class=\"content-title\">Comparativa de aforro de consumo por 500 km<\/h2>                    <\/div>        <div class=\"content-info-col offset-info\">                      <div class=\"content-description \">                            Proba comparativa real de veh&iacute;culos (compactos 110&nbsp;CV &ndash; 130&nbsp;CV) utilizando diferentes tecnolox&iacute;as de propulsi&oacute;n. Con cada veh&iacute;culo percorr&eacute;ronse 500 km combinando cidade, estrada e autoestrada.            <\/div>                            <\/div>      <\/div>                              <div class=\"charts-content-wrapper\">                                <div class=\"charts-col-image charts-col-2\">            <figure>                <img decoding=\"async\" src=\"https:\/\/www.nedgia.es\/wp-content\/uploads\/2024\/02\/taxi-hibrido-1.jpg\"                    alt=\"Taxi h\u00edbrido funcionando con gas natural\" loading=\"lazy\" \/>            <\/figure>                      <\/div>                                          <div class=\"charts-col-info charts-col-2\">              <div class=\"charts-title\">Consumo e aforro respecto ao gas natural comprimido<\/div>                            <div class=\"chart-legend\">Fonte: <a href=\"https:\/\/www.youtube.com\/watch?v=o2Ec4HcPaR8\" target=\"_blank\">coches.net<\/a><\/div>          <\/div>                    <\/div>  <div class=\"chart-disclaimer\">      <\/div>                <\/div>    <\/div>                        <\/section>                                <section class=\"block-style-2 nedgia-block block-type-media  wp-block-content\">    <div class=\"container mx-auto\">        <div class=\"main-content-wrapper\">              <div class=\"content-wrapper block-layout-column content-wrapper-pb-0 \">        <div class=\"content-title-col\">                                <h2 class=\"content-title\">Queres saber m&aacute;is?<\/h2>                    <\/div>        <div class=\"content-info-col \">                      <div class=\"content-description \">                            Podes ver o v&iacute;deo da comparativa de coches.net            <\/div>                                <div class=\"button-wrapper content-button-wrapper\">                                                <a class=\"button                           button-style-2\" target=\"_blank\" href=\"https:\/\/www.youtube.com\/watch?v=o2Ec4HcPaR8\">    <span>Ver v&iacute;deo<\/span>    <svg class=\"h-4 w-2\" width=\"8\" height=\"16\" viewBox=\"0 0 8 12\" fill=\"none\" xmlns=\"http:\/\/www.w3.org\/2000\/svg\">  <path d=\"M4.97656 5.99962L0.851562 1.87462L2.0299 0.696289L7.33323 5.99962L2.0299 11.303L0.851562 10.1246L4.97656 5.99962Z\" fill=\"currentColor\"\/><\/svg><\/a>                                                        <\/div>                  <\/div>      <\/div>                              <div class=\"media-content-wrapper\">  <div class=\"media-slider swiper\">    <input class=\"itemCols\" type=\"hidden\" name=\"itemCols\" value=\"1\">    <input class=\"itemRows\" type=\"hidden\" name=\"itemRows\" value=\"1\">    <input class=\"itemGap\" type=\"hidden\" name=\"itemGap\" value=\"0\">    <div class=\"swiper-wrapper\">                        <div class=\"swiper-slide\">            <div class=\"media-slide-wrapper\">                                                                              <div class=\"media-wrapper\">                                                      <div class=\"image-wrapper\">                                <figure>                                    <img decoding=\"async\" src=\"https:\/\/www.nedgia.es\/wp-content\/uploads\/2024\/02\/video-saber-mas.jpg\" alt=\"Video informativo sobre el gas natural y su funcionamiento\" loading=\"lazy\" \/>                                <\/figure>                                                              <div class=\"play-button-wrapper\">                                  <div class=\"play-button\">                                    <svg width=\"84\" height=\"84\" viewBox=\"0 0 84 84\" fill=\"none\" xmlns=\"http:\/\/www.w3.org\/2000\/svg\"><rect x=\"1\" y=\"1\" width=\"82\" height=\"82\" rx=\"41\" fill=\"white\"\/><rect class=\"circle-play\" x=\"1\" y=\"1\" width=\"82\" height=\"82\" rx=\"41\" stroke=\"#FFC000\" stroke-width=\"2\"\/><g clip-path=\"url(#clip0_1173_48526)\"><path class=\"triangle-play\" d=\"M38.4597 36.5324L47.2163 41.6407C47.2791 41.6774 47.3311 41.73 47.3673 41.793C47.4035 41.8561 47.4225 41.9276 47.4225 42.0003C47.4225 42.073 47.4035 42.1445 47.3673 42.2075C47.3311 42.2706 47.2791 42.3231 47.2163 42.3599L38.4597 47.4682C38.3962 47.5052 38.3241 47.5248 38.2507 47.525C38.1772 47.5252 38.105 47.5059 38.0414 47.4692C37.9778 47.4325 37.925 47.3796 37.8884 47.3159C37.8518 47.2522 37.8327 47.18 37.833 47.1065V36.8924C37.833 36.8191 37.8523 36.747 37.889 36.6836C37.9257 36.6201 37.9786 36.5675 38.0421 36.531C38.1057 36.4944 38.1778 36.4753 38.2511 36.4756C38.3244 36.4758 38.3964 36.4954 38.4597 36.5324Z\" fill=\"#004571\"\/><\/g><\/svg>                                  <\/div>                                <\/div>                                                          <\/div>                                                    <div class=\"video-wrapper\">                                                          <iframe                                class=\"video-iframe-vimeo video-player\"                                src=\"https:\/\/player.vimeo.com\/video\/332620246?dnt=1\"                                frameborder=\"0\"                                allow=\"autoplay; fullscreen\" dnt=\"1\" allowfullscreen loading=\"lazy\">                              <\/iframe>                                                      <\/div>                        <\/div>                                                <\/div>          <\/div>                  <\/div>    <div class=\"content-swiper-navigation-wrapper\">      <div class=\"content-swiper-button-wrapper\">        <div class=\"swiper-button-prev\"><span>&nbsp;<\/span><\/div>        <div class=\"swiper-button-next\"><span>&nbsp;<\/span><\/div>      <\/div>      <div class=\"content-swiper-pagination-wrapper\">        <div class=\"swiper-pagination swiper-pagination-content\"><\/div>      <\/div>    <\/div>  <\/div><\/div><script src=\"https:\/\/player.vimeo.com\/api\/player.js\"><\/script>                <\/div>    <\/div>                <\/section>                                <section class=\"block-style-2 nedgia-block  wp-block-content\">    <div class=\"container mx-auto\">        <div class=\"main-content-wrapper\">              <div class=\"content-wrapper block-layout-center  \">        <div class=\"content-title-col\">          <div class=\"content-pretitle\">Tes m&aacute;is preguntas sobre a mobilidade con gas natural?<\/div>                      <p class=\"content-title\">900 500 404<\/p>                    <\/div>        <div class=\"content-info-col offset-info\">                      <div class=\"content-description \">                            Ou a trav&eacute;s do seguinte formulario            <\/div>                                <div class=\"button-wrapper content-button-wrapper\">                                                <a class=\"button                           button-style-1\" href=\"https:\/\/www.nedgia.es\/gl\/gnv\/ponte-en-contacto-connosco\/\">    <span>Formulario de contacto<\/span>    <svg class=\"h-4 w-2\" width=\"8\" height=\"16\" viewBox=\"0 0 8 12\" fill=\"none\" xmlns=\"http:\/\/www.w3.org\/2000\/svg\">  <path d=\"M4.97656 5.99962L0.851562 1.87462L2.0299 0.696289L7.33323 5.99962L2.0299 11.303L0.851562 10.1246L4.97656 5.99962Z\" fill=\"currentColor\"\/><\/svg><\/a>                                                        <\/div>                  <\/div>      <\/div>              <\/div>    <\/div>                <\/section>                                <section class=\"block-style-3 nedgia-block block-type-cards  wp-block-content\">    <div class=\"container mx-auto\">        <div class=\"main-content-wrapper\">              <div class=\"content-wrapper block-layout-center content-wrapper-pb-0 \">        <div class=\"content-title-col\">          <div class=\"content-pretitle\">Queres saber m&aacute;is sobre gas natural vehicular?<\/div>                      <h2 class=\"content-title\">P&oacute;deche interesar<\/h2>                    <\/div>        <div class=\"content-info-col offset-info\">                            <\/div>      <\/div>                              <div class=\"cards-content-wrapper cards-style-1\">  <div class=\"cards-slider cards-slider-3 swiper\">    <input class=\"itemCols\" type=\"hidden\" name=\"itemCols\" value=\"4\">    <input class=\"itemRows\" type=\"hidden\" name=\"itemRows\" value=\"1\">    <input class=\"itemGap\" type=\"hidden\" name=\"itemGap\" value=\"25\">    <div class=\"swiper-wrapper dynamic-wrapper\">      <!-- Slides -->                                                                                                                                                                              <div class=\"swiper-slide cards-type-basic-slide\">\t\t\t<a class=\"card-link \" href=\"https:\/\/www.nedgia.es\/gl\/gnv\/ponte-en-contacto-connosco\/\"  target=\"_self\">      <div class=\"card-slide-wrapper cards-type-basic-wrapper\" data-ccaa=\"\">      <div class=\"card-content\">        <div>          <div class=\"card-top-info\">                                                              <\/div>          <div class=\"card-bottom-info \">                          <p class=\"card-title\">Cont\u00e1ctanos<\/p>                                        <div class=\"card-description \">                                Solicita m\u00e1is informaci\u00f3n sobre gas natural vehicular              <\/div>                                  <\/div>        <\/div>      <\/div>    <\/div>      <\/a>  <\/div>                                                      <div class=\"swiper-slide cards-type-basic-slide\">\t\t\t<a class=\"card-link \" href=\"https:\/\/www.nedgia.es\/gl\/gnv\/estacions-de-recarga-de-gnc-gasineiras\/\"  target=\"_self\">      <div class=\"card-slide-wrapper cards-type-basic-wrapper\" data-ccaa=\"\">      <div class=\"card-content\">        <div>          <div class=\"card-top-info\">                                                              <\/div>          <div class=\"card-bottom-info \">                          <p class=\"card-title\">Estaci\u00f3ns de recarga<\/p>                                        <div class=\"card-description \">                                Buscador de gasolineiras con gas natural comprimido              <\/div>                                  <\/div>        <\/div>      <\/div>    <\/div>      <\/a>  <\/div>                                                      <div class=\"swiper-slide cards-type-basic-slide\">\t\t\t<a class=\"card-link \" href=\"https:\/\/www.nedgia.es\/gl\/gnv\/vantaxes-do-gas-natural-para-a-mobilidade\/\"  target=\"_self\">      <div class=\"card-slide-wrapper cards-type-basic-wrapper\" data-ccaa=\"\">      <div class=\"card-content\">        <div>          <div class=\"card-top-info\">                                                              <\/div>          <div class=\"card-bottom-info \">                          <p class=\"card-title\">Vantaxes do gas natural vehicular<\/p>                                        <div class=\"card-description \">                                Co\u00f1ece as vantaxes que ofrece o gas para a mobilidade              <\/div>                                  <\/div>        <\/div>      <\/div>    <\/div>      <\/a>  <\/div>                                                      <div class=\"swiper-slide cards-type-basic-slide\">\t\t\t<a class=\"card-link \" href=\"https:\/\/www.nedgia.es\/gl\/gnv\/experiencias-co-gas-natural-vehicular\/\"  target=\"_self\">      <div class=\"card-slide-wrapper cards-type-basic-wrapper\" data-ccaa=\"\">      <div class=\"card-content\">        <div>          <div class=\"card-top-info\">                                                              <\/div>          <div class=\"card-bottom-info \">                          <p class=\"card-title\">Experiencias co gas natural vehicular<\/p>                                        <div class=\"card-description \">                                Descubre as historias de \u00e9xito con GNC              <\/div>                                  <\/div>        <\/div>      <\/div>    <\/div>      <\/a>  <\/div>                                                                                                                                          <\/div>    <div class=\"swiper-navigation-wrapper\">  <div class=\"swiper-button-wrapper\">    <div class=\"swiper-button-prev\"><span>&nbsp;<\/span><\/div>    <div class=\"swiper-button-next\"><span>&nbsp;<\/span><\/div>  <\/div>  <div class=\"swiper-pagination-wrapper\">    <div class=\"swiper-pagination\"><\/div>  <\/div><\/div>  <\/div>  <\/div>                <\/div>    <\/div>                <\/section>                                ","protected":false},"excerpt":{"rendered":"<p><script>    var municipio_no_encontrado = \"Municipio no encontrado.\";    var direccion_no_encontrada = \"Direcci\u00f3n no encontrada. No utilices el tipo de v\u00eda como calle,<\/script><\/p>\n","protected":false},"author":6,"featured_media":0,"parent":18690,"menu_order":0,"comment_status":"closed","ping_status":"closed","template":"","meta":{"_acf_changed":false,"inline_featured_image":false,"footnotes":""},"class_list":["post-19246","page","type-page","status-publish","hentry"],"acf":[],"_links":{"self":[{"href":"https:\/\/www.nedgia.es\/gl\/wp-json\/wp\/v2\/pages\/19246","targetHints":{"allow":["GET"]}}],"collection":[{"href":"https:\/\/www.nedgia.es\/gl\/wp-json\/wp\/v2\/pages"}],"about":[{"href":"https:\/\/www.nedgia.es\/gl\/wp-json\/wp\/v2\/types\/page"}],"author":[{"embeddable":true,"href":"https:\/\/www.nedgia.es\/gl\/wp-json\/wp\/v2\/users\/6"}],"replies":[{"embeddable":true,"href":"https:\/\/www.nedgia.es\/gl\/wp-json\/wp\/v2\/comments?post=19246"}],"version-history":[{"count":4,"href":"https:\/\/www.nedgia.es\/gl\/wp-json\/wp\/v2\/pages\/19246\/revisions"}],"predecessor-version":[{"id":29130,"href":"https:\/\/www.nedgia.es\/gl\/wp-json\/wp\/v2\/pages\/19246\/revisions\/29130"}],"up":[{"embeddable":true,"href":"https:\/\/www.nedgia.es\/gl\/wp-json\/wp\/v2\/pages\/18690"}],"wp:attachment":[{"href":"https:\/\/www.nedgia.es\/gl\/wp-json\/wp\/v2\/media?parent=19246"}],"curies":[{"name":"wp","href":"https:\/\/api.w.org\/{rel}","templated":true}]}}