{"id":19367,"date":"2024-02-15T17:35:32","date_gmt":"2024-02-15T16:35:32","guid":{"rendered":"https:\/\/www.nedgia.es\/quero-gas-ofertas-gas-natural-sala-de-caldeiras-axudas-da-comunidade-de-madrid\/"},"modified":"2026-03-23T17:57:49","modified_gmt":"2026-03-23T16:57:49","slug":"axudas-da-comunidade-de-madrid","status":"publish","type":"page","link":"https:\/\/www.nedgia.es\/gl\/ofertas-gas-natural\/sala-de-caldeiras\/axudas-da-comunidade-de-madrid\/","title":{"rendered":"Quero Gas &#8211; Ofertas Gas Natural &#8211; Sala de caldeiras &#8211; Axudas da Comunidade de Madrid"},"content":{"rendered":"<script>    var municipio_no_encontrado = \"Municipio no encontrado.\";    var direccion_no_encontrada = \"Direcci\u00f3n no encontrada. No utilices el tipo de v\u00eda como calle, avenida etc. y revisa que est\u00e1 bien escrito.\";        var piso_no_encontrado = \"Piso no encontrado.\";    var campo_obligatorio = \"Campo obligatorio.\";    var email_incorrecto = \"El campo deber\u00eda ser direccion@dominio.es\";    var formato_incorrecto = \"Formato incorrecto\";    var seleccionar_condiciones = \"Debe seleccionar las condiciones legales.\";    var formato_dni = \"El campo deber\u00eda tener el siguiente formato: 12345678Z o Y8237411K\";    var emails_no_coinciden = \"Los emails no coinciden.\";    var telefono_caracteres = \"El tel\u00e9fono debe tener 9 caracteres.\";    var campo_incorrecto = \"Campo incorrecto\";    var escalera = \"Escalera\";    var bloque = \"Bloque\";    var piso = \"Piso\";    var puerta = \"Puerta\";    var NoZonaNedgia = \"Lo sentimos pero tu domicilio no est\u00e1 en la zona donde Nedgia\u00a0 distribuye gas natural. Encuentra la Empresa Distribuidora que te corresponde en el siguiente \";        var link =  \"link\";    var aqui =  \"aqu\u00ed\";    var FincaNoInmuebleCertificadoNo_1 = \"Nos consta que ya tienes gas natural en tu finca. Ahora el siguiente paso ser\u00e1 realizar la instalaci\u00f3n en tu vivienda, contactando con un instalador autorizado. Te explicamos como hacerlo \";    var FincaNoInmuebleCertificadoNo_2 = \"Si la informaci\u00f3n de nuestro sistema no la consideras correcta, ll\u00e1manos al 900 100 252.\";    var FincaEInmueble_1 = \"Nos consta que ya dispones de suministro de gas natural en tu domicilio.\";    var FincaEInmueble_2 = \"Si la informaci\u00f3n de nuestro sistema no la consideras correcta, ll\u00e1manos al 900 100 252.\";        var FincaNoInmuebleCertificadoSi_1 = \"Nos consta que ya tienes la instalaci\u00f3n de gas natural en tu domicilio realizada. Ahora solo te falta gestionar el contrato de gas natural con una empresa comercializadora. Te explicamos como hacerlo. \";    var FincaNoInmuebleCertificadoSi_2 = \"Si la informaci\u00f3n de nuestro sistema no la consideras correcta, ll\u00e1manos al 900 100 252.\";    var SelecNum = \"Selec. Num.\";    var SelecBloqueEscalera = \"Selec. Bloque Escalera Piso Puerta\";    var NumeroPiso = \"N\u00famero\";    var BloqueEscaleraPisoPuerta = \"Bloque Escalera Piso Puerta\";<\/script><script>    var municipio_no_encontrado = \"Municipio no encontrado.\";    var direccion_no_encontrada = \"Direcci\u00f3n no encontrada. No utilices el tipo de v\u00eda como calle, avenida etc. y revisa que est\u00e1 bien escrito.\";    var piso_no_encontrado = \"Piso no encontrado.\";    var campo_obligatorio = \"Campo obligatorio.\";    var email_incorrecto = \"El campo deber\u00eda ser direccion@dominio.es\";    var formato_incorrecto = \"Formato incorrecto\";    var seleccionar_politica_privacidad = \"Debe seleccionar los t\u00e9rminos y condiciones.\";    var seleccionar_condiciones = \"Debe seleccionar las condiciones legales.\";    var formato_dni = \"El campo deber\u00eda tener el siguiente formato: 12345678Z o Y8237411K\";    var emails_no_coinciden = \"Los emails no coinciden.\";    var telefono_caracteres = \"El tel\u00e9fono debe tener 9 caracteres.\";    var campo_incorrecto = \"Campo incorrecto\";    var escalera = \"Escalera\";    var bloque = \"Bloque\";    var piso = \"Piso\";    var puerta = \"Puerta\";    var NoZonaNedgia = \"Lo sentimos pero tu domicilio no est\u00e1 en la zona donde Nedgia\u00a0 distribuye gas natural. Encuentra la Empresa Distribuidora que te corresponde en el siguiente \";    var link = \"link\";    var aqui = \"aqu\u00ed\";    var FincaNoInmuebleCertificadoNo_1 = \"Nos consta que ya tienes gas natural en tu finca. Ahora el siguiente paso ser\u00e1 realizar la instalaci\u00f3n en tu vivienda, contactando con un instalador autorizado. Te explicamos como hacerlo \";    var FincaNoInmuebleCertificadoNo_2 = \"Si la informaci\u00f3n de nuestro sistema no la consideras correcta, ll\u00e1manos al 900 100 252.\";    var FincaEInmueble_1 = \"Nos consta que ya dispones de suministro de gas natural en tu domicilio.\";    var FincaEInmueble_2 = \"Si la informaci\u00f3n de nuestro sistema no la consideras correcta, ll\u00e1manos al 900 100 252.\";    var FincaNoInmuebleCertificadoSi_1 = \"Nos consta que ya tienes la instalaci\u00f3n de gas natural en tu domicilio realizada. Ahora solo te falta gestionar el contrato de gas natural con una empresa comercializadora. Te explicamos como hacerlo. \";    var FincaNoInmuebleCertificadoSi_2 = \"Si la informaci\u00f3n de nuestro sistema no la consideras correcta, ll\u00e1manos al 900 100 252.\";    var SelecNum = \"Selec. Num.\";    var SelecBloqueEscalera = \"Selec. Bloque Escalera Piso Puerta\";    var NumeroPiso = \"N\u00famero\";    var BloqueEscaleraPisoPuerta = \"Bloque Escalera Piso Puerta\";<\/script><section class=\"block-style-1 nedgia-block  wp-block-hero\">    <div class=\"container mx-auto\">        <div class=\"hero-slider swiper\">      <input class=\"sliderAutoplay\" type=\"hidden\" name=\"sliderAutoplay\" value=\"\">      <input class=\"sliderTime\" type=\"hidden\" name=\"sliderTime\" value=\"\">      <input class=\"sliderLoop\" type=\"hidden\" name=\"sliderLoop\" value=\"\">      <div class=\"swiper-wrapper\">          <!-- Slides -->                                    <div class=\"swiper-slide\">                <div class=\"hero-slide-wrapper\">                  <div class=\"hero-content\">                    <div>                                                                    <h1 class=\"hero-title title-lg\">Axudas na Comunidade de Madrid<\/h1>                                                                                                                                                                <div class=\"button-wrapper hero-button-wrapper\">                                                                      <\/div>                    <\/div>                  <\/div>                  <div class=\"hero-image\">                    <div class=\"link-wrapper\">                                          <\/div>                    <figure class=\"hero-cover-image\">                        <img decoding=\"async\" src=\"https:\/\/www.nedgia.es\/wp-content\/uploads\/2024\/02\/ayudas-en-madrid.jpg\"                            alt=\"Ayudas econ\u00f3micas para instalaci\u00f3n de gas en Madrid\" loading=\"lazy\" \/>                    <\/figure>                                                          <\/div>                                  <\/div>              <\/div>                            <\/div>      <div class=\"hero-swiper-navigation-wrapper\">        <div class=\"hero-swiper-button-wrapper\">          <div class=\"swiper-button-prev\"><span>&nbsp;<\/span><\/div>          <div class=\"swiper-button-next\"><span>&nbsp;<\/span><\/div>        <\/div>        <div class=\"hero-swiper-pagination-wrapper\">          <div class=\"swiper-pagination swiper-pagination-hero\"><\/div>        <\/div>      <\/div>  <\/div>    <\/div>                <\/section>                                <section class=\"block-style-3 nedgia-block  wp-block-content\">    <div class=\"container mx-auto\">        <div class=\"main-content-wrapper\">              <div class=\"content-wrapper block-layout-center  \">        <div class=\"content-title-col\">                                <h2 class=\"content-title\">Na Comunidade de Madrid&nbsp;existen achegas econ&oacute;micas&nbsp;para&nbsp;impulsar o cambio&nbsp;de salas&nbsp;de caldeiras&nbsp;de gas&oacute;leo&nbsp;cara a&nbsp;sistemas&nbsp;de alta&nbsp;eficiencia&nbsp;e baixas&nbsp;emisi&oacute;ns,&nbsp;como&nbsp;o gas&nbsp;natural.<\/h2>                    <\/div>        <div class=\"content-info-col \">                            <\/div>      <\/div>              <\/div>    <\/div>                <\/section>                                <section class=\"block-style-2 nedgia-block block-type-cards  wp-block-content\">    <div class=\"container mx-auto\">        <div class=\"main-content-wrapper\">              <div class=\"content-wrapper block-layout-column content-wrapper-pb-0 \">        <div class=\"content-title-col\">                                <h3 class=\"content-title\">S&uacute;mate ao cambio!<\/h3>                    <\/div>        <div class=\"content-info-col \">                      <div class=\"content-description \">                            Goza do&nbsp;Plan&nbsp;Renove&nbsp;Privado,&nbsp;ao&nbsp;que podes engadir&nbsp;o Plan&nbsp;Cambia 360&nbsp;do Concello&nbsp;de Madrid.            <\/div>                            <\/div>      <\/div>                              <div class=\"cards-content-wrapper cards-style-1\">  <div class=\"cards-slider cards-slider-3 swiper\">    <input class=\"itemCols\" type=\"hidden\" name=\"itemCols\" value=\"2\">    <input class=\"itemRows\" type=\"hidden\" name=\"itemRows\" value=\"1\">    <input class=\"itemGap\" type=\"hidden\" name=\"itemGap\" value=\"25\">    <div class=\"swiper-wrapper manual-wrapper\">      <!-- Slides -->                                                              <div class=\"swiper-slide cards-type-basic-slide\">\t\t\t<a class=\"card-link \" href=\"#PlanRenovePrivado\"  target=\"_self\">      <div class=\"card-slide-wrapper cards-type-basic-wrapper\" data-ccaa=\"\">      <div class=\"card-content\">        <div>          <div class=\"card-top-info\">                                                              <\/div>          <div class=\"card-bottom-info \">                          <p class=\"card-title\">Plan Renove Privado<\/p>                                                <\/div>        <\/div>      <\/div>    <\/div>      <\/a>  <\/div>                                  <div class=\"swiper-slide cards-type-basic-slide\">\t\t\t<a class=\"card-link \" href=\"#PlanCambia360\"  target=\"_self\">      <div class=\"card-slide-wrapper cards-type-basic-wrapper\" data-ccaa=\"\">      <div class=\"card-content\">        <div>          <div class=\"card-top-info\">                                                              <\/div>          <div class=\"card-bottom-info \">                          <p class=\"card-title\">Plan&nbsp;Cambia 360<\/p>                                                <\/div>        <\/div>      <\/div>    <\/div>      <\/a>  <\/div>                                                <\/div>    <div class=\"swiper-navigation-wrapper\">  <div class=\"swiper-button-wrapper\">    <div class=\"swiper-button-prev\"><span>&nbsp;<\/span><\/div>    <div class=\"swiper-button-next\"><span>&nbsp;<\/span><\/div>  <\/div>  <div class=\"swiper-pagination-wrapper\">    <div class=\"swiper-pagination\"><\/div>  <\/div><\/div>  <\/div>  <\/div>                <\/div>    <\/div>                <\/section>                                <section class=\"block-style-2 nedgia-block block-type-numbers  wp-block-content\" id=\"PlanRenovePrivado\">    <div class=\"container mx-auto\">        <div class=\"main-content-wrapper\">              <div class=\"content-wrapper block-layout-center content-wrapper-pb-0 \">        <div class=\"content-title-col\">                                <h2 class=\"content-title\">Plan&nbsp;Renove&nbsp;Privado para&nbsp;salas de caldeiras&nbsp;na Comunidade de Madrid<\/h2>                    <\/div>        <div class=\"content-info-col \">                            <\/div>      <\/div>                              <div class=\"numbers-content-wrapper\">                                                                              <div class=\"numbers-horizontal-wrapper\">                  <div class=\"numbers-horizontal-number-col numbers-size-large\"><div>01<\/div><\/div>                  <div class=\"numbers-horizontal-text-col\"><div class=\"content-info-wrapper\">                <h3 class=\"title\">Achega Nedgia ata 22.077 \u20ac<\/h3>                      <div class=\"description \">        Renova agora a t&uacute;a sala de caldeiras e benef&iacute;ciate das s&uacute;as vantaxes econ&oacute;micas.      <\/div>          <\/div><\/div>                <\/div>                                              <div class=\"numbers-horizontal-wrapper content-left\">                  <div class=\"numbers-horizontal-number-col numbers-size-large\"><div>02<\/div><\/div>                  <div class=\"numbers-horizontal-text-col\"><div class=\"content-info-wrapper\">                <h3 class=\"title\">A quen vai dirixido?<\/h3>                      <div class=\"description \">        Dirixido a comunidades de propietarios e predios de propiedade particular de 2 ou m&aacute;is vivendas, ou comunidades de bens que estean situadas na Comunidade de Madrid e renoven a s&uacute;a actual sala de caldeiras a gas natural.      <\/div>          <\/div><\/div>                <\/div>                                        <\/div>                <\/div>    <\/div>                <\/section>                                <section class=\"block-style-5 nedgia-block block-type-table  wp-block-content\">    <div class=\"container mx-auto\">        <div class=\"main-content-wrapper\">              <div class=\"content-wrapper block-layout-column content-wrapper-pb-0 \">        <div class=\"content-title-col\">          <div class=\"content-pretitle\">Plan Renove Privado<\/div>                      <h2 class=\"content-title\">Cont&iacute;a m&aacute;xima do incentivo<\/h2>                    <\/div>        <div class=\"content-info-col offset-info\">                      <div class=\"content-description \">                            A cont&iacute;a m&aacute;xima do incentivo ser&aacute; calculada conforme as f&oacute;rmulas seguintes,&nbsp;en funci&oacute;n&nbsp;da potencia&nbsp;t&eacute;rmica&nbsp;nominal&nbsp;da nova&nbsp;instalaci&oacute;n&nbsp;(Pn).            <\/div>                            <\/div>      <\/div>                              <div class=\"table-content-wrapper\">      <div class=\"rich-table-wrapper\">              <table id=\"tablepress-62\" class=\"tablepress tablepress-id-62\"><thead><tr class=\"row-1\">\t<th class=\"column-1\">Potencia t\u00e9rmica nominal<\/th><th class=\"column-2\">Incentivo de Nedgia Madrid\/MRG<\/th><\/tr><\/thead><tbody class=\"row-striping row-hover\"><tr class=\"row-2\">\t<td class=\"column-1\">Pn \u2264 200 kW<\/td><td class=\"column-2\">46,6325 x Pn<sup>0,9252<br \/><\/sup><\/td><\/tr><tr class=\"row-3\">\t<td class=\"column-1\">200 kW < Pn < 1.000 kW<\/td><td class=\"column-2\">207,8464 x Pn<sup>0,6754<\/sup><\/td><\/tr><tr class=\"row-4\">\t<td class=\"column-1\">Pn \u2265 1.000 kW<\/td><td class=\"column-2\">22.077 \u20ac<\/td><\/tr><\/tbody><\/table><!-- #tablepress-62 from cache -->          <\/div>      <\/div>                <\/div>    <\/div>                <\/section>                                <section class=\"block-style-1 nedgia-block  wp-block-content\">    <div class=\"container mx-auto\">        <div class=\"main-content-wrapper\">              <div class=\"content-wrapper block-layout-column  \">        <div class=\"content-title-col\">                                <h2 class=\"content-title\">Obt&eacute;n m&aacute;is informaci&oacute;n<\/h2>                    <\/div>        <div class=\"content-info-col \">                                <div class=\"button-wrapper content-button-wrapper\">                                                <a class=\"button                           button-style-1\" target=\"_blank\" href=\"https:\/\/cambiatucaldera.com\/\">    <span>Plan Renove Privado<\/span>    <svg class=\"h-4 w-2\" width=\"8\" height=\"16\" viewBox=\"0 0 8 12\" fill=\"none\" xmlns=\"http:\/\/www.w3.org\/2000\/svg\">  <path d=\"M4.97656 5.99962L0.851562 1.87462L2.0299 0.696289L7.33323 5.99962L2.0299 11.303L0.851562 10.1246L4.97656 5.99962Z\" fill=\"currentColor\"\/><\/svg><\/a>                                                        <\/div>                  <\/div>      <\/div>              <\/div>    <\/div>                <\/section>                                <section class=\"block-style-1 nedgia-block block-type-table  wp-block-content\">    <div class=\"container mx-auto\">        <div class=\"main-content-wrapper\">              <div class=\"content-wrapper block-layout-column content-wrapper-pb-0 \">        <div class=\"content-title-col\">                                <h2 class=\"content-title\">Exemplos:<\/h2>                    <\/div>        <div class=\"content-info-col \">                      <div class=\"content-description \">                            As cont&iacute;as dos incentivos achegados quedar&aacute;n&nbsp;limitadas ao 20% do&nbsp;orzamento de renovaci&oacute;n (IVE non inclu&iacute;do), sen&nbsp;inclu&iacute;r&nbsp;albanelar&iacute;a e obra civil.            <\/div>                            <\/div>      <\/div>                              <div class=\"table-content-wrapper\">      <div class=\"rich-table-wrapper\">              <table id=\"tablepress-65\" class=\"tablepress tablepress-id-65\"><thead><tr class=\"row-1\">\t<th class=\"column-1\">Potencia t\u00e9rmica nominal<\/th><th class=\"column-2\">N\u00ba de vivendas (aprox.)<\/th><th class=\"column-3\">Aportaci\u00f3n econ\u00f3mica<\/th><\/tr><\/thead><tbody class=\"row-striping row-hover\"><tr class=\"row-2\">\t<td class=\"column-1\">30 kW<\/td><td class=\"column-2\">3<\/td><td class=\"column-3\">1.085 \u20ac<\/td><\/tr><tr class=\"row-3\">\t<td class=\"column-1\">100 kW<\/td><td class=\"column-2\">10<\/td><td class=\"column-3\">3.304 \u20ac<\/td><\/tr><tr class=\"row-4\">\t<td class=\"column-1\">200 kW<\/td><td class=\"column-2\">20<\/td><td class=\"column-3\">6.275 \u20ac<\/td><\/tr><tr class=\"row-5\">\t<td class=\"column-1\">400 kW<\/td><td class=\"column-2\">40<\/td><td class=\"column-3\">11.890 \u20ac<\/td><\/tr><tr class=\"row-6\">\t<td class=\"column-1\">600 kW<\/td><td class=\"column-2\">60<\/td><td class=\"column-3\">15.635 \u20ac<\/td><\/tr><tr class=\"row-7\">\t<td class=\"column-1\">800 kW<\/td><td class=\"column-2\">80<\/td><td class=\"column-3\">18.988 \u20ac<\/td><\/tr><tr class=\"row-8\">\t<td class=\"column-1\">\u22651.000 kW<\/td><td class=\"column-2\">100<\/td><td class=\"column-3\">22.077 \u20ac<\/td><\/tr><\/tbody><\/table><!-- #tablepress-65 from cache -->          <\/div>      <\/div>                <\/div>    <\/div>                <\/section>                                <section class=\"block-style-6 nedgia-block  wp-block-image-text\">    <div class=\"container mx-auto\">        <div class=\"image-text-wrapper \">                                  <div class=\"image-text-col-text image-text-col-2\">                                          <div class=\"content-info-wrapper\">      <div class=\"pretitle\">O prazo de presentaci&oacute;n de solicitudes finaliza o 31 de decembro de 2026.<\/div>          <h3 class=\"title\">Inf&oacute;rmate das axudas chamando o:<br> 900 500 404<\/h3>                      <div class=\"description \">        ou a trav&eacute;s do seguinte formulario      <\/div>              <div class=\"button-wrapper\">        <a class=\"button             button-style-4\" href=\"https:\/\/www.nedgia.es\/gl\/ofertas-gas-natural\/formulario-contacto-transformacion-salas-de-caldeiras-madrid\/\">    <span>Solicita informaci&oacute;n<\/span>    <svg class=\"h-4 w-2\" width=\"8\" height=\"16\" viewBox=\"0 0 8 12\" fill=\"none\" xmlns=\"http:\/\/www.w3.org\/2000\/svg\">  <path d=\"M4.97656 5.99962L0.851562 1.87462L2.0299 0.696289L7.33323 5.99962L2.0299 11.303L0.851562 10.1246L4.97656 5.99962Z\" fill=\"currentColor\"\/><\/svg><\/a>              <\/div>      <\/div>                                    <\/div>                                      <div class=\"image-text-col-image image-text-col-2 image-lg image-padding-off image-h-center image-v-center\">              <figure>                <img decoding=\"async\" src=\"https:\/\/www.nedgia.es\/wp-content\/uploads\/2024\/02\/informate.jpg\"                    alt=\"Informaci\u00f3n clave sobre el gas natural y su uso\" loading=\"lazy\" \/>            <\/figure>                        <\/div>                      <\/div>    <\/div>                <\/section>                                <section class=\"block-style-4 nedgia-block block-type-numbers  wp-block-content\" id=\"PlanCambia360\">    <div class=\"container mx-auto\">        <div class=\"main-content-wrapper\">              <div class=\"content-wrapper block-layout-center content-wrapper-pb-0 \">        <div class=\"content-title-col\">                                <h2 class=\"content-title\">Plan&nbsp;Cambia 360 para&nbsp;salas de caldeiras na cidade de Madrid<br><br>PROXIMAMENTE<\/h2>                    <\/div>        <div class=\"content-info-col \">                            <\/div>      <\/div>                              <div class=\"numbers-content-wrapper\">                                              <\/div>                <\/div>    <\/div>                <\/section>                                <section class=\"block-style-3 nedgia-block  wp-block-content\">    <div class=\"container mx-auto\">        <div class=\"main-content-wrapper\">              <div class=\"content-wrapper block-layout-column  \">        <div class=\"content-title-col\">                                <h2 class=\"content-title\">Obt&eacute;n m&aacute;is informaci&oacute;n<\/h2>                    <\/div>        <div class=\"content-info-col \">                                <div class=\"button-wrapper content-button-wrapper\">                                                <a class=\"button                           button-style-1\" target=\"_blank\" href=\"https:\/\/www.madrid360.es\/medio-ambiente\/plan-de-ayudas-cambia-360\/\">    <span>Plan&nbsp;Cambia 360<\/span>    <svg class=\"h-4 w-2\" width=\"8\" height=\"16\" viewBox=\"0 0 8 12\" fill=\"none\" xmlns=\"http:\/\/www.w3.org\/2000\/svg\">  <path d=\"M4.97656 5.99962L0.851562 1.87462L2.0299 0.696289L7.33323 5.99962L2.0299 11.303L0.851562 10.1246L4.97656 5.99962Z\" fill=\"currentColor\"\/><\/svg><\/a>                                                        <\/div>                  <\/div>      <\/div>              <\/div>    <\/div>                <\/section>                                ","protected":false},"excerpt":{"rendered":"<p><script>    var municipio_no_encontrado = \"Municipio no encontrado.\";    var direccion_no_encontrada = \"Direcci\u00f3n no encontrada. No utilices el tipo de v\u00eda como calle,<\/script><\/p>\n","protected":false},"author":6,"featured_media":0,"parent":19371,"menu_order":0,"comment_status":"closed","ping_status":"closed","template":"","meta":{"_acf_changed":false,"inline_featured_image":false,"footnotes":""},"class_list":["post-19367","page","type-page","status-publish","hentry"],"acf":[],"_links":{"self":[{"href":"https:\/\/www.nedgia.es\/gl\/wp-json\/wp\/v2\/pages\/19367","targetHints":{"allow":["GET"]}}],"collection":[{"href":"https:\/\/www.nedgia.es\/gl\/wp-json\/wp\/v2\/pages"}],"about":[{"href":"https:\/\/www.nedgia.es\/gl\/wp-json\/wp\/v2\/types\/page"}],"author":[{"embeddable":true,"href":"https:\/\/www.nedgia.es\/gl\/wp-json\/wp\/v2\/users\/6"}],"replies":[{"embeddable":true,"href":"https:\/\/www.nedgia.es\/gl\/wp-json\/wp\/v2\/comments?post=19367"}],"version-history":[{"count":6,"href":"https:\/\/www.nedgia.es\/gl\/wp-json\/wp\/v2\/pages\/19367\/revisions"}],"predecessor-version":[{"id":34897,"href":"https:\/\/www.nedgia.es\/gl\/wp-json\/wp\/v2\/pages\/19367\/revisions\/34897"}],"up":[{"embeddable":true,"href":"https:\/\/www.nedgia.es\/gl\/wp-json\/wp\/v2\/pages\/19371"}],"wp:attachment":[{"href":"https:\/\/www.nedgia.es\/gl\/wp-json\/wp\/v2\/media?parent=19367"}],"curies":[{"name":"wp","href":"https:\/\/api.w.org\/{rel}","templated":true}]}}