{"id":19371,"date":"2024-02-15T16:54:51","date_gmt":"2024-02-15T15:54:51","guid":{"rendered":"https:\/\/www.nedgia.es\/quero-gas-ofertas-gas-natural\/quero-gas-ofertas-gas-natural-sala-de-caldeiras\/"},"modified":"2025-03-26T19:23:30","modified_gmt":"2025-03-26T18:23:30","slug":"sala-de-caldeiras","status":"publish","type":"page","link":"https:\/\/www.nedgia.es\/gl\/ofertas-gas-natural\/sala-de-caldeiras\/","title":{"rendered":"Quero Gas &#8211; Ofertas gas natural &#8211; Sala de caldeiras"},"content":{"rendered":"<script>    var municipio_no_encontrado = \"Municipio no encontrado.\";    var direccion_no_encontrada = \"Direcci\u00f3n no encontrada. No utilices el tipo de v\u00eda como calle, avenida etc. y revisa que est\u00e1 bien escrito.\";        var piso_no_encontrado = \"Piso no encontrado.\";    var campo_obligatorio = \"Campo obligatorio.\";    var email_incorrecto = \"El campo deber\u00eda ser direccion@dominio.es\";    var formato_incorrecto = \"Formato incorrecto\";    var seleccionar_condiciones = \"Debe seleccionar las condiciones legales.\";    var formato_dni = \"El campo deber\u00eda tener el siguiente formato: 12345678Z o Y8237411K\";    var emails_no_coinciden = \"Los emails no coinciden.\";    var telefono_caracteres = \"El tel\u00e9fono debe tener 9 caracteres.\";    var campo_incorrecto = \"Campo incorrecto\";    var escalera = \"Escalera\";    var bloque = \"Bloque\";    var piso = \"Piso\";    var puerta = \"Puerta\";    var NoZonaNedgia = \"Lo sentimos pero tu domicilio no est\u00e1 en la zona donde Nedgia\u00a0 distribuye gas natural. Encuentra la Empresa Distribuidora que te corresponde en el siguiente \";        var link =  \"link\";    var aqui =  \"aqu\u00ed\";    var FincaNoInmuebleCertificadoNo_1 = \"Nos consta que ya tienes gas natural en tu finca. Ahora el siguiente paso ser\u00e1 realizar la instalaci\u00f3n en tu vivienda, contactando con un instalador autorizado. Te explicamos como hacerlo \";    var FincaNoInmuebleCertificadoNo_2 = \"Si la informaci\u00f3n de nuestro sistema no la consideras correcta, ll\u00e1manos al 900 100 252.\";    var FincaEInmueble_1 = \"Nos consta que ya dispones de suministro de gas natural en tu domicilio.\";    var FincaEInmueble_2 = \"Si la informaci\u00f3n de nuestro sistema no la consideras correcta, ll\u00e1manos al 900 100 252.\";        var FincaNoInmuebleCertificadoSi_1 = \"Nos consta que ya tienes la instalaci\u00f3n de gas natural en tu domicilio realizada. Ahora solo te falta gestionar el contrato de gas natural con una empresa comercializadora. Te explicamos como hacerlo. \";    var FincaNoInmuebleCertificadoSi_2 = \"Si la informaci\u00f3n de nuestro sistema no la consideras correcta, ll\u00e1manos al 900 100 252.\";    var SelecNum = \"Selec. Num.\";    var SelecBloqueEscalera = \"Selec. Bloque Escalera Piso Puerta\";    var NumeroPiso = \"N\u00famero\";    var BloqueEscaleraPisoPuerta = \"Bloque Escalera Piso Puerta\";<\/script><script>    var municipio_no_encontrado = \"Municipio no encontrado.\";    var direccion_no_encontrada = \"Direcci\u00f3n no encontrada. No utilices el tipo de v\u00eda como calle, avenida etc. y revisa que est\u00e1 bien escrito.\";    var piso_no_encontrado = \"Piso no encontrado.\";    var campo_obligatorio = \"Campo obligatorio.\";    var email_incorrecto = \"El campo deber\u00eda ser direccion@dominio.es\";    var formato_incorrecto = \"Formato incorrecto\";    var seleccionar_politica_privacidad = \"Debe seleccionar los t\u00e9rminos y condiciones.\";    var seleccionar_condiciones = \"Debe seleccionar las condiciones legales.\";    var formato_dni = \"El campo deber\u00eda tener el siguiente formato: 12345678Z o Y8237411K\";    var emails_no_coinciden = \"Los emails no coinciden.\";    var telefono_caracteres = \"El tel\u00e9fono debe tener 9 caracteres.\";    var campo_incorrecto = \"Campo incorrecto\";    var escalera = \"Escalera\";    var bloque = \"Bloque\";    var piso = \"Piso\";    var puerta = \"Puerta\";    var NoZonaNedgia = \"Lo sentimos pero tu domicilio no est\u00e1 en la zona donde Nedgia\u00a0 distribuye gas natural. Encuentra la Empresa Distribuidora que te corresponde en el siguiente \";    var link = \"link\";    var aqui = \"aqu\u00ed\";    var FincaNoInmuebleCertificadoNo_1 = \"Nos consta que ya tienes gas natural en tu finca. Ahora el siguiente paso ser\u00e1 realizar la instalaci\u00f3n en tu vivienda, contactando con un instalador autorizado. Te explicamos como hacerlo \";    var FincaNoInmuebleCertificadoNo_2 = \"Si la informaci\u00f3n de nuestro sistema no la consideras correcta, ll\u00e1manos al 900 100 252.\";    var FincaEInmueble_1 = \"Nos consta que ya dispones de suministro de gas natural en tu domicilio.\";    var FincaEInmueble_2 = \"Si la informaci\u00f3n de nuestro sistema no la consideras correcta, ll\u00e1manos al 900 100 252.\";    var FincaNoInmuebleCertificadoSi_1 = \"Nos consta que ya tienes la instalaci\u00f3n de gas natural en tu domicilio realizada. Ahora solo te falta gestionar el contrato de gas natural con una empresa comercializadora. Te explicamos como hacerlo. \";    var FincaNoInmuebleCertificadoSi_2 = \"Si la informaci\u00f3n de nuestro sistema no la consideras correcta, ll\u00e1manos al 900 100 252.\";    var SelecNum = \"Selec. Num.\";    var SelecBloqueEscalera = \"Selec. Bloque Escalera Piso Puerta\";    var NumeroPiso = \"N\u00famero\";    var BloqueEscaleraPisoPuerta = \"Bloque Escalera Piso Puerta\";<\/script><section class=\"block-style-1 nedgia-block  wp-block-hero\">    <div class=\"container mx-auto\">        <div class=\"hero-slider swiper\">      <input class=\"sliderAutoplay\" type=\"hidden\" name=\"sliderAutoplay\" value=\"\">      <input class=\"sliderTime\" type=\"hidden\" name=\"sliderTime\" value=\"\">      <input class=\"sliderLoop\" type=\"hidden\" name=\"sliderLoop\" value=\"\">      <div class=\"swiper-wrapper\">          <!-- Slides -->                                    <div class=\"swiper-slide\">                <div class=\"hero-slide-wrapper\">                  <div class=\"hero-content\">                    <div>                                                                  <div class=\"hero-description\">Benef&iacute;ciate das ofertas de gas natural<\/div>                                                                                                                  <div class=\"button-wrapper hero-button-wrapper\">                                                                      <\/div>                    <\/div>                  <\/div>                  <div class=\"hero-image\">                    <div class=\"link-wrapper\">                                          <\/div>                    <figure class=\"hero-cover-image\">                        <img decoding=\"async\" src=\"https:\/\/www.nedgia.es\/wp-content\/uploads\/2024\/02\/ofertas-gas-natural2.jpg\"                            alt=\"Ofertas y promociones en gas natural\" loading=\"lazy\" \/>                    <\/figure>                                                          <\/div>                                  <\/div>              <\/div>                            <\/div>      <div class=\"hero-swiper-navigation-wrapper\">        <div class=\"hero-swiper-button-wrapper\">          <div class=\"swiper-button-prev\"><span>&nbsp;<\/span><\/div>          <div class=\"swiper-button-next\"><span>&nbsp;<\/span><\/div>        <\/div>        <div class=\"hero-swiper-pagination-wrapper\">          <div class=\"swiper-pagination swiper-pagination-hero\"><\/div>        <\/div>      <\/div>  <\/div>    <\/div>                <\/section>                                <section class=\"block-style-5 nedgia-block        wp-block-horizontal-nav                  is-horizontal\" data-scrollspy=\"\">    <div class=\"container mx-auto\">        <div class=\"horizontal-nav-wrapper nav-style-links   nav-align-center\">                    <nav>          <ul class=\"navigation-horizontal nav-align-center\">                                          <li class=\"horizontal-nav-item inactive \">                                      <a href=\"https:\/\/www.nedgia.es\/gl\/ofertas-gas-natural\/para-o-teu-fogar\/\"                      target=\"\"                      class=\"nav-item  \"                    >                      Ofertas para o teu fogar                    <\/a>                                  <\/li>                              <li class=\"horizontal-nav-item active \">                                      <a href=\"#\"                      target=\"\"                      class=\"nav-item  \"                    >                      Ofertas para salas de caldeiras                    <\/a>                                  <\/li>                              <li class=\"horizontal-nav-item inactive \">                                      <a href=\"https:\/\/www.nedgia.es\/gl\/ofertas-gas-natural\/para-a-tua-empresa\/\"                      target=\"\"                      class=\"nav-item  \"                    >                      Ofertas para a t\u00faa empresa                    <\/a>                                  <\/li>                                    <\/ul>        <\/nav>          <\/div>    <\/div>                <\/section>                                <section class=\"block-style-1 nedgia-block block-type-cards  wp-block-content\">    <div class=\"container mx-auto\">        <div class=\"main-content-wrapper\">              <div class=\"content-wrapper block-layout-column content-wrapper-pb-0 \">        <div class=\"content-title-col\">                                <h2 class=\"content-title\">Ofertas para a t&uacute;a comunidade de propietarios<\/h2>                    <\/div>        <div class=\"content-info-col \">                      <div class=\"content-description \">                            Co&ntilde;ece as campa&ntilde;as e ofertas que temos para a t&uacute;a comunidade de propietarios. Cambiando a gas natural, obter&aacute;s un importante aforro e poder&aacute;s gozar do m&aacute;ximo confort no teu fogar.            <\/div>                            <\/div>      <\/div>                              <div class=\"cards-content-wrapper cards-style-1\">  <div class=\"cards-slider cards-slider-3 swiper\">    <input class=\"itemCols\" type=\"hidden\" name=\"itemCols\" value=\"3\">    <input class=\"itemRows\" type=\"hidden\" name=\"itemRows\" value=\"1\">    <input class=\"itemGap\" type=\"hidden\" name=\"itemGap\" value=\"25\">    <div class=\"swiper-wrapper manual-wrapper\">      <!-- Slides -->                                                              <div class=\"swiper-slide cards-type-image-slide\">\t    <div class=\"card-slide-wrapper cards-type-image-wrapper\" data-ccaa=\"\">      <div class=\"card-content\">        <div>          <div class=\"card-top-info\">                                                                        <figure class=\"card-image\">                          <img decoding=\"async\" src=\"https:\/\/www.nedgia.es\/wp-content\/uploads\/2024\/02\/renueva-tu-sala.jpg\" alt=\"Renovaci\u00f3n de sala de calderas para mayor eficiencia\" loading=\"lazy\" \/>                        <\/figure>                                                                  <\/div>          <div class=\"card-bottom-info \">                          <h3 class=\"card-title\">Renova a t&uacute;a sala de caldeiras<\/h3>                                        <div class=\"card-description \">                                Inf&oacute;rmate dos descontos por instalar gas natural.              <\/div>                                      <div class=\"flex pt-5 card-button-wrapper\">                                      <a class=\"button                             button-style-2\" href=\"https:\/\/www.nedgia.es\/gl\/ofertas-gas-natural\/sala-de-caldeiras\/renovacion-de-salas-de-caldeiras\/\">    <span>Ver ofertas<\/span>    <svg class=\"h-4 w-2\" width=\"8\" height=\"16\" viewBox=\"0 0 8 12\" fill=\"none\" xmlns=\"http:\/\/www.w3.org\/2000\/svg\">  <path d=\"M4.97656 5.99962L0.851562 1.87462L2.0299 0.696289L7.33323 5.99962L2.0299 11.303L0.851562 10.1246L4.97656 5.99962Z\" fill=\"currentColor\"\/><\/svg><\/a>                                <\/div>                      <\/div>        <\/div>      <\/div>    <\/div>  <\/div>                                  <div class=\"swiper-slide cards-type-image-slide\">\t    <div class=\"card-slide-wrapper cards-type-image-wrapper\" data-ccaa=\"\">      <div class=\"card-content\">        <div>          <div class=\"card-top-info\">                                                                        <figure class=\"card-image\">                          <img decoding=\"async\" src=\"https:\/\/www.nedgia.es\/wp-content\/uploads\/2024\/02\/ahorro-e-independencia.jpg\" alt=\"Ahorro e independencia energ\u00e9tica con gas natural\" loading=\"lazy\" \/>                        <\/figure>                                                                  <\/div>          <div class=\"card-bottom-info \">                          <h3 class=\"card-title\">Descentraliza a t&uacute;a sala de caldeiras<\/h3>                                        <div class=\"card-description \">                                Benef&iacute;ciate de individualizar a calefacci&oacute;n a gas natural.              <\/div>                                      <div class=\"flex pt-5 card-button-wrapper\">                                      <a class=\"button                             button-style-2\" href=\"https:\/\/www.nedgia.es\/gl\/ofertas-gas-natural\/sala-de-caldeiras\/descentralizacion-da-calefaccion\/\">    <span>Ver ofertas<\/span>    <svg class=\"h-4 w-2\" width=\"8\" height=\"16\" viewBox=\"0 0 8 12\" fill=\"none\" xmlns=\"http:\/\/www.w3.org\/2000\/svg\">  <path d=\"M4.97656 5.99962L0.851562 1.87462L2.0299 0.696289L7.33323 5.99962L2.0299 11.303L0.851562 10.1246L4.97656 5.99962Z\" fill=\"currentColor\"\/><\/svg><\/a>                                <\/div>                      <\/div>        <\/div>      <\/div>    <\/div>  <\/div>                                  <div class=\"swiper-slide cards-type-image-slide\">\t    <div class=\"card-slide-wrapper cards-type-image-wrapper\" data-ccaa=\"\">      <div class=\"card-content\">        <div>          <div class=\"card-top-info\">                                                                        <figure class=\"card-image\">                          <img decoding=\"async\" src=\"https:\/\/www.nedgia.es\/wp-content\/uploads\/2024\/02\/ayudas-en-comunidad.jpg\" alt=\"Ayudas para instalaciones de gas en comunidades\" loading=\"lazy\" \/>                        <\/figure>                                                                  <\/div>          <div class=\"card-bottom-info \">                          <h3 class=\"card-title\">Axudas na Comunidade de Madrid<\/h3>                                        <div class=\"card-description \">                                Inf&oacute;rmate dos beneficios da renovaci&oacute;n da sala de caldeiras.              <\/div>                                      <div class=\"flex pt-5 card-button-wrapper\">                                      <a class=\"button                             button-style-2\" href=\"https:\/\/www.nedgia.es\/gl\/ofertas-gas-natural\/sala-de-caldeiras\/axudas-da-comunidade-de-madrid\/\">    <span>Ver ofertas<\/span>    <svg class=\"h-4 w-2\" width=\"8\" height=\"16\" viewBox=\"0 0 8 12\" fill=\"none\" xmlns=\"http:\/\/www.w3.org\/2000\/svg\">  <path d=\"M4.97656 5.99962L0.851562 1.87462L2.0299 0.696289L7.33323 5.99962L2.0299 11.303L0.851562 10.1246L4.97656 5.99962Z\" fill=\"currentColor\"\/><\/svg><\/a>                                <\/div>                      <\/div>        <\/div>      <\/div>    <\/div>  <\/div>                                                <\/div>    <div class=\"swiper-navigation-wrapper\">  <div class=\"swiper-button-wrapper\">    <div class=\"swiper-button-prev\"><span>&nbsp;<\/span><\/div>    <div class=\"swiper-button-next\"><span>&nbsp;<\/span><\/div>  <\/div>  <div class=\"swiper-pagination-wrapper\">    <div class=\"swiper-pagination\"><\/div>  <\/div><\/div>  <\/div>  <\/div>                <\/div>    <\/div>                <\/section>                                <section class=\"block-style-2 nedgia-block  wp-block-image-text\">    <div class=\"container mx-auto\">        <div class=\"image-text-wrapper \">                                    <div class=\"image-text-col-image image-text-col-2 image-lg image-padding-off image-h-center image-v-center\">              <figure>                <img decoding=\"async\" src=\"https:\/\/www.nedgia.es\/wp-content\/uploads\/2024\/02\/recomienda_a_un_amigo.jpg\"                    alt=\"\" loading=\"lazy\" \/>            <\/figure>                        <\/div>                                    <div class=\"image-text-col-text image-text-col-2\">                                          <div class=\"content-info-wrapper\">                          <div class=\"description \">        Por cada persoa &aacute; que recomendes o gas natural e o acabe instalando, levas 50&nbsp;\u20ac, e esa persoa, ata 100&nbsp;\u20ac. Como?<ol><li>1. Corre a voz facendo correr a t&uacute;a ligaz&oacute;n.<\/li><li>2. Espera a que esa persoa instale o gas natural.<\/li><li>3. Elixe se queres recibir o premio en PayPal ou nun cheque de Amazon.<\/li><\/ol>      <\/div>          <\/div>                                    <\/div>                      <\/div>    <\/div>                <\/section>                                ","protected":false},"excerpt":{"rendered":"<p><script>    var municipio_no_encontrado = \"Municipio no encontrado.\";    var direccion_no_encontrada = \"Direcci\u00f3n no encontrada. No utilices el tipo de v\u00eda como calle,<\/script><\/p>\n","protected":false},"author":6,"featured_media":0,"parent":19258,"menu_order":0,"comment_status":"closed","ping_status":"closed","template":"","meta":{"_acf_changed":false,"inline_featured_image":false,"footnotes":""},"class_list":["post-19371","page","type-page","status-publish","hentry"],"acf":[],"_links":{"self":[{"href":"https:\/\/www.nedgia.es\/gl\/wp-json\/wp\/v2\/pages\/19371","targetHints":{"allow":["GET"]}}],"collection":[{"href":"https:\/\/www.nedgia.es\/gl\/wp-json\/wp\/v2\/pages"}],"about":[{"href":"https:\/\/www.nedgia.es\/gl\/wp-json\/wp\/v2\/types\/page"}],"author":[{"embeddable":true,"href":"https:\/\/www.nedgia.es\/gl\/wp-json\/wp\/v2\/users\/6"}],"replies":[{"embeddable":true,"href":"https:\/\/www.nedgia.es\/gl\/wp-json\/wp\/v2\/comments?post=19371"}],"version-history":[{"count":4,"href":"https:\/\/www.nedgia.es\/gl\/wp-json\/wp\/v2\/pages\/19371\/revisions"}],"predecessor-version":[{"id":27871,"href":"https:\/\/www.nedgia.es\/gl\/wp-json\/wp\/v2\/pages\/19371\/revisions\/27871"}],"up":[{"embeddable":true,"href":"https:\/\/www.nedgia.es\/gl\/wp-json\/wp\/v2\/pages\/19258"}],"wp:attachment":[{"href":"https:\/\/www.nedgia.es\/gl\/wp-json\/wp\/v2\/media?parent=19371"}],"curies":[{"name":"wp","href":"https:\/\/api.w.org\/{rel}","templated":true}]}}