{"id":27927,"date":"2025-02-10T17:33:23","date_gmt":"2025-02-10T16:33:23","guid":{"rendered":"https:\/\/www.nedgia.es\/conexions-e-actuacions-na-rede\/actuacins-en-acometidas-existentes\/"},"modified":"2025-03-31T18:06:02","modified_gmt":"2025-03-31T16:06:02","slug":"actuacins-en-acometidas-existentes","status":"publish","type":"page","link":"https:\/\/www.nedgia.es\/gl\/conexions-e-actuacions-na-rede\/actuacins-en-acometidas-existentes\/","title":{"rendered":"Actuaci&oacute;ns en acometidas existentes"},"content":{"rendered":"<script>    var municipio_no_encontrado = \"Municipio no encontrado.\";    var direccion_no_encontrada = \"Direcci\u00f3n no encontrada. No utilices el tipo de v\u00eda como calle, avenida etc. y revisa que est\u00e1 bien escrito.\";        var piso_no_encontrado = \"Piso no encontrado.\";    var campo_obligatorio = \"Campo obligatorio.\";    var email_incorrecto = \"El campo deber\u00eda ser direccion@dominio.es\";    var formato_incorrecto = \"Formato incorrecto\";    var seleccionar_condiciones = \"Debe seleccionar las condiciones legales.\";    var formato_dni = \"El campo deber\u00eda tener el siguiente formato: 12345678Z o Y8237411K\";    var emails_no_coinciden = \"Los emails no coinciden.\";    var telefono_caracteres = \"El tel\u00e9fono debe tener 9 caracteres.\";    var campo_incorrecto = \"Campo incorrecto\";    var escalera = \"Escalera\";    var bloque = \"Bloque\";    var piso = \"Piso\";    var puerta = \"Puerta\";    var NoZonaNedgia = \"Lo sentimos pero tu domicilio no est\u00e1 en la zona donde Nedgia\u00a0 distribuye gas natural. Encuentra la Empresa Distribuidora que te corresponde en el siguiente \";        var link =  \"link\";    var aqui =  \"aqu\u00ed\";    var FincaNoInmuebleCertificadoNo_1 = \"Nos consta que ya tienes gas natural en tu finca. Ahora el siguiente paso ser\u00e1 realizar la instalaci\u00f3n en tu vivienda, contactando con un instalador autorizado. Te explicamos como hacerlo \";    var FincaNoInmuebleCertificadoNo_2 = \"Si la informaci\u00f3n de nuestro sistema no la consideras correcta, ll\u00e1manos al 900 100 252.\";    var FincaEInmueble_1 = \"Nos consta que ya dispones de suministro de gas natural en tu domicilio.\";    var FincaEInmueble_2 = \"Si la informaci\u00f3n de nuestro sistema no la consideras correcta, ll\u00e1manos al 900 100 252.\";        var FincaNoInmuebleCertificadoSi_1 = \"Nos consta que ya tienes la instalaci\u00f3n de gas natural en tu domicilio realizada. Ahora solo te falta gestionar el contrato de gas natural con una empresa comercializadora. Te explicamos como hacerlo. \";    var FincaNoInmuebleCertificadoSi_2 = \"Si la informaci\u00f3n de nuestro sistema no la consideras correcta, ll\u00e1manos al 900 100 252.\";    var SelecNum = \"Selec. Num.\";    var SelecBloqueEscalera = \"Selec. Bloque Escalera Piso Puerta\";    var NumeroPiso = \"N\u00famero\";    var BloqueEscaleraPisoPuerta = \"Bloque Escalera Piso Puerta\";<\/script><script>    var municipio_no_encontrado = \"Municipio no encontrado.\";    var direccion_no_encontrada = \"Direcci\u00f3n no encontrada. No utilices el tipo de v\u00eda como calle, avenida etc. y revisa que est\u00e1 bien escrito.\";    var piso_no_encontrado = \"Piso no encontrado.\";    var campo_obligatorio = \"Campo obligatorio.\";    var email_incorrecto = \"El campo deber\u00eda ser direccion@dominio.es\";    var formato_incorrecto = \"Formato incorrecto\";    var seleccionar_politica_privacidad = \"Debe seleccionar los t\u00e9rminos y condiciones.\";    var seleccionar_condiciones = \"Debe seleccionar las condiciones legales.\";    var formato_dni = \"El campo deber\u00eda tener el siguiente formato: 12345678Z o Y8237411K\";    var emails_no_coinciden = \"Los emails no coinciden.\";    var telefono_caracteres = \"El tel\u00e9fono debe tener 9 caracteres.\";    var campo_incorrecto = \"Campo incorrecto\";    var escalera = \"Escalera\";    var bloque = \"Bloque\";    var piso = \"Piso\";    var puerta = \"Puerta\";    var NoZonaNedgia = \"Lo sentimos pero tu domicilio no est\u00e1 en la zona donde Nedgia\u00a0 distribuye gas natural. Encuentra la Empresa Distribuidora que te corresponde en el siguiente \";    var link = \"link\";    var aqui = \"aqu\u00ed\";    var FincaNoInmuebleCertificadoNo_1 = \"Nos consta que ya tienes gas natural en tu finca. Ahora el siguiente paso ser\u00e1 realizar la instalaci\u00f3n en tu vivienda, contactando con un instalador autorizado. Te explicamos como hacerlo \";    var FincaNoInmuebleCertificadoNo_2 = \"Si la informaci\u00f3n de nuestro sistema no la consideras correcta, ll\u00e1manos al 900 100 252.\";    var FincaEInmueble_1 = \"Nos consta que ya dispones de suministro de gas natural en tu domicilio.\";    var FincaEInmueble_2 = \"Si la informaci\u00f3n de nuestro sistema no la consideras correcta, ll\u00e1manos al 900 100 252.\";    var FincaNoInmuebleCertificadoSi_1 = \"Nos consta que ya tienes la instalaci\u00f3n de gas natural en tu domicilio realizada. Ahora solo te falta gestionar el contrato de gas natural con una empresa comercializadora. Te explicamos como hacerlo. \";    var FincaNoInmuebleCertificadoSi_2 = \"Si la informaci\u00f3n de nuestro sistema no la consideras correcta, ll\u00e1manos al 900 100 252.\";    var SelecNum = \"Selec. Num.\";    var SelecBloqueEscalera = \"Selec. Bloque Escalera Piso Puerta\";    var NumeroPiso = \"N\u00famero\";    var BloqueEscaleraPisoPuerta = \"Bloque Escalera Piso Puerta\";<\/script><section class=\"block-style-3 nedgia-block  wp-block-hero\">    <div class=\"container mx-auto\">        <div class=\"hero-slider swiper\">      <input class=\"sliderAutoplay\" type=\"hidden\" name=\"sliderAutoplay\" value=\"\">      <input class=\"sliderTime\" type=\"hidden\" name=\"sliderTime\" value=\"\">      <input class=\"sliderLoop\" type=\"hidden\" name=\"sliderLoop\" value=\"\">      <div class=\"swiper-wrapper\">          <!-- Slides -->                                    <div class=\"swiper-slide\">                <div class=\"hero-slide-wrapper\">                  <div class=\"hero-content\">                    <div>                                                                    <h1 class=\"hero-title title-lg\">Actuaci&oacute;ns en acometidas existentes<\/h1>                                              <div class=\"hero-description\">Actuaci&oacute;ns en acometidas existentes ou en instalaci&oacute;ns receptoras comunitarias (IRC).<\/div>                                                                                                                  <div class=\"button-wrapper hero-button-wrapper\">                                                                              <a class=\"button                                     button-style-1\" target=\"_blank\" href=\"https:\/\/sci.nedgia.es\/login?lang=ga\">    <span>Estado da mi&ntilde;a solicitude<\/span>    <svg class=\"h-4 w-2\" width=\"8\" height=\"16\" viewBox=\"0 0 8 12\" fill=\"none\" xmlns=\"http:\/\/www.w3.org\/2000\/svg\">  <path d=\"M4.97656 5.99962L0.851562 1.87462L2.0299 0.696289L7.33323 5.99962L2.0299 11.303L0.851562 10.1246L4.97656 5.99962Z\" fill=\"currentColor\"\/><\/svg><\/a>                                                                                                <\/div>                    <\/div>                  <\/div>                  <div class=\"hero-image\">                    <div class=\"link-wrapper\">                                          <\/div>                    <figure class=\"hero-cover-image\">                        <img decoding=\"async\" src=\"https:\/\/www.nedgia.es\/wp-content\/uploads\/2024\/03\/gas_natural_generacion_electricidad_2.jpg\"                            alt=\"\" loading=\"lazy\" \/>                    <\/figure>                                                          <\/div>                                  <\/div>              <\/div>                            <\/div>      <div class=\"hero-swiper-navigation-wrapper\">        <div class=\"hero-swiper-button-wrapper\">          <div class=\"swiper-button-prev\"><span>&nbsp;<\/span><\/div>          <div class=\"swiper-button-next\"><span>&nbsp;<\/span><\/div>        <\/div>        <div class=\"hero-swiper-pagination-wrapper\">          <div class=\"swiper-pagination swiper-pagination-hero\"><\/div>        <\/div>      <\/div>  <\/div>    <\/div>                <\/section>                                <section class=\"block-style-4 nedgia-block block-type-accordion  wp-block-content\" id=\"actuaciones-acometidas-existentes\">    <div class=\"container mx-auto\">        <div class=\"main-content-wrapper\">              <div class=\"content-wrapper block-layout-center content-wrapper-pb-0 \">        <div class=\"content-title-col\">          <div class=\"content-pretitle\">Solicitudes de actuaci&oacute;n sobre acometidas existentes<\/div>                      <p class=\"content-title\">Aqu&iacute; atopar&aacute;s&#8230;<\/p>                    <\/div>        <div class=\"content-info-col offset-info\">                      <div class=\"content-description  wpautop-format \">                            <p style=\"text-align: left;\">Informaci&oacute;n importante sobre o proceso de solicitude para actuar sobre unha acometida existente de gas natural.<\/p><p><span style=\"text-align: left;display:block\">Poder&aacute;s solicitar:<\/span><\/p><ul style=\"text-align:left;margin-bottom:0px;\"><li><strong>Conexi&oacute;n de novo talo.<\/strong><br \/> Consiste en conectar un novo talo usando a mesma acometida ou constru&iacute;ndo unha acometida nova por modificaci&oacute;n, desprazamento ou reparaci&oacute;n da instalaci&oacute;n receptora.<\/p><ul style=\"margin-top:0px;\"><li>Se o novo talo est&aacute; colocado a <b>menos de 60 cm<\/b> do existente, usarase a mesma acometida.<\/li><li>Se o novo talo est&aacute; colocado a <b>m&aacute;is de 60 cm<\/b> do existente, deberase constru&iacute;r unha acometida nova.<\/li><\/ul><\/li><li><strong>Anulaci&oacute;n de acometida.<\/strong><br \/> Consiste en anular a acometida de gas que alimenta un predio en caso de derriba, demolici&oacute;n etc.<br \/>&Eacute; imprescindible que todos os clientes conectados no predio desen de baixa a subministraci&oacute;n e se retirase o contador.<\/p><\/li><li><strong>Peche\/reapertura de acometida.<\/strong><br \/> Consiste en programar un peche e a posterior reapertura da acometida de gas por unha actuaci&oacute;n sobre a instalaci&oacute;n receptora dun predio.<\/li><\/ul>            <\/div>                                <div class=\"button-wrapper content-button-wrapper\">                                                                      <\/div>                  <\/div>      <\/div>                              <div  class=\"accordion-content-wrapper  accordion-pills  accordion-bottom  \"  data-accordion-auto-close=\"1\"  data-accordion-start=\"0\">  <div class=\"accordion-main-wrapper\">                    <div class=\"accordion-wrapper accordion-default\">                <div class=\"accordion-header-wrapper\">          <div class=\"accordion-header-wrapper-inner\">                                                                                <figure>                      <img decoding=\"async\" src=\"https:\/\/www.nedgia.es\/wp-content\/uploads\/2024\/10\/pasos_del_proceso.svg\" alt=\"\" loading=\"lazy\" \/>                    <\/figure>                                                                        <div class=\"accordion-header-text\">              <div class=\"accordion-header-title\">Pasos do proceso<\/div>                                                                      <div class=\"accordion-header-subtitle\">                        <div>Descrici&oacute;n do proceso de solicitude<\/div>                      <\/div>                                                                              <div class=\"accordion-header-description\"><\/div>                          <\/div>          <\/div>        <\/div>                <div class=\"accordion-body-wrapper\">                                                                  <div class=\"accordion-wysiwyg-wrapper\">                                                                                                            <div class=\"accordion-wysiwyg-item\">                                                                        <div class=\"description\">                                        <p><strong>1 &#8211; ALTA DE SOLICITUDE<\/strong><br \/>Rexistra a t&uacute;a solicitude coa informaci&oacute;n necesaria:<\/p><ul><li>Localizaci&oacute;n da acometida afectada.<\/li><\/ul><p>&nbsp;<\/p><p><strong>2 &#8211; ADMISI&Oacute;N E ORZAMENTO<\/strong><br \/>Tras a admisi&oacute;n da solicitude enviar&eacute;mosche o orzamento detallado que poder&aacute;s aceptar.<\/p><p>&nbsp;<\/p><p><strong>3 &#8211; PAGAMENTO<\/strong><br \/>Realiza o pagamento que proceda.<\/p><p>&nbsp;<\/p><p><strong>4 &#8211; PROGRAMACI&Oacute;N DA ACTUACI&Oacute;N E EXECUCI&Oacute;N DOS TRABALLOS<\/strong><br \/>Iniciaremos as xesti&oacute;ns que requira a actuaci&oacute;n, inclu&iacute;do o proxecto e a tramitaci&oacute;n de permisos se foren precisos.<\/p><p>Coordinar&eacute;monos co interlocutor que designes.<\/p><p>&nbsp;<\/p><p><strong>5 &#8211; REINICIO DA SUBMINISTRACI&Oacute;N<\/strong><br \/>Unha vez finalizada a actuaci&oacute;n, debes chamar o <a href=\"tel:900750750\"><strong>900 750 750<\/strong><\/a> e solicitar o recomezo da subministraci&oacute;n.<\/p>                                      <\/div>                                                                <\/div>                                                                                                    <\/div>                                        <\/div>      <\/div>            <div class=\"accordion-wrapper accordion-default\">                <div class=\"accordion-header-wrapper\">          <div class=\"accordion-header-wrapper-inner\">                                                                                <figure>                      <img decoding=\"async\" src=\"https:\/\/www.nedgia.es\/wp-content\/uploads\/2024\/10\/nuestras_redes.svg\" alt=\"\" loading=\"lazy\" \/>                    <\/figure>                                                                        <div class=\"accordion-header-text\">              <div class=\"accordion-header-title\">Tarifas domiciliarias de aplicaci&oacute;n<\/div>                                                                      <div class=\"accordion-header-subtitle\">                        <div>Tarifas domiciliarias de aplicaci&oacute;n desagregadas<\/div>                      <\/div>                                                                              <div class=\"accordion-header-description\"><\/div>                          <\/div>          <\/div>        <\/div>                <div class=\"accordion-body-wrapper\">                                                                <div class=\"accordion-tables-wrapper\">                                                                                                    <div class=\"accordion-tables-item\">                                                                                                                        <div class=\"table-content-wrapper\">                                                                  <div class=\"rich-table-wrapper\">                                                                          <table id=\"tablepress-37\" class=\"tablepress tablepress-id-37\"><thead><tr class=\"row-1\">\t<th class=\"column-1\">Treball<\/th><th class=\"column-2\">Import<\/th><\/tr><\/thead><tbody><tr class=\"row-2\">\t<td class=\"column-1\"><strong>Conexi\u00f3n novo talo<\/strong>\u00a0e\/ou substituci\u00f3n v\u00e1lvula da acometida<\/td><td class=\"column-2\">705,74 \u20ac  + IVA<\/td><\/tr><tr class=\"row-3\">\t<td class=\"column-1\">Conexi\u00f3n novo talo con\u00a0<strong>construci\u00f3n de nova acometida<\/strong><\/td><td class=\"column-2\">2.068,28 \u20ac + IVA<\/td><\/tr><tr class=\"row-4\">\t<td class=\"column-1\"><strong>Anulaci\u00f3n da acometida<\/strong><\/td><td class=\"column-2\">742,60 \u20ac + IVA<\/td><\/tr><tr class=\"row-5\">\t<td class=\"column-1\"><strong>Reapertura da acometida<\/strong>\u00a0por peche programado<\/td><td class=\"column-2\">125,34 \u20ac + IVA<\/td><\/tr><\/tbody><\/table>                                                                      <\/div>                                                              <\/div>                                                          <\/div>                                                                                            <\/div>                                          <\/div>      <\/div>            <div class=\"accordion-wrapper accordion-default\">                <div class=\"accordion-header-wrapper\">          <div class=\"accordion-header-wrapper-inner\">                                                                                <figure>                      <img decoding=\"async\" src=\"https:\/\/www.nedgia.es\/wp-content\/uploads\/2024\/10\/modelo_de_contrato.svg\" alt=\"\" loading=\"lazy\" \/>                    <\/figure>                                                                        <div class=\"accordion-header-text\">              <div class=\"accordion-header-title\">Instaladores autorizados<\/div>                                                                      <div class=\"accordion-header-subtitle\">                        <div>Listado de instaladores acreditados<\/div>                      <\/div>                                                                          <\/div>          <\/div>        <\/div>                <div class=\"accordion-body-wrapper\">                                                                                                                  <div class=\"accordion-filter-item\" data-identifier-item=\"\">                          <div class=\"accordion-content-wrapper\">                            <div class=\"accordion-content no-image\">                                                            <div class=\"accordion-col-info\">                                <div class=\"content-info-wrapper\">                          <div class=\"description \">        De o precisares, aqu&iacute; podes consultar a listaxe de instaladores autorizados.      <\/div>              <div class=\"button-wrapper\">        <a class=\"button             button-style-2\" target=\"_blank\" href=\"https:\/\/datos.gob.es\/es\/catalogo\/e05024301-consulta-registro-integrado-industrial-instaladores-gas\">    <span>Consultar a listaxe de instaladores<\/span>    <svg class=\"h-4 w-2\" width=\"8\" height=\"16\" viewBox=\"0 0 8 12\" fill=\"none\" xmlns=\"http:\/\/www.w3.org\/2000\/svg\">  <path d=\"M4.97656 5.99962L0.851562 1.87462L2.0299 0.696289L7.33323 5.99962L2.0299 11.303L0.851562 10.1246L4.97656 5.99962Z\" fill=\"currentColor\"\/><\/svg><\/a>              <\/div>      <\/div>                              <\/div>                            <\/div>                          <\/div>                        <\/div>                                                                                    <\/div>      <\/div>            <div class=\"accordion-wrapper accordion-default\">                <div class=\"accordion-header-wrapper\">          <div class=\"accordion-header-wrapper-inner\">                                                                                <figure>                      <img decoding=\"async\" src=\"https:\/\/www.nedgia.es\/wp-content\/uploads\/2024\/10\/recuerda_que.svg\" alt=\"\" loading=\"lazy\" \/>                    <\/figure>                                                                        <div class=\"accordion-header-text\">              <div class=\"accordion-header-title\">Informaci&oacute;n adicional<\/div>                                                                      <div class=\"accordion-header-subtitle\">                        <div>&Eacute; importante que&#8230;<\/div>                      <\/div>                                                                              <div class=\"accordion-header-description\"><\/div>                          <\/div>          <\/div>        <\/div>                <div class=\"accordion-body-wrapper\">                                                                  <div class=\"accordion-wysiwyg-wrapper\">                                                                                                            <div class=\"accordion-wysiwyg-item\">                                                                        <div class=\"description\">                                        <p>Para coordinar o peche e a reapertura da subministraci&oacute;n, unha vez finalizada a conexi&oacute;n, debes chamar o <a href=\"tel:900750750\"><strong>900 750 750<\/strong><\/a><\/p><p>Se se modificou a instalaci&oacute;n de gas, debes entregar os certificados correspondentes.<\/p>                                      <\/div>                                                                <\/div>                                                                                                    <\/div>                                        <\/div>      <\/div>            <\/div><\/div>                <\/div>    <\/div>                                <\/section>                                <section class=\"block-style-5 nedgia-block block-type-wysiwyg  wp-block-content\">    <div class=\"container mx-auto\">        <div class=\"main-content-wrapper\">              <div class=\"content-wrapper block-layout-center content-wrapper-pb-0 \">        <div class=\"content-title-col\">                                <p class=\"content-title\">Solicitar orzamento para:<\/p>                    <\/div>        <div class=\"content-info-col \">                                <div class=\"button-wrapper content-button-wrapper\">                                                                                                    <\/div>                  <\/div>      <\/div>                              <div class=\"wysiwyg-content-wrapper\">  <div class=\"wysiwyg-wrapper\">            <div class=\"wysiwyg-inner-blocks\">      <div class=\"wp-block-buttons acciones-acometidas is-content-justification-center is-layout-flex wp-container-core-buttons-is-layout-16018d1d wp-block-buttons-is-layout-flex\" id=\"https:\/\/sci.apinedgia-dev.gniinnova.com\/new-request\/new-connection\"><div class=\"wp-block-button is-style-button-style-1\"><a class=\"wp-block-button__link has-text-align-center wp-element-button\" href=\"https:\/\/sci.nedgia.es\/new-request\/new-connection?lang=ga\" target=\"_blank\" rel=\"noreferrer noopener\">Conexi\u00f3n de novo talo<\/a><\/div><div class=\"wp-block-button is-style-button-style-1\"><a class=\"wp-block-button__link has-text-align-center wp-element-button\" href=\"https:\/\/sci.nedgia.es\/new-request\/service-disconnection?lang=ga\" target=\"_blank\" rel=\"noreferrer noopener\">Anulaci\u00f3n de acometida<\/a><\/div><div class=\"wp-block-button is-style-button-style-1\"><a class=\"wp-block-button__link has-text-align-center wp-element-button\" href=\"https:\/\/sci.nedgia.es\/new-request\/connection-closure-reopening?lang=ga\" target=\"_blank\" rel=\"noreferrer noopener\">Peche e reapertura de acometida<\/a><\/div><\/div>    <\/div>  <\/div><\/div>                <\/div>    <\/div>                        <\/section>                                <section class=\"block-style-6 nedgia-block  wp-block-image-text\">    <div class=\"container mx-auto\">        <div class=\"image-text-wrapper \">                                  <div class=\"image-text-col-text image-text-col-2\">                                          <div class=\"content-info-wrapper\">      <div class=\"pretitle\">Asesoramento personalizado<\/div>          <h2 class=\"title\">Queres que contactemos contigo?<\/h2>                      <div class=\"description \">        Un xestor contactar&aacute; contigo e facilitarache informaci&oacute;n sobre o proceso e as condici&oacute;ns de conexi&oacute;n.      <\/div>              <div class=\"button-wrapper\">        <a class=\"button             button-style-3\" href=\"https:\/\/www.nedgia.es\/gl\/conexions-e-actuacions-na-rede\/asesoramento-personalizado\/\">    <span>Contactamos contigo<\/span>    <svg class=\"h-4 w-2\" width=\"8\" height=\"16\" viewBox=\"0 0 8 12\" fill=\"none\" xmlns=\"http:\/\/www.w3.org\/2000\/svg\">  <path d=\"M4.97656 5.99962L0.851562 1.87462L2.0299 0.696289L7.33323 5.99962L2.0299 11.303L0.851562 10.1246L4.97656 5.99962Z\" fill=\"currentColor\"\/><\/svg><\/a>                    <\/div>      <\/div>                                    <\/div>                                      <div class=\"image-text-col-image image-text-col-2 image-lg image-padding-off image-h-center image-v-center\">              <figure>                <img decoding=\"async\" src=\"https:\/\/www.nedgia.es\/wp-content\/uploads\/2024\/02\/pregunta.jpg\"                    alt=\"\u00cdcono de pregunta representando dudas frecuentes\" loading=\"lazy\" \/>            <\/figure>                        <\/div>                      <\/div>    <\/div>                <\/section>                                ","protected":false},"excerpt":{"rendered":"<p><script>    var municipio_no_encontrado = \"Municipio no encontrado.\";    var direccion_no_encontrada = \"Direcci\u00f3n no encontrada. No utilices el tipo de v\u00eda como calle,<\/script><\/p>\n","protected":false},"author":13,"featured_media":0,"parent":21622,"menu_order":0,"comment_status":"closed","ping_status":"closed","template":"","meta":{"_acf_changed":false,"inline_featured_image":false,"footnotes":""},"class_list":["post-27927","page","type-page","status-publish","hentry"],"acf":[],"_links":{"self":[{"href":"https:\/\/www.nedgia.es\/gl\/wp-json\/wp\/v2\/pages\/27927","targetHints":{"allow":["GET"]}}],"collection":[{"href":"https:\/\/www.nedgia.es\/gl\/wp-json\/wp\/v2\/pages"}],"about":[{"href":"https:\/\/www.nedgia.es\/gl\/wp-json\/wp\/v2\/types\/page"}],"author":[{"embeddable":true,"href":"https:\/\/www.nedgia.es\/gl\/wp-json\/wp\/v2\/users\/13"}],"replies":[{"embeddable":true,"href":"https:\/\/www.nedgia.es\/gl\/wp-json\/wp\/v2\/comments?post=27927"}],"version-history":[{"count":3,"href":"https:\/\/www.nedgia.es\/gl\/wp-json\/wp\/v2\/pages\/27927\/revisions"}],"predecessor-version":[{"id":28022,"href":"https:\/\/www.nedgia.es\/gl\/wp-json\/wp\/v2\/pages\/27927\/revisions\/28022"}],"up":[{"embeddable":true,"href":"https:\/\/www.nedgia.es\/gl\/wp-json\/wp\/v2\/pages\/21622"}],"wp:attachment":[{"href":"https:\/\/www.nedgia.es\/gl\/wp-json\/wp\/v2\/media?parent=27927"}],"curies":[{"name":"wp","href":"https:\/\/api.w.org\/{rel}","templated":true}]}}