{"id":31075,"date":"2025-09-14T17:02:26","date_gmt":"2025-09-14T15:02:26","guid":{"rendered":"https:\/\/www.nedgia.es\/?page_id=31075"},"modified":"2025-11-27T11:46:59","modified_gmt":"2025-11-27T10:46:59","slug":"solicitudes-de-conexion-para-blending-de-h2","status":"publish","type":"page","link":"https:\/\/www.nedgia.es\/gl\/conexions-e-actuacions-na-rede\/solicitudes-de-conexion-para-blending-de-h2\/","title":{"rendered":"Solicitudes de conexi\u00f3n para blending de H2"},"content":{"rendered":"<script>    var municipio_no_encontrado = \"Municipio no encontrado.\";    var direccion_no_encontrada = \"Direcci\u00f3n no encontrada. No utilices el tipo de v\u00eda como calle, avenida etc. y revisa que est\u00e1 bien escrito.\";        var piso_no_encontrado = \"Piso no encontrado.\";    var campo_obligatorio = \"Campo obligatorio.\";    var email_incorrecto = \"El campo deber\u00eda ser direccion@dominio.es\";    var formato_incorrecto = \"Formato incorrecto\";    var seleccionar_condiciones = \"Debe seleccionar las condiciones legales.\";    var formato_dni = \"El campo deber\u00eda tener el siguiente formato: 12345678Z o Y8237411K\";    var emails_no_coinciden = \"Los emails no coinciden.\";    var telefono_caracteres = \"El tel\u00e9fono debe tener 9 caracteres.\";    var campo_incorrecto = \"Campo incorrecto\";    var escalera = \"Escalera\";    var bloque = \"Bloque\";    var piso = \"Piso\";    var puerta = \"Puerta\";    var NoZonaNedgia = \"Lo sentimos pero tu domicilio no est\u00e1 en la zona donde Nedgia\u00a0 distribuye gas natural. Encuentra la Empresa Distribuidora que te corresponde en el siguiente \";        var link =  \"link\";    var aqui =  \"aqu\u00ed\";    var FincaNoInmuebleCertificadoNo_1 = \"Nos consta que ya tienes gas natural en tu finca. Ahora el siguiente paso ser\u00e1 realizar la instalaci\u00f3n en tu vivienda, contactando con un instalador autorizado. Te explicamos como hacerlo \";    var FincaNoInmuebleCertificadoNo_2 = \"Si la informaci\u00f3n de nuestro sistema no la consideras correcta, ll\u00e1manos al 900 100 252.\";    var FincaEInmueble_1 = \"Nos consta que ya dispones de suministro de gas natural en tu domicilio.\";    var FincaEInmueble_2 = \"Si la informaci\u00f3n de nuestro sistema no la consideras correcta, ll\u00e1manos al 900 100 252.\";        var FincaNoInmuebleCertificadoSi_1 = \"Nos consta que ya tienes la instalaci\u00f3n de gas natural en tu domicilio realizada. Ahora solo te falta gestionar el contrato de gas natural con una empresa comercializadora. Te explicamos como hacerlo. \";    var FincaNoInmuebleCertificadoSi_2 = \"Si la informaci\u00f3n de nuestro sistema no la consideras correcta, ll\u00e1manos al 900 100 252.\";    var SelecNum = \"Selec. Num.\";    var SelecBloqueEscalera = \"Selec. Bloque Escalera Piso Puerta\";    var NumeroPiso = \"N\u00famero\";    var BloqueEscaleraPisoPuerta = \"Bloque Escalera Piso Puerta\";<\/script><script>    var municipio_no_encontrado = \"Municipio no encontrado.\";    var direccion_no_encontrada = \"Direcci\u00f3n no encontrada. No utilices el tipo de v\u00eda como calle, avenida etc. y revisa que est\u00e1 bien escrito.\";    var piso_no_encontrado = \"Piso no encontrado.\";    var campo_obligatorio = \"Campo obligatorio.\";    var email_incorrecto = \"El campo deber\u00eda ser direccion@dominio.es\";    var formato_incorrecto = \"Formato incorrecto\";    var seleccionar_politica_privacidad = \"Debe seleccionar los t\u00e9rminos y condiciones.\";    var seleccionar_condiciones = \"Debe seleccionar las condiciones legales.\";    var formato_dni = \"El campo deber\u00eda tener el siguiente formato: 12345678Z o Y8237411K\";    var emails_no_coinciden = \"Los emails no coinciden.\";    var telefono_caracteres = \"El tel\u00e9fono debe tener 9 caracteres.\";    var campo_incorrecto = \"Campo incorrecto\";    var escalera = \"Escalera\";    var bloque = \"Bloque\";    var piso = \"Piso\";    var puerta = \"Puerta\";    var NoZonaNedgia = \"Lo sentimos pero tu domicilio no est\u00e1 en la zona donde Nedgia\u00a0 distribuye gas natural. Encuentra la Empresa Distribuidora que te corresponde en el siguiente \";    var link = \"link\";    var aqui = \"aqu\u00ed\";    var FincaNoInmuebleCertificadoNo_1 = \"Nos consta que ya tienes gas natural en tu finca. Ahora el siguiente paso ser\u00e1 realizar la instalaci\u00f3n en tu vivienda, contactando con un instalador autorizado. Te explicamos como hacerlo \";    var FincaNoInmuebleCertificadoNo_2 = \"Si la informaci\u00f3n de nuestro sistema no la consideras correcta, ll\u00e1manos al 900 100 252.\";    var FincaEInmueble_1 = \"Nos consta que ya dispones de suministro de gas natural en tu domicilio.\";    var FincaEInmueble_2 = \"Si la informaci\u00f3n de nuestro sistema no la consideras correcta, ll\u00e1manos al 900 100 252.\";    var FincaNoInmuebleCertificadoSi_1 = \"Nos consta que ya tienes la instalaci\u00f3n de gas natural en tu domicilio realizada. Ahora solo te falta gestionar el contrato de gas natural con una empresa comercializadora. Te explicamos como hacerlo. \";    var FincaNoInmuebleCertificadoSi_2 = \"Si la informaci\u00f3n de nuestro sistema no la consideras correcta, ll\u00e1manos al 900 100 252.\";    var SelecNum = \"Selec. Num.\";    var SelecBloqueEscalera = \"Selec. Bloque Escalera Piso Puerta\";    var NumeroPiso = \"N\u00famero\";    var BloqueEscaleraPisoPuerta = \"Bloque Escalera Piso Puerta\";<\/script><section class=\"block-style-3 nedgia-block  wp-block-hero\">    <div class=\"container mx-auto\">        <div class=\"hero-slider swiper\">      <input class=\"sliderAutoplay\" type=\"hidden\" name=\"sliderAutoplay\" value=\"\">      <input class=\"sliderTime\" type=\"hidden\" name=\"sliderTime\" value=\"\">      <input class=\"sliderLoop\" type=\"hidden\" name=\"sliderLoop\" value=\"\">      <div class=\"swiper-wrapper\">          <!-- Slides -->                                    <div class=\"swiper-slide\">                <div class=\"hero-slide-wrapper\">                  <div class=\"hero-content\">                    <div>                                                                    <h1 class=\"hero-title title-lg\">Conexi\u00f3n para blending de H\u2082<\/h1>                                              <div class=\"hero-description\"><!--Realiza a t\u00faa solicitude de conexi\u00f3n e inxecci\u00f3n para o pr\u00f3ximo proceso de poxa.-->Se xa realizaches unha solicitude, podes consultar o seu estado aqu\u00ed.<\/div>                                                                                                                  <div class=\"button-wrapper hero-button-wrapper\">                                                                              <a class=\"button                                     button-style-1\" target=\"_blank\" href=\"https:\/\/sci.nedgia.es\/login?lang=ga\">    <span>Estado da mi&ntilde;a solicitude<\/span>    <svg class=\"h-4 w-2\" width=\"8\" height=\"16\" viewBox=\"0 0 8 12\" fill=\"none\" xmlns=\"http:\/\/www.w3.org\/2000\/svg\">  <path d=\"M4.97656 5.99962L0.851562 1.87462L2.0299 0.696289L7.33323 5.99962L2.0299 11.303L0.851562 10.1246L4.97656 5.99962Z\" fill=\"currentColor\"\/><\/svg><\/a>                                                                                                <\/div>                    <\/div>                  <\/div>                  <div class=\"hero-image\">                    <div class=\"link-wrapper\">                                          <\/div>                    <figure class=\"hero-cover-image\">                        <img decoding=\"async\" src=\"https:\/\/www.nedgia.es\/wp-content\/uploads\/2025\/09\/cabecera-informacion-previa-solicitudes-blending-h2.png\"                            alt=\"\" loading=\"lazy\" \/>                    <\/figure>                                                          <\/div>                                  <\/div>              <\/div>                            <\/div>      <div class=\"hero-swiper-navigation-wrapper\">        <div class=\"hero-swiper-button-wrapper\">          <div class=\"swiper-button-prev\"><span>&nbsp;<\/span><\/div>          <div class=\"swiper-button-next\"><span>&nbsp;<\/span><\/div>        <\/div>        <div class=\"hero-swiper-pagination-wrapper\">          <div class=\"swiper-pagination swiper-pagination-hero\"><\/div>        <\/div>      <\/div>  <\/div>    <\/div>                <\/section>                                <section class=\"block-style-4 nedgia-block block-type-accordion  wp-block-content\">    <div class=\"container mx-auto\">        <div class=\"main-content-wrapper\">              <div class=\"content-wrapper block-layout-center content-wrapper-pb-0 \">        <div class=\"content-title-col\">          <div class=\"content-pretitle\">Solicitudes de conexi\u00f3n para blending de H\u2082 na rede de gas natural<\/div>                      <p class=\"content-title\">Aqu&iacute; atopar&aacute;s&#8230;<\/p>                    <\/div>        <div class=\"content-info-col offset-info\">                      <div class=\"content-description  wpautop-format \">                            <p>Informaci\u00f3n importante sobre o proceso de solicitude e contrataci\u00f3n da conexi\u00f3n para blending de H\u2082 na rede de gas natural de Nedgia segundo a resoluci\u00f3n da <a href=\"https:\/\/www.boe.es\/buscar\/doc.php?id=BOE-A-2025-12803#:~:text=A%2D2025%2D12803-,Resoluci%C3%B3n%20de%2013%20de%20junio%20de%202025%2C%20de%20la%20Comisi%C3%B3n,o%20distribuci%C3%B3n%20de%20gas%20natural.\" target=\"_blank\" rel=\"noopener\">CNMC<\/a>.<\/p><p>Para m\u00e1is informaci\u00f3n, podes consultar esta ligaz\u00f3n informativa ao <a href=\"https:\/\/www.enagas.es\/es\/gestion-tecnica-sistema\/procesos-sistema-gasista\/conexion-hidrogeno\/\" rel=\"noopener\" target=\"_blank\">xestor t\u00e9cnico do sistema<\/a>.<\/p>            <\/div>                                <div class=\"button-wrapper content-button-wrapper\">                                                                      <\/div>                  <\/div>      <\/div>                              <div  class=\"accordion-content-wrapper  accordion-pills  accordion-bottom  \"  data-accordion-auto-close=\"1\"  data-accordion-start=\"0\">  <div class=\"accordion-main-wrapper\">                    <div class=\"accordion-wrapper accordion-default\">                <div class=\"accordion-header-wrapper\">          <div class=\"accordion-header-wrapper-inner\">                                                                                <figure>                      <img decoding=\"async\" src=\"https:\/\/www.nedgia.es\/wp-content\/uploads\/2024\/10\/pasos_del_proceso.svg\" alt=\"\" loading=\"lazy\" \/>                    <\/figure>                                                                        <div class=\"accordion-header-text\">              <div class=\"accordion-header-title\">Pasos do proceso<\/div>                                                                      <div class=\"accordion-header-subtitle\">                        <div>Descrici&oacute;n do proceso de solicitude<\/div>                      <\/div>                                                                              <div class=\"accordion-header-description\"><\/div>                          <\/div>          <\/div>        <\/div>                <div class=\"accordion-body-wrapper\">                                                                  <div class=\"accordion-wysiwyg-wrapper\">                                                                                                            <div class=\"accordion-wysiwyg-item\">                                                                        <div class=\"description\">                                        <p><strong>1 &#8211; ALTA DE SOLICITUDE<\/strong><br \/>Rexistra a t&uacute;a solicitude coa informaci&oacute;n necesaria:<\/p><ul><li>Punto de conexi\u00f3n confirmado.<\/li><li>Capacidade solicitada.<\/li><li>Declaraci\u00f3n responsable definitiva.<\/li><\/ul><p style=\"margin-top:20px;\">Para completar o rexistro da solicitude debes realizar un pago de 3.000 \u20ac (IVA non inclu\u00eddo) en concepto de elaboraci\u00f3n do orzamento de conexi\u00f3n.<br \/>Revisaremos a t\u00faa solicitude e, se son necesarias emendas, comunicar\u00e9moscho. Dispor\u00e1s de <strong>5 d\u00edas h\u00e1biles<\/strong> para corrixir a informaci\u00f3n.<\/p><p>&nbsp;<\/p><p><strong>2 &#8211; ASIGNACI\u00d3N DE CAPACIDADE<\/strong><br \/>Xunto co xestor t\u00e9cnico do sistema estudaremos a t\u00faa solicitude e comunicar\u00e9mosche a capacidade que se pode conceder e o estado da s\u00faa asignaci\u00f3n.<\/p><ul><li><strong>Asignaci\u00f3n completa<\/strong>, cando se concede toda a capacidade solicitada.<\/li><li><strong>Asignaci\u00f3n parcial<\/strong>, cando se concede unha capacidade inferior \u00e1 solicitada (requirir\u00e1 a t\u00faa aceptaci\u00f3n expresa nun m\u00e1ximo de <strong>3 d\u00edas h\u00e1biles<\/strong>).<\/li><li><strong>Asignaci\u00f3n en espera<\/strong>, cando non hai capacidade dispo\u00f1ible nese momento e a solicitude queda pendente dunha posible asignaci\u00f3n.<\/li><li><strong>Non asignada<\/strong>, cando definitivamente non hai capacidade dispo\u00f1ible ou a inxecci\u00f3n \u00e9 inviable.<\/li><\/ul><p>&nbsp;<\/p><p><strong>3 &#8211; ACREDITACI\u00d3N DO CUMPRIMENTO DA DECLARACI\u00d3N RESPONSABLE E ORZAMENTO<\/strong><br \/>Debes acreditar o cumprimento do indicado na declaraci\u00f3n responsable nun prazo m\u00e1ximo de 15 d\u00edas desde que se che requira.<br \/>Unha vez validado o cumprimento pola nosa parte, enviar\u00e9mosche as condici\u00f3ns t\u00e9cnico-econ\u00f3micas finais da conexi\u00f3n para a s\u00faa aceptaci\u00f3n.<\/p><p>&nbsp;<\/p><p><strong>4 &#8211; CONTRATACI&Oacute;N NEDGIA E PRIMEIRO PAGO<\/strong><br \/>Formalizaremos o contrato e deber\u00e1s realizar o pago inicial para a conexi\u00f3n nun prazo m\u00e1ximo de 60 d\u00edas desde a entrega das condici\u00f3ns t\u00e9cnico-econ\u00f3micas.<\/p><p>&nbsp;<\/p><p><strong>5 &#8211; PROXECTO, PERMISOS E OBRA<\/strong><br \/>Iniciaremos a tramitaci&oacute;n do proxecto, xesti&oacute;ns e obras necesarias para executar a conexi&oacute;n.<\/p>                                      <\/div>                                                                <\/div>                                                                                                    <\/div>                                        <\/div>      <\/div>            <div class=\"accordion-wrapper accordion-default\">                <div class=\"accordion-header-wrapper\">          <div class=\"accordion-header-wrapper-inner\">                                                                                <figure>                      <img decoding=\"async\" src=\"https:\/\/www.nedgia.es\/wp-content\/uploads\/2024\/10\/nuestras_redes.svg\" alt=\"\" loading=\"lazy\" \/>                    <\/figure>                                                                        <div class=\"accordion-header-text\">              <div class=\"accordion-header-title\">As nosas redes<\/div>                                                                      <div class=\"accordion-header-subtitle\">                        <div>Redes de gas P>16bar<\/div>                      <\/div>                                                                              <div class=\"accordion-header-description\"><\/div>                          <\/div>          <\/div>        <\/div>                <div class=\"accordion-body-wrapper\">                                                                  <div class=\"accordion-wysiwyg-wrapper\">                                                                                                            <div class=\"accordion-wysiwyg-item\">                                                                        <div class=\"description\">                                        Podes consultar aqu&iacute; os esquemas xerais coa localizaci&oacute;n de <strong>as nosas redes de gas P&gt;16bar.<\/strong> <br><br> Selecciona unha comunidade aut&oacute;noma:<br><div class=\"comunidad-autonoma-wrapper\">  <select id=\"comunidad-autonoma-select\" name=\"comunidades_autonomas\">    <option value=\"disabled selected\">Selecciona<\/option>    <option value=\"andalucia\">Andaluc&iacute;a<\/option>    <option value=\"aragon\">Arag&oacute;n<\/option>    <option value=\"castilla_la_mancha\">Castela-A Mancha<\/option>    <option value=\"castilla_leon\">Castela e Le&oacute;n<\/option>    <option value=\"catalunya\">Catalunya<\/option>    <option value=\"extremadura\">Estremadura<\/option>    <option value=\"galicia\">Galicia<\/option>    <option value=\"la_rioja\">A Rioxa<\/option>    <option value=\"madrid\">Madrid<\/option>    <option value=\"navarra\">Navarra<\/option>    <option value=\"valencia\">Valencia<\/option>  <\/select>  <div id=\"comunidad-autonoma-button\" class=\"flex pt-5 card-button-wrapper\"><a id=\"comunidad-autonoma-link\" href=\"#\" target=\"_blank\" class=\" button button-style-2 button-conexion\">Ver documento<\/a><\/div><\/div>                                      <\/div>                                                                <\/div>                                                                                                    <\/div>                                        <\/div>      <\/div>            <div class=\"accordion-wrapper accordion-default\">                <div class=\"accordion-header-wrapper\">          <div class=\"accordion-header-wrapper-inner\">                                                                                <figure>                      <img decoding=\"async\" src=\"https:\/\/www.nedgia.es\/wp-content\/uploads\/2024\/10\/modelo_de_contrato.svg\" alt=\"\" loading=\"lazy\" \/>                    <\/figure>                                                                        <div class=\"accordion-header-text\">              <div class=\"accordion-header-title\">Modelo de contrato<\/div>                                                                      <div class=\"accordion-header-subtitle\">                        <div>Modelo de contrato de inxecci\u00f3n<\/div>                      <\/div>                                                                          <\/div>          <\/div>        <\/div>                <div class=\"accordion-body-wrapper\">                                                                                                                  <div class=\"accordion-filter-item\" data-identifier-item=\"\">                          <div class=\"accordion-content-wrapper\">                            <div class=\"accordion-content no-image\">                                                            <div class=\"accordion-col-info\">                                <div class=\"content-info-wrapper\">                          <div class=\"description \">        Consulta o modelo de contrato aqu\u00ed.      <\/div>              <div class=\"button-wrapper\">        <a class=\"button             button-style-2\" target=\"_blank\" href=\"https:\/\/www.nedgia.es\/wp-content\/uploads\/2025\/11\/modelo-contrato-inyeccion-solicitud-conexion-blending-h2.pdf\">    <span>Consultar contrato de inxecci&oacute;n<\/span>    <svg class=\"h-4 w-2\" width=\"8\" height=\"16\" viewBox=\"0 0 8 12\" fill=\"none\" xmlns=\"http:\/\/www.w3.org\/2000\/svg\">  <path d=\"M4.97656 5.99962L0.851562 1.87462L2.0299 0.696289L7.33323 5.99962L2.0299 11.303L0.851562 10.1246L4.97656 5.99962Z\" fill=\"currentColor\"\/><\/svg><\/a>              <\/div>      <\/div>                              <\/div>                            <\/div>                          <\/div>                        <\/div>                                                                                    <\/div>      <\/div>            <div class=\"accordion-wrapper accordion-default\">                <div class=\"accordion-header-wrapper\">          <div class=\"accordion-header-wrapper-inner\">                                                                                <figure>                      <img decoding=\"async\" src=\"https:\/\/www.nedgia.es\/wp-content\/uploads\/2024\/10\/recuerda_que.svg\" alt=\"\" loading=\"lazy\" \/>                    <\/figure>                                                                        <div class=\"accordion-header-text\">              <div class=\"accordion-header-title\">Informaci\u00f3n adicional<\/div>                                                                      <div class=\"accordion-header-subtitle\">                        <div>\u00c9 importante que\u2026<\/div>                      <\/div>                                                                              <div class=\"accordion-header-description\"><\/div>                          <\/div>          <\/div>        <\/div>                <div class=\"accordion-body-wrapper\">                                                                  <div class=\"accordion-wysiwyg-wrapper\">                                                                                                            <div class=\"accordion-wysiwyg-item\">                                                                        <div class=\"description\">                                        Antes da posta en servizo deber&aacute;s dispo&ntilde;er da seguinte documentaci&oacute;n:<ul> \t<li>Acreditaci&oacute;n de inscrici&oacute;n da planta de gases combustibles no Rexistro de Instalaci&oacute;ns T&eacute;cnicas de Seguridade Industrial da C.A. correspondente.<\/li> \t<li>Acreditaci&oacute;n de inscrici&oacute;n da instalaci&oacute;n de baixa tensi&oacute;n no Rexistro de Instalaci&oacute;ns T&eacute;cnicas de Seguridade Industrial da C.A. correspondente.<\/li><\/ul>                                      <\/div>                                                                <\/div>                                                                                                    <\/div>                                        <\/div>      <\/div>            <\/div><\/div>                <\/div>    <\/div>                                <\/section>                                <section class=\"block-style-6 nedgia-block  wp-block-image-text\">    <div class=\"container mx-auto\">        <div class=\"image-text-wrapper \">                                  <div class=\"image-text-col-text image-text-col-2\">                                          <div class=\"content-info-wrapper\">      <div class=\"pretitle\">Asesoramento personalizado<\/div>          <h2 class=\"title\">Queres que contactemos contigo?<\/h2>                      <div class=\"description \">        Un xestor contactar\u00e1 contigo e facilitarache informaci\u00f3n sobre o proceso e as condici\u00f3ns de conexi\u00f3n.      <\/div>              <div class=\"button-wrapper\">        <a class=\"button             button-style-3\" href=\"https:\/\/www.nedgia.es\/gl\/conexions-e-actuacions-na-rede\/solicitudes-de-conexion-para-blending-de-h2\/asesoramento-personalizado\/\">    <span>Contactamos contigo<\/span>    <svg class=\"h-4 w-2\" width=\"8\" height=\"16\" viewBox=\"0 0 8 12\" fill=\"none\" xmlns=\"http:\/\/www.w3.org\/2000\/svg\">  <path d=\"M4.97656 5.99962L0.851562 1.87462L2.0299 0.696289L7.33323 5.99962L2.0299 11.303L0.851562 10.1246L4.97656 5.99962Z\" fill=\"currentColor\"\/><\/svg><\/a>                    <\/div>      <\/div>                                    <\/div>                                      <div class=\"image-text-col-image image-text-col-2 image-lg image-padding-off image-h-center image-v-center\">              <figure>                <img decoding=\"async\" src=\"https:\/\/www.nedgia.es\/wp-content\/uploads\/2024\/02\/pregunta.jpg\"                    alt=\"\u00cdcono de pregunta representando dudas frecuentes\" loading=\"lazy\" \/>            <\/figure>                        <\/div>                      <\/div>    <\/div>                <\/section>                                <section class=\"block-style-3 nedgia-block  wp-block-content\">    <div class=\"container mx-auto\">        <div class=\"main-content-wrapper\">              <div class=\"content-wrapper block-layout-center  \">        <div class=\"content-title-col\">                                <h2 class=\"content-title\">Necesitas m&aacute;is informaci&oacute;n?<\/h2>                    <\/div>        <div class=\"content-info-col \">                      <div class=\"content-description \">                            Inform&aacute;moste, antes de realizar unha solicitude vinculante, das distintas opci&oacute;ns de conexi&oacute;n.            <\/div>                                <div class=\"button-wrapper content-button-wrapper\">                                                <a class=\"button                           button-style-1\" href=\"https:\/\/www.nedgia.es\/gl\/conexions-e-actuacions-na-rede\/solicitudes-de-conexion-para-blending-de-h2\/informacion-previa\/\">    <span>Solic\u00edtaa aqu\u00ed<\/span>    <svg class=\"h-4 w-2\" width=\"8\" height=\"16\" viewBox=\"0 0 8 12\" fill=\"none\" xmlns=\"http:\/\/www.w3.org\/2000\/svg\">  <path d=\"M4.97656 5.99962L0.851562 1.87462L2.0299 0.696289L7.33323 5.99962L2.0299 11.303L0.851562 10.1246L4.97656 5.99962Z\" fill=\"currentColor\"\/><\/svg><\/a>                                                                                      <\/div>                  <\/div>      <\/div>              <\/div>    <\/div>                <\/section>                                ","protected":false},"excerpt":{"rendered":"<p><script>    var municipio_no_encontrado = \"Municipio no encontrado.\";    var direccion_no_encontrada = \"Direcci\u00f3n no encontrada. No utilices el tipo de v\u00eda como calle,<\/script><\/p>\n","protected":false},"author":3,"featured_media":0,"parent":21622,"menu_order":0,"comment_status":"closed","ping_status":"closed","template":"","meta":{"_acf_changed":false,"inline_featured_image":false,"footnotes":""},"class_list":["post-31075","page","type-page","status-publish","hentry"],"acf":[],"_links":{"self":[{"href":"https:\/\/www.nedgia.es\/gl\/wp-json\/wp\/v2\/pages\/31075","targetHints":{"allow":["GET"]}}],"collection":[{"href":"https:\/\/www.nedgia.es\/gl\/wp-json\/wp\/v2\/pages"}],"about":[{"href":"https:\/\/www.nedgia.es\/gl\/wp-json\/wp\/v2\/types\/page"}],"author":[{"embeddable":true,"href":"https:\/\/www.nedgia.es\/gl\/wp-json\/wp\/v2\/users\/3"}],"replies":[{"embeddable":true,"href":"https:\/\/www.nedgia.es\/gl\/wp-json\/wp\/v2\/comments?post=31075"}],"version-history":[{"count":7,"href":"https:\/\/www.nedgia.es\/gl\/wp-json\/wp\/v2\/pages\/31075\/revisions"}],"predecessor-version":[{"id":32480,"href":"https:\/\/www.nedgia.es\/gl\/wp-json\/wp\/v2\/pages\/31075\/revisions\/32480"}],"up":[{"embeddable":true,"href":"https:\/\/www.nedgia.es\/gl\/wp-json\/wp\/v2\/pages\/21622"}],"wp:attachment":[{"href":"https:\/\/www.nedgia.es\/gl\/wp-json\/wp\/v2\/media?parent=31075"}],"curies":[{"name":"wp","href":"https:\/\/api.w.org\/{rel}","templated":true}]}}